{"id":3281,"date":"2026-03-13T12:08:12","date_gmt":"2026-03-13T11:08:12","guid":{"rendered":"https:\/\/site.educa.madrid.org\/ies.leonfelipe.getafe\/?page_id=3281"},"modified":"2026-03-13T12:08:14","modified_gmt":"2026-03-13T11:08:14","slug":"religion-catolica-2","status":"publish","type":"page","link":"https:\/\/site.educa.madrid.org\/ies.leonfelipe.getafe\/index.php\/religion-catolica-2\/","title":{"rendered":"RELIGI\u00d3N CAT\u00d3LICA"},"content":{"rendered":"<h3 class=\"western\"><strong><span style=\"color: #000000;\">LA NOCHE DEL 24, UNA SALIDA INOLVIDABLE.<\/span><\/strong><\/h3>\n<h3><img loading=\"lazy\" decoding=\"async\" class=\" wp-image-3282 alignleft\" src=\"https:\/\/site.educa.madrid.org\/ies.leonfelipe.getafe\/\/wp-content\/uploads\/ies.leonfelipe.getafe\/2026\/03\/Musical-la-noche-del-24-Dpto.-Religion-Catolica-300x226.png\" alt=\"\" width=\"588\" height=\"443\" srcset=\"https:\/\/site.educa.madrid.org\/ies.leonfelipe.getafe\/\/wp-content\/uploads\/ies.leonfelipe.getafe\/2026\/03\/Musical-la-noche-del-24-Dpto.-Religion-Catolica-300x226.png 300w, https:\/\/site.educa.madrid.org\/ies.leonfelipe.getafe\/\/wp-content\/uploads\/ies.leonfelipe.getafe\/2026\/03\/Musical-la-noche-del-24-Dpto.-Religion-Catolica-1024x771.png 1024w, https:\/\/site.educa.madrid.org\/ies.leonfelipe.getafe\/\/wp-content\/uploads\/ies.leonfelipe.getafe\/2026\/03\/Musical-la-noche-del-24-Dpto.-Religion-Catolica-768x578.png 768w, https:\/\/site.educa.madrid.org\/ies.leonfelipe.getafe\/\/wp-content\/uploads\/ies.leonfelipe.getafe\/2026\/03\/Musical-la-noche-del-24-Dpto.-Religion-Catolica-1536x1156.png 1536w, https:\/\/site.educa.madrid.org\/ies.leonfelipe.getafe\/\/wp-content\/uploads\/ies.leonfelipe.getafe\/2026\/03\/Musical-la-noche-del-24-Dpto.-Religion-Catolica-2048x1542.png 2048w\" sizes=\"auto, (max-width: 588px) 100vw, 588px\" \/><\/h3>\n<p align=\"justify\"><span style=\"color: #000000;\"><span style=\"font-family: Arial, sans-serif;\"><span style=\"font-size: medium;\">El pasado mes de diciembre, l<\/span><\/span><span style=\"font-family: Arial, sans-serif;\"><span style=\"font-size: medium;\">os alumnos de la asignatura de Religi\u00f3n del <\/span><\/span><span style=\"font-family: Arial, sans-serif;\"><span style=\"font-size: medium;\">IES<\/span><\/span> <span style=\"font-family: Arial, sans-serif;\"><span style=\"font-size: medium;\">Le\u00f3n Felipe de Getafe, <\/span><\/span><span style=\"font-family: Arial, sans-serif;\"><span style=\"font-size: medium;\"> tuvimos la oportunidad de realizar una salida muy especial para asistir al musical <\/span><\/span><strong><span style=\"font-family: Arial, sans-serif;\"><span style=\"font-size: medium;\">La noche del 24<\/span><\/span><\/strong><span style=\"font-family: Arial, sans-serif;\"><span style=\"font-size: medium;\">. La actividad fue una experiencia diferente que nos permiti\u00f3 disfrutar del teatro y la m\u00fasica mientras reflexion\u00e1bamos sobre algunos de los valores que trabajamos en clase.<\/span><\/span><\/span><\/p>\n<p align=\"justify\"><span style=\"font-family: Arial, sans-serif; color: #000000;\"><span style=\"font-size: medium;\">Desde el comienzo de la obra, el p\u00fablico qued\u00f3 atrapado por la historia y por la intensidad de la puesta en escena. A trav\u00e9s de canciones, di\u00e1logos y momentos cargados de emoci\u00f3n, los actores consiguieron transmitir un mensaje profundo que invitaba a pensar sobre la esperanza, la solidaridad y el sentido de la Navidad. Pudimos observar, el gran trabajo de los int\u00e9rpretes, su capacidad para combinar actuaci\u00f3n, canto y expresi\u00f3n corporal, que hizo que cada escena resultara muy din\u00e1mica. Mezclando humor y ternura, narraron la historia de la primera Navidad a trav\u00e9s de los ojos de un oficial de Herodes que busca a un ni\u00f1o. Podemos calificarla como una \u00abcomedia muy loca\u00bb pero profunda. <\/span><\/span><\/p>\n<p align=\"justify\"><span style=\"color: #000000;\"><span style=\"font-family: Arial, sans-serif;\"><span style=\"font-size: medium;\"> Esta obra de comedia comenz\u00f3 a representarse con actuaciones escolares hace tres a\u00f1os, pero no tard\u00f3 en llamar la atenci\u00f3n del p\u00fablico y dar el salto a representaciones fuera del \u00e1mbito acad\u00e9mico <\/span><\/span><span style=\"font-family: Arial, sans-serif;\"><span style=\"font-size: medium;\">y es por eso quiz\u00e1s que engancha a los alumnos.<\/span><\/span><\/span><\/p>\n<p align=\"justify\"><span style=\"font-family: Arial, sans-serif; color: #000000;\"><span style=\"font-size: medium;\"> Adem\u00e1s las peripecias aquel d\u00eda, no terminaron con la bajada del tel\u00f3n, pues pudimos sentirnos identificados con los personajes de Jos\u00e9 y Mar\u00eda y sus avatares vividos aquella noche, puesto que de regreso al instituto tuvimos que sortear varios obst\u00e1culos debido a las aglomeraciones que encontramos en el transporte por ser hora punta con un feliz pero curioso regreso al centro educativo.<\/span><\/span><\/p>\n<p align=\"justify\"><span style=\"color: #000000;\"><span style=\"font-family: Arial, sans-serif;\"><span style=\"font-size: medium;\"> Para muchos alumnos, asistir a un musical fue tambi\u00e9n una forma diferente de acercarse al mundo del teatro y de vivir la cultura fuera del aula. Este tipo de actividades permiten aprender de una manera m\u00e1s cercana y compartir momentos especiales con compa\u00f1eros y profesores. En definitiva, la salida para ver <\/span><\/span><em><span style=\"font-family: Arial, sans-serif;\"><span style=\"font-size: medium;\">La noche del 24<\/span><\/span><\/em><span style=\"font-family: Arial, sans-serif;\"><span style=\"font-size: medium;\"> fue una experiencia muy positiva <\/span><\/span><span style=\"font-family: Arial, sans-serif;\"><span style=\"font-size: medium;\">y <\/span><\/span><span style=\"font-family: Arial, sans-serif;\"><span style=\"font-size: medium;\">compartimos <\/span><\/span><span style=\"font-family: Arial, sans-serif;\"><span style=\"font-size: medium;\">momentos<\/span><\/span><span style=\"font-family: Arial, sans-serif;\"><span style=\"font-size: medium;\"> que seguramente recordaremos durante mucho tiempo. <\/span><\/span><\/span><\/p>\n<p class=\"western\">\n","protected":false},"excerpt":{"rendered":"<p>LA NOCHE DEL 24, UNA SALIDA INOLVIDABLE. El pasado mes de diciembre, los alumnos de la asignatura de Religi\u00f3n del IES Le\u00f3n Felipe de Getafe, tuvimos la oportunidad de realizar &#8230;<\/p>\n","protected":false},"author":2,"featured_media":0,"parent":0,"menu_order":0,"comment_status":"closed","ping_status":"closed","template":"","meta":{"footnotes":""},"folder":[],"class_list":["post-3281","page","type-page","status-publish","hentry"],"rttpg_featured_image_url":null,"rttpg_author":{"display_name":"tic.ies.leonfelipe.getafe","author_link":"https:\/\/site.educa.madrid.org\/ies.leonfelipe.getafe\/index.php\/author\/cuenta_tic-ies-leonfelipe-getafe\/"},"rttpg_comment":0,"rttpg_category":false,"rttpg_excerpt":"LA NOCHE DEL 24, UNA SALIDA INOLVIDABLE. El pasado mes de diciembre, los alumnos de la asignatura de Religi\u00f3n del IES Le\u00f3n Felipe de Getafe, tuvimos la oportunidad de realizar ...","post_mailing_queue_ids":[],"_links":{"self":[{"href":"https:\/\/site.educa.madrid.org\/ies.leonfelipe.getafe\/index.php\/wp-json\/wp\/v2\/pages\/3281","targetHints":{"allow":["GET"]}}],"collection":[{"href":"https:\/\/site.educa.madrid.org\/ies.leonfelipe.getafe\/index.php\/wp-json\/wp\/v2\/pages"}],"about":[{"href":"https:\/\/site.educa.madrid.org\/ies.leonfelipe.getafe\/index.php\/wp-json\/wp\/v2\/types\/page"}],"author":[{"embeddable":true,"href":"https:\/\/site.educa.madrid.org\/ies.leonfelipe.getafe\/index.php\/wp-json\/wp\/v2\/users\/2"}],"replies":[{"embeddable":true,"href":"https:\/\/site.educa.madrid.org\/ies.leonfelipe.getafe\/index.php\/wp-json\/wp\/v2\/comments?post=3281"}],"version-history":[{"count":3,"href":"https:\/\/site.educa.madrid.org\/ies.leonfelipe.getafe\/index.php\/wp-json\/wp\/v2\/pages\/3281\/revisions"}],"predecessor-version":[{"id":3285,"href":"https:\/\/site.educa.madrid.org\/ies.leonfelipe.getafe\/index.php\/wp-json\/wp\/v2\/pages\/3281\/revisions\/3285"}],"wp:attachment":[{"href":"https:\/\/site.educa.madrid.org\/ies.leonfelipe.getafe\/index.php\/wp-json\/wp\/v2\/media?parent=3281"}],"wp:term":[{"taxonomy":"folder","embeddable":true,"href":"https:\/\/site.educa.madrid.org\/ies.leonfelipe.getafe\/index.php\/wp-json\/wp\/v2\/folder?post=3281"}],"curies":[{"name":"wp","href":"https:\/\/api.w.org\/{rel}","templated":true}]}}