{"id":3298,"date":"2026-03-16T12:49:07","date_gmt":"2026-03-16T11:49:07","guid":{"rendered":"https:\/\/site.educa.madrid.org\/ies.leonfelipe.getafe\/?page_id=3298"},"modified":"2026-03-16T12:56:03","modified_gmt":"2026-03-16T11:56:03","slug":"fisica-y-quimica","status":"publish","type":"page","link":"https:\/\/site.educa.madrid.org\/ies.leonfelipe.getafe\/index.php\/fisica-y-quimica\/","title":{"rendered":"F\u00cdSICA Y QU\u00cdMICA"},"content":{"rendered":"<h3 style=\"text-align: center;\"><span style=\"color: #000000;\"><strong>OLIMPIADAS DE QU\u00cdMICA\u00a0<\/strong><\/span><\/h3>\n<p style=\"text-align: center;\"><span style=\"color: #000000;\">El pasado s\u00e1bado 7 de marzo se celebraron las olimpiadas de Qu\u00edmica 2026 de Madrid con la participaci\u00f3n de nuestro alumno de 2\u00ba Bachillerato Jos\u00e9.\u00a0<\/span><\/p>\n<p style=\"text-align: center;\"><span style=\"color: #000000;\">\u00a1Enhorabuena y seguro que fue una experiencia incre\u00edble!<\/span><\/p>\n<p><img loading=\"lazy\" decoding=\"async\" class=\"size-medium wp-image-3300 aligncenter\" src=\"https:\/\/site.educa.madrid.org\/ies.leonfelipe.getafe\/\/wp-content\/uploads\/ies.leonfelipe.getafe\/2026\/03\/IMG_20260307_094440-135x300.jpg\" alt=\"\" width=\"135\" height=\"300\" srcset=\"https:\/\/site.educa.madrid.org\/ies.leonfelipe.getafe\/\/wp-content\/uploads\/ies.leonfelipe.getafe\/2026\/03\/IMG_20260307_094440-135x300.jpg 135w, https:\/\/site.educa.madrid.org\/ies.leonfelipe.getafe\/\/wp-content\/uploads\/ies.leonfelipe.getafe\/2026\/03\/IMG_20260307_094440-461x1024.jpg 461w, https:\/\/site.educa.madrid.org\/ies.leonfelipe.getafe\/\/wp-content\/uploads\/ies.leonfelipe.getafe\/2026\/03\/IMG_20260307_094440-768x1707.jpg 768w, https:\/\/site.educa.madrid.org\/ies.leonfelipe.getafe\/\/wp-content\/uploads\/ies.leonfelipe.getafe\/2026\/03\/IMG_20260307_094440-691x1536.jpg 691w, https:\/\/site.educa.madrid.org\/ies.leonfelipe.getafe\/\/wp-content\/uploads\/ies.leonfelipe.getafe\/2026\/03\/IMG_20260307_094440-922x2048.jpg 922w, https:\/\/site.educa.madrid.org\/ies.leonfelipe.getafe\/\/wp-content\/uploads\/ies.leonfelipe.getafe\/2026\/03\/IMG_20260307_094440-scaled.jpg 1152w\" sizes=\"auto, (max-width: 135px) 100vw, 135px\" \/><\/p>\n<p><img loading=\"lazy\" decoding=\"async\" class=\"size-medium wp-image-3299 aligncenter\" src=\"https:\/\/site.educa.madrid.org\/ies.leonfelipe.getafe\/\/wp-content\/uploads\/ies.leonfelipe.getafe\/2026\/03\/Cartel-OQM-final_v2-scaled-1-225x300.jpeg\" alt=\"\" width=\"225\" height=\"300\" srcset=\"https:\/\/site.educa.madrid.org\/ies.leonfelipe.getafe\/\/wp-content\/uploads\/ies.leonfelipe.getafe\/2026\/03\/Cartel-OQM-final_v2-scaled-1-225x300.jpeg 225w, https:\/\/site.educa.madrid.org\/ies.leonfelipe.getafe\/\/wp-content\/uploads\/ies.leonfelipe.getafe\/2026\/03\/Cartel-OQM-final_v2-scaled-1-768x1024.jpeg 768w, https:\/\/site.educa.madrid.org\/ies.leonfelipe.getafe\/\/wp-content\/uploads\/ies.leonfelipe.getafe\/2026\/03\/Cartel-OQM-final_v2-scaled-1-300x400.jpeg 300w, https:\/\/site.educa.madrid.org\/ies.leonfelipe.getafe\/\/wp-content\/uploads\/ies.leonfelipe.getafe\/2026\/03\/Cartel-OQM-final_v2-scaled-1-1152x1536.jpeg 1152w, https:\/\/site.educa.madrid.org\/ies.leonfelipe.getafe\/\/wp-content\/uploads\/ies.leonfelipe.getafe\/2026\/03\/Cartel-OQM-final_v2-scaled-1-1536x2048.jpeg 1536w, https:\/\/site.educa.madrid.org\/ies.leonfelipe.getafe\/\/wp-content\/uploads\/ies.leonfelipe.getafe\/2026\/03\/Cartel-OQM-final_v2-scaled-1.jpeg 1920w\" sizes=\"auto, (max-width: 225px) 100vw, 225px\" \/><\/p>\n","protected":false},"excerpt":{"rendered":"<p>OLIMPIADAS DE QU\u00cdMICA\u00a0 El pasado s\u00e1bado 7 de marzo se celebraron las olimpiadas de Qu\u00edmica 2026 de Madrid con la participaci\u00f3n de nuestro alumno de 2\u00ba Bachillerato Jos\u00e9.\u00a0 \u00a1Enhorabuena y &#8230;<\/p>\n","protected":false},"author":2,"featured_media":0,"parent":0,"menu_order":0,"comment_status":"closed","ping_status":"closed","template":"","meta":{"footnotes":""},"folder":[],"class_list":["post-3298","page","type-page","status-publish","hentry"],"rttpg_featured_image_url":null,"rttpg_author":{"display_name":"tic.ies.leonfelipe.getafe","author_link":"https:\/\/site.educa.madrid.org\/ies.leonfelipe.getafe\/index.php\/author\/cuenta_tic-ies-leonfelipe-getafe\/"},"rttpg_comment":0,"rttpg_category":false,"rttpg_excerpt":"OLIMPIADAS DE QU\u00cdMICA\u00a0 El pasado s\u00e1bado 7 de marzo se celebraron las olimpiadas de Qu\u00edmica 2026 de Madrid con la participaci\u00f3n de nuestro alumno de 2\u00ba Bachillerato Jos\u00e9.\u00a0 \u00a1Enhorabuena y ...","post_mailing_queue_ids":[],"_links":{"self":[{"href":"https:\/\/site.educa.madrid.org\/ies.leonfelipe.getafe\/index.php\/wp-json\/wp\/v2\/pages\/3298","targetHints":{"allow":["GET"]}}],"collection":[{"href":"https:\/\/site.educa.madrid.org\/ies.leonfelipe.getafe\/index.php\/wp-json\/wp\/v2\/pages"}],"about":[{"href":"https:\/\/site.educa.madrid.org\/ies.leonfelipe.getafe\/index.php\/wp-json\/wp\/v2\/types\/page"}],"author":[{"embeddable":true,"href":"https:\/\/site.educa.madrid.org\/ies.leonfelipe.getafe\/index.php\/wp-json\/wp\/v2\/users\/2"}],"replies":[{"embeddable":true,"href":"https:\/\/site.educa.madrid.org\/ies.leonfelipe.getafe\/index.php\/wp-json\/wp\/v2\/comments?post=3298"}],"version-history":[{"count":6,"href":"https:\/\/site.educa.madrid.org\/ies.leonfelipe.getafe\/index.php\/wp-json\/wp\/v2\/pages\/3298\/revisions"}],"predecessor-version":[{"id":3307,"href":"https:\/\/site.educa.madrid.org\/ies.leonfelipe.getafe\/index.php\/wp-json\/wp\/v2\/pages\/3298\/revisions\/3307"}],"wp:attachment":[{"href":"https:\/\/site.educa.madrid.org\/ies.leonfelipe.getafe\/index.php\/wp-json\/wp\/v2\/media?parent=3298"}],"wp:term":[{"taxonomy":"folder","embeddable":true,"href":"https:\/\/site.educa.madrid.org\/ies.leonfelipe.getafe\/index.php\/wp-json\/wp\/v2\/folder?post=3298"}],"curies":[{"name":"wp","href":"https:\/\/api.w.org\/{rel}","templated":true}]}}