{"id":1049,"date":"2021-03-10T21:41:11","date_gmt":"2021-03-10T21:41:11","guid":{"rendered":"https:\/\/site.educa.madrid.org\/ies.malasana.mostoles\/?page_id=1049"},"modified":"2025-03-20T09:02:40","modified_gmt":"2025-03-20T08:02:40","slug":"servicios","status":"publish","type":"page","link":"https:\/\/site.educa.madrid.org\/ies.malasana.mostoles\/index.php\/servicios\/","title":{"rendered":"Servicios"},"content":{"rendered":"\n<p class=\"has-text-align-center\"><\/p>\n\n\n\n<div class=\"wp-block-buttons is-content-justification-center is-layout-flex wp-container-core-buttons-is-layout-16018d1d wp-block-buttons-is-layout-flex\">\n<div class=\"wp-block-button is-style-outline is-style-outline--1\"><a class=\"wp-block-button__link has-black-color has-white-background-color has-text-color has-background has-link-color wp-element-button\" href=\"https:\/\/www.metritests.com\/metrica\/CBBenchmarking.aspx\" style=\"border-top-left-radius:20px;border-top-right-radius:40px;border-bottom-left-radius:40px;border-bottom-right-radius:20px\">Cambridge English Test Portal<\/a><\/div>\n\n\n\n<div class=\"wp-block-button is-style-outline is-style-outline--2\"><a class=\"wp-block-button__link has-black-color has-light-green-cyan-background-color has-text-color has-background has-link-color wp-element-button\" href=\"https:\/\/formularios.educa.madrid.org\/index.php\/536899?lang=es\" style=\"border-top-left-radius:20px;border-top-right-radius:40px;border-bottom-left-radius:40px;border-bottom-right-radius:20px\">Encuesta de satisfacci\u00f3n<\/a><\/div>\n<\/div>\n\n\n\n<hr class=\"wp-block-separator has-alpha-channel-opacity\"\/>\n\n\n\n<h3 class=\"wp-block-heading has-text-align-center has-cyan-bluish-gray-background-color has-background\"><strong><span class=\"has-inline-color has-black-color\">Servicios<\/span><\/strong><\/h3>\n\n\n\n<div class=\"wp-block-columns is-layout-flex wp-container-core-columns-is-layout-9d6595d7 wp-block-columns-is-layout-flex\">\n<div class=\"wp-block-column is-layout-flow wp-block-column-is-layout-flow\">\n<h5 class=\"wp-block-heading has-text-align-center has-background\" style=\"background-color:#e2e6e9\"><a href=\"https:\/\/site.educa.madrid.org\/ies.malasana.mostoles\/index.php\/servicios-y-actividades\/cafeteria\/\" data-type=\"URL\" data-id=\"https:\/\/site.educa.madrid.org\/ies.malasana.mostoles\/index.php\/servicios-y-actividades\/cafeteria\/\">Cafeter\u00eda<\/a><\/h5>\n\n\n\n<p class=\"has-text-align-center\">El IES Manuela Malasa\u00f1a no dispone de comedor escolar, propiamente dicho. Sin embargo, el <strong>Consejo Escolar<\/strong> del Centro, preocupado por proporcionar a los alumnos del centro una Educaci\u00f3n de Calidad y con las mejores condiciones posibles, ha acordado una <strong>contrata de servicio de cafeter\u00eda <\/strong>en el centro. Adem\u00e1s de cualquier otro producto de la cafeter\u00eda, se sirven men\u00fas especiales para alumnos a precios asequibles (y que aprueba anualmente el Consejo Escolar)<\/p>\n<\/div>\n\n\n\n<div class=\"wp-block-column is-layout-flow wp-block-column-is-layout-flow\">\n<h5 class=\"wp-block-heading has-text-align-center has-background\" style=\"background-color:#e2e6e9\"><a href=\"https:\/\/site.educa.madrid.org\/ies.malasana.mostoles\/index.php\/servicios-y-actividades\/nuestras-instalaciones__trashed\/biblioteca\/\" data-type=\"URL\" data-id=\"https:\/\/site.educa.madrid.org\/ies.malasana.mostoles\/index.php\/servicios-y-actividades\/nuestras-instalaciones__trashed\/biblioteca\/\">Biblioteca<\/a><\/h5>\n\n\n\n<p>El centro dispone de&nbsp;<strong>dos bibliotecas<\/strong>&nbsp;a disposici\u00f3n de los alumnos:<\/p>\n\n\n\n<ul class=\"wp-block-list\">\n<li><strong>Edificio principal<\/strong>: se encuentra la biblioteca principal, a la que denominamos \u00abPedro Puyol\u00bb. Consta de m\u00e1s de 5.000 ejemplares varios ordenadores port\u00e1tiles para su uso durante los recreos.<\/li>\n\n\n\n<li><strong>Edificio Ram\u00f3n y Cajal<\/strong>: esta biblioteca es m\u00e1s peque\u00f1a, pero cuenta con unos 1.000 ejemplares.<\/li>\n<\/ul>\n<\/div>\n\n\n\n<div class=\"wp-block-column is-layout-flow wp-block-column-is-layout-flow\">\n<h5 class=\"wp-block-heading has-text-align-center has-background\" style=\"background-color:#e2e6e9\"><a href=\"https:\/\/site.educa.madrid.org\/ies.malasana.mostoles\/index.php\/servicios\/ludoteca\/\">LUDOTECA<\/a><\/h5>\n\n\n\n<p>En la ludoteca disponemos de juegos de mesa (Virus, UNO, Sushi Go!, Rummy o Meteorito, etc.) y cl\u00e1sicos como ajedrez o parch\u00eds a disposici\u00f3n de los alumnos para que puedan utilizarlos en los recreos.<\/p>\n<\/div>\n\n\n\n<div class=\"wp-block-column is-layout-flow wp-block-column-is-layout-flow\">\n<h5 class=\"wp-block-heading has-text-align-center has-background\" style=\"background-color:#e2e6e9\"><a href=\"https:\/\/site.educa.madrid.org\/ies.malasana.mostoles\/index.php\/instalaciones\/\" data-type=\"URL\" data-id=\"https:\/\/site.educa.madrid.org\/ies.malasana.mostoles\/index.php\/instalaciones\/\">Instalaciones<\/a><\/h5>\n\n\n\n<p>El Instituto consta de tres edificios con una superficie cercana a los <strong>6000 m2<\/strong>, de los que 553 m2 lo son de jardines, pistas deportivas y patios de recreo. Est\u00e1 dividido en&nbsp;<strong>3 edificios<\/strong>:<\/p>\n\n\n\n<ul class=\"wp-block-list\">\n<li>Principal.<\/li>\n\n\n\n<li>Ram\u00f3n y Cajal.<\/li>\n\n\n\n<li>ACE.<\/li>\n<\/ul>\n<\/div>\n<\/div>\n","protected":false},"excerpt":{"rendered":"<p>Servicios Cafeter\u00eda El IES Manuela Malasa\u00f1a no dispone de comedor escolar, propiamente dicho. Sin embargo, el Consejo Escolar del Centro, preocupado por proporcionar a los alumnos del centro una Educaci\u00f3n &#8230;<\/p>\n","protected":false},"author":5,"featured_media":0,"parent":0,"menu_order":0,"comment_status":"closed","ping_status":"closed","template":"","meta":{"footnotes":""},"folder":[],"class_list":["post-1049","page","type-page","status-publish","hentry"],"rttpg_featured_image_url":null,"rttpg_author":{"display_name":"M\u00f3nica Mar\u00edn","author_link":"https:\/\/site.educa.madrid.org\/ies.malasana.mostoles\/index.php\/author\/mnica_marn\/"},"rttpg_comment":0,"rttpg_category":false,"rttpg_excerpt":"Servicios Cafeter\u00eda El IES Manuela Malasa\u00f1a no dispone de comedor escolar, propiamente dicho. Sin embargo, el Consejo Escolar del Centro, preocupado por proporcionar a los alumnos del centro una Educaci\u00f3n ...","post_mailing_queue_ids":[],"_links":{"self":[{"href":"https:\/\/site.educa.madrid.org\/ies.malasana.mostoles\/index.php\/wp-json\/wp\/v2\/pages\/1049","targetHints":{"allow":["GET"]}}],"collection":[{"href":"https:\/\/site.educa.madrid.org\/ies.malasana.mostoles\/index.php\/wp-json\/wp\/v2\/pages"}],"about":[{"href":"https:\/\/site.educa.madrid.org\/ies.malasana.mostoles\/index.php\/wp-json\/wp\/v2\/types\/page"}],"author":[{"embeddable":true,"href":"https:\/\/site.educa.madrid.org\/ies.malasana.mostoles\/index.php\/wp-json\/wp\/v2\/users\/5"}],"replies":[{"embeddable":true,"href":"https:\/\/site.educa.madrid.org\/ies.malasana.mostoles\/index.php\/wp-json\/wp\/v2\/comments?post=1049"}],"version-history":[{"count":6,"href":"https:\/\/site.educa.madrid.org\/ies.malasana.mostoles\/index.php\/wp-json\/wp\/v2\/pages\/1049\/revisions"}],"predecessor-version":[{"id":4729,"href":"https:\/\/site.educa.madrid.org\/ies.malasana.mostoles\/index.php\/wp-json\/wp\/v2\/pages\/1049\/revisions\/4729"}],"wp:attachment":[{"href":"https:\/\/site.educa.madrid.org\/ies.malasana.mostoles\/index.php\/wp-json\/wp\/v2\/media?parent=1049"}],"wp:term":[{"taxonomy":"folder","embeddable":true,"href":"https:\/\/site.educa.madrid.org\/ies.malasana.mostoles\/index.php\/wp-json\/wp\/v2\/folder?post=1049"}],"curies":[{"name":"wp","href":"https:\/\/api.w.org\/{rel}","templated":true}]}}