{"id":1051,"date":"2021-03-10T21:41:47","date_gmt":"2021-03-10T21:41:47","guid":{"rendered":"https:\/\/site.educa.madrid.org\/ies.malasana.mostoles\/?page_id=1051"},"modified":"2022-04-22T22:49:20","modified_gmt":"2022-04-22T20:49:20","slug":"actividades","status":"publish","type":"page","link":"https:\/\/site.educa.madrid.org\/ies.malasana.mostoles\/index.php\/actividades\/","title":{"rendered":"Actividades"},"content":{"rendered":"\t\t\t<!-- Flexy Breadcrumb -->\n\t\t\t<div class=\"fbc fbc-page\">\n\n\t\t\t\t<!-- Breadcrumb wrapper -->\n\t\t\t\t<div class=\"fbc-wrap\">\n\n\t\t\t\t\t<!-- Ordered list-->\n\t\t\t\t\t<ol class=\"fbc-items\" itemscope itemtype=\"https:\/\/schema.org\/BreadcrumbList\">\n\t\t\t\t\t\t            <li itemprop=\"itemListElement\" itemscope itemtype=\"https:\/\/schema.org\/ListItem\">\n                <span itemprop=\"name\">\n                    <!-- Home Link -->\n                    <a itemprop=\"item\" href=\"https:\/\/site.educa.madrid.org\/ies.malasana.mostoles\">\n                    \n                                                    <i class=\"fa fa fa-home\" aria-hidden=\"true\"><\/i>                    <\/a>\n                <\/span>\n                <meta itemprop=\"position\" content=\"1\" \/><!-- Meta Position-->\n             <\/li><li><span class=\"fbc-separator\">><\/span><\/li><li class=\"active\" itemprop=\"itemListElement\" itemscope itemtype=\"https:\/\/schema.org\/ListItem\"><span itemprop=\"name\" title=\"Tabl\u00f3n de anuncios\">Tabl\u00f3n de anuncios<\/span><meta itemprop=\"position\" content=\"2\" \/><\/li>\t\t\t\t\t<\/ol>\n\t\t\t\t\t<div class=\"clearfix\"><\/div>\n\t\t\t\t<\/div>\n\t\t\t<\/div>\n\t\t\t\n\n\n\n<h3 class=\"has-text-align-center has-light-green-cyan-background-color has-background wp-block-heading\"><strong>Actividades<\/strong><\/h3>\n\n\n\n<p>En el centro se realizan numerosas <strong>Actividades Complementarias y Extraescolares<\/strong>, que adquieren una gran importancia para el desarrollo de las capacidades de los alumnos puesto que contribuyen a la preparaci\u00f3n de las personas para vivir en sociedad y las ayudan a completar facetas formativas que las vinculan con el mundo. Adem\u00e1s de que ilustran y ampl\u00edan los contenidos te\u00f3ricos que se imparten en las distintas asignaturas, favorecen un mayor acercamiento a la realidad.<\/p>\n\n\n\n<p>Adem\u00e1s, en horario de tarde, ofertamos las siguientes&nbsp;<strong>Actividades Extraescolares<\/strong>:<\/p>\n\n\n\n<div class=\"wp-block-columns alignwide is-layout-flex wp-container-core-columns-is-layout-9d6595d7 wp-block-columns-is-layout-flex\">\n<div class=\"wp-block-column is-layout-flow wp-block-column-is-layout-flow\">\n<h5 class=\"has-text-align-center has-background wp-block-heading\" style=\"background-color:#9cdcc3\"><a href=\"https:\/\/site.educa.madrid.org\/ies.malasana.mostoles\/index.php\/servicios-y-actividades\/actividades-extraescolares\/ara-apoyo-y-refuerzo-academico\/\" data-type=\"URL\" data-id=\"https:\/\/site.educa.madrid.org\/ies.malasana.mostoles\/index.php\/servicios-y-actividades\/actividades-extraescolares\/ara-apoyo-y-refuerzo-academico\/\">Refuerza<\/a><\/h5>\n\n\n\n<p>Programa impulsado por la Consejer\u00eda de Educaci\u00f3n de la Comunidad de Madrid dirigida a alumnos de ESO. Dicha actividad consiste por una parte, en la organizaci\u00f3n de actividades de apoyo y refuerzo de los alumnos que presentan dificultades de aprendizaje en lengua y matem\u00e1ticas, y por otra en la adquisici\u00f3n de h\u00e1bitos y t\u00e9cnicas de estudio.<\/p>\n<\/div>\n\n\n\n<div class=\"wp-block-column is-layout-flow wp-block-column-is-layout-flow\">\n<h5 class=\"has-text-align-center has-background wp-block-heading\" style=\"background-color:#9cdcc3\"><a href=\"https:\/\/site.educa.madrid.org\/ies.malasana.mostoles\/index.php\/servicios-y-actividades\/actividades-extraescolares\/ipafd-institutos-promotores-de-la-actividad-fisica-y-el-deporte\/\" data-type=\"URL\" data-id=\"https:\/\/site.educa.madrid.org\/ies.malasana.mostoles\/index.php\/servicios-y-actividades\/actividades-extraescolares\/ipafd-institutos-promotores-de-la-actividad-fisica-y-el-deporte\/\">IPAFD<\/a><\/h5>\n\n\n\n<p>El Programa Institutos Promotores de la Actividad F\u00edsica y el Deporte (IPAFD) se desarrolla a trav\u00e9s de diferentes Escuelas Deportivas impartidas por las Federaciones Deportivas Madrile\u00f1as en los Institutos de Ense\u00f1anza Secundaria.<\/p>\n<\/div>\n\n\n\n<div class=\"wp-block-column is-layout-flow wp-block-column-is-layout-flow\">\n<h5 class=\"has-text-align-center has-background wp-block-heading\" style=\"background-color:#9cdcc3\"><a href=\"https:\/\/site.educa.madrid.org\/ies.malasana.mostoles\/index.php\/ensenanzas\/planes-y-proyectos\/4o-eso-empresa\/\">4\u00baESO+Empresa<\/a><\/h5>\n\n\n\n<p>El programa consiste en la Estancia Educativa voluntaria en empresas durante 3, 4 o 5 d\u00edas con el fin de enriquecer el curr\u00edculo de los alumnos y aproximarles al mundo laboral del que ellos formar\u00e1n parte en el futuro.<\/p>\n<\/div>\n\n\n\n<div class=\"wp-block-column is-layout-flow wp-block-column-is-layout-flow\">\n<h5 class=\"has-text-align-center has-background wp-block-heading\" style=\"background-color:#9cdcc3\"><a href=\"https:\/\/site.educa.madrid.org\/ies.malasana.mostoles\/index.php\/servicios-y-actividades\/excursiones\/\" data-type=\"URL\" data-id=\"https:\/\/site.educa.madrid.org\/ies.malasana.mostoles\/index.php\/servicios-y-actividades\/excursiones\/\">Excursiones<\/a><\/h5>\n\n\n\n<p>En este espacio podr\u00e1s consultar las actividades extraescolares y complementarias que se est\u00e1n realizando en el Instituto en los diferentes niveles.<\/p>\n<\/div>\n\n\n\n<div class=\"wp-block-column is-layout-flow wp-block-column-is-layout-flow\">\n<h5 class=\"has-text-align-center has-background wp-block-heading\" style=\"background-color:#9cdcc3\">Pilates<\/h5>\n<\/div>\n<\/div>\n\n\n\n<hr class=\"wp-block-separator\"\/>\n\n\n\n<h3 class=\"has-text-align-center has-light-green-cyan-background-color has-background wp-block-heading\">\u00daltimas entradas sobre las actividades en el Malasa\u00f1a<\/h3>\n\n\n<ul class=\"wp-block-latest-posts__list has-dates wp-block-latest-posts\"><li><a class=\"wp-block-latest-posts__post-title\" href=\"https:\/\/site.educa.madrid.org\/ies.malasana.mostoles\/index.php\/2024\/11\/29\/charla-nuevas-tecnologias-con-familias-10-diciembre\/\">Charla nuevas tecnolog\u00edas con familias &#8211; 10 diciembre<\/a><time datetime=\"2024-11-29T07:59:06+01:00\" class=\"wp-block-latest-posts__post-date\">29 noviembre, 2024<\/time><div class=\"wp-block-latest-posts__post-excerpt\"><\/div><\/li>\n<li><a class=\"wp-block-latest-posts__post-title\" href=\"https:\/\/site.educa.madrid.org\/ies.malasana.mostoles\/index.php\/2024\/10\/22\/x-edicion-de-retotech-fundacion-endesa\/\">X Edici\u00f3n de RetoTech Fundaci\u00f3n Endesa<\/a><time datetime=\"2024-10-22T11:02:58+02:00\" class=\"wp-block-latest-posts__post-date\">22 octubre, 2024<\/time><div class=\"wp-block-latest-posts__post-excerpt\">En la X Edici\u00f3n de RetoTech Fundaci\u00f3n Endesa participan un total de 255 centros educativos de las Comunidades de Madrid, Arag\u00f3n, Andaluc\u00eda, Catalu\u00f1a, Extremadura, Islas Baleares y Canarias.<\/div><\/li>\n<li><a class=\"wp-block-latest-posts__post-title\" href=\"https:\/\/site.educa.madrid.org\/ies.malasana.mostoles\/index.php\/2024\/10\/12\/intercambio-2025-reunion-en-linea-con-familias\/\">Intercambio 2025 &#8211; Reuni\u00f3n en l\u00ednea con familias<\/a><time datetime=\"2024-10-12T09:41:10+02:00\" class=\"wp-block-latest-posts__post-date\">12 octubre, 2024<\/time><div class=\"wp-block-latest-posts__post-excerpt\">Hola a todos! El pr\u00f3ximo mi\u00e9rcoles 16 de octubre a las 17:00 tendremos una reuni\u00f3n con las familias interesadas en participar en el intercambio. La reuni\u00f3n se realizar\u00e1 a trav\u00e9s &#8230;<\/div><\/li>\n<li><a class=\"wp-block-latest-posts__post-title\" href=\"https:\/\/site.educa.madrid.org\/ies.malasana.mostoles\/index.php\/2024\/10\/03\/crea-tu-startup-concurso-de-emprendimiento-empresarial-en-centros-docentes-de-mostoles\/\">Crea tu startup &#8211; Concurso de emprendimiento empresarial en centros docentes de M\u00f3stoles<\/a><time datetime=\"2024-10-03T09:21:55+02:00\" class=\"wp-block-latest-posts__post-date\">3 octubre, 2024<\/time><div class=\"wp-block-latest-posts__post-excerpt\">\u00a1Tienes una idea de negocio? \u00a1\u00a1Desarr\u00f3llala!! \u00a1Podr\u00eda ser una gran empresa en un futuro cercano!<\/div><\/li>\n<li><a class=\"wp-block-latest-posts__post-title\" href=\"https:\/\/site.educa.madrid.org\/ies.malasana.mostoles\/index.php\/2024\/06\/01\/tu-experimento-en-globo-sonda-2024\/\">Tu experimento en globo sonda &#8211; 2024<\/a><time datetime=\"2024-06-01T11:09:44+02:00\" class=\"wp-block-latest-posts__post-date\">1 junio, 2024<\/time><div class=\"wp-block-latest-posts__post-excerpt\">El pasado jueves 30 de mayo, nuestro centro particip\u00f3 en el lanzamiento de un globo sonda para estudiar la estratosfera y sus efectos en pulgones y s\u00edrfidos. Nuestro proyecto, titulado &#8230;<\/div><\/li>\n<\/ul>\n\n\n<div class=\"wp-block-buttons is-horizontal is-content-justification-center is-layout-flex wp-container-core-buttons-is-layout-499968f5 wp-block-buttons-is-layout-flex\">\n<div class=\"wp-block-button is-style-fill\"><a class=\"wp-block-button__link has-black-color has-text-color has-background\" href=\"https:\/\/site.educa.madrid.org\/ies.malasana.mostoles\/index.php\/entradas-actividades-complementarias-y-extraescolares\/\" style=\"background-color:#ffe59c\"><strong>Consulta todas las entradas<\/strong><\/a><\/div>\n<\/div>\n","protected":false},"excerpt":{"rendered":"<p>Actividades En el centro se realizan numerosas Actividades Complementarias y Extraescolares, que adquieren una gran importancia para el desarrollo de las capacidades de los alumnos puesto que contribuyen a la &#8230;<\/p>\n","protected":false},"author":5,"featured_media":0,"parent":0,"menu_order":0,"comment_status":"closed","ping_status":"closed","template":"","meta":{"footnotes":""},"folder":[],"class_list":["post-1051","page","type-page","status-publish","hentry"],"rttpg_featured_image_url":null,"rttpg_author":{"display_name":"M\u00f3nica Mar\u00edn","author_link":"https:\/\/site.educa.madrid.org\/ies.malasana.mostoles\/index.php\/author\/mnica_marn\/"},"rttpg_comment":0,"rttpg_category":false,"rttpg_excerpt":"Actividades En el centro se realizan numerosas Actividades Complementarias y Extraescolares, que adquieren una gran importancia para el desarrollo de las capacidades de los alumnos puesto que contribuyen a la ...","post_mailing_queue_ids":[],"_links":{"self":[{"href":"https:\/\/site.educa.madrid.org\/ies.malasana.mostoles\/index.php\/wp-json\/wp\/v2\/pages\/1051","targetHints":{"allow":["GET"]}}],"collection":[{"href":"https:\/\/site.educa.madrid.org\/ies.malasana.mostoles\/index.php\/wp-json\/wp\/v2\/pages"}],"about":[{"href":"https:\/\/site.educa.madrid.org\/ies.malasana.mostoles\/index.php\/wp-json\/wp\/v2\/types\/page"}],"author":[{"embeddable":true,"href":"https:\/\/site.educa.madrid.org\/ies.malasana.mostoles\/index.php\/wp-json\/wp\/v2\/users\/5"}],"replies":[{"embeddable":true,"href":"https:\/\/site.educa.madrid.org\/ies.malasana.mostoles\/index.php\/wp-json\/wp\/v2\/comments?post=1051"}],"version-history":[{"count":16,"href":"https:\/\/site.educa.madrid.org\/ies.malasana.mostoles\/index.php\/wp-json\/wp\/v2\/pages\/1051\/revisions"}],"predecessor-version":[{"id":2694,"href":"https:\/\/site.educa.madrid.org\/ies.malasana.mostoles\/index.php\/wp-json\/wp\/v2\/pages\/1051\/revisions\/2694"}],"wp:attachment":[{"href":"https:\/\/site.educa.madrid.org\/ies.malasana.mostoles\/index.php\/wp-json\/wp\/v2\/media?parent=1051"}],"wp:term":[{"taxonomy":"folder","embeddable":true,"href":"https:\/\/site.educa.madrid.org\/ies.malasana.mostoles\/index.php\/wp-json\/wp\/v2\/folder?post=1051"}],"curies":[{"name":"wp","href":"https:\/\/api.w.org\/{rel}","templated":true}]}}