{"id":1074,"date":"2021-03-11T10:48:24","date_gmt":"2021-03-11T10:48:24","guid":{"rendered":"https:\/\/site.educa.madrid.org\/ies.malasana.mostoles\/?page_id=1074"},"modified":"2022-02-15T13:05:13","modified_gmt":"2022-02-15T12:05:13","slug":"nuestro-centro","status":"publish","type":"page","link":"https:\/\/site.educa.madrid.org\/ies.malasana.mostoles\/index.php\/nuestro-centro\/","title":{"rendered":"Nuestro Centro"},"content":{"rendered":"\n<p><span class=\"has-inline-color has-very-dark-gray-color\">Mucho ha cambiado todo desde que se inaugur\u00f3 el IB Mixto III de M\u00f3stoles. Corr\u00eda el a\u00f1o 82 y desde entonces la geograf\u00eda de la ciudad, la composici\u00f3n de sus habitantes, su n\u00famero, han sufrido importantes variaciones.<\/span><\/p>\n\n\n\n<p><span class=\"has-inline-color has-very-dark-gray-color\">Nuestro Centro no ha sido ajeno a los cambios, y hemos tenido que adaptarnos a las nuevas exigencias sociales. Hace ya m\u00e1s de 40 a\u00f1os a\u00f1os nuestra oferta educativa se basaba en aquel Bachillerato Unificado y Polivalente (BUP) que cursaban s\u00f3lo unos pocos alumnos. Hoy acogemos en nuestras aulas a&nbsp; alumnos entre 12 y 18 a\u00f1os. Ofrecemos, adem\u00e1s de ESO y Bachillerato, diferentes programas de apoyo acad\u00e9mico y una variada gama de programas educativos entre los que destacan los de mejora de las competencias b\u00e1sicas y lenguas extranjeras. En definitiva, una oferta educativa cada vez m\u00e1s amplia y diversa.<\/span><\/p>\n\n\n\n<p><span class=\"has-inline-color has-very-dark-gray-color\">En todos estos a\u00f1os han pasado por nuestras aulas muchos alumnos, profesores, personal de administraci\u00f3n y servicios, padres y madres. Ellos han sido el motor de esta adaptaci\u00f3n a las nuevas exigencias educativas. Desde aqu\u00ed queremos transmitir nuestro profundo agradecimiento a toda la Comunidad Educativa que da sentido a la labor que realizamos cada d\u00eda.<\/span><\/p>\n\n\n\n<hr class=\"wp-block-separator\"\/>\n\n\n\n<h2 class=\"has-text-align-center wp-block-heading\">Organizaci\u00f3n del IES Manuela Malasa\u00f1a<\/h2>\n\n\n\n<div class=\"wp-block-columns is-layout-flex wp-container-core-columns-is-layout-9d6595d7 wp-block-columns-is-layout-flex\">\n<div class=\"wp-block-column is-layout-flow wp-block-column-is-layout-flow\">\n<h3 class=\"has-text-align-center wp-block-heading\">\u00d3rganos de gobierno<\/h3>\n\n\n\n<ul class=\"wp-block-list\"><li><a href=\"https:\/\/site.educa.madrid.org\/ies.malasana.mostoles\/index.php\/equipo-directivo\/\" data-type=\"URL\" data-id=\"https:\/\/site.educa.madrid.org\/ies.malasana.mostoles\/index.php\/equipo-directivo\/\">Equipo directivo<\/a><\/li><li><a href=\"https:\/\/site.educa.madrid.org\/ies.malasana.mostoles\/index.php\/nuestra-comunidad-educativa__trashed\/consejo-escolar\/\" data-type=\"URL\" data-id=\"https:\/\/site.educa.madrid.org\/ies.malasana.mostoles\/index.php\/nuestra-comunidad-educativa__trashed\/consejo-escolar\/\">Consejo Escolar<\/a><\/li><li>Claustro de profesores<\/li><\/ul>\n<\/div>\n\n\n\n<div class=\"wp-block-column is-layout-flow wp-block-column-is-layout-flow\">\n<h3 class=\"has-text-align-center wp-block-heading\">\u00d3rganos de coordinaci\u00f3n docente<\/h3>\n\n\n\n<ul class=\"wp-block-list\"><li><a href=\"https:\/\/site.educa.madrid.org\/ies.malasana.mostoles\/index.php\/nuestra-comunidad-educativa\/departamentos-didacticos\/\" data-type=\"URL\" data-id=\"https:\/\/site.educa.madrid.org\/ies.malasana.mostoles\/index.php\/nuestra-comunidad-educativa\/departamentos-didacticos\/\">Departamentos did\u00e1cticos<\/a>.<\/li><li><a href=\"https:\/\/site.educa.madrid.org\/ies.malasana.mostoles\/index.php\/comision-de-coordinacion-pedagogica-ccp\/\" data-type=\"URL\" data-id=\"https:\/\/site.educa.madrid.org\/ies.malasana.mostoles\/index.php\/comision-de-coordinacion-pedagogica-ccp\/\">Comisi\u00f3n de Coordinaci\u00f3n Pedag\u00f3gica (CCP)<\/a><\/li><li>Tutores<\/li><li>Juntas de profesores de grupo<\/li><\/ul>\n<\/div>\n\n\n\n<div class=\"wp-block-column is-layout-flow wp-block-column-is-layout-flow\">\n<h3 class=\"has-text-align-center wp-block-heading\">\u00d3rganos de participaci\u00f3n<\/h3>\n\n\n\n<ul class=\"wp-block-list\"><li>Profesorado: Consejo Escolar, Claustro, Departamentos y Juntas de profesores.<\/li><li>Personal de administraci\u00f3n y servicios: Consejo Escolar<\/li><li>Alumnado: Consejo Escolar, Junta de delegados, Junta de evaluaci\u00f3n, Asociaciones de alumnos.<\/li><li>Familias: Consejo Escolar, AMPA.<\/li><\/ul>\n<\/div>\n<\/div>\n","protected":false},"excerpt":{"rendered":"<p>Mucho ha cambiado todo desde que se inaugur\u00f3 el IB Mixto III de M\u00f3stoles. Corr\u00eda el a\u00f1o 82 y desde entonces la geograf\u00eda de la ciudad, la composici\u00f3n de sus &#8230;<\/p>\n","protected":false},"author":5,"featured_media":0,"parent":0,"menu_order":0,"comment_status":"closed","ping_status":"closed","template":"","meta":{"footnotes":""},"folder":[],"class_list":["post-1074","page","type-page","status-publish","hentry"],"rttpg_featured_image_url":null,"rttpg_author":{"display_name":"M\u00f3nica Mar\u00edn","author_link":"https:\/\/site.educa.madrid.org\/ies.malasana.mostoles\/index.php\/author\/mnica_marn\/"},"rttpg_comment":0,"rttpg_category":false,"rttpg_excerpt":"Mucho ha cambiado todo desde que se inaugur\u00f3 el IB Mixto III de M\u00f3stoles. Corr\u00eda el a\u00f1o 82 y desde entonces la geograf\u00eda de la ciudad, la composici\u00f3n de sus ...","post_mailing_queue_ids":[],"_links":{"self":[{"href":"https:\/\/site.educa.madrid.org\/ies.malasana.mostoles\/index.php\/wp-json\/wp\/v2\/pages\/1074","targetHints":{"allow":["GET"]}}],"collection":[{"href":"https:\/\/site.educa.madrid.org\/ies.malasana.mostoles\/index.php\/wp-json\/wp\/v2\/pages"}],"about":[{"href":"https:\/\/site.educa.madrid.org\/ies.malasana.mostoles\/index.php\/wp-json\/wp\/v2\/types\/page"}],"author":[{"embeddable":true,"href":"https:\/\/site.educa.madrid.org\/ies.malasana.mostoles\/index.php\/wp-json\/wp\/v2\/users\/5"}],"replies":[{"embeddable":true,"href":"https:\/\/site.educa.madrid.org\/ies.malasana.mostoles\/index.php\/wp-json\/wp\/v2\/comments?post=1074"}],"version-history":[{"count":11,"href":"https:\/\/site.educa.madrid.org\/ies.malasana.mostoles\/index.php\/wp-json\/wp\/v2\/pages\/1074\/revisions"}],"predecessor-version":[{"id":2291,"href":"https:\/\/site.educa.madrid.org\/ies.malasana.mostoles\/index.php\/wp-json\/wp\/v2\/pages\/1074\/revisions\/2291"}],"wp:attachment":[{"href":"https:\/\/site.educa.madrid.org\/ies.malasana.mostoles\/index.php\/wp-json\/wp\/v2\/media?parent=1074"}],"wp:term":[{"taxonomy":"folder","embeddable":true,"href":"https:\/\/site.educa.madrid.org\/ies.malasana.mostoles\/index.php\/wp-json\/wp\/v2\/folder?post=1074"}],"curies":[{"name":"wp","href":"https:\/\/api.w.org\/{rel}","templated":true}]}}