{"id":1369,"date":"2021-08-28T08:35:31","date_gmt":"2021-08-28T08:35:31","guid":{"rendered":"https:\/\/site.educa.madrid.org\/ies.malasana.mostoles\/?page_id=1369"},"modified":"2022-02-10T13:16:02","modified_gmt":"2022-02-10T12:16:02","slug":"raices-roble","status":"publish","type":"page","link":"https:\/\/site.educa.madrid.org\/ies.malasana.mostoles\/index.php\/secretaria\/raices-roble\/","title":{"rendered":"Ra\u00edces \/ Roble (familias)"},"content":{"rendered":"\n<p><em><strong>RA\u00cdCES&nbsp;<\/strong><\/em>es el nuevo sistema de Gesti\u00f3n Educativa Integral de la Comunidad de Madrid, concebido por la Consejer\u00eda de Educaci\u00f3n e Investigaci\u00f3n para modernizar e integrar las herramientas de gesti\u00f3n de los centros de ense\u00f1anzas no universitarias de la Comunidad de Madrid. Es un sistema que permite la participaci\u00f3n de todos los integrantes de la comunidad educativa:<\/p>\n\n\n\n<ul class=\"wp-block-list\"><li>Los&nbsp;<strong>equipos directivos<\/strong>, gestionando todos los procedimientos administrativos y acad\u00e9micos del centro<\/li><li>Los&nbsp;<strong>docentes<\/strong>, llevando a cabo la gesti\u00f3n acad\u00e9mica diaria de su alumnado.<\/li><li>Los&nbsp;<strong>tutores legales<\/strong>, que dispondr\u00e1n de un medio online de informaci\u00f3n y comunicaci\u00f3n con el centro.<\/li><\/ul>\n\n\n\n<p><em><strong>ROBLE&nbsp;<\/strong><\/em>es un portal destinado a las familias con una doble finalidad: facilitar el acceso a la informaci\u00f3n de sus hijos en&nbsp;<em><strong>RA\u00cdCES&nbsp;<\/strong><\/em>(<a href=\"http:\/\/raices.madrid.org\/\">raices.madrid.org<\/a>) y servir como plataforma de comunicaci\u00f3n entre el centro y las familias. Constituye una herramienta adecuada para realizar el seguimiento educativo del alumno y obtener informaci\u00f3n del centro.<\/p>\n\n\n\n<p><em><strong>ROBLE&nbsp;<\/strong><\/em>est\u00e1 plenamente integrado en&nbsp;<em><strong>RA\u00cdCES<\/strong><\/em>, el Sistema de Gesti\u00f3n Integral Educativa de la Comunidad de Madrid, y sus funcionalidades son tambi\u00e9n accesibles desde cualquier smartphone o tablet a trav\u00e9s de la aplicaci\u00f3n de movilidad&nbsp;<em><strong>ROBLE-APP<\/strong><\/em>.<\/p>\n\n\n\n<p><em><strong>ROBLE&nbsp;<\/strong><\/em>puede descargarse de Google Play para dispositivos Android y, pr\u00f3ximamente, de Apple Store para dispositivos iOS.<\/p>\n\n\n\n<p>Tanto a la aplicaci\u00f3n de&nbsp;<em><strong>RA\u00cdCES&nbsp;<\/strong><\/em>(WEB) como&nbsp;<em><strong>ROBLE&nbsp;<\/strong><\/em>(App m\u00f3vil) accedemos con el mismo usuario y contrase\u00f1a, que los proporcionar\u00e1 el Centro Educativo.<\/p>\n\n\n\n<hr class=\"wp-block-separator\"\/>\n\n\n\n<h3 class=\"has-text-align-center wp-block-heading\"><strong>SOLICITUD DE CREDENCIALES<\/strong><\/h3>\n\n\n\n<p>Es necesario mandar un correo a la Secretar\u00eda del Centro indicando el nombre del alumno y adjuntando DNI para comprobar la identificaci\u00f3n del padre\/madre\/tutor legal que solicita el acceso.<\/p>\n\n\n\n<p class=\"has-text-align-center\"><strong><a href=\"mailto:secretaria.ies.malasana.mostoles@educa.madrid.org\" data-type=\"mailto\" data-id=\"mailto:secretaria.ies.malasana.mostoles@educa.madrid.org\">secretaria.ies.malasana.mostoles@educa.madrid.org&nbsp;<\/a><\/strong><\/p>\n\n\n\n<p>Para poder recibir comunicaciones deben estar suscritos a los avisos del Centro. Para ello deben ir al apartado -Comunicaciones-avisos-suscripciones- y marcar la opci\u00f3n \u00abs\u00ed\u00bb en suscripci\u00f3n en todos los apartados. Cualquier incidencia se resolver\u00e1 a trav\u00e9s de la secretar\u00eda del Centro.<\/p>\n\n\n\n<hr class=\"wp-block-separator\"\/>\n\n\n\n<h3 class=\"has-text-align-center wp-block-heading\">OTRA INFORMACI\u00d3N DE INTER\u00c9S<\/h3>\n\n\n\n<p><span class=\"has-inline-color has-black-color\">A continuaci\u00f3n pueden consultar toda la informaci\u00f3n relativa a las <strong>credenciales para acceder a la aplicaci\u00f3n Robles<\/strong>, as\u00ed como el procedimiento a seguir para actualizar el correo electr\u00f3nico en el que desean recibir las comunicaciones oficiales. <\/span><\/p>\n\n\n\n<p><span class=\"has-inline-color has-black-color\">Les pedimos que lo haga a la mayor brevedad posible ya que de esta manera podr\u00e1n estar al d\u00eda de todo lo concerniente a la vida escolar de sus hijos. A trav\u00e9s de esta plataforma y de la web, recibir\u00e1n las informaciones m\u00e1s relevantes que puedan ser de su inter\u00e9s.<\/span><\/p>\n\n\n\n<div class=\"wp-block-columns is-layout-flex wp-container-core-columns-is-layout-9d6595d7 wp-block-columns-is-layout-flex\">\n<div class=\"wp-block-column is-layout-flow wp-block-column-is-layout-flow\">\n<h4 class=\"has-text-align-center has-cyan-bluish-gray-background-color has-background wp-block-heading\"><a href=\"https:\/\/site.educa.madrid.org\/ies.malasana.mostoles\/\/wp-content\/uploads\/ies.malasana.mostoles\/2021\/09\/INFORMACION-ROBLE-PARA-FAMILIAS.pdf\" data-type=\"URL\" data-id=\"https:\/\/site.educa.madrid.org\/ies.malasana.mostoles\/\/wp-content\/uploads\/ies.malasana.mostoles\/2021\/09\/INFORMACION-ROBLE-PARA-FAMILIAS.pdf\"><strong>Informaci\u00f3n general ROBLE<\/strong><\/a><\/h4>\n<\/div>\n\n\n\n<div class=\"wp-block-column is-layout-flow wp-block-column-is-layout-flow\">\n<h4 class=\"has-text-align-center has-cyan-bluish-gray-background-color has-background wp-block-heading\"><a href=\"https:\/\/site.educa.madrid.org\/ies.malasana.mostoles\/\/wp-content\/uploads\/ies.malasana.mostoles\/2021\/09\/ROBLE-Nuevo_procedimiento_credenciales_raices-roble.pdf\" data-type=\"URL\" data-id=\"https:\/\/site.educa.madrid.org\/ies.malasana.mostoles\/\/wp-content\/uploads\/ies.malasana.mostoles\/2021\/09\/ROBLE-Nuevo_procedimiento_credenciales_raices-roble.pdf\"><strong>Procedimiento obtenci\u00f3n de credenciales<\/strong><\/a><\/h4>\n<\/div>\n<\/div>\n\n\n\n<div class=\"wp-block-file\"><a href=\"https:\/\/site.educa.madrid.org\/ies.malasana.mostoles\/\/wp-content\/uploads\/ies.malasana.mostoles\/2021\/09\/INFORMACION-ROBLE-PARA-FAMILIAS.pdf\"><span class=\"has-inline-color has-black-color\"><strong>INFORMACI\u00d3N &#8211; PLATAFORMA ROBLE<\/strong><\/span><\/a><a href=\"https:\/\/site.educa.madrid.org\/ies.malasana.mostoles\/\/wp-content\/uploads\/ies.malasana.mostoles\/2021\/09\/INFORMACION-ROBLE-PARA-FAMILIAS.pdf\" class=\"wp-block-file__button\" download>Descarga<\/a><\/div>\n\n\n\n<div class=\"wp-block-file aligncenter\"><a href=\"https:\/\/site.educa.madrid.org\/ies.malasana.mostoles\/\/wp-content\/uploads\/ies.malasana.mostoles\/2021\/09\/ROBLE-Nuevo_procedimiento_credenciales_raices-roble.pdf\"><strong><span class=\"has-inline-color has-black-color\">ROBLE &#8211; Procedimiento para la obtenci\u00f3n de las credenciales<\/span><\/strong><\/a><a href=\"https:\/\/site.educa.madrid.org\/ies.malasana.mostoles\/\/wp-content\/uploads\/ies.malasana.mostoles\/2021\/09\/ROBLE-Nuevo_procedimiento_credenciales_raices-roble.pdf\" class=\"wp-block-file__button\" download>Descarga<\/a><\/div>\n","protected":false},"excerpt":{"rendered":"<p>RA\u00cdCES&nbsp;es el nuevo sistema de Gesti\u00f3n Educativa Integral de la Comunidad de Madrid, concebido por la Consejer\u00eda de Educaci\u00f3n e Investigaci\u00f3n para modernizar e integrar las herramientas de gesti\u00f3n de &#8230;<\/p>\n","protected":false},"author":2,"featured_media":0,"parent":273,"menu_order":0,"comment_status":"closed","ping_status":"closed","template":"","meta":{"footnotes":""},"folder":[],"class_list":["post-1369","page","type-page","status-publish","hentry"],"rttpg_featured_image_url":null,"rttpg_author":{"display_name":"Coordinador TIC del IES Manuela Malasa\u00f1a","author_link":"https:\/\/site.educa.madrid.org\/ies.malasana.mostoles\/index.php\/author\/cuenta_tic-ies-malasana-mostoles\/"},"rttpg_comment":0,"rttpg_category":false,"rttpg_excerpt":"RA\u00cdCES&nbsp;es el nuevo sistema de Gesti\u00f3n Educativa Integral de la Comunidad de Madrid, concebido por la Consejer\u00eda de Educaci\u00f3n e Investigaci\u00f3n para modernizar e integrar las herramientas de gesti\u00f3n de ...","post_mailing_queue_ids":[],"_links":{"self":[{"href":"https:\/\/site.educa.madrid.org\/ies.malasana.mostoles\/index.php\/wp-json\/wp\/v2\/pages\/1369","targetHints":{"allow":["GET"]}}],"collection":[{"href":"https:\/\/site.educa.madrid.org\/ies.malasana.mostoles\/index.php\/wp-json\/wp\/v2\/pages"}],"about":[{"href":"https:\/\/site.educa.madrid.org\/ies.malasana.mostoles\/index.php\/wp-json\/wp\/v2\/types\/page"}],"author":[{"embeddable":true,"href":"https:\/\/site.educa.madrid.org\/ies.malasana.mostoles\/index.php\/wp-json\/wp\/v2\/users\/2"}],"replies":[{"embeddable":true,"href":"https:\/\/site.educa.madrid.org\/ies.malasana.mostoles\/index.php\/wp-json\/wp\/v2\/comments?post=1369"}],"version-history":[{"count":8,"href":"https:\/\/site.educa.madrid.org\/ies.malasana.mostoles\/index.php\/wp-json\/wp\/v2\/pages\/1369\/revisions"}],"predecessor-version":[{"id":2202,"href":"https:\/\/site.educa.madrid.org\/ies.malasana.mostoles\/index.php\/wp-json\/wp\/v2\/pages\/1369\/revisions\/2202"}],"up":[{"embeddable":true,"href":"https:\/\/site.educa.madrid.org\/ies.malasana.mostoles\/index.php\/wp-json\/wp\/v2\/pages\/273"}],"wp:attachment":[{"href":"https:\/\/site.educa.madrid.org\/ies.malasana.mostoles\/index.php\/wp-json\/wp\/v2\/media?parent=1369"}],"wp:term":[{"taxonomy":"folder","embeddable":true,"href":"https:\/\/site.educa.madrid.org\/ies.malasana.mostoles\/index.php\/wp-json\/wp\/v2\/folder?post=1369"}],"curies":[{"name":"wp","href":"https:\/\/api.w.org\/{rel}","templated":true}]}}