{"id":1565,"date":"2021-10-28T12:31:38","date_gmt":"2021-10-28T10:31:38","guid":{"rendered":"https:\/\/site.educa.madrid.org\/ies.malasana.mostoles\/?page_id=1565"},"modified":"2026-02-19T12:19:33","modified_gmt":"2026-02-19T11:19:33","slug":"filosofia","status":"publish","type":"page","link":"https:\/\/site.educa.madrid.org\/ies.malasana.mostoles\/index.php\/ensenanzas\/filosofia\/","title":{"rendered":"Filosof\u00eda"},"content":{"rendered":"\n<div class=\"wp-block-columns is-layout-flex wp-container-core-columns-is-layout-9d6595d7 wp-block-columns-is-layout-flex\">\n<div class=\"wp-block-column is-layout-flow wp-block-column-is-layout-flow\" style=\"flex-basis:33.33%\">\n<figure class=\"wp-block-image size-full\"><img loading=\"lazy\" decoding=\"async\" width=\"428\" height=\"640\" src=\"https:\/\/site.educa.madrid.org\/ies.malasana.mostoles\/\/wp-content\/uploads\/ies.malasana.mostoles\/2025\/12\/path-727577_640.jpg\" alt=\"\" class=\"wp-image-5120\" srcset=\"https:\/\/site.educa.madrid.org\/ies.malasana.mostoles\/\/wp-content\/uploads\/ies.malasana.mostoles\/2025\/12\/path-727577_640.jpg 428w, https:\/\/site.educa.madrid.org\/ies.malasana.mostoles\/\/wp-content\/uploads\/ies.malasana.mostoles\/2025\/12\/path-727577_640-201x300.jpg 201w\" sizes=\"auto, (max-width: 428px) 100vw, 428px\" \/><\/figure>\n<\/div>\n\n\n\n<div class=\"wp-block-column is-vertically-aligned-center is-layout-flow wp-block-column-is-layout-flow\" style=\"flex-basis:66.66%\">\n<figure class=\"wp-block-table\"><table><tbody><tr><td class=\"has-text-align-center\" data-align=\"center\">Bel\u00e9n <strong>Quejigo S\u00e1nchez-Guijaldo<\/strong><\/td><td class=\"has-text-align-center\" data-align=\"center\"><a href=\"mailto:rodolfo.nunez1@educa.madrid.org\"><br>bquejigo@educa.madrid.org<\/a><\/td><\/tr><tr><td class=\"has-text-align-center\" data-align=\"center\">M\u00aa Carmen Comendador G\u00f3mez<\/td><td class=\"has-text-align-center\" data-align=\"center\"><a href=\"mailto:antonio.utandalopez@educa.madrid.org\">carmen.comendador@educa.madrid.org<\/a><\/td><\/tr><\/tbody><\/table><\/figure>\n<\/div>\n<\/div>\n\n\n\n<div class=\"wp-block-buttons is-layout-flex wp-block-buttons-is-layout-flex\">\n<div class=\"wp-block-button has-custom-width wp-block-button__width-100\"><a class=\"wp-block-button__link wp-element-button\" href=\"https:\/\/site.educa.madrid.org\/ies.malasana.mostoles\/index.php\/programacion-filosofia\/\">Programaci\u00f3n Did\u00e1ctica Departamento Filosof\u00eda<\/a><\/div>\n<\/div>\n\n\n\n<p><\/p>\n","protected":false},"excerpt":{"rendered":"<p>Bel\u00e9n Quejigo S\u00e1nchez-Guijaldo bquejigo@educa.madrid.org M\u00aa Carmen Comendador G\u00f3mez carmen.comendador@educa.madrid.org<\/p>\n","protected":false},"author":3,"featured_media":0,"parent":267,"menu_order":0,"comment_status":"closed","ping_status":"closed","template":"","meta":{"footnotes":""},"folder":[],"class_list":["post-1565","page","type-page","status-publish","hentry"],"rttpg_featured_image_url":null,"rttpg_author":{"display_name":"ies.malasana.mostoles","author_link":"https:\/\/site.educa.madrid.org\/ies.malasana.mostoles\/index.php\/author\/cuenta_ies-malasana-mostoles\/"},"rttpg_comment":0,"rttpg_category":false,"rttpg_excerpt":"Bel\u00e9n Quejigo S\u00e1nchez-Guijaldo bquejigo@educa.madrid.org M\u00aa Carmen Comendador G\u00f3mez carmen.comendador@educa.madrid.org","post_mailing_queue_ids":[],"_links":{"self":[{"href":"https:\/\/site.educa.madrid.org\/ies.malasana.mostoles\/index.php\/wp-json\/wp\/v2\/pages\/1565","targetHints":{"allow":["GET"]}}],"collection":[{"href":"https:\/\/site.educa.madrid.org\/ies.malasana.mostoles\/index.php\/wp-json\/wp\/v2\/pages"}],"about":[{"href":"https:\/\/site.educa.madrid.org\/ies.malasana.mostoles\/index.php\/wp-json\/wp\/v2\/types\/page"}],"author":[{"embeddable":true,"href":"https:\/\/site.educa.madrid.org\/ies.malasana.mostoles\/index.php\/wp-json\/wp\/v2\/users\/3"}],"replies":[{"embeddable":true,"href":"https:\/\/site.educa.madrid.org\/ies.malasana.mostoles\/index.php\/wp-json\/wp\/v2\/comments?post=1565"}],"version-history":[{"count":13,"href":"https:\/\/site.educa.madrid.org\/ies.malasana.mostoles\/index.php\/wp-json\/wp\/v2\/pages\/1565\/revisions"}],"predecessor-version":[{"id":5214,"href":"https:\/\/site.educa.madrid.org\/ies.malasana.mostoles\/index.php\/wp-json\/wp\/v2\/pages\/1565\/revisions\/5214"}],"up":[{"embeddable":true,"href":"https:\/\/site.educa.madrid.org\/ies.malasana.mostoles\/index.php\/wp-json\/wp\/v2\/pages\/267"}],"wp:attachment":[{"href":"https:\/\/site.educa.madrid.org\/ies.malasana.mostoles\/index.php\/wp-json\/wp\/v2\/media?parent=1565"}],"wp:term":[{"taxonomy":"folder","embeddable":true,"href":"https:\/\/site.educa.madrid.org\/ies.malasana.mostoles\/index.php\/wp-json\/wp\/v2\/folder?post=1565"}],"curies":[{"name":"wp","href":"https:\/\/api.w.org\/{rel}","templated":true}]}}