{"id":1672,"date":"2022-01-25T11:15:06","date_gmt":"2022-01-25T10:15:06","guid":{"rendered":"https:\/\/site.educa.madrid.org\/ies.malasana.mostoles\/?page_id=1672"},"modified":"2023-12-15T12:00:11","modified_gmt":"2023-12-15T11:00:11","slug":"pruebas-de-acceso-a-ciclos-formativos","status":"publish","type":"page","link":"https:\/\/site.educa.madrid.org\/ies.malasana.mostoles\/index.php\/pruebas-de-acceso-a-ciclos-formativos\/","title":{"rendered":"Pruebas de Acceso a Ciclos Formativos"},"content":{"rendered":"\n<p>Las\u00a0<strong>Pruebas de Acceso<\/strong>\u00a0a los Ciclos Formativos, de Grado Medio y Superior, son los ex\u00e1menes\u00a0que\u00a0debes superar si deseas acceder a estos estudios y no cumples con los requisitos acad\u00e9micos de\u00a0acceso (tener el Graduado en ESO o el t\u00edtulo de Bachiller, entre otros).<\/p>\n\n\n\n<div class=\"wp-block-buttons is-content-justification-center is-layout-flex wp-container-core-buttons-is-layout-16018d1d wp-block-buttons-is-layout-flex\">\n<div class=\"wp-block-button\"><a class=\"wp-block-button__link wp-element-button\" href=\"https:\/\/www.comunidad.madrid\/servicios\/educacion\/pruebas-acceso-ciclos-formativos\">Consulta toda la informaci\u00f3n aqu\u00ed<\/a><\/div>\n<\/div>\n\n\n\n<div class=\"wp-block-group\"><div class=\"wp-block-group__inner-container is-layout-flow wp-block-group-is-layout-flow\">\n<hr class=\"wp-block-separator has-css-opacity\"\/>\n\n\n\n<h2 class=\"wp-block-heading has-text-align-center\">\u00daltimas entradas sobre Pruebas de Acceso<\/h2>\n\n\n<ul class=\"wp-block-latest-posts__list is-grid columns-5 has-dates aligncenter wp-block-latest-posts\"><li><div class=\"wp-block-latest-posts__featured-image\"><img loading=\"lazy\" decoding=\"async\" width=\"300\" height=\"157\" src=\"https:\/\/site.educa.madrid.org\/ies.malasana.mostoles\/\/wp-content\/uploads\/ies.malasana.mostoles\/2022\/05\/Pruebas-de-Acceso-a-Ciclos-Formativos-de-Grado-Medio-y-Superior-300x157.png\" class=\"attachment-medium size-medium wp-post-image\" alt=\"\" style=\"\" srcset=\"https:\/\/site.educa.madrid.org\/ies.malasana.mostoles\/\/wp-content\/uploads\/ies.malasana.mostoles\/2022\/05\/Pruebas-de-Acceso-a-Ciclos-Formativos-de-Grado-Medio-y-Superior-300x157.png 300w, https:\/\/site.educa.madrid.org\/ies.malasana.mostoles\/\/wp-content\/uploads\/ies.malasana.mostoles\/2022\/05\/Pruebas-de-Acceso-a-Ciclos-Formativos-de-Grado-Medio-y-Superior-1024x536.png 1024w, https:\/\/site.educa.madrid.org\/ies.malasana.mostoles\/\/wp-content\/uploads\/ies.malasana.mostoles\/2022\/05\/Pruebas-de-Acceso-a-Ciclos-Formativos-de-Grado-Medio-y-Superior-768x402.png 768w, https:\/\/site.educa.madrid.org\/ies.malasana.mostoles\/\/wp-content\/uploads\/ies.malasana.mostoles\/2022\/05\/Pruebas-de-Acceso-a-Ciclos-Formativos-de-Grado-Medio-y-Superior.png 1200w\" sizes=\"auto, (max-width: 300px) 100vw, 300px\" \/><\/div><a class=\"wp-block-latest-posts__post-title\" href=\"https:\/\/site.educa.madrid.org\/ies.malasana.mostoles\/index.php\/2022\/12\/21\/pruebas-de-acceso-a-ciclos-formativos-2023\/\">Pruebas de Acceso a Ciclos Formativos 2023<\/a><time datetime=\"2022-12-21T10:43:04+01:00\" class=\"wp-block-latest-posts__post-date\">21 diciembre, 2022<\/time><div class=\"wp-block-latest-posts__post-excerpt\">El pr\u00f3ximo 9 de enero de 2023 comenzar\u00e1 el per\u00edodo de inscripci\u00f3n para las Pruebas de Acceso a Ciclos Formativos de Grado Medio y Superior 2023. Presentaci\u00f3n de solicitudes De &#8230;<\/div><\/li>\n<li><div class=\"wp-block-latest-posts__featured-image\"><img loading=\"lazy\" decoding=\"async\" width=\"300\" height=\"157\" src=\"https:\/\/site.educa.madrid.org\/ies.malasana.mostoles\/\/wp-content\/uploads\/ies.malasana.mostoles\/2022\/06\/Formacion-Profesional-300x157.png\" class=\"attachment-medium size-medium wp-post-image\" alt=\"\" style=\"\" srcset=\"https:\/\/site.educa.madrid.org\/ies.malasana.mostoles\/\/wp-content\/uploads\/ies.malasana.mostoles\/2022\/06\/Formacion-Profesional-300x157.png 300w, https:\/\/site.educa.madrid.org\/ies.malasana.mostoles\/\/wp-content\/uploads\/ies.malasana.mostoles\/2022\/06\/Formacion-Profesional-1024x536.png 1024w, https:\/\/site.educa.madrid.org\/ies.malasana.mostoles\/\/wp-content\/uploads\/ies.malasana.mostoles\/2022\/06\/Formacion-Profesional-768x402.png 768w, https:\/\/site.educa.madrid.org\/ies.malasana.mostoles\/\/wp-content\/uploads\/ies.malasana.mostoles\/2022\/06\/Formacion-Profesional.png 1200w\" sizes=\"auto, (max-width: 300px) 100vw, 300px\" \/><\/div><a class=\"wp-block-latest-posts__post-title\" href=\"https:\/\/site.educa.madrid.org\/ies.malasana.mostoles\/index.php\/2022\/06\/17\/admision-en-formacion-profesional\/\">Admisi\u00f3n en Formaci\u00f3n Profesional<\/a><time datetime=\"2022-06-17T08:12:13+02:00\" class=\"wp-block-latest-posts__post-date\">17 junio, 2022<\/time><div class=\"wp-block-latest-posts__post-excerpt\">Consulta toda la informaci\u00f3n relativa a los Ciclos Formativos de Grado Medio y Superior. Grado Medio Las solicitudes de admisi\u00f3n a los Ciclos Formativos de Grado Medio se presentar\u00e1n desde&nbsp;el&nbsp;24 &#8230;<\/div><\/li>\n<li><div class=\"wp-block-latest-posts__featured-image\"><img loading=\"lazy\" decoding=\"async\" width=\"300\" height=\"157\" src=\"https:\/\/site.educa.madrid.org\/ies.malasana.mostoles\/\/wp-content\/uploads\/ies.malasana.mostoles\/2022\/05\/Pruebas-de-Acceso-a-Ciclos-Formativos-de-Grado-Medio-y-Superior-300x157.png\" class=\"attachment-medium size-medium wp-post-image\" alt=\"\" style=\"\" srcset=\"https:\/\/site.educa.madrid.org\/ies.malasana.mostoles\/\/wp-content\/uploads\/ies.malasana.mostoles\/2022\/05\/Pruebas-de-Acceso-a-Ciclos-Formativos-de-Grado-Medio-y-Superior-300x157.png 300w, https:\/\/site.educa.madrid.org\/ies.malasana.mostoles\/\/wp-content\/uploads\/ies.malasana.mostoles\/2022\/05\/Pruebas-de-Acceso-a-Ciclos-Formativos-de-Grado-Medio-y-Superior-1024x536.png 1024w, https:\/\/site.educa.madrid.org\/ies.malasana.mostoles\/\/wp-content\/uploads\/ies.malasana.mostoles\/2022\/05\/Pruebas-de-Acceso-a-Ciclos-Formativos-de-Grado-Medio-y-Superior-768x402.png 768w, https:\/\/site.educa.madrid.org\/ies.malasana.mostoles\/\/wp-content\/uploads\/ies.malasana.mostoles\/2022\/05\/Pruebas-de-Acceso-a-Ciclos-Formativos-de-Grado-Medio-y-Superior.png 1200w\" sizes=\"auto, (max-width: 300px) 100vw, 300px\" \/><\/div><a class=\"wp-block-latest-posts__post-title\" href=\"https:\/\/site.educa.madrid.org\/ies.malasana.mostoles\/index.php\/2022\/06\/02\/certificado-academico-de-las-pruebas-de-acceso-a-grado-medio\/\">Certificado acad\u00e9mico de las Pruebas de Acceso a Grado Medio<\/a><time datetime=\"2022-06-02T10:40:45+02:00\" class=\"wp-block-latest-posts__post-date\">2 junio, 2022<\/time><div class=\"wp-block-latest-posts__post-excerpt\">Los interesados\/as pueden presentarse en la secretar\u00eda del centro de 9 a 14 h. para recoger su certificado acad\u00e9mico de las Pruebas de Acceso a Grado Medio. En caso que &#8230;<\/div><\/li>\n<li><div class=\"wp-block-latest-posts__featured-image\"><img loading=\"lazy\" decoding=\"async\" width=\"300\" height=\"157\" src=\"https:\/\/site.educa.madrid.org\/ies.malasana.mostoles\/\/wp-content\/uploads\/ies.malasana.mostoles\/2022\/05\/Pruebas-de-Acceso-a-Ciclos-Formativos-de-Grado-Medio-y-Superior-300x157.png\" class=\"attachment-medium size-medium wp-post-image\" alt=\"\" style=\"\" srcset=\"https:\/\/site.educa.madrid.org\/ies.malasana.mostoles\/\/wp-content\/uploads\/ies.malasana.mostoles\/2022\/05\/Pruebas-de-Acceso-a-Ciclos-Formativos-de-Grado-Medio-y-Superior-300x157.png 300w, https:\/\/site.educa.madrid.org\/ies.malasana.mostoles\/\/wp-content\/uploads\/ies.malasana.mostoles\/2022\/05\/Pruebas-de-Acceso-a-Ciclos-Formativos-de-Grado-Medio-y-Superior-1024x536.png 1024w, https:\/\/site.educa.madrid.org\/ies.malasana.mostoles\/\/wp-content\/uploads\/ies.malasana.mostoles\/2022\/05\/Pruebas-de-Acceso-a-Ciclos-Formativos-de-Grado-Medio-y-Superior-768x402.png 768w, https:\/\/site.educa.madrid.org\/ies.malasana.mostoles\/\/wp-content\/uploads\/ies.malasana.mostoles\/2022\/05\/Pruebas-de-Acceso-a-Ciclos-Formativos-de-Grado-Medio-y-Superior.png 1200w\" sizes=\"auto, (max-width: 300px) 100vw, 300px\" \/><\/div><a class=\"wp-block-latest-posts__post-title\" href=\"https:\/\/site.educa.madrid.org\/ies.malasana.mostoles\/index.php\/2022\/05\/25\/resultados-provisionales-pruebas-de-acceso-a-ciclos-formativos-de-grado-medio\/\">Resultados provisionales Pruebas de Acceso a Ciclos Formativos de Grado Medio<\/a><time datetime=\"2022-05-25T08:30:00+02:00\" class=\"wp-block-latest-posts__post-date\">25 mayo, 2022<\/time><div class=\"wp-block-latest-posts__post-excerpt\">Se publican los resultados provisionales de las Pruebas de Acceso a Ciclos Formativos de Grado Medio a trav\u00e9s de la Secretar\u00eda virtual. Pincha en el siguiente enlace para acceder: https:\/\/raices.madrid.org\/secretariavirtual\/<\/div><\/li>\n<li><div class=\"wp-block-latest-posts__featured-image\"><img loading=\"lazy\" decoding=\"async\" width=\"300\" height=\"157\" src=\"https:\/\/site.educa.madrid.org\/ies.malasana.mostoles\/\/wp-content\/uploads\/ies.malasana.mostoles\/2022\/05\/Pruebas-de-Acceso-a-Ciclos-Formativos-de-Grado-Medio-y-Superior-300x157.png\" class=\"attachment-medium size-medium wp-post-image\" alt=\"\" style=\"\" srcset=\"https:\/\/site.educa.madrid.org\/ies.malasana.mostoles\/\/wp-content\/uploads\/ies.malasana.mostoles\/2022\/05\/Pruebas-de-Acceso-a-Ciclos-Formativos-de-Grado-Medio-y-Superior-300x157.png 300w, https:\/\/site.educa.madrid.org\/ies.malasana.mostoles\/\/wp-content\/uploads\/ies.malasana.mostoles\/2022\/05\/Pruebas-de-Acceso-a-Ciclos-Formativos-de-Grado-Medio-y-Superior-1024x536.png 1024w, https:\/\/site.educa.madrid.org\/ies.malasana.mostoles\/\/wp-content\/uploads\/ies.malasana.mostoles\/2022\/05\/Pruebas-de-Acceso-a-Ciclos-Formativos-de-Grado-Medio-y-Superior-768x402.png 768w, https:\/\/site.educa.madrid.org\/ies.malasana.mostoles\/\/wp-content\/uploads\/ies.malasana.mostoles\/2022\/05\/Pruebas-de-Acceso-a-Ciclos-Formativos-de-Grado-Medio-y-Superior.png 1200w\" sizes=\"auto, (max-width: 300px) 100vw, 300px\" \/><\/div><a class=\"wp-block-latest-posts__post-title\" href=\"https:\/\/site.educa.madrid.org\/ies.malasana.mostoles\/index.php\/2022\/05\/03\/pruebas-de-acceso-a-ciclos-formativos-ies-manuela-malasana\/\">Pruebas de Acceso a Ciclos Formativos &#8211; IES Manuela Malasa\u00f1a<\/a><time datetime=\"2022-05-03T15:22:50+02:00\" class=\"wp-block-latest-posts__post-date\">3 mayo, 2022<\/time><div class=\"wp-block-latest-posts__post-excerpt\">Queda una semana para la celebraci\u00f3n de las Pruebas de Acceso a Ciclos Formativos de Grado Medio en el IES Manuela Malasa\u00f1a. A continuaci\u00f3n os resumimos algunos detalles importantes: Fechas &#8230;<\/div><\/li>\n<\/ul>\n\n\n<div class=\"wp-block-buttons is-horizontal is-content-justification-center is-layout-flex wp-container-core-buttons-is-layout-499968f5 wp-block-buttons-is-layout-flex\">\n<div class=\"wp-block-button is-style-outline is-style-outline--1\"><a class=\"wp-block-button__link wp-element-button\" href=\"https:\/\/site.educa.madrid.org\/ies.malasana.mostoles\/index.php\/entradas-pruebas-de-acceso\/\" target=\"_blank\" rel=\"noreferrer noopener\">Ver todas las entradas<\/a><\/div>\n<\/div>\n\n\n\n<hr class=\"wp-block-separator has-css-opacity\"\/>\n<\/div><\/div>\n\n\n\n<div class=\"wp-block-columns is-layout-flex wp-container-core-columns-is-layout-9d6595d7 wp-block-columns-is-layout-flex\">\n<div class=\"wp-block-column is-layout-flow wp-block-column-is-layout-flow\">\n<h2 class=\"wp-block-heading has-text-align-center\">Pruebas de Acceso a Ciclos formativos de <strong>Grado Medio<\/strong><\/h2>\n\n\n\n<figure class=\"wp-block-image size-large\"><a href=\"https:\/\/site.educa.madrid.org\/ies.malasana.mostoles\/\/wp-content\/uploads\/ies.malasana.mostoles\/2022\/01\/Resumen-Grado-Medio.png\"><img loading=\"lazy\" decoding=\"async\" width=\"1024\" height=\"719\" src=\"https:\/\/site.educa.madrid.org\/ies.malasana.mostoles\/\/wp-content\/uploads\/ies.malasana.mostoles\/2022\/01\/Resumen-Grado-Medio-1024x719.png\" alt=\"\" class=\"wp-image-1715\" srcset=\"https:\/\/site.educa.madrid.org\/ies.malasana.mostoles\/\/wp-content\/uploads\/ies.malasana.mostoles\/2022\/01\/Resumen-Grado-Medio-1024x719.png 1024w, https:\/\/site.educa.madrid.org\/ies.malasana.mostoles\/\/wp-content\/uploads\/ies.malasana.mostoles\/2022\/01\/Resumen-Grado-Medio-300x211.png 300w, https:\/\/site.educa.madrid.org\/ies.malasana.mostoles\/\/wp-content\/uploads\/ies.malasana.mostoles\/2022\/01\/Resumen-Grado-Medio-768x539.png 768w, https:\/\/site.educa.madrid.org\/ies.malasana.mostoles\/\/wp-content\/uploads\/ies.malasana.mostoles\/2022\/01\/Resumen-Grado-Medio.png 1319w\" sizes=\"auto, (max-width: 1024px) 100vw, 1024px\" \/><\/a><figcaption class=\"wp-element-caption\">Pincha para ver m\u00e1s grande (PDF)<\/figcaption><\/figure>\n\n\n\n<div class=\"wp-block-group\"><div class=\"wp-block-group__inner-container is-layout-flow wp-block-group-is-layout-flow\">\n<h3 class=\"wp-block-heading has-text-align-center\"><a href=\"https:\/\/www.comunidad.madrid\/servicios\/educacion\/pruebas-acceso#\">\u00bfDe qu\u00e9 me examinar\u00e9?<\/a><\/h3>\n\n\n\n<div class=\"wp-block-group\"><div class=\"wp-block-group__inner-container is-layout-flow wp-block-group-is-layout-flow\">\n<p>En la prueba com\u00fan de acceso a ciclos formativos de grado medio por la v\u00eda de formaci\u00f3n profesional me examinar\u00e9 de&nbsp;<strong>tres partes<\/strong>&nbsp;(cada parte tendr\u00e1 uno o dos ex\u00e1menes con una duraci\u00f3n m\u00e1xima de noventa minutos cada uno).<\/p>\n\n\n\n<p>Los contenidos de esta prueba se detallan en el anexo I del<a href=\"http:\/\/www.bocm.es\/boletin\/CM_Orden_BOCM\/2021\/07\/27\/BOCM-20210727-1.PDF\" target=\"_blank\" rel=\"noreferrer noopener\">&nbsp;Decreto 187\/2021, de 21 de julio<\/a>. El nivel exigido es de 4\u00ba de&nbsp;ESO&nbsp;y&nbsp;los ex\u00e1menes ser\u00e1n los mismos por la v\u00eda de formaci\u00f3n profesional y por la v\u00eda de artes pl\u00e1sticas y dise\u00f1o.<\/p>\n\n\n\n<p><strong>Parte I: Comunicaci\u00f3n Ling\u00fc\u00edstica<\/strong>&nbsp;(esta parte tendr\u00e1 dos ex\u00e1menes que incluir\u00e1n varias cuestiones te\u00f3ricas y pr\u00e1cticas).<\/p>\n\n\n\n<ul class=\"wp-block-list\">\n<li><strong>Lengua Castellana y Literatura<\/strong>.&nbsp;<\/li>\n\n\n\n<li><strong>Lengua Extranjera: Ingl\u00e9s.&nbsp;<\/strong><\/li>\n<\/ul>\n\n\n\n<p><strong>Parte II: Social&nbsp;<\/strong>(esta parte tendr\u00e1 un \u00fanico&nbsp;examen que incluir\u00e1 varias cuestiones te\u00f3ricas y pr\u00e1cticas)<\/p>\n\n\n\n<ul class=\"wp-block-list\">\n<li><strong>Geograf\u00eda e Historia.<\/strong><\/li>\n<\/ul>\n\n\n\n<p><strong>Parte III: Cient\u00edfico Tecnol\u00f3gica&nbsp;<\/strong>(esta parte tendr\u00e1 dos ex\u00e1menes que incluir\u00e1n varias cuestiones te\u00f3ricas y pr\u00e1cticas).<\/p>\n\n\n\n<ul class=\"wp-block-list\">\n<li><strong>Matem\u00e1ticas.<\/strong><\/li>\n<\/ul>\n\n\n\n<ul class=\"wp-block-list\">\n<li><strong>Ciencias y Tecnolog\u00eda.<\/strong><\/li>\n<\/ul>\n<\/div><\/div>\n<\/div><\/div>\n\n\n\n<div class=\"wp-block-buttons is-horizontal is-content-justification-center is-layout-flex wp-container-core-buttons-is-layout-499968f5 wp-block-buttons-is-layout-flex\">\n<div class=\"wp-block-button\"><a class=\"wp-block-button__link wp-element-button\" href=\"https:\/\/site.educa.madrid.org\/ies.malasana.mostoles\/index.php\/2022\/01\/09\/pruebas-de-acceso-a-ciclos-formativos-2022\/\" target=\"_blank\" rel=\"noreferrer noopener\">Solicitud IES Manuela Malasa\u00f1a 2022<\/a><\/div>\n\n\n\n<div class=\"wp-block-button\"><a class=\"wp-block-button__link wp-element-button\" href=\"https:\/\/www.comunidad.madrid\/servicios\/educacion\/pruebas-acceso#prueba-acceso-grado-medio\" target=\"_blank\" rel=\"noreferrer noopener\">M\u00e1s informaci\u00f3n<\/a><\/div>\n<\/div>\n\n\n\n<p><\/p>\n<\/div>\n\n\n\n<div class=\"wp-block-column is-layout-flow wp-block-column-is-layout-flow\">\n<h2 class=\"wp-block-heading has-text-align-center\">Pruebas de Acceso a Ciclos formativos de <strong>Grado Superior<\/strong><\/h2>\n\n\n\n<figure class=\"wp-block-image size-large\"><a href=\"https:\/\/site.educa.madrid.org\/ies.malasana.mostoles\/\/wp-content\/uploads\/ies.malasana.mostoles\/2022\/01\/Resumen-Grado-Superior.pdf\"><img loading=\"lazy\" decoding=\"async\" width=\"1024\" height=\"716\" src=\"https:\/\/site.educa.madrid.org\/ies.malasana.mostoles\/\/wp-content\/uploads\/ies.malasana.mostoles\/2022\/01\/Resumen-Grado-Superior-1024x716.png\" alt=\"\" class=\"wp-image-1723\" srcset=\"https:\/\/site.educa.madrid.org\/ies.malasana.mostoles\/\/wp-content\/uploads\/ies.malasana.mostoles\/2022\/01\/Resumen-Grado-Superior-1024x716.png 1024w, https:\/\/site.educa.madrid.org\/ies.malasana.mostoles\/\/wp-content\/uploads\/ies.malasana.mostoles\/2022\/01\/Resumen-Grado-Superior-300x210.png 300w, https:\/\/site.educa.madrid.org\/ies.malasana.mostoles\/\/wp-content\/uploads\/ies.malasana.mostoles\/2022\/01\/Resumen-Grado-Superior-768x537.png 768w, https:\/\/site.educa.madrid.org\/ies.malasana.mostoles\/\/wp-content\/uploads\/ies.malasana.mostoles\/2022\/01\/Resumen-Grado-Superior.png 1328w\" sizes=\"auto, (max-width: 1024px) 100vw, 1024px\" \/><\/a><figcaption class=\"wp-element-caption\">Pincha para ver m\u00e1s grande (PDF)<\/figcaption><\/figure>\n\n\n\n<h3 class=\"wp-block-heading has-text-align-center\">\u00bfDe qu\u00e9 me examinar\u00e9?<\/h3>\n\n\n\n<p>La prueba de acceso a&nbsp;ciclos formativos de grado superior de formaci\u00f3n profesional tiene dos partes:<\/p>\n\n\n\n<p>1.&nbsp;<strong>Prueba com\u00fan<\/strong>&nbsp;de acceso a ciclos formativos de&nbsp;<strong>grado superior<\/strong>&nbsp;por la&nbsp;<strong>v\u00eda de formaci\u00f3n profesional,&nbsp;<\/strong>que se corresponder\u00e1 con la parte com\u00fan de la prueba.<\/p>\n\n\n\n<p>2.&nbsp;<strong>Parte espec\u00edfica&nbsp;<\/strong>de la prueba de acceso a ciclos formativos de&nbsp;<strong>grado superior de formaci\u00f3n profesional<\/strong>.<\/p>\n\n\n\n<p>Podr\u00e9 inscribirme a esta prueba en una de las siguientes opciones:<\/p>\n\n\n\n<ul class=\"wp-block-list\">\n<li><strong>Humanidades y Ciencias Sociales.<\/strong><\/li>\n\n\n\n<li><strong>Ciencias.<\/strong><\/li>\n\n\n\n<li><strong>Tecnolog\u00eda.<\/strong><\/li>\n<\/ul>\n\n\n\n<h3 class=\"wp-block-heading has-text-align-center\">Parte com\u00fan:<\/h3>\n\n\n\n<p>Los ex\u00e1menes var\u00edan en cada opci\u00f3n, la opci\u00f3n elegida podr\u00e1 ser&nbsp;tenida en cuenta en el baremo para la admisi\u00f3n a las ense\u00f1anzas de formaci\u00f3n profesional.<\/p>\n\n\n\n<p>El nivel de los contenidos de la prueba ser\u00e1 de 2\u00ba de Bachillerato y puedo consultarlo en el anexo IV del&nbsp;<a href=\"http:\/\/www.bocm.es\/boletin\/CM_Orden_BOCM\/2021\/07\/27\/BOCM-20210727-1.PDF\" target=\"_blank\" rel=\"noreferrer noopener\">Decreto 187\/2021, de 21 de julio<\/a>.<\/p>\n\n\n\n<p>Estar\u00e1 compuesta de las siguientes&nbsp;partes (cada parte tendr\u00e1 un examen con una duraci\u00f3n m\u00e1xima de noventa minutos):<\/p>\n\n\n\n<ul class=\"wp-block-list\">\n<li><strong>Parte I: Lengua Castellana y Literatura.<\/strong><\/li>\n\n\n\n<li><strong>Parte II: Lengua Extranjera: Ingl\u00e9s.<\/strong><\/li>\n\n\n\n<li><strong>Parte III:<\/strong><\/li>\n<\/ul>\n\n\n\n<p><strong>&nbsp; &nbsp; &nbsp; &nbsp; &nbsp; &#8211; Matem\u00e1ticas&nbsp;<\/strong>(Ciencias o Tecnolog\u00eda)<\/p>\n\n\n\n<p>&nbsp; &nbsp; &nbsp; &nbsp; &nbsp;&nbsp;<strong>&#8211; Matem\u00e1ticas&nbsp;<\/strong>o&nbsp;<strong>Historia de Espa\u00f1a&nbsp;<\/strong>(Humanidades y Ciencias Sociales).<\/p>\n\n\n\n<h3 class=\"wp-block-heading has-text-align-center\">Parte espec\u00edfica:<\/h3>\n\n\n\n<p>La parte espec\u00edfica de la prueba de acceso a ciclos formativos de grado superior var\u00eda en funci\u00f3n de la opci\u00f3n por la que me inscriba.<\/p>\n\n\n\n<p>En todas las opciones esta parte constar\u00e1 de dos&nbsp;ex\u00e1menes de duraci\u00f3n m\u00e1xima noventa minutos cada uno, cuyos contenidos puedo consultar en el anexo VII del&nbsp;<a href=\"http:\/\/www.bocm.es\/boletin\/CM_Orden_BOCM\/2021\/07\/27\/BOCM-20210727-1.PDF\" target=\"_blank\" rel=\"noreferrer noopener\">Decreto 187\/2021, de 21 de julio<\/a>.<\/p>\n\n\n\n<p>El nivel de las cuestiones de los ex\u00e1menes ser\u00e1 de 2\u00ba de Bachillerato.<\/p>\n\n\n\n<p>Si me inscribo por la opci\u00f3n de \u00ab<strong>Humanidades y Ciencias Sociales<\/strong>\u00bb tendr\u00e9 que examinarme de:<\/p>\n\n\n\n<ul class=\"wp-block-list\">\n<li><strong>Econom\u00eda de la Empresa.<\/strong><\/li>\n\n\n\n<li><strong>Geograf\u00eda.<\/strong><\/li>\n<\/ul>\n\n\n\n<p>Si me inscribo por la opci\u00f3n de \u00ab<strong>Ciencias<\/strong>\u00bb tendr\u00e9 que examinarme de:<\/p>\n\n\n\n<ul class=\"wp-block-list\">\n<li><strong>Biolog\u00eda.<\/strong><\/li>\n\n\n\n<li><strong>Qu\u00edmica.<\/strong><\/li>\n<\/ul>\n\n\n\n<p>Si me inscribo por la opci\u00f3n de \u00ab<strong>Tecnolog\u00eda<\/strong>\u00bb tendr\u00e9 que examinarme de:<\/p>\n\n\n\n<ul class=\"wp-block-list\">\n<li><strong>F\u00edsica.<\/strong><\/li>\n\n\n\n<li><strong>Dibujo T\u00e9cnico.<\/strong><\/li>\n<\/ul>\n\n\n\n<div class=\"wp-block-buttons is-horizontal is-content-justification-center is-layout-flex wp-container-core-buttons-is-layout-499968f5 wp-block-buttons-is-layout-flex\">\n<div class=\"wp-block-button\"><a class=\"wp-block-button__link wp-element-button\" href=\"https:\/\/www.comunidad.madrid\/servicios\/educacion\/pruebas-acceso#prueba-acceso-grado-superior\" target=\"_blank\" rel=\"noreferrer noopener\">M\u00e1s informaci\u00f3n<\/a><\/div>\n<\/div>\n<\/div>\n<\/div>\n\n\n\n<h3 class=\"wp-block-heading\"><\/h3>\n","protected":false},"excerpt":{"rendered":"<p>Las\u00a0Pruebas de Acceso\u00a0a los Ciclos Formativos, de Grado Medio y Superior, son los ex\u00e1menes\u00a0que\u00a0debes superar si deseas acceder a estos estudios y no cumples con los requisitos acad\u00e9micos de\u00a0acceso (tener &#8230;<\/p>\n","protected":false},"author":2,"featured_media":0,"parent":0,"menu_order":0,"comment_status":"closed","ping_status":"closed","template":"","meta":{"footnotes":""},"folder":[],"class_list":["post-1672","page","type-page","status-publish","hentry"],"rttpg_featured_image_url":null,"rttpg_author":{"display_name":"Coordinador TIC del IES Manuela Malasa\u00f1a","author_link":"https:\/\/site.educa.madrid.org\/ies.malasana.mostoles\/index.php\/author\/cuenta_tic-ies-malasana-mostoles\/"},"rttpg_comment":0,"rttpg_category":false,"rttpg_excerpt":"Las\u00a0Pruebas de Acceso\u00a0a los Ciclos Formativos, de Grado Medio y Superior, son los ex\u00e1menes\u00a0que\u00a0debes superar si deseas acceder a estos estudios y no cumples con los requisitos acad\u00e9micos de\u00a0acceso (tener ...","post_mailing_queue_ids":[],"_links":{"self":[{"href":"https:\/\/site.educa.madrid.org\/ies.malasana.mostoles\/index.php\/wp-json\/wp\/v2\/pages\/1672","targetHints":{"allow":["GET"]}}],"collection":[{"href":"https:\/\/site.educa.madrid.org\/ies.malasana.mostoles\/index.php\/wp-json\/wp\/v2\/pages"}],"about":[{"href":"https:\/\/site.educa.madrid.org\/ies.malasana.mostoles\/index.php\/wp-json\/wp\/v2\/types\/page"}],"author":[{"embeddable":true,"href":"https:\/\/site.educa.madrid.org\/ies.malasana.mostoles\/index.php\/wp-json\/wp\/v2\/users\/2"}],"replies":[{"embeddable":true,"href":"https:\/\/site.educa.madrid.org\/ies.malasana.mostoles\/index.php\/wp-json\/wp\/v2\/comments?post=1672"}],"version-history":[{"count":18,"href":"https:\/\/site.educa.madrid.org\/ies.malasana.mostoles\/index.php\/wp-json\/wp\/v2\/pages\/1672\/revisions"}],"predecessor-version":[{"id":3575,"href":"https:\/\/site.educa.madrid.org\/ies.malasana.mostoles\/index.php\/wp-json\/wp\/v2\/pages\/1672\/revisions\/3575"}],"wp:attachment":[{"href":"https:\/\/site.educa.madrid.org\/ies.malasana.mostoles\/index.php\/wp-json\/wp\/v2\/media?parent=1672"}],"wp:term":[{"taxonomy":"folder","embeddable":true,"href":"https:\/\/site.educa.madrid.org\/ies.malasana.mostoles\/index.php\/wp-json\/wp\/v2\/folder?post=1672"}],"curies":[{"name":"wp","href":"https:\/\/api.w.org\/{rel}","templated":true}]}}