{"id":1777,"date":"2022-01-30T13:14:44","date_gmt":"2022-01-30T12:14:44","guid":{"rendered":"https:\/\/site.educa.madrid.org\/ies.malasana.mostoles\/?page_id=1777"},"modified":"2024-06-20T09:39:23","modified_gmt":"2024-06-20T07:39:23","slug":"entradas-departamento-de-orientacion","status":"publish","type":"page","link":"https:\/\/site.educa.madrid.org\/ies.malasana.mostoles\/index.php\/ensenanzas\/departamentos-didacticos\/departamento-de-orientacion\/entradas-departamento-de-orientacion\/","title":{"rendered":"Entradas Departamento de Orientaci\u00f3n"},"content":{"rendered":"<ul class=\"wp-block-latest-posts__list is-grid columns-3 has-dates aligncenter wp-block-latest-posts\"><li><div class=\"wp-block-latest-posts__featured-image aligncenter\"><a href=\"https:\/\/site.educa.madrid.org\/ies.malasana.mostoles\/index.php\/2024\/10\/17\/talleres-gratuitos-de-tecnicas-de-estudio\/\" aria-label=\"Talleres gratuitos de T\u00c9CNICAS DE ESTUDIO\"><img loading=\"lazy\" decoding=\"async\" width=\"150\" height=\"150\" src=\"https:\/\/site.educa.madrid.org\/ies.malasana.mostoles\/\/wp-content\/uploads\/ies.malasana.mostoles\/2024\/10\/SCR-1xzgeasd-150x150.png\" class=\"attachment-thumbnail size-thumbnail wp-post-image\" alt=\"\" style=\"max-width:350px;max-height:150px;\" srcset=\"https:\/\/site.educa.madrid.org\/ies.malasana.mostoles\/\/wp-content\/uploads\/ies.malasana.mostoles\/2024\/10\/SCR-1xzgeasd-150x150.png 150w, https:\/\/site.educa.madrid.org\/ies.malasana.mostoles\/\/wp-content\/uploads\/ies.malasana.mostoles\/2024\/10\/SCR-1xzgeasd-300x300.png 300w, https:\/\/site.educa.madrid.org\/ies.malasana.mostoles\/\/wp-content\/uploads\/ies.malasana.mostoles\/2024\/10\/SCR-1xzgeasd-500x500.png 500w\" sizes=\"auto, (max-width: 150px) 100vw, 150px\" \/><\/a><\/div><a class=\"wp-block-latest-posts__post-title\" href=\"https:\/\/site.educa.madrid.org\/ies.malasana.mostoles\/index.php\/2024\/10\/17\/talleres-gratuitos-de-tecnicas-de-estudio\/\">Talleres gratuitos de T\u00c9CNICAS DE ESTUDIO<\/a><time datetime=\"2024-10-17T07:07:55+02:00\" class=\"wp-block-latest-posts__post-date\">17 octubre, 2024<\/time><div class=\"wp-block-latest-posts__post-excerpt\">Talleres gratuitos de T\u00c9CNICAS DE ESTUDIO en el Centro de Juventud y de Infancia (c\/ Pintor Ribera, 15). Tanto si tienes inter\u00e9s por conocer nuevas t\u00e9cnicas, como si te gustar\u00eda &#8230;<\/div><\/li>\n<li><div class=\"wp-block-latest-posts__featured-image aligncenter\"><a href=\"https:\/\/site.educa.madrid.org\/ies.malasana.mostoles\/index.php\/2024\/10\/17\/lideres-digitales\/\" aria-label=\"L\u00edderes Digitales\"><img loading=\"lazy\" decoding=\"async\" width=\"150\" height=\"150\" src=\"https:\/\/site.educa.madrid.org\/ies.malasana.mostoles\/\/wp-content\/uploads\/ies.malasana.mostoles\/2024\/10\/SCR-1xzftc30-150x150.png\" class=\"attachment-thumbnail size-thumbnail wp-post-image\" alt=\"\" style=\"max-width:350px;max-height:150px;\" srcset=\"https:\/\/site.educa.madrid.org\/ies.malasana.mostoles\/\/wp-content\/uploads\/ies.malasana.mostoles\/2024\/10\/SCR-1xzftc30-150x150.png 150w, https:\/\/site.educa.madrid.org\/ies.malasana.mostoles\/\/wp-content\/uploads\/ies.malasana.mostoles\/2024\/10\/SCR-1xzftc30-300x300.png 300w\" sizes=\"auto, (max-width: 150px) 100vw, 150px\" \/><\/a><\/div><a class=\"wp-block-latest-posts__post-title\" href=\"https:\/\/site.educa.madrid.org\/ies.malasana.mostoles\/index.php\/2024\/10\/17\/lideres-digitales\/\">L\u00edderes Digitales<\/a><time datetime=\"2024-10-17T06:51:27+02:00\" class=\"wp-block-latest-posts__post-date\">17 octubre, 2024<\/time><div class=\"wp-block-latest-posts__post-excerpt\">La Direcci\u00f3n General de Juventud de la Comunidad de Madrid, pone en marcha el programa L\u00cdDERES DIGITALES, en el que se ofertan a Institutos P\u00fablicos de Educaci\u00f3n Secundaria y a &#8230;<\/div><\/li>\n<li><div class=\"wp-block-latest-posts__featured-image aligncenter\"><a href=\"https:\/\/site.educa.madrid.org\/ies.malasana.mostoles\/index.php\/2024\/04\/29\/admision-2024-25-resultado-del-sorteo-para-resolver-posibles-empates\/\" aria-label=\"Admisi\u00f3n 2024\/25 &#8211; Resultado del sorteo para resolver posibles empates\"><img loading=\"lazy\" decoding=\"async\" width=\"150\" height=\"150\" src=\"https:\/\/site.educa.madrid.org\/ies.malasana.mostoles\/\/wp-content\/uploads\/ies.malasana.mostoles\/2024\/01\/Proceso-de-admision-150x150.png\" class=\"attachment-thumbnail size-thumbnail wp-post-image\" alt=\"\" style=\"max-width:350px;max-height:150px;\" srcset=\"https:\/\/site.educa.madrid.org\/ies.malasana.mostoles\/\/wp-content\/uploads\/ies.malasana.mostoles\/2024\/01\/Proceso-de-admision-150x150.png 150w, https:\/\/site.educa.madrid.org\/ies.malasana.mostoles\/\/wp-content\/uploads\/ies.malasana.mostoles\/2024\/01\/Proceso-de-admision-300x300.png 300w\" sizes=\"auto, (max-width: 150px) 100vw, 150px\" \/><\/a><\/div><a class=\"wp-block-latest-posts__post-title\" href=\"https:\/\/site.educa.madrid.org\/ies.malasana.mostoles\/index.php\/2024\/04\/29\/admision-2024-25-resultado-del-sorteo-para-resolver-posibles-empates\/\">Admisi\u00f3n 2024\/25 &#8211; Resultado del sorteo para resolver posibles empates<\/a><time datetime=\"2024-04-29T17:49:52+02:00\" class=\"wp-block-latest-posts__post-date\">29 abril, 2024<\/time><div class=\"wp-block-latest-posts__post-excerpt\">Se publica el resultado del sorteo para resolver posibles empates:<\/div><\/li>\n<li><div class=\"wp-block-latest-posts__featured-image aligncenter\"><a href=\"https:\/\/site.educa.madrid.org\/ies.malasana.mostoles\/index.php\/2024\/04\/11\/evau-2024-informacion-importante\/\" aria-label=\"EVAU 2024 &#8211; Informaci\u00f3n importante\"><img loading=\"lazy\" decoding=\"async\" width=\"150\" height=\"150\" src=\"https:\/\/site.educa.madrid.org\/ies.malasana.mostoles\/\/wp-content\/uploads\/ies.malasana.mostoles\/2024\/04\/EVAU-1-150x150.png\" class=\"attachment-thumbnail size-thumbnail wp-post-image\" alt=\"\" style=\"max-width:350px;max-height:150px;\" srcset=\"https:\/\/site.educa.madrid.org\/ies.malasana.mostoles\/\/wp-content\/uploads\/ies.malasana.mostoles\/2024\/04\/EVAU-1-150x150.png 150w, https:\/\/site.educa.madrid.org\/ies.malasana.mostoles\/\/wp-content\/uploads\/ies.malasana.mostoles\/2024\/04\/EVAU-1-300x300.png 300w\" sizes=\"auto, (max-width: 150px) 100vw, 150px\" \/><\/a><\/div><a class=\"wp-block-latest-posts__post-title\" href=\"https:\/\/site.educa.madrid.org\/ies.malasana.mostoles\/index.php\/2024\/04\/11\/evau-2024-informacion-importante\/\">EVAU 2024 &#8211; Informaci\u00f3n importante<\/a><time datetime=\"2024-04-11T18:57:08+02:00\" class=\"wp-block-latest-posts__post-date\">11 abril, 2024<\/time><div class=\"wp-block-latest-posts__post-excerpt\">Si vas a realizar la EvAU este 2024, debes tener en cuenta la siguiente informaci\u00f3n (resumen): En cuanto al desarrollo de las pruebas: Materiales permitidos: Consulta la informaci\u00f3n al completo &#8230;<\/div><\/li>\n<li><div class=\"wp-block-latest-posts__featured-image aligncenter\"><a href=\"https:\/\/site.educa.madrid.org\/ies.malasana.mostoles\/index.php\/2023\/12\/18\/pruebas-de-acceso-a-ciclos-formativos\/\" aria-label=\"Pruebas de Acceso a Ciclos Formativos\"><img loading=\"lazy\" decoding=\"async\" width=\"150\" height=\"150\" src=\"https:\/\/site.educa.madrid.org\/ies.malasana.mostoles\/\/wp-content\/uploads\/ies.malasana.mostoles\/2022\/05\/Pruebas-de-Acceso-a-Ciclos-Formativos-de-Grado-Medio-y-Superior-150x150.png\" class=\"attachment-thumbnail size-thumbnail wp-post-image\" alt=\"\" style=\"max-width:350px;max-height:150px;\" srcset=\"https:\/\/site.educa.madrid.org\/ies.malasana.mostoles\/\/wp-content\/uploads\/ies.malasana.mostoles\/2022\/05\/Pruebas-de-Acceso-a-Ciclos-Formativos-de-Grado-Medio-y-Superior-150x150.png 150w, https:\/\/site.educa.madrid.org\/ies.malasana.mostoles\/\/wp-content\/uploads\/ies.malasana.mostoles\/2022\/05\/Pruebas-de-Acceso-a-Ciclos-Formativos-de-Grado-Medio-y-Superior-300x300.png 300w\" sizes=\"auto, (max-width: 150px) 100vw, 150px\" \/><\/a><\/div><a class=\"wp-block-latest-posts__post-title\" href=\"https:\/\/site.educa.madrid.org\/ies.malasana.mostoles\/index.php\/2023\/12\/18\/pruebas-de-acceso-a-ciclos-formativos\/\">Pruebas de Acceso a Ciclos Formativos<\/a><time datetime=\"2023-12-18T12:13:44+01:00\" class=\"wp-block-latest-posts__post-date\">18 diciembre, 2023<\/time><div class=\"wp-block-latest-posts__post-excerpt\">El pr\u00f3ximo 9 de enero de 2024 comenzar\u00e1 el per\u00edodo de inscripci\u00f3n para las Pruebas de Acceso a Ciclos Formativos de Grado Medio y Superior 2024. Periodo de inscripci\u00f3n Del &#8230;<\/div><\/li>\n<li><div class=\"wp-block-latest-posts__featured-image aligncenter\"><a href=\"https:\/\/site.educa.madrid.org\/ies.malasana.mostoles\/index.php\/2022\/12\/21\/pruebas-de-acceso-a-ciclos-formativos-2023\/\" aria-label=\"Pruebas de Acceso a Ciclos Formativos 2023\"><img loading=\"lazy\" decoding=\"async\" width=\"150\" height=\"150\" src=\"https:\/\/site.educa.madrid.org\/ies.malasana.mostoles\/\/wp-content\/uploads\/ies.malasana.mostoles\/2022\/05\/Pruebas-de-Acceso-a-Ciclos-Formativos-de-Grado-Medio-y-Superior-150x150.png\" class=\"attachment-thumbnail size-thumbnail wp-post-image\" alt=\"\" style=\"max-width:350px;max-height:150px;\" srcset=\"https:\/\/site.educa.madrid.org\/ies.malasana.mostoles\/\/wp-content\/uploads\/ies.malasana.mostoles\/2022\/05\/Pruebas-de-Acceso-a-Ciclos-Formativos-de-Grado-Medio-y-Superior-150x150.png 150w, https:\/\/site.educa.madrid.org\/ies.malasana.mostoles\/\/wp-content\/uploads\/ies.malasana.mostoles\/2022\/05\/Pruebas-de-Acceso-a-Ciclos-Formativos-de-Grado-Medio-y-Superior-300x300.png 300w\" sizes=\"auto, (max-width: 150px) 100vw, 150px\" \/><\/a><\/div><a class=\"wp-block-latest-posts__post-title\" href=\"https:\/\/site.educa.madrid.org\/ies.malasana.mostoles\/index.php\/2022\/12\/21\/pruebas-de-acceso-a-ciclos-formativos-2023\/\">Pruebas de Acceso a Ciclos Formativos 2023<\/a><time datetime=\"2022-12-21T10:43:04+01:00\" class=\"wp-block-latest-posts__post-date\">21 diciembre, 2022<\/time><div class=\"wp-block-latest-posts__post-excerpt\">El pr\u00f3ximo 9 de enero de 2023 comenzar\u00e1 el per\u00edodo de inscripci\u00f3n para las Pruebas de Acceso a Ciclos Formativos de Grado Medio y Superior 2023. Presentaci\u00f3n de solicitudes De &#8230;<\/div><\/li>\n<li><a class=\"wp-block-latest-posts__post-title\" href=\"https:\/\/site.educa.madrid.org\/ies.malasana.mostoles\/index.php\/2022\/10\/13\/listados-provisionales-ayudas-a-familias\/\">Listados PROVISIONALES ayudas a familias<\/a><time datetime=\"2022-10-13T10:56:07+02:00\" class=\"wp-block-latest-posts__post-date\">13 octubre, 2022<\/time><div class=\"wp-block-latest-posts__post-excerpt\">Se publican los criterios provisionales podr\u00e1n consultarse en la p\u00e1gina web municipal en el siguiente enlace: https:\/\/www.mostoles.es\/Educacion\/es Pod\u00e9is consultar toda la informaci\u00f3n a continuaci\u00f3n:<\/div><\/li>\n<li><div class=\"wp-block-latest-posts__featured-image aligncenter\"><a href=\"https:\/\/site.educa.madrid.org\/ies.malasana.mostoles\/index.php\/2022\/09\/27\/guia-de-padres-nuevas-tecnologias\/\" aria-label=\"Gu\u00eda familias: Nuevas tecnolog\u00edas\"><img loading=\"lazy\" decoding=\"async\" width=\"150\" height=\"150\" src=\"https:\/\/site.educa.madrid.org\/ies.malasana.mostoles\/\/wp-content\/uploads\/ies.malasana.mostoles\/2022\/09\/Orientacion-150x150.png\" class=\"attachment-thumbnail size-thumbnail wp-post-image\" alt=\"\" style=\"max-width:350px;max-height:150px;\" srcset=\"https:\/\/site.educa.madrid.org\/ies.malasana.mostoles\/\/wp-content\/uploads\/ies.malasana.mostoles\/2022\/09\/Orientacion-150x150.png 150w, https:\/\/site.educa.madrid.org\/ies.malasana.mostoles\/\/wp-content\/uploads\/ies.malasana.mostoles\/2022\/09\/Orientacion-300x300.png 300w\" sizes=\"auto, (max-width: 150px) 100vw, 150px\" \/><\/a><\/div><a class=\"wp-block-latest-posts__post-title\" href=\"https:\/\/site.educa.madrid.org\/ies.malasana.mostoles\/index.php\/2022\/09\/27\/guia-de-padres-nuevas-tecnologias\/\">Gu\u00eda familias: Nuevas tecnolog\u00edas<\/a><time datetime=\"2022-09-27T11:36:12+02:00\" class=\"wp-block-latest-posts__post-date\">27 septiembre, 2022<\/time><div class=\"wp-block-latest-posts__post-excerpt\">El acceso a nuevas tecnolog\u00edas por parte de los adolescentes es un tema que preocupa cada vez m\u00e1s a padres y educadores. Es muy importante poder dar un apoyo t\u00e9cnico &#8230;<\/div><\/li>\n<li><div class=\"wp-block-latest-posts__featured-image aligncenter\"><a href=\"https:\/\/site.educa.madrid.org\/ies.malasana.mostoles\/index.php\/2022\/06\/17\/admision-en-formacion-profesional\/\" aria-label=\"Admisi\u00f3n en Formaci\u00f3n Profesional\"><img loading=\"lazy\" decoding=\"async\" width=\"150\" height=\"150\" src=\"https:\/\/site.educa.madrid.org\/ies.malasana.mostoles\/\/wp-content\/uploads\/ies.malasana.mostoles\/2022\/06\/Formacion-Profesional-150x150.png\" class=\"attachment-thumbnail size-thumbnail wp-post-image\" alt=\"\" style=\"max-width:350px;max-height:150px;\" srcset=\"https:\/\/site.educa.madrid.org\/ies.malasana.mostoles\/\/wp-content\/uploads\/ies.malasana.mostoles\/2022\/06\/Formacion-Profesional-150x150.png 150w, https:\/\/site.educa.madrid.org\/ies.malasana.mostoles\/\/wp-content\/uploads\/ies.malasana.mostoles\/2022\/06\/Formacion-Profesional-300x300.png 300w\" sizes=\"auto, (max-width: 150px) 100vw, 150px\" \/><\/a><\/div><a class=\"wp-block-latest-posts__post-title\" href=\"https:\/\/site.educa.madrid.org\/ies.malasana.mostoles\/index.php\/2022\/06\/17\/admision-en-formacion-profesional\/\">Admisi\u00f3n en Formaci\u00f3n Profesional<\/a><time datetime=\"2022-06-17T08:12:13+02:00\" class=\"wp-block-latest-posts__post-date\">17 junio, 2022<\/time><div class=\"wp-block-latest-posts__post-excerpt\">Consulta toda la informaci\u00f3n relativa a los Ciclos Formativos de Grado Medio y Superior. Grado Medio Las solicitudes de admisi\u00f3n a los Ciclos Formativos de Grado Medio se presentar\u00e1n desde&nbsp;el&nbsp;24 &#8230;<\/div><\/li>\n<li><div class=\"wp-block-latest-posts__featured-image aligncenter\"><a href=\"https:\/\/site.educa.madrid.org\/ies.malasana.mostoles\/index.php\/2022\/05\/25\/resultados-provisionales-pruebas-de-acceso-a-ciclos-formativos-de-grado-medio\/\" aria-label=\"Resultados provisionales Pruebas de Acceso a Ciclos Formativos de Grado Medio\"><img loading=\"lazy\" decoding=\"async\" width=\"150\" height=\"150\" src=\"https:\/\/site.educa.madrid.org\/ies.malasana.mostoles\/\/wp-content\/uploads\/ies.malasana.mostoles\/2022\/05\/Pruebas-de-Acceso-a-Ciclos-Formativos-de-Grado-Medio-y-Superior-150x150.png\" class=\"attachment-thumbnail size-thumbnail wp-post-image\" alt=\"\" style=\"max-width:350px;max-height:150px;\" srcset=\"https:\/\/site.educa.madrid.org\/ies.malasana.mostoles\/\/wp-content\/uploads\/ies.malasana.mostoles\/2022\/05\/Pruebas-de-Acceso-a-Ciclos-Formativos-de-Grado-Medio-y-Superior-150x150.png 150w, https:\/\/site.educa.madrid.org\/ies.malasana.mostoles\/\/wp-content\/uploads\/ies.malasana.mostoles\/2022\/05\/Pruebas-de-Acceso-a-Ciclos-Formativos-de-Grado-Medio-y-Superior-300x300.png 300w\" sizes=\"auto, (max-width: 150px) 100vw, 150px\" \/><\/a><\/div><a class=\"wp-block-latest-posts__post-title\" href=\"https:\/\/site.educa.madrid.org\/ies.malasana.mostoles\/index.php\/2022\/05\/25\/resultados-provisionales-pruebas-de-acceso-a-ciclos-formativos-de-grado-medio\/\">Resultados provisionales Pruebas de Acceso a Ciclos Formativos de Grado Medio<\/a><time datetime=\"2022-05-25T08:30:00+02:00\" class=\"wp-block-latest-posts__post-date\">25 mayo, 2022<\/time><div class=\"wp-block-latest-posts__post-excerpt\">Se publican los resultados provisionales de las Pruebas de Acceso a Ciclos Formativos de Grado Medio a trav\u00e9s de la Secretar\u00eda virtual. Pincha en el siguiente enlace para acceder: https:\/\/raices.madrid.org\/secretariavirtual\/<\/div><\/li>\n<li><div class=\"wp-block-latest-posts__featured-image aligncenter\"><a href=\"https:\/\/site.educa.madrid.org\/ies.malasana.mostoles\/index.php\/2022\/05\/13\/evau-2022-informacion-importante\/\" aria-label=\"EVAU 2022 &#8211; Informaci\u00f3n importante\"><img loading=\"lazy\" decoding=\"async\" width=\"150\" height=\"150\" src=\"https:\/\/site.educa.madrid.org\/ies.malasana.mostoles\/\/wp-content\/uploads\/ies.malasana.mostoles\/2022\/05\/EVAU-2022-150x150.png\" class=\"attachment-thumbnail size-thumbnail wp-post-image\" alt=\"\" style=\"max-width:350px;max-height:150px;\" srcset=\"https:\/\/site.educa.madrid.org\/ies.malasana.mostoles\/\/wp-content\/uploads\/ies.malasana.mostoles\/2022\/05\/EVAU-2022-150x150.png 150w, https:\/\/site.educa.madrid.org\/ies.malasana.mostoles\/\/wp-content\/uploads\/ies.malasana.mostoles\/2022\/05\/EVAU-2022-300x300.png 300w\" sizes=\"auto, (max-width: 150px) 100vw, 150px\" \/><\/a><\/div><a class=\"wp-block-latest-posts__post-title\" href=\"https:\/\/site.educa.madrid.org\/ies.malasana.mostoles\/index.php\/2022\/05\/13\/evau-2022-informacion-importante\/\">EVAU 2022 &#8211; Informaci\u00f3n importante<\/a><time datetime=\"2022-05-13T12:07:49+02:00\" class=\"wp-block-latest-posts__post-date\">13 mayo, 2022<\/time><div class=\"wp-block-latest-posts__post-excerpt\">A continuaci\u00f3n pod\u00e9is encontrar informaci\u00f3n importante sobre la Evaluaci\u00f3n para el Acceso a la Universidad (EVAU) de este a\u00f1o 2022. Calendario Matriculaci\u00f3n de alumnos v\u00eda web. 16 mayo al 23 &#8230;<\/div><\/li>\n<li><div class=\"wp-block-latest-posts__featured-image aligncenter\"><a href=\"https:\/\/site.educa.madrid.org\/ies.malasana.mostoles\/index.php\/2022\/04\/19\/tutorial-becas-2022\/\" aria-label=\"Tutorial becas 2022\"><img loading=\"lazy\" decoding=\"async\" width=\"150\" height=\"150\" src=\"https:\/\/site.educa.madrid.org\/ies.malasana.mostoles\/\/wp-content\/uploads\/ies.malasana.mostoles\/2022\/04\/Becas-1-150x150.png\" class=\"attachment-thumbnail size-thumbnail wp-post-image\" alt=\"\" style=\"max-width:350px;max-height:150px;\" srcset=\"https:\/\/site.educa.madrid.org\/ies.malasana.mostoles\/\/wp-content\/uploads\/ies.malasana.mostoles\/2022\/04\/Becas-1-150x150.png 150w, https:\/\/site.educa.madrid.org\/ies.malasana.mostoles\/\/wp-content\/uploads\/ies.malasana.mostoles\/2022\/04\/Becas-1-300x300.png 300w\" sizes=\"auto, (max-width: 150px) 100vw, 150px\" \/><\/a><\/div><a class=\"wp-block-latest-posts__post-title\" href=\"https:\/\/site.educa.madrid.org\/ies.malasana.mostoles\/index.php\/2022\/04\/19\/tutorial-becas-2022\/\">Tutorial becas 2022<\/a><time datetime=\"2022-04-19T21:04:11+02:00\" class=\"wp-block-latest-posts__post-date\">19 abril, 2022<\/time><div class=\"wp-block-latest-posts__post-excerpt\">En este v\u00eddeo nos explican el proceso para rellenar la solicitud de una beca del Ministerio de Educaci\u00f3n.<\/div><\/li>\n<li><div class=\"wp-block-latest-posts__featured-image aligncenter\"><a href=\"https:\/\/site.educa.madrid.org\/ies.malasana.mostoles\/index.php\/2022\/01\/30\/semana-de-la-educacion\/\" aria-label=\"Semana de la Educaci\u00f3n\"><img loading=\"lazy\" decoding=\"async\" width=\"150\" height=\"150\" src=\"https:\/\/site.educa.madrid.org\/ies.malasana.mostoles\/\/wp-content\/uploads\/ies.malasana.mostoles\/2022\/01\/Semana-de-la-educacion-150x150.jpeg\" class=\"attachment-thumbnail size-thumbnail wp-post-image\" alt=\"\" style=\"max-width:350px;max-height:150px;\" srcset=\"https:\/\/site.educa.madrid.org\/ies.malasana.mostoles\/\/wp-content\/uploads\/ies.malasana.mostoles\/2022\/01\/Semana-de-la-educacion-150x150.jpeg 150w, https:\/\/site.educa.madrid.org\/ies.malasana.mostoles\/\/wp-content\/uploads\/ies.malasana.mostoles\/2022\/01\/Semana-de-la-educacion-300x300.jpeg 300w\" sizes=\"auto, (max-width: 150px) 100vw, 150px\" \/><\/a><\/div><a class=\"wp-block-latest-posts__post-title\" href=\"https:\/\/site.educa.madrid.org\/ies.malasana.mostoles\/index.php\/2022\/01\/30\/semana-de-la-educacion\/\">Semana de la Educaci\u00f3n<\/a><time datetime=\"2022-01-30T12:42:18+01:00\" class=\"wp-block-latest-posts__post-date\">30 enero, 2022<\/time><div class=\"wp-block-latest-posts__post-excerpt\">Queremos informarte sobre la pr\u00f3xima edici\u00f3n de la Semana de la Educaci\u00f3n que se celebrar\u00e1 de forma presencial del 2 al 6 de marzo de 2022 en IFEMA Madrid. Semana &#8230;<\/div><\/li>\n<li><div class=\"wp-block-latest-posts__featured-image aligncenter\"><a href=\"https:\/\/site.educa.madrid.org\/ies.malasana.mostoles\/index.php\/2022\/01\/26\/taller-de-orientacion-vocacional-para-ayudar-a-nuestros-hijos\/\" aria-label=\"Taller de Orientaci\u00f3n Vocacional para ayudar a nuestros hijos\"><img loading=\"lazy\" decoding=\"async\" width=\"150\" height=\"150\" src=\"https:\/\/site.educa.madrid.org\/ies.malasana.mostoles\/\/wp-content\/uploads\/ies.malasana.mostoles\/2022\/01\/Taller-como-orientar-en-familia-150x150.jpg\" class=\"attachment-thumbnail size-thumbnail wp-post-image\" alt=\"\" style=\"max-width:350px;max-height:150px;\" srcset=\"https:\/\/site.educa.madrid.org\/ies.malasana.mostoles\/\/wp-content\/uploads\/ies.malasana.mostoles\/2022\/01\/Taller-como-orientar-en-familia-150x150.jpg 150w, https:\/\/site.educa.madrid.org\/ies.malasana.mostoles\/\/wp-content\/uploads\/ies.malasana.mostoles\/2022\/01\/Taller-como-orientar-en-familia-300x300.jpg 300w\" sizes=\"auto, (max-width: 150px) 100vw, 150px\" \/><\/a><\/div><a class=\"wp-block-latest-posts__post-title\" href=\"https:\/\/site.educa.madrid.org\/ies.malasana.mostoles\/index.php\/2022\/01\/26\/taller-de-orientacion-vocacional-para-ayudar-a-nuestros-hijos\/\">Taller de Orientaci\u00f3n Vocacional para ayudar a nuestros hijos<\/a><time datetime=\"2022-01-26T19:57:52+01:00\" class=\"wp-block-latest-posts__post-date\">26 enero, 2022<\/time><div class=\"wp-block-latest-posts__post-excerpt\">Taller de Orientaci\u00f3n Vocacional para ayudar a nuestros hijos Estimadas familias: MEP&nbsp;(Mejora tu Escuela P\u00fablica) nos propone el&nbsp;\u00abTaller de Orientaci\u00f3n Vocacional para ayudar a nuestros hijos\u00bb&nbsp;con con Carmen Garc\u00eda de&nbsp;Step &#8230;<\/div><\/li>\n<li><div class=\"wp-block-latest-posts__featured-image aligncenter\"><a href=\"https:\/\/site.educa.madrid.org\/ies.malasana.mostoles\/index.php\/2021\/10\/04\/la-educacion-secundaria-guia-de-orientacion-para-familias\/\" aria-label=\"La Educaci\u00f3n Secundaria. Gu\u00eda de orientaci\u00f3n para familias.\"><img loading=\"lazy\" decoding=\"async\" width=\"150\" height=\"150\" src=\"https:\/\/site.educa.madrid.org\/ies.malasana.mostoles\/\/wp-content\/uploads\/ies.malasana.mostoles\/2021\/10\/Guia-educacion-secundaria-150x150.png\" class=\"attachment-thumbnail size-thumbnail wp-post-image\" alt=\"\" style=\"max-width:350px;max-height:150px;\" srcset=\"https:\/\/site.educa.madrid.org\/ies.malasana.mostoles\/\/wp-content\/uploads\/ies.malasana.mostoles\/2021\/10\/Guia-educacion-secundaria-150x150.png 150w, https:\/\/site.educa.madrid.org\/ies.malasana.mostoles\/\/wp-content\/uploads\/ies.malasana.mostoles\/2021\/10\/Guia-educacion-secundaria-300x300.png 300w\" sizes=\"auto, (max-width: 150px) 100vw, 150px\" \/><\/a><\/div><a class=\"wp-block-latest-posts__post-title\" href=\"https:\/\/site.educa.madrid.org\/ies.malasana.mostoles\/index.php\/2021\/10\/04\/la-educacion-secundaria-guia-de-orientacion-para-familias\/\">La Educaci\u00f3n Secundaria. Gu\u00eda de orientaci\u00f3n para familias.<\/a><time datetime=\"2021-10-04T19:13:50+02:00\" class=\"wp-block-latest-posts__post-date\">4 octubre, 2021<\/time><div class=\"wp-block-latest-posts__post-excerpt\">Siendo conscientes de la importancia de este nuevo reto escolar, personal y social al que se enfrentan nuestros menores, el Ayuntamiento de M\u00f3stoles considera de inter\u00e9s que dispong\u00e1is de la &#8230;<\/div><\/li>\n<li><div class=\"wp-block-latest-posts__featured-image aligncenter\"><a href=\"https:\/\/site.educa.madrid.org\/ies.malasana.mostoles\/index.php\/2021\/08\/27\/el-orienta\/\" aria-label=\"El Orienta\"><img loading=\"lazy\" decoding=\"async\" width=\"150\" height=\"150\" src=\"https:\/\/site.educa.madrid.org\/ies.malasana.mostoles\/\/wp-content\/uploads\/ies.malasana.mostoles\/2021\/08\/Screenshot-2021-08-24-at-19-08-18-El-Orienta-1-150x150.png\" class=\"attachment-thumbnail size-thumbnail wp-post-image\" alt=\"\" style=\"max-width:350px;max-height:150px;\" srcset=\"https:\/\/site.educa.madrid.org\/ies.malasana.mostoles\/\/wp-content\/uploads\/ies.malasana.mostoles\/2021\/08\/Screenshot-2021-08-24-at-19-08-18-El-Orienta-1-150x150.png 150w, https:\/\/site.educa.madrid.org\/ies.malasana.mostoles\/\/wp-content\/uploads\/ies.malasana.mostoles\/2021\/08\/Screenshot-2021-08-24-at-19-08-18-El-Orienta-1-300x300.png 300w, https:\/\/site.educa.madrid.org\/ies.malasana.mostoles\/\/wp-content\/uploads\/ies.malasana.mostoles\/2021\/08\/Screenshot-2021-08-24-at-19-08-18-El-Orienta-1.png 500w\" sizes=\"auto, (max-width: 150px) 100vw, 150px\" \/><\/a><\/div><a class=\"wp-block-latest-posts__post-title\" href=\"https:\/\/site.educa.madrid.org\/ies.malasana.mostoles\/index.php\/2021\/08\/27\/el-orienta\/\">El Orienta<\/a><time datetime=\"2021-08-27T07:50:36+02:00\" class=\"wp-block-latest-posts__post-date\">27 agosto, 2021<\/time><div class=\"wp-block-latest-posts__post-excerpt\"><\/div><\/li>\n<\/ul>","protected":false},"excerpt":{"rendered":"","protected":false},"author":2,"featured_media":0,"parent":403,"menu_order":0,"comment_status":"closed","ping_status":"closed","template":"","meta":{"footnotes":""},"folder":[],"class_list":["post-1777","page","type-page","status-publish","hentry"],"rttpg_featured_image_url":null,"rttpg_author":{"display_name":"Coordinador TIC del IES Manuela Malasa\u00f1a","author_link":"https:\/\/site.educa.madrid.org\/ies.malasana.mostoles\/index.php\/author\/cuenta_tic-ies-malasana-mostoles\/"},"rttpg_comment":0,"rttpg_category":false,"rttpg_excerpt":null,"post_mailing_queue_ids":[],"_links":{"self":[{"href":"https:\/\/site.educa.madrid.org\/ies.malasana.mostoles\/index.php\/wp-json\/wp\/v2\/pages\/1777","targetHints":{"allow":["GET"]}}],"collection":[{"href":"https:\/\/site.educa.madrid.org\/ies.malasana.mostoles\/index.php\/wp-json\/wp\/v2\/pages"}],"about":[{"href":"https:\/\/site.educa.madrid.org\/ies.malasana.mostoles\/index.php\/wp-json\/wp\/v2\/types\/page"}],"author":[{"embeddable":true,"href":"https:\/\/site.educa.madrid.org\/ies.malasana.mostoles\/index.php\/wp-json\/wp\/v2\/users\/2"}],"replies":[{"embeddable":true,"href":"https:\/\/site.educa.madrid.org\/ies.malasana.mostoles\/index.php\/wp-json\/wp\/v2\/comments?post=1777"}],"version-history":[{"count":7,"href":"https:\/\/site.educa.madrid.org\/ies.malasana.mostoles\/index.php\/wp-json\/wp\/v2\/pages\/1777\/revisions"}],"predecessor-version":[{"id":4236,"href":"https:\/\/site.educa.madrid.org\/ies.malasana.mostoles\/index.php\/wp-json\/wp\/v2\/pages\/1777\/revisions\/4236"}],"up":[{"embeddable":true,"href":"https:\/\/site.educa.madrid.org\/ies.malasana.mostoles\/index.php\/wp-json\/wp\/v2\/pages\/403"}],"wp:attachment":[{"href":"https:\/\/site.educa.madrid.org\/ies.malasana.mostoles\/index.php\/wp-json\/wp\/v2\/media?parent=1777"}],"wp:term":[{"taxonomy":"folder","embeddable":true,"href":"https:\/\/site.educa.madrid.org\/ies.malasana.mostoles\/index.php\/wp-json\/wp\/v2\/folder?post=1777"}],"curies":[{"name":"wp","href":"https:\/\/api.w.org\/{rel}","templated":true}]}}