{"id":1790,"date":"2022-01-30T13:21:55","date_gmt":"2022-01-30T12:21:55","guid":{"rendered":"https:\/\/site.educa.madrid.org\/ies.malasana.mostoles\/?page_id=1790"},"modified":"2022-02-13T22:59:10","modified_gmt":"2022-02-13T21:59:10","slug":"entradas-secretaria","status":"publish","type":"page","link":"https:\/\/site.educa.madrid.org\/ies.malasana.mostoles\/index.php\/secretaria\/entradas-secretaria\/","title":{"rendered":"Entradas Secretar\u00eda"},"content":{"rendered":"<style type='text\/css' media='all'>#rt-tpg-container-3407482622 .rt-holder .rt-woo-info .price{color:#0367bf;}body .rt-tpg-container .rt-tpg-isotope-buttons .selected,\n\t\t\t\t\t#rt-tpg-container-3407482622 .layout12 .rt-holder:hover .rt-detail,\n\t\t\t\t\t#rt-tpg-container-3407482622 .isotope8 .rt-holder:hover .rt-detail,\n\t\t\t\t\t#rt-tpg-container-3407482622 .carousel8 .rt-holder:hover .rt-detail,\n\t\t\t\t\t#rt-tpg-container-3407482622 .layout13 .rt-holder .overlay .post-info,\n\t\t\t\t\t#rt-tpg-container-3407482622 .isotope9 .rt-holder .overlay .post-info,\n\t\t\t\t\t#rt-tpg-container-3407482622.rt-tpg-container .layout4 .rt-holder .rt-detail,\n\t\t\t\t\t.rt-modal-3407482622 .md-content,\n\t\t\t\t\t.rt-modal-3407482622 .md-content > .rt-md-content-holder .rt-md-content,\n\t\t\t\t\t.rt-popup-wrap-3407482622.rt-popup-wrap .rt-popup-navigation-wrap,\n\t\t\t\t\t#rt-tpg-container-3407482622 .carousel9 .rt-holder .overlay .post-info{background-color:#0367bf;}#rt-tpg-container-3407482622 .layout5 .rt-holder .overlay, #rt-tpg-container-3407482622 .isotope2 .rt-holder .overlay, #rt-tpg-container-3407482622 .carousel2 .rt-holder .overlay,#rt-tpg-container-3407482622 .layout15 .rt-holder h3, #rt-tpg-container-3407482622 .isotope11 .rt-holder h3, #rt-tpg-container-3407482622 .carousel11 .rt-holder h3, #rt-tpg-container-3407482622 .layout16 .rt-holder h3,\n\t\t\t\t\t#rt-tpg-container-3407482622 .isotope12 .rt-holder h3, #rt-tpg-container-3407482622 .carousel12 .rt-holder h3 {background-color:rgba(3,103,191,0.8);}#rt-tpg-container-3407482622 .pagination-list li a,\n\t\t\t\t\trt-tpg-container-3407482622 .pagination-list li span,\n\t\t\t\t\trt-tpg-container-3407482622 .pagination li a,\n\t\t\t\t\t#rt-tpg-container-3407482622 .rt-tpg-isotope-buttons button,\n\t\t\t\t\t#rt-tpg-container-3407482622 .rt-tpg-utility .rt-tpg-load-more button,\n\t\t\t\t\t#rt-tpg-container-3407482622.rt-tpg-container .swiper-navigation .slider-btn,\n\t\t\t\t\t#rt-tpg-container-3407482622.rt-tpg-container .swiper-pagination-bullet,\n\t\t\t\t\t#rt-tpg-container-3407482622 .wc1 .rt-holder .rt-img-holder .overlay .product-more ul li a,\n\t\t\t\t\t#rt-tpg-container-3407482622 .wc2 .rt-detail .rt-wc-add-to-cart,\n\t\t\t\t\t#rt-tpg-container-3407482622 .wc3 .rt-detail .rt-wc-add-to-cart,\n\t\t\t\t\t#rt-tpg-container-3407482622 .wc4 .rt-detail .rt-wc-add-to-cart,\n\t\t\t\t\t#rt-tpg-container-3407482622 .wc-carousel2 .rt-detail .rt-wc-add-to-cart,\n\t\t\t\t\t#rt-tpg-container-3407482622 .wc-isotope2 .rt-detail .rt-wc-add-to-cart,\n\t\t\t\t\t#rt-tpg-container-3407482622 .rt-layout-filter-container .rt-filter-wrap .rt-filter-item-wrap.rt-filter-dropdown-wrap .rt-filter-dropdown,\n\t\t\t\t\t#rt-tpg-container-3407482622 .rt-layout-filter-container .rt-filter-sub-tax.sub-button-group .rt-filter-button-item,\n\t\t\t\t\t#rt-tpg-container-3407482622.rt-tpg-container .rt-pagination-wrap .rt-page-numbers .paginationjs .paginationjs-pages ul li>a,\n\t\t\t\t\t#rt-tpg-container-3407482622 .rt-filter-item-wrap.rt-filter-button-wrap span.rt-filter-button-item,\n\t\t\t\t\t#rt-tpg-container-3407482622.rt-tpg-container .rt-pagination-wrap  .rt-loadmore-btn,\n\t\t\t\t\t#rt-tpg-container-3407482622.rt-tpg-container .rt-pagination-wrap .rt-cb-page-prev-next > *,\n\t\t\t\t\t#rt-tpg-container-3407482622 .rt-read-more,\n\t\t\t\t\t#rt-tooltip-3407482622, #rt-tooltip-3407482622 .rt-tooltip-bottom:after{background-color:#ffffff;}#rt-tpg-container-3407482622 .rt-filter-item-wrap.rt-filter-button-wrap span.rt-filter-button-item,\n\t\t\t\t\t#rt-tpg-container-3407482622 .rt-layout-filter-container .rt-filter-sub-tax.sub-button-group .rt-filter-button-item{border-color:#ffffff;}#rt-tpg-container-3407482622.rt-tpg-container .layout17 .rt-holder .overlay a.tpg-zoom .fa{color:#ffffff;}#rt-tpg-container-3407482622 .rt-holder .read-more a {background-color:#ffffff;padding: 8px 15px;}#rt-tpg-container-3407482622 .read-more a{border-radius:px;}#rt-tpg-container-3407482622 .rt-img-holder img.rt-img-responsive,#rt-tpg-container-3407482622 .rt-img-holder,\n\t\t\t\t\t#rt-tpg-container-3407482622 .rt-post-overlay .post-img,\n\t\t\t\t\t#rt-tpg-container-3407482622 .post-sm .post-img,\n\t\t\t\t\t#rt-tpg-container-3407482622 .rt-post-grid .post-img,\n\t\t\t\t\t#rt-tpg-container-3407482622 .post-img img {border-radius:px;}<\/style><div class='rt-container-fluid rt-tpg-container tpg-shortcode-main-wrapper ' id='rt-tpg-container-3407482622'   data-layout='layout3' data-grid-style='even' data-desktop-col='2'  data-tab-col='2'  data-mobile-col='1' data-sc-id='2278'><div data-title='Loading ...' class='rt-row rt-content-loader   layout3 tpg-even '><div class=\"rt-col-md-6 rt-col-sm-6 rt-col-xs-12 even-grid-item rt-grid-item\" data-id=\"4826\"><div class=\"rt-holder\"><div class=\"rt-row\"><div class='rt-col-xs-12'><div class='rt-detail'><h3 class=\"entry-title\"><a data-id=\"4826\" class=\" tpg-single-popup\" href=\"https:\/\/site.educa.madrid.org\/ies.malasana.mostoles\/index.php\/2025\/07\/02\/listados-provisionales-de-menciones-honorificas-y-diplomas-de-aprovechamiento\/\">Listados provisionales de Menciones honor\u00edficas y Diplomas de Aprovechamiento<\/a><\/h3><div class='post-meta-user '><span class='date-meta'><i class='far fa-calendar-alt '><\/i>2 julio, 2025<\/span><\/div><div class='post-content'><p>Se publican los listados provisionales de Menciones Honor\u00edficas y Diplomas de Aprovechamiento:...<\/p><\/div><span class='read-more '><a data-id='4826' class=' tpg-single-popup' href='https:\/\/site.educa.madrid.org\/ies.malasana.mostoles\/index.php\/2025\/07\/02\/listados-provisionales-de-menciones-honorificas-y-diplomas-de-aprovechamiento\/'>Leer m\u00e1s<\/a><\/span><\/div><\/div><\/div><\/div><\/div><div class=\"rt-col-md-6 rt-col-sm-6 rt-col-xs-12 even-grid-item rt-grid-item\" data-id=\"4730\"><div class=\"rt-holder\"><div class=\"rt-row\"><div class='rt-col-sm-2 rt-col-xs-12 '><div class=\"rt-img-holder\"><a data-id='4730' class=' tpg-single-popup rounded' href='https:\/\/site.educa.madrid.org\/ies.malasana.mostoles\/index.php\/2025\/03\/20\/resolucion-contrata-cafeteria-2024-25\/'><img loading=\"lazy\" decoding=\"async\" width=\"150\" height=\"150\" src=\"https:\/\/site.educa.madrid.org\/ies.malasana.mostoles\/\/wp-content\/uploads\/ies.malasana.mostoles\/2022\/01\/Concurso-publico-cafeteria-2022-150x150.png\" class=\"rt-img-responsive \" alt=\"\" \/><\/a><\/div><\/div><div class='rt-col-sm-10 rt-col-xs-12 '><div class='rt-detail'><h3 class=\"entry-title\"><a data-id=\"4730\" class=\" tpg-single-popup\" href=\"https:\/\/site.educa.madrid.org\/ies.malasana.mostoles\/index.php\/2025\/03\/20\/resolucion-contrata-cafeteria-2024-25\/\">Resoluci\u00f3n contrata cafeter\u00eda 2024-25<\/a><\/h3><div class='post-meta-user '><span class='date-meta'><i class='far fa-calendar-alt '><\/i>20 marzo, 2025<\/span><\/div><div class='post-content'><p>Reunido el Consejo Escolar del Centro con fecha de 17 de marzo de 2025, y o\u00eddo el informe presentado por la &#8216;Comisi\u00f3n para la baremaci\u00f3n del concurso para la adjudicaci\u00f3n...<\/p><\/div><span class='read-more '><a data-id='4730' class=' tpg-single-popup' href='https:\/\/site.educa.madrid.org\/ies.malasana.mostoles\/index.php\/2025\/03\/20\/resolucion-contrata-cafeteria-2024-25\/'>Leer m\u00e1s<\/a><\/span><\/div><\/div><\/div><\/div><\/div><div class=\"rt-col-md-6 rt-col-sm-6 rt-col-xs-12 even-grid-item rt-grid-item\" data-id=\"4699\"><div class=\"rt-holder\"><div class=\"rt-row\"><div class='rt-col-sm-2 rt-col-xs-12 '><div class=\"rt-img-holder\"><a data-id='4699' class=' tpg-single-popup rounded' href='https:\/\/site.educa.madrid.org\/ies.malasana.mostoles\/index.php\/2025\/03\/04\/citaciones-para-entrevistar-a-los-solicitantes-del-concurso-para-la-adjudicacion-de-la-contrata-de-la-cafeteria-del-ies-manuela-malasana\/'><img loading=\"lazy\" decoding=\"async\" width=\"150\" height=\"150\" src=\"https:\/\/site.educa.madrid.org\/ies.malasana.mostoles\/\/wp-content\/uploads\/ies.malasana.mostoles\/2022\/01\/Concurso-publico-cafeteria-2022-150x150.png\" class=\"rt-img-responsive \" alt=\"\" \/><\/a><\/div><\/div><div class='rt-col-sm-10 rt-col-xs-12 '><div class='rt-detail'><h3 class=\"entry-title\"><a data-id=\"4699\" class=\" tpg-single-popup\" href=\"https:\/\/site.educa.madrid.org\/ies.malasana.mostoles\/index.php\/2025\/03\/04\/citaciones-para-entrevistar-a-los-solicitantes-del-concurso-para-la-adjudicacion-de-la-contrata-de-la-cafeteria-del-ies-manuela-malasana\/\">Citaciones para entrevistar a los solicitantes del concurso para la adjudicaci\u00f3n de la contrata de la cafeter\u00eda del IES Manuela Malasa\u00f1a<\/a><\/h3><div class='post-meta-user '><span class='date-meta'><i class='far fa-calendar-alt '><\/i>4 marzo, 2025<\/span><\/div><div class='post-content'><p>...<\/p><\/div><span class='read-more '><a data-id='4699' class=' tpg-single-popup' href='https:\/\/site.educa.madrid.org\/ies.malasana.mostoles\/index.php\/2025\/03\/04\/citaciones-para-entrevistar-a-los-solicitantes-del-concurso-para-la-adjudicacion-de-la-contrata-de-la-cafeteria-del-ies-manuela-malasana\/'>Leer m\u00e1s<\/a><\/span><\/div><\/div><\/div><\/div><\/div><div class=\"rt-col-md-6 rt-col-sm-6 rt-col-xs-12 even-grid-item rt-grid-item\" data-id=\"4691\"><div class=\"rt-holder\"><div class=\"rt-row\"><div class='rt-col-sm-2 rt-col-xs-12 '><div class=\"rt-img-holder\"><a data-id='4691' class=' tpg-single-popup rounded' href='https:\/\/site.educa.madrid.org\/ies.malasana.mostoles\/index.php\/2025\/02\/25\/listado-provisional-de-admitidos-para-la-adjudicacion-de-la-contrata-de-la-cafeteria-del-ies-manuela-malasana-2\/'><img loading=\"lazy\" decoding=\"async\" width=\"150\" height=\"150\" src=\"https:\/\/site.educa.madrid.org\/ies.malasana.mostoles\/\/wp-content\/uploads\/ies.malasana.mostoles\/2022\/01\/Concurso-publico-cafeteria-2022-150x150.png\" class=\"rt-img-responsive \" alt=\"\" \/><\/a><\/div><\/div><div class='rt-col-sm-10 rt-col-xs-12 '><div class='rt-detail'><h3 class=\"entry-title\"><a data-id=\"4691\" class=\" tpg-single-popup\" href=\"https:\/\/site.educa.madrid.org\/ies.malasana.mostoles\/index.php\/2025\/02\/25\/listado-provisional-de-admitidos-para-la-adjudicacion-de-la-contrata-de-la-cafeteria-del-ies-manuela-malasana-2\/\">Listado provisional de admitidos para la adjudicaci\u00f3n de la contrata de la cafeter\u00eda del IES Manuela Malasa\u00f1a<\/a><\/h3><div class='post-meta-user '><span class='date-meta'><i class='far fa-calendar-alt '><\/i>25 febrero, 2025<\/span><\/div><div class='post-content'><p>...<\/p><\/div><span class='read-more '><a data-id='4691' class=' tpg-single-popup' href='https:\/\/site.educa.madrid.org\/ies.malasana.mostoles\/index.php\/2025\/02\/25\/listado-provisional-de-admitidos-para-la-adjudicacion-de-la-contrata-de-la-cafeteria-del-ies-manuela-malasana-2\/'>Leer m\u00e1s<\/a><\/span><\/div><\/div><\/div><\/div><\/div><div class=\"rt-col-md-6 rt-col-sm-6 rt-col-xs-12 even-grid-item rt-grid-item\" data-id=\"4674\"><div class=\"rt-holder\"><div class=\"rt-row\"><div class='rt-col-sm-2 rt-col-xs-12 '><div class=\"rt-img-holder\"><a data-id='4674' class=' tpg-single-popup rounded' href='https:\/\/site.educa.madrid.org\/ies.malasana.mostoles\/index.php\/2025\/02\/06\/doble-factor-de-autenticacion-en-roble-raices\/'><img loading=\"lazy\" decoding=\"async\" width=\"150\" height=\"150\" src=\"https:\/\/site.educa.madrid.org\/ies.malasana.mostoles\/\/wp-content\/uploads\/ies.malasana.mostoles\/2025\/02\/SCR-20250206-hfjy-150x150.png\" class=\"rt-img-responsive \" alt=\"\" \/><\/a><\/div><\/div><div class='rt-col-sm-10 rt-col-xs-12 '><div class='rt-detail'><h3 class=\"entry-title\"><a data-id=\"4674\" class=\" tpg-single-popup\" href=\"https:\/\/site.educa.madrid.org\/ies.malasana.mostoles\/index.php\/2025\/02\/06\/doble-factor-de-autenticacion-en-roble-raices\/\">Doble factor de autenticaci\u00f3n en Roble \/ Ra\u00edces<\/a><\/h3><div class='post-meta-user '><span class='date-meta'><i class='far fa-calendar-alt '><\/i>6 febrero, 2025<\/span><\/div><div class='post-content'><p>A partir de este curso 2024-25 ser\u00e1 necesaria la autenticaci\u00f3n en 2 pasos para acceder a Roble \/ Ra\u00edces. Consulta el manual de c\u00f3mo hacerlo a continuaci\u00f3n:...<\/p><\/div><span class='read-more '><a data-id='4674' class=' tpg-single-popup' href='https:\/\/site.educa.madrid.org\/ies.malasana.mostoles\/index.php\/2025\/02\/06\/doble-factor-de-autenticacion-en-roble-raices\/'>Leer m\u00e1s<\/a><\/span><\/div><\/div><\/div><\/div><\/div><\/div><\/div>\n","protected":false},"excerpt":{"rendered":"","protected":false},"author":2,"featured_media":0,"parent":273,"menu_order":0,"comment_status":"closed","ping_status":"closed","template":"","meta":{"footnotes":""},"folder":[],"class_list":["post-1790","page","type-page","status-publish","hentry"],"rttpg_featured_image_url":null,"rttpg_author":{"display_name":"Coordinador TIC del IES Manuela Malasa\u00f1a","author_link":"https:\/\/site.educa.madrid.org\/ies.malasana.mostoles\/index.php\/author\/cuenta_tic-ies-malasana-mostoles\/"},"rttpg_comment":0,"rttpg_category":"","rttpg_excerpt":null,"post_mailing_queue_ids":[],"_links":{"self":[{"href":"https:\/\/site.educa.madrid.org\/ies.malasana.mostoles\/index.php\/wp-json\/wp\/v2\/pages\/1790","targetHints":{"allow":["GET"]}}],"collection":[{"href":"https:\/\/site.educa.madrid.org\/ies.malasana.mostoles\/index.php\/wp-json\/wp\/v2\/pages"}],"about":[{"href":"https:\/\/site.educa.madrid.org\/ies.malasana.mostoles\/index.php\/wp-json\/wp\/v2\/types\/page"}],"author":[{"embeddable":true,"href":"https:\/\/site.educa.madrid.org\/ies.malasana.mostoles\/index.php\/wp-json\/wp\/v2\/users\/2"}],"replies":[{"embeddable":true,"href":"https:\/\/site.educa.madrid.org\/ies.malasana.mostoles\/index.php\/wp-json\/wp\/v2\/comments?post=1790"}],"version-history":[{"count":4,"href":"https:\/\/site.educa.madrid.org\/ies.malasana.mostoles\/index.php\/wp-json\/wp\/v2\/pages\/1790\/revisions"}],"predecessor-version":[{"id":2280,"href":"https:\/\/site.educa.madrid.org\/ies.malasana.mostoles\/index.php\/wp-json\/wp\/v2\/pages\/1790\/revisions\/2280"}],"up":[{"embeddable":true,"href":"https:\/\/site.educa.madrid.org\/ies.malasana.mostoles\/index.php\/wp-json\/wp\/v2\/pages\/273"}],"wp:attachment":[{"href":"https:\/\/site.educa.madrid.org\/ies.malasana.mostoles\/index.php\/wp-json\/wp\/v2\/media?parent=1790"}],"wp:term":[{"taxonomy":"folder","embeddable":true,"href":"https:\/\/site.educa.madrid.org\/ies.malasana.mostoles\/index.php\/wp-json\/wp\/v2\/folder?post=1790"}],"curies":[{"name":"wp","href":"https:\/\/api.w.org\/{rel}","templated":true}]}}