{"id":1952,"date":"2022-02-04T17:07:55","date_gmt":"2022-02-04T16:07:55","guid":{"rendered":"https:\/\/site.educa.madrid.org\/ies.malasana.mostoles\/?page_id=1952"},"modified":"2022-02-04T17:09:02","modified_gmt":"2022-02-04T16:09:02","slug":"entradas-pruebas-de-acceso","status":"publish","type":"page","link":"https:\/\/site.educa.madrid.org\/ies.malasana.mostoles\/index.php\/entradas-pruebas-de-acceso\/","title":{"rendered":"Entradas Pruebas de Acceso"},"content":{"rendered":"<ul class=\"wp-block-latest-posts__list is-grid columns-4 has-dates aligncenter wp-block-latest-posts\"><li><a class=\"wp-block-latest-posts__post-title\" href=\"https:\/\/site.educa.madrid.org\/ies.malasana.mostoles\/index.php\/2022\/12\/21\/pruebas-de-acceso-a-ciclos-formativos-2023\/\">Pruebas de Acceso a Ciclos Formativos 2023<\/a><time datetime=\"2022-12-21T10:43:04+01:00\" class=\"wp-block-latest-posts__post-date\">21 diciembre, 2022<\/time><div class=\"wp-block-latest-posts__post-excerpt\">El pr\u00f3ximo 9 de enero de 2023 comenzar\u00e1 el per\u00edodo de inscripci\u00f3n para las Pruebas de Acceso a Ciclos Formativos de Grado Medio y Superior 2023. Presentaci\u00f3n de solicitudes De &#8230;<\/div><\/li>\n<li><a class=\"wp-block-latest-posts__post-title\" href=\"https:\/\/site.educa.madrid.org\/ies.malasana.mostoles\/index.php\/2022\/06\/17\/admision-en-formacion-profesional\/\">Admisi\u00f3n en Formaci\u00f3n Profesional<\/a><time datetime=\"2022-06-17T08:12:13+02:00\" class=\"wp-block-latest-posts__post-date\">17 junio, 2022<\/time><div class=\"wp-block-latest-posts__post-excerpt\">Consulta toda la informaci\u00f3n relativa a los Ciclos Formativos de Grado Medio y Superior. Grado Medio Las solicitudes de admisi\u00f3n a los Ciclos Formativos de Grado Medio se presentar\u00e1n desde&nbsp;el&nbsp;24 &#8230;<\/div><\/li>\n<li><a class=\"wp-block-latest-posts__post-title\" href=\"https:\/\/site.educa.madrid.org\/ies.malasana.mostoles\/index.php\/2022\/06\/02\/certificado-academico-de-las-pruebas-de-acceso-a-grado-medio\/\">Certificado acad\u00e9mico de las Pruebas de Acceso a Grado Medio<\/a><time datetime=\"2022-06-02T10:40:45+02:00\" class=\"wp-block-latest-posts__post-date\">2 junio, 2022<\/time><div class=\"wp-block-latest-posts__post-excerpt\">Los interesados\/as pueden presentarse en la secretar\u00eda del centro de 9 a 14 h. para recoger su certificado acad\u00e9mico de las Pruebas de Acceso a Grado Medio. En caso que &#8230;<\/div><\/li>\n<li><a class=\"wp-block-latest-posts__post-title\" href=\"https:\/\/site.educa.madrid.org\/ies.malasana.mostoles\/index.php\/2022\/05\/25\/resultados-provisionales-pruebas-de-acceso-a-ciclos-formativos-de-grado-medio\/\">Resultados provisionales Pruebas de Acceso a Ciclos Formativos de Grado Medio<\/a><time datetime=\"2022-05-25T08:30:00+02:00\" class=\"wp-block-latest-posts__post-date\">25 mayo, 2022<\/time><div class=\"wp-block-latest-posts__post-excerpt\">Se publican los resultados provisionales de las Pruebas de Acceso a Ciclos Formativos de Grado Medio a trav\u00e9s de la Secretar\u00eda virtual. Pincha en el siguiente enlace para acceder: https:\/\/raices.madrid.org\/secretariavirtual\/<\/div><\/li>\n<li><a class=\"wp-block-latest-posts__post-title\" href=\"https:\/\/site.educa.madrid.org\/ies.malasana.mostoles\/index.php\/2022\/05\/03\/pruebas-de-acceso-a-ciclos-formativos-ies-manuela-malasana\/\">Pruebas de Acceso a Ciclos Formativos &#8211; IES Manuela Malasa\u00f1a<\/a><time datetime=\"2022-05-03T15:22:50+02:00\" class=\"wp-block-latest-posts__post-date\">3 mayo, 2022<\/time><div class=\"wp-block-latest-posts__post-excerpt\">Queda una semana para la celebraci\u00f3n de las Pruebas de Acceso a Ciclos Formativos de Grado Medio en el IES Manuela Malasa\u00f1a. A continuaci\u00f3n os resumimos algunos detalles importantes: Fechas &#8230;<\/div><\/li>\n<li><a class=\"wp-block-latest-posts__post-title\" href=\"https:\/\/site.educa.madrid.org\/ies.malasana.mostoles\/index.php\/2022\/02\/04\/lista-provisional-de-las-solicitudes-presentadas-para-el-proceso-de-pruebas-de-acceso-de-grado-medio\/\">Lista de las solicitudes presentadas para el proceso de Pruebas de Acceso de Grado Medio.<\/a><time datetime=\"2022-02-04T17:06:56+01:00\" class=\"wp-block-latest-posts__post-date\">4 febrero, 2022<\/time><div class=\"wp-block-latest-posts__post-excerpt\">A continuaci\u00f3n pod\u00e9is encontrar la lista provisional de solicitudes para las pruebas de acceso a ciclos formativos de grado medio: Enlace M\u00e1s informaci\u00f3n: Solicitud IES Manuela Malasa\u00f1a M\u00e1s informaci\u00f3n sobre &#8230;<\/div><\/li>\n<li><a class=\"wp-block-latest-posts__post-title\" href=\"https:\/\/site.educa.madrid.org\/ies.malasana.mostoles\/index.php\/2022\/01\/09\/pruebas-de-acceso-a-ciclos-formativos-2022\/\">Pruebas de Acceso a Ciclos Formativos 2022<\/a><time datetime=\"2022-01-09T08:30:00+01:00\" class=\"wp-block-latest-posts__post-date\">9 enero, 2022<\/time><div class=\"wp-block-latest-posts__post-excerpt\">A continuaci\u00f3n pod\u00e9is encontrar toda la informaci\u00f3n relacionada con las pruebas de acceso a ciclos formativos de este a\u00f1o 2022: Instrucciones (Anexo I) Este a\u00f1o somos centro receptor de solicitudes &#8230;<\/div><\/li>\n<\/ul>","protected":false},"excerpt":{"rendered":"","protected":false},"author":2,"featured_media":0,"parent":0,"menu_order":0,"comment_status":"closed","ping_status":"closed","template":"","meta":{"footnotes":""},"folder":[],"class_list":["post-1952","page","type-page","status-publish","hentry"],"rttpg_featured_image_url":null,"rttpg_author":{"display_name":"Coordinador TIC del IES Manuela Malasa\u00f1a","author_link":"https:\/\/site.educa.madrid.org\/ies.malasana.mostoles\/index.php\/author\/cuenta_tic-ies-malasana-mostoles\/"},"rttpg_comment":0,"rttpg_category":false,"rttpg_excerpt":null,"post_mailing_queue_ids":[],"_links":{"self":[{"href":"https:\/\/site.educa.madrid.org\/ies.malasana.mostoles\/index.php\/wp-json\/wp\/v2\/pages\/1952","targetHints":{"allow":["GET"]}}],"collection":[{"href":"https:\/\/site.educa.madrid.org\/ies.malasana.mostoles\/index.php\/wp-json\/wp\/v2\/pages"}],"about":[{"href":"https:\/\/site.educa.madrid.org\/ies.malasana.mostoles\/index.php\/wp-json\/wp\/v2\/types\/page"}],"author":[{"embeddable":true,"href":"https:\/\/site.educa.madrid.org\/ies.malasana.mostoles\/index.php\/wp-json\/wp\/v2\/users\/2"}],"replies":[{"embeddable":true,"href":"https:\/\/site.educa.madrid.org\/ies.malasana.mostoles\/index.php\/wp-json\/wp\/v2\/comments?post=1952"}],"version-history":[{"count":2,"href":"https:\/\/site.educa.madrid.org\/ies.malasana.mostoles\/index.php\/wp-json\/wp\/v2\/pages\/1952\/revisions"}],"predecessor-version":[{"id":1955,"href":"https:\/\/site.educa.madrid.org\/ies.malasana.mostoles\/index.php\/wp-json\/wp\/v2\/pages\/1952\/revisions\/1955"}],"wp:attachment":[{"href":"https:\/\/site.educa.madrid.org\/ies.malasana.mostoles\/index.php\/wp-json\/wp\/v2\/media?parent=1952"}],"wp:term":[{"taxonomy":"folder","embeddable":true,"href":"https:\/\/site.educa.madrid.org\/ies.malasana.mostoles\/index.php\/wp-json\/wp\/v2\/folder?post=1952"}],"curies":[{"name":"wp","href":"https:\/\/api.w.org\/{rel}","templated":true}]}}