{"id":2020,"date":"2022-02-05T15:20:35","date_gmt":"2022-02-05T14:20:35","guid":{"rendered":"https:\/\/site.educa.madrid.org\/ies.malasana.mostoles\/?page_id=2020"},"modified":"2022-02-05T15:40:12","modified_gmt":"2022-02-05T14:40:12","slug":"estudios-bilingues-frances-espanol","status":"publish","type":"page","link":"https:\/\/site.educa.madrid.org\/ies.malasana.mostoles\/index.php\/estudios-bilingues-frances-espanol\/","title":{"rendered":"Estudios biling\u00fces franc\u00e9s-espa\u00f1ol"},"content":{"rendered":"\n<p>Durante el curso 2019-2020, el IES Manuela Malasa\u00f1a puso en marcha un programa de&nbsp;<strong>estudios biling\u00fces franc\u00e9s-espa\u00f1ol<\/strong>&nbsp;para dar respuesta a la demanda de nuestros estudiantes y sus familias, conscientes de la importancia del estudio de varias lenguas en el momento y mundo actual.<\/p>\n\n\n\n<p>El objetivo final del programa es que los alumnos de la secci\u00f3n adem\u00e1s de estudiar Lengua Inglesa -como el resto de sus compa\u00f1eros- adquieran un&nbsp;<strong>alto nivel de competencia en una SEGUNDA Lengua Extranjera<\/strong>, lo que les permitir\u00e1 afrontar en las mejores condiciones su futuro laboral.<\/p>\n\n\n\n<p>Los alumnos que se acojan al programa cursar\u00e1n la materia de Franc\u00e9s, Segunda Lengua Extranjera, durante&nbsp;<strong>4 horas a la semana<\/strong>, y contar\u00e1n con un Auxiliar de Conversaci\u00f3n nativo para trabajar con m\u00e1s profundidad la competencia oral. Tenga en cuenta al valorar la participaci\u00f3n en el programa que el alumno recibir\u00e1 a la semana 2 horas de clase m\u00e1s que sus compa\u00f1eros y que, consecuentemente, saldr\u00e1 m\u00e1s tarde que ellos dos d\u00edas.<\/p>\n\n\n\n<p>A partir del pr\u00f3ximo a\u00f1o, el centro est\u00e1 estudiando la&nbsp;<strong>posibilidad de impartir una o dos materias en Lengua Francesa<\/strong>. Adem\u00e1s, -en el segundo o tercer a\u00f1o del programa- se realizar\u00e1 un intercambio escolar de breve duraci\u00f3n con un centro de Francia para fomentar y favorecer el aprendizaje, no s\u00f3lo de la lengua, sino tambi\u00e9n de la cultura de ese pa\u00eds. Obviamente, la participaci\u00f3n en el intercambio -una actividad de enorme inter\u00e9s para la maduraci\u00f3n personal del alumno- ser\u00e1 voluntaria.<\/p>\n\n\n\n<p>Con esta propuesta educativa, los alumnos de la secci\u00f3n adquirir\u00e1n al finalizar sus estudios de ESO un nivel de franc\u00e9s B1, y aquellos que contin\u00faen los estudios de bachillerato, un nivel B2-C1, de acuerdo al Marco Com\u00fan Europeo de Referencia para las Lenguas (MCER)<\/p>\n\n\n\n<p>Para participar en este programa en 1\u00ba de ESO&nbsp;<strong>no es necesario haber estudiado previamente franc\u00e9s<\/strong>&nbsp;-puesto que todos los alumnos de Primaria estudian actualmente Lengua Inglesa- por lo que todos los alumnos comienzan el programa con el mismo nivel. Adem\u00e1s, la participaci\u00f3n es voluntaria. Para participar a partir de 2\u00ba ESO, aunque no es imprescindible, si es recomendable que los alumnos tengan conocimientos previos.<\/p>\n\n\n\n<p>Si est\u00e1 interesado en que su hijo\/a participe en los estudios biling\u00fces Franc\u00e9s-Espa\u00f1ol,&nbsp;<strong>marque la casilla correspondiente en la matr\u00edcula.<\/strong>&nbsp;Si el alumno es admitido en el programa, Jefatura de Estudios o el Departamento de franc\u00e9s se pondr\u00e1 en contacto con Vds. en los primeros d\u00edas de septiembre.<\/p>\n\n\n\n<hr class=\"wp-block-separator\"\/>\n\n\n\n<div class=\"wp-block-buttons is-content-justification-center is-layout-flex wp-block-buttons-is-layout-flex\">\n<div class=\"wp-block-button is-style-outline is-style-outline--1\"><a class=\"wp-block-button__link has-cyan-bluish-gray-background-color has-background\" href=\"https:\/\/site.educa.madrid.org\/ies.malasana.mostoles\/index.php\/nuestra-comunidad-educativa\/departamentos-didacticos\/departamento-de-fraces\/\" target=\"_blank\" rel=\"noreferrer noopener\"><strong>Conoce m\u00e1s sobre el departamento de franc\u00e9s<\/strong><\/a><\/div>\n<\/div>\n","protected":false},"excerpt":{"rendered":"<p>Durante el curso 2019-2020, el IES Manuela Malasa\u00f1a puso en marcha un programa de&nbsp;estudios biling\u00fces franc\u00e9s-espa\u00f1ol&nbsp;para dar respuesta a la demanda de nuestros estudiantes y sus familias, conscientes de la &#8230;<\/p>\n","protected":false},"author":2,"featured_media":0,"parent":0,"menu_order":0,"comment_status":"closed","ping_status":"closed","template":"","meta":{"footnotes":""},"folder":[],"class_list":["post-2020","page","type-page","status-publish","hentry"],"rttpg_featured_image_url":null,"rttpg_author":{"display_name":"Coordinador TIC del IES Manuela Malasa\u00f1a","author_link":"https:\/\/site.educa.madrid.org\/ies.malasana.mostoles\/index.php\/author\/cuenta_tic-ies-malasana-mostoles\/"},"rttpg_comment":0,"rttpg_category":false,"rttpg_excerpt":"Durante el curso 2019-2020, el IES Manuela Malasa\u00f1a puso en marcha un programa de&nbsp;estudios biling\u00fces franc\u00e9s-espa\u00f1ol&nbsp;para dar respuesta a la demanda de nuestros estudiantes y sus familias, conscientes de la ...","post_mailing_queue_ids":[],"_links":{"self":[{"href":"https:\/\/site.educa.madrid.org\/ies.malasana.mostoles\/index.php\/wp-json\/wp\/v2\/pages\/2020","targetHints":{"allow":["GET"]}}],"collection":[{"href":"https:\/\/site.educa.madrid.org\/ies.malasana.mostoles\/index.php\/wp-json\/wp\/v2\/pages"}],"about":[{"href":"https:\/\/site.educa.madrid.org\/ies.malasana.mostoles\/index.php\/wp-json\/wp\/v2\/types\/page"}],"author":[{"embeddable":true,"href":"https:\/\/site.educa.madrid.org\/ies.malasana.mostoles\/index.php\/wp-json\/wp\/v2\/users\/2"}],"replies":[{"embeddable":true,"href":"https:\/\/site.educa.madrid.org\/ies.malasana.mostoles\/index.php\/wp-json\/wp\/v2\/comments?post=2020"}],"version-history":[{"count":3,"href":"https:\/\/site.educa.madrid.org\/ies.malasana.mostoles\/index.php\/wp-json\/wp\/v2\/pages\/2020\/revisions"}],"predecessor-version":[{"id":2035,"href":"https:\/\/site.educa.madrid.org\/ies.malasana.mostoles\/index.php\/wp-json\/wp\/v2\/pages\/2020\/revisions\/2035"}],"wp:attachment":[{"href":"https:\/\/site.educa.madrid.org\/ies.malasana.mostoles\/index.php\/wp-json\/wp\/v2\/media?parent=2020"}],"wp:term":[{"taxonomy":"folder","embeddable":true,"href":"https:\/\/site.educa.madrid.org\/ies.malasana.mostoles\/index.php\/wp-json\/wp\/v2\/folder?post=2020"}],"curies":[{"name":"wp","href":"https:\/\/api.w.org\/{rel}","templated":true}]}}