{"id":2117,"date":"2022-02-05T18:55:47","date_gmt":"2022-02-05T17:55:47","guid":{"rendered":"https:\/\/site.educa.madrid.org\/ies.malasana.mostoles\/?page_id=2117"},"modified":"2022-10-13T11:08:09","modified_gmt":"2022-10-13T09:08:09","slug":"equipo-directivo","status":"publish","type":"page","link":"https:\/\/site.educa.madrid.org\/ies.malasana.mostoles\/index.php\/nuestro-centro\/equipo-directivo\/","title":{"rendered":"Equipo Directivo"},"content":{"rendered":"\t\t\t<!-- Flexy Breadcrumb -->\n\t\t\t<div class=\"fbc fbc-page\">\n\n\t\t\t\t<!-- Breadcrumb wrapper -->\n\t\t\t\t<div class=\"fbc-wrap\">\n\n\t\t\t\t\t<!-- Ordered list-->\n\t\t\t\t\t<ol class=\"fbc-items\" itemscope itemtype=\"https:\/\/schema.org\/BreadcrumbList\">\n\t\t\t\t\t\t            <li itemprop=\"itemListElement\" itemscope itemtype=\"https:\/\/schema.org\/ListItem\">\n                <span itemprop=\"name\">\n                    <!-- Home Link -->\n                    <a itemprop=\"item\" href=\"https:\/\/site.educa.madrid.org\/ies.malasana.mostoles\">\n                    \n                                                    <i class=\"fa fa fa-home\" aria-hidden=\"true\"><\/i>                    <\/a>\n                <\/span>\n                <meta itemprop=\"position\" content=\"1\" \/><!-- Meta Position-->\n             <\/li><li><span class=\"fbc-separator\">><\/span><\/li><li class=\"active\" itemprop=\"itemListElement\" itemscope itemtype=\"https:\/\/schema.org\/ListItem\"><span itemprop=\"name\" title=\"Tabl\u00f3n de anuncios\">Tabl\u00f3n de anuncios<\/span><meta itemprop=\"position\" content=\"2\" \/><\/li>\t\t\t\t\t<\/ol>\n\t\t\t\t\t<div class=\"clearfix\"><\/div>\n\t\t\t\t<\/div>\n\t\t\t<\/div>\n\t\t\t\n\n\n\n<p>El <strong>Equipo Directivo<\/strong> es el \u00f3rgano ejecutivo de gobierno del Instituto, y estar\u00e1 formado por el Director, los Jefes de Estudios, la Secretaria.<\/p>\n\n\n\n<figure class=\"wp-block-table is-style-stripes\"><table><thead><tr><th class=\"has-text-align-center\" data-align=\"center\">nombre<\/th><th class=\"has-text-align-center\" data-align=\"center\">cargo<\/th><th class=\"has-text-align-center\" data-align=\"center\">correo<\/th><\/tr><\/thead><tbody><tr><td class=\"has-text-align-center\" data-align=\"center\"><strong>Alejandro Castellanos Garc\u00eda<\/strong><\/td><td class=\"has-text-align-center\" data-align=\"center\">Director<\/td><td class=\"has-text-align-center\" data-align=\"center\"><a href=\"mailto:ies.malasana.mostoles@educa.madrid.org\" target=\"_blank\" rel=\"noreferrer noopener\">ies.malasana.mostoles@educa.madrid.org<\/a><\/td><\/tr><tr><td class=\"has-text-align-center\" data-align=\"center\"><strong>Ana Mata Ayuso<\/strong><\/td><td class=\"has-text-align-center\" data-align=\"center\">Jefa de Estudios<\/td><td class=\"has-text-align-center\" data-align=\"center\"><a href=\"mailto:acastellanosgarcia@educa.madrid.org\" target=\"_blank\" rel=\"noreferrer noopener\">jestudios.ies.malasana.mostoles@educa.madrid.org<\/a><\/td><\/tr><tr><td class=\"has-text-align-center\" data-align=\"center\"><strong>Lidia Hern\u00e1ndez G\u00f3mez<\/strong><\/td><td class=\"has-text-align-center\" data-align=\"center\">Jefa de Estudios Adjunta<\/td><td class=\"has-text-align-center\" data-align=\"center\"><a href=\"mailto:jestudios.ies.malasana.mostoles@educa.madrid.org\" target=\"_blank\" rel=\"noreferrer noopener\">jestudios.ies.malasana.mostoles@educa.madrid.org<\/a><\/td><\/tr><tr><td class=\"has-text-align-center\" data-align=\"center\"><strong>M\u00f3nica Mar\u00edn Camba<\/strong><\/td><td class=\"has-text-align-center\" data-align=\"center\">Secretaria<\/td><td class=\"has-text-align-center\" data-align=\"center\"><a href=\"mailto:secretaria.ies.malasana.mostoles@educa.madrid.org\" target=\"_blank\" rel=\"noreferrer noopener\">secretaria.ies.malasana.mostoles@educa.madrid.org<\/a><\/td><\/tr><tr><td class=\"has-text-align-center\" data-align=\"center\"><strong>Olga Rocha del Lago<\/strong><\/td><td class=\"has-text-align-center\" data-align=\"center\">Jefa de Estudios ACE<\/td><td class=\"has-text-align-center\" data-align=\"center\"><a href=\"mailto:olga.rocha@educa.madrid.org\" target=\"_blank\" rel=\"noreferrer noopener\">olga.rocha@educa.madrid.org<\/a><\/td><\/tr><\/tbody><\/table><\/figure>\n","protected":false},"excerpt":{"rendered":"<p>El Equipo Directivo es el \u00f3rgano ejecutivo de gobierno del Instituto, y estar\u00e1 formado por el Director, los Jefes de Estudios, la Secretaria. nombre cargo correo Alejandro Castellanos Garc\u00eda Director &#8230;<\/p>\n","protected":false},"author":2,"featured_media":0,"parent":1074,"menu_order":0,"comment_status":"closed","ping_status":"closed","template":"","meta":{"footnotes":""},"folder":[],"class_list":["post-2117","page","type-page","status-publish","hentry"],"rttpg_featured_image_url":null,"rttpg_author":{"display_name":"Coordinador TIC del IES Manuela Malasa\u00f1a","author_link":"https:\/\/site.educa.madrid.org\/ies.malasana.mostoles\/index.php\/author\/cuenta_tic-ies-malasana-mostoles\/"},"rttpg_comment":0,"rttpg_category":false,"rttpg_excerpt":"El Equipo Directivo es el \u00f3rgano ejecutivo de gobierno del Instituto, y estar\u00e1 formado por el Director, los Jefes de Estudios, la Secretaria. nombre cargo correo Alejandro Castellanos Garc\u00eda Director ...","post_mailing_queue_ids":[],"_links":{"self":[{"href":"https:\/\/site.educa.madrid.org\/ies.malasana.mostoles\/index.php\/wp-json\/wp\/v2\/pages\/2117","targetHints":{"allow":["GET"]}}],"collection":[{"href":"https:\/\/site.educa.madrid.org\/ies.malasana.mostoles\/index.php\/wp-json\/wp\/v2\/pages"}],"about":[{"href":"https:\/\/site.educa.madrid.org\/ies.malasana.mostoles\/index.php\/wp-json\/wp\/v2\/types\/page"}],"author":[{"embeddable":true,"href":"https:\/\/site.educa.madrid.org\/ies.malasana.mostoles\/index.php\/wp-json\/wp\/v2\/users\/2"}],"replies":[{"embeddable":true,"href":"https:\/\/site.educa.madrid.org\/ies.malasana.mostoles\/index.php\/wp-json\/wp\/v2\/comments?post=2117"}],"version-history":[{"count":5,"href":"https:\/\/site.educa.madrid.org\/ies.malasana.mostoles\/index.php\/wp-json\/wp\/v2\/pages\/2117\/revisions"}],"predecessor-version":[{"id":3022,"href":"https:\/\/site.educa.madrid.org\/ies.malasana.mostoles\/index.php\/wp-json\/wp\/v2\/pages\/2117\/revisions\/3022"}],"up":[{"embeddable":true,"href":"https:\/\/site.educa.madrid.org\/ies.malasana.mostoles\/index.php\/wp-json\/wp\/v2\/pages\/1074"}],"wp:attachment":[{"href":"https:\/\/site.educa.madrid.org\/ies.malasana.mostoles\/index.php\/wp-json\/wp\/v2\/media?parent=2117"}],"wp:term":[{"taxonomy":"folder","embeddable":true,"href":"https:\/\/site.educa.madrid.org\/ies.malasana.mostoles\/index.php\/wp-json\/wp\/v2\/folder?post=2117"}],"curies":[{"name":"wp","href":"https:\/\/api.w.org\/{rel}","templated":true}]}}