{"id":2137,"date":"2022-02-06T19:29:05","date_gmt":"2022-02-06T18:29:05","guid":{"rendered":"https:\/\/site.educa.madrid.org\/ies.malasana.mostoles\/?page_id=2137"},"modified":"2022-02-10T13:18:38","modified_gmt":"2022-02-10T12:18:38","slug":"comision-de-coordinacion-pedagogica-ccp","status":"publish","type":"page","link":"https:\/\/site.educa.madrid.org\/ies.malasana.mostoles\/index.php\/comision-de-coordinacion-pedagogica-ccp\/","title":{"rendered":"Comisi\u00f3n de Coordinaci\u00f3n Pedag\u00f3gica (CCP)"},"content":{"rendered":"\n<h3 class=\"wp-block-heading\">\u00bfPara qu\u00e9 sirve la CCP?<\/h3>\n\n\n\n<p>Constituye el \u00f3rgano de coordinaci\u00f3n entre todos los Departamentos con el fin de aunar esfuerzos pedag\u00f3gicos en una misma direcci\u00f3n.<\/p>\n\n\n\n<h3 class=\"wp-block-heading\">Funciones<\/h3>\n\n\n\n<p>Entre sus principales funciones est\u00e1n:<\/p>\n\n\n\n<ul class=\"wp-block-list\"><li>Establecer las directrices generales para la elaboraci\u00f3n y revisi\u00f3n de las programaciones did\u00e1cticas de los Departamentos y Familias profesionales.<\/li><li>Proponer al claustro la planificaci\u00f3n general de las sesiones de evaluaci\u00f3n y el calendario de ex\u00e1menes o pruebas extraordinarias.<\/li><li>Fomentar la evaluaci\u00f3n de todas las actividades y proyectos del instituto, colaborar con las evaluaciones que se lleven a cabo e impulsar planes de mejora.<br>La CCP es la responsable de la realizaci\u00f3n y seguimiento del Proyecto Educativo y de las Programaciones.<\/li><\/ul>\n\n\n\n<h3 class=\"wp-block-heading\">Composici\u00f3n<\/h3>\n\n\n\n<p>La Comisi\u00f3n de Coordinaci\u00f3n Pedag\u00f3gica est\u00e1 formada por todos los Jefes de Departamentos did\u00e1cticos y Familias profesionales, el coordinador TIC, el Director, el Jefe de Estudios Coordinador, el Jefe de Estudios Nocturno, los Jefes de Estudios Adjuntos para ESO, Bachillerato y Formaci\u00f3n Profesional y el Jefe de Estudios Adjunto de la Secci\u00f3n ling\u00fc\u00edstica.<\/p>\n\n\n\n<h3 class=\"wp-block-heading\">\u00bfCu\u00e1ndo se re\u00fane y c\u00f3mo?<\/h3>\n\n\n\n<p>Se re\u00fane como m\u00ednimo una vez al mes y y siempre que lo convoque el Director.<\/p>\n\n\n\n<h3 class=\"wp-block-heading\">R\u00e9gimen de funcionamiento<\/h3>\n\n\n\n<p>Al principio de cada curso, durante la primera reuni\u00f3n de la CCP, Jefatura de Estudios propondr\u00e1 un calendario de trabajo para todo el curso acad\u00e9mico.<\/p>\n\n\n\n<p>Cada miembro de la CCP deber\u00e1 tener previsto un sustituto, miembro de su Departamento o Familia profesional, para que asista en su lugar, siempre que la ausencia del titular est\u00e9 justificada. El sustituto asistir\u00e1 con voz y voto.<\/p>\n\n\n\n<p>Las propuestas que figuren en el orden del d\u00eda de las reuniones ordinarias de la CCP, as\u00ed como la documentaci\u00f3n que se adjunte, se comunicar\u00e1n a los Departamentos y Familias profesionales con una semana de antelaci\u00f3n.<\/p>\n\n\n\n<p>Los Departamentos que deseen incluir propuestas en el orden del d\u00eda de las reuniones de la CCP podr\u00e1n hacerlo con diez d\u00edas de antelaci\u00f3n a la celebraci\u00f3n de las reuniones ordinarias o con cinco d\u00edas de antelaci\u00f3n, si el asunto requiere una sesi\u00f3n extraordinaria.<\/p>\n\n\n\n<p>Las propuestas aprobadas por la comisi\u00f3n tendr\u00e1n validez hasta que se revisen, seg\u00fan lo previsto en las disposiciones vigentes, o cuando circunstancias extraordinarias, acordadas por la CCP, motiven su revisi\u00f3n.<\/p>\n","protected":false},"excerpt":{"rendered":"<p>\u00bfPara qu\u00e9 sirve la CCP? Constituye el \u00f3rgano de coordinaci\u00f3n entre todos los Departamentos con el fin de aunar esfuerzos pedag\u00f3gicos en una misma direcci\u00f3n. Funciones Entre sus principales funciones &#8230;<\/p>\n","protected":false},"author":2,"featured_media":0,"parent":0,"menu_order":0,"comment_status":"closed","ping_status":"closed","template":"","meta":{"footnotes":""},"folder":[],"class_list":["post-2137","page","type-page","status-publish","hentry"],"rttpg_featured_image_url":null,"rttpg_author":{"display_name":"Coordinador TIC del IES Manuela Malasa\u00f1a","author_link":"https:\/\/site.educa.madrid.org\/ies.malasana.mostoles\/index.php\/author\/cuenta_tic-ies-malasana-mostoles\/"},"rttpg_comment":0,"rttpg_category":false,"rttpg_excerpt":"\u00bfPara qu\u00e9 sirve la CCP? Constituye el \u00f3rgano de coordinaci\u00f3n entre todos los Departamentos con el fin de aunar esfuerzos pedag\u00f3gicos en una misma direcci\u00f3n. Funciones Entre sus principales funciones ...","post_mailing_queue_ids":[],"_links":{"self":[{"href":"https:\/\/site.educa.madrid.org\/ies.malasana.mostoles\/index.php\/wp-json\/wp\/v2\/pages\/2137","targetHints":{"allow":["GET"]}}],"collection":[{"href":"https:\/\/site.educa.madrid.org\/ies.malasana.mostoles\/index.php\/wp-json\/wp\/v2\/pages"}],"about":[{"href":"https:\/\/site.educa.madrid.org\/ies.malasana.mostoles\/index.php\/wp-json\/wp\/v2\/types\/page"}],"author":[{"embeddable":true,"href":"https:\/\/site.educa.madrid.org\/ies.malasana.mostoles\/index.php\/wp-json\/wp\/v2\/users\/2"}],"replies":[{"embeddable":true,"href":"https:\/\/site.educa.madrid.org\/ies.malasana.mostoles\/index.php\/wp-json\/wp\/v2\/comments?post=2137"}],"version-history":[{"count":3,"href":"https:\/\/site.educa.madrid.org\/ies.malasana.mostoles\/index.php\/wp-json\/wp\/v2\/pages\/2137\/revisions"}],"predecessor-version":[{"id":2204,"href":"https:\/\/site.educa.madrid.org\/ies.malasana.mostoles\/index.php\/wp-json\/wp\/v2\/pages\/2137\/revisions\/2204"}],"wp:attachment":[{"href":"https:\/\/site.educa.madrid.org\/ies.malasana.mostoles\/index.php\/wp-json\/wp\/v2\/media?parent=2137"}],"wp:term":[{"taxonomy":"folder","embeddable":true,"href":"https:\/\/site.educa.madrid.org\/ies.malasana.mostoles\/index.php\/wp-json\/wp\/v2\/folder?post=2137"}],"curies":[{"name":"wp","href":"https:\/\/api.w.org\/{rel}","templated":true}]}}