{"id":267,"date":"2021-02-11T17:53:20","date_gmt":"2021-02-11T17:53:20","guid":{"rendered":"https:\/\/site.educa.madrid.org\/ies.malasana.mostoles\/?page_id=267"},"modified":"2024-06-13T10:23:17","modified_gmt":"2024-06-13T08:23:17","slug":"ensenanzas","status":"publish","type":"page","link":"https:\/\/site.educa.madrid.org\/ies.malasana.mostoles\/index.php\/ensenanzas\/","title":{"rendered":"Ense\u00f1anzas"},"content":{"rendered":"\n<div class=\"wp-block-media-text alignwide is-stacked-on-mobile\" style=\"grid-template-columns:40% auto\"><figure class=\"wp-block-media-text__media\"><img loading=\"lazy\" decoding=\"async\" width=\"1024\" height=\"678\" src=\"https:\/\/site.educa.madrid.org\/ies.malasana.mostoles\/\/wp-content\/uploads\/ies.malasana.mostoles\/2022\/01\/library-g05684642a_1920-1-1024x678.jpg\" alt=\"\" class=\"wp-image-1851 size-full\" srcset=\"https:\/\/site.educa.madrid.org\/ies.malasana.mostoles\/\/wp-content\/uploads\/ies.malasana.mostoles\/2022\/01\/library-g05684642a_1920-1-1024x678.jpg 1024w, https:\/\/site.educa.madrid.org\/ies.malasana.mostoles\/\/wp-content\/uploads\/ies.malasana.mostoles\/2022\/01\/library-g05684642a_1920-1-300x199.jpg 300w, https:\/\/site.educa.madrid.org\/ies.malasana.mostoles\/\/wp-content\/uploads\/ies.malasana.mostoles\/2022\/01\/library-g05684642a_1920-1-768x508.jpg 768w, https:\/\/site.educa.madrid.org\/ies.malasana.mostoles\/\/wp-content\/uploads\/ies.malasana.mostoles\/2022\/01\/library-g05684642a_1920-1-391x260.jpg 391w, https:\/\/site.educa.madrid.org\/ies.malasana.mostoles\/\/wp-content\/uploads\/ies.malasana.mostoles\/2022\/01\/library-g05684642a_1920-1-1536x1017.jpg 1536w, https:\/\/site.educa.madrid.org\/ies.malasana.mostoles\/\/wp-content\/uploads\/ies.malasana.mostoles\/2022\/01\/library-g05684642a_1920-1.jpg 1920w\" sizes=\"auto, (max-width: 1024px) 100vw, 1024px\" \/><\/figure><div class=\"wp-block-media-text__content\">\n<p class=\"has-normal-font-size\">El IES Manuela Malasa\u00f1a imparte ense\u00f1anzas de <strong>Educaci\u00f3n Secundaria Obligatoria<\/strong> (ESO) y <strong>Bachillerato<\/strong>. Tambi\u00e9n contamos con el <strong>Aula de Compensaci\u00f3n Educativa<\/strong> (ACE). Pincha en los siguientes enlaces para m\u00e1s informaci\u00f3n:<\/p>\n\n\n\n<div class=\"wp-block-columns alignwide is-layout-flex wp-container-core-columns-is-layout-9d6595d7 wp-block-columns-is-layout-flex\">\n<div class=\"wp-block-column is-layout-flow wp-block-column-is-layout-flow\">\n<h4 class=\"wp-block-heading has-text-align-center has-background\" style=\"background:linear-gradient(270deg,rgb(238,238,238) 0%,rgb(169,184,195) 100%)\"><a href=\"https:\/\/site.educa.madrid.org\/ies.malasana.mostoles\/index.php\/ensenanzas\/eso\/\">ESO<\/a><\/h4>\n<\/div>\n\n\n\n<div class=\"wp-block-column is-layout-flow wp-block-column-is-layout-flow\">\n<h4 class=\"wp-block-heading has-text-align-center has-background\" style=\"background:linear-gradient(270deg,rgb(238,238,238) 0%,rgb(169,184,195) 100%)\"><a href=\"https:\/\/site.educa.madrid.org\/ies.malasana.mostoles\/index.php\/ensenanzas\/bachillerato\/\">Bachillerato<\/a><\/h4>\n<\/div>\n\n\n\n<div class=\"wp-block-column is-layout-flow wp-block-column-is-layout-flow\">\n<h4 class=\"wp-block-heading has-text-align-center has-background\" style=\"background:linear-gradient(270deg,rgb(238,238,238) 0%,rgb(169,184,195) 100%)\"><a href=\"https:\/\/site.educa.madrid.org\/ies.malasana.mostoles\/index.php\/ensenanzas\/ace\/\">ACE<\/a><\/h4>\n<\/div>\n<\/div>\n<\/div><\/div>\n\n\n\n<hr class=\"wp-block-separator has-css-opacity\"\/>\n\n\n\n<h1 class=\"wp-block-heading has-text-align-left has-background\" style=\"background:linear-gradient(270deg,rgb(238,238,238) 0%,rgb(169,184,195) 100%)\">Enlaces de inter\u00e9s<\/h1>\n\n\n\n<div class=\"wp-block-columns is-layout-flex wp-container-core-columns-is-layout-9d6595d7 wp-block-columns-is-layout-flex\">\n<div class=\"wp-block-column is-layout-flow wp-block-column-is-layout-flow\">\n<h3 class=\"wp-block-heading has-text-align-center\"><strong>ESO y Bachillerato<\/strong><\/h3>\n\n\n\n<p>La\u00a0<a href=\"https:\/\/www.comunidad.madrid\/servicios\/educacion\/educacion-secundaria-obligatoria\">ESO<\/a>\u00a0es la \u00faltima etapa\u00a0<strong>obligatoria.\u00a0<\/strong>Incluye\u00a0<strong>cuatro cursos<\/strong>\u00a0escolares entre los<strong>\u00a012 y los 16 a\u00f1os<\/strong>, aunque se puede prolongar hasta los 18 a\u00f1os si se repite curso. Se\u00a0pretende que los alumnos conozcan los elementos b\u00e1sicos de la cultura, desarrollen h\u00e1bitos de estudio y de trabajo y adquieran un pensamiento cr\u00edtico.<\/p>\n\n\n\n<p>El\u00a0<a href=\"https:\/\/www.comunidad.madrid\/servicios\/educacion\/bachillerato-comunidad-madrid\">Bachillerato<\/a>\u00a0pertenece a la\u00a0<strong>educaci\u00f3n secundaria postobligatoria<\/strong>, comprende\u00a0<strong>dos\u00a0cursos<\/strong>\u00a0acad\u00e9micos y se cursa normalmente entre los\u00a0<strong>16 y 18 a\u00f1os<\/strong>.<\/p>\n\n\n\n<div class=\"wp-block-buttons is-horizontal is-content-justification-center is-layout-flex wp-container-core-buttons-is-layout-499968f5 wp-block-buttons-is-layout-flex\">\n<div class=\"wp-block-button is-style-outline is-style-outline--1\"><a class=\"wp-block-button__link has-black-color has-text-color wp-element-button\" href=\"https:\/\/site.educa.madrid.org\/ies.malasana.mostoles\/index.php\/nuestra-comunidad-educativa\/departamentos-didacticos\/\" style=\"border-top-left-radius:40px;border-top-right-radius:20px;border-bottom-left-radius:20px;border-bottom-right-radius:40px\">Departamentos did\u00e1cticos<\/a><\/div>\n<\/div>\n\n\n\n<div class=\"wp-block-buttons is-horizontal is-content-justification-center is-layout-flex wp-container-core-buttons-is-layout-499968f5 wp-block-buttons-is-layout-flex\">\n<div class=\"wp-block-button is-style-outline is-style-outline--2\"><a class=\"wp-block-button__link has-black-color has-text-color wp-element-button\" href=\"https:\/\/site.educa.madrid.org\/ies.malasana.mostoles\/index.php\/instalaciones\/\" style=\"border-top-left-radius:40px;border-top-right-radius:20px;border-bottom-left-radius:20px;border-bottom-right-radius:40px\">Instalaciones<\/a><\/div>\n<\/div>\n\n\n\n<div class=\"wp-block-buttons is-horizontal is-content-justification-center is-layout-flex wp-container-core-buttons-is-layout-499968f5 wp-block-buttons-is-layout-flex\">\n<div class=\"wp-block-button is-style-outline is-style-outline--3\"><a class=\"wp-block-button__link has-black-color has-text-color wp-element-button\" href=\"https:\/\/site.educa.madrid.org\/ies.malasana.mostoles\/index.php\/ensenanzas\/planes-y-proyectos\/\" style=\"border-top-left-radius:40px;border-top-right-radius:20px;border-bottom-left-radius:20px;border-bottom-right-radius:40px\">Planes y proyectos<\/a><\/div>\n<\/div>\n<\/div>\n\n\n\n<div class=\"wp-block-column is-layout-flow wp-block-column-is-layout-flow\">\n<h3 class=\"wp-block-heading has-text-align-center has-black-color has-text-color\"><strong>ACE<\/strong><\/h3>\n\n\n\n<div class=\"wp-block-buttons is-horizontal is-content-justification-center is-layout-flex wp-container-core-buttons-is-layout-499968f5 wp-block-buttons-is-layout-flex\">\n<div class=\"wp-block-button is-style-outline is-style-outline--4\"><a class=\"wp-block-button__link has-black-color has-text-color wp-element-button\" style=\"border-top-left-radius:40px;border-top-right-radius:20px;border-bottom-left-radius:20px;border-bottom-right-radius:40px\">Ense\u00f1anzas<\/a><\/div>\n<\/div>\n\n\n\n<div class=\"wp-block-buttons is-horizontal is-content-justification-center is-layout-flex wp-container-core-buttons-is-layout-499968f5 wp-block-buttons-is-layout-flex\">\n<div class=\"wp-block-button is-style-outline is-style-outline--5\"><a class=\"wp-block-button__link has-black-color has-text-color wp-element-button\" href=\"https:\/\/site.educa.madrid.org\/ies.malasana.mostoles\/index.php\/instalaciones\/\" style=\"border-top-left-radius:40px;border-top-right-radius:20px;border-bottom-left-radius:20px;border-bottom-right-radius:40px\">Instalaciones<\/a><\/div>\n<\/div>\n<\/div>\n<\/div>\n\n\n\n<hr class=\"wp-block-separator has-css-opacity is-style-default\"\/>\n\n\n\n<h2 class=\"wp-block-heading has-text-align-left has-background\" style=\"background:linear-gradient(270deg,rgb(238,238,238) 0%,rgb(169,184,195) 100%)\">Plan de estudios<\/h2>\n\n\n\n<p>En el plan de estudios se recoge la estructura organizativa concreta en la que se plasma, de acuerdo a la legislaci\u00f3n educativa, nuestro <strong>Proyecto Educativo<\/strong>.\u00a0Para cada curso y asignatura se detalla el n\u00famero de horas lectivas semanales que cursar\u00e1n los alumnos.<\/p>\n\n\n\n<div class=\"wp-block-buttons is-horizontal is-content-justification-center is-layout-flex wp-container-core-buttons-is-layout-499968f5 wp-block-buttons-is-layout-flex\">\n<div class=\"wp-block-button is-style-outline is-style-outline--6\"><a class=\"wp-block-button__link has-black-color has-text-color wp-element-button\" href=\"https:\/\/site.educa.madrid.org\/ies.malasana.mostoles\/index.php\/ensenanzas\/plan-de-estudios\/\" style=\"border-top-left-radius:40px;border-top-right-radius:20px;border-bottom-left-radius:20px;border-bottom-right-radius:40px\" target=\"_blank\" rel=\"noreferrer noopener\">Cons\u00faltalo aqu\u00ed <\/a><\/div>\n<\/div>\n","protected":false},"excerpt":{"rendered":"<p>Enlaces de inter\u00e9s ESO y Bachillerato La\u00a0ESO\u00a0es la \u00faltima etapa\u00a0obligatoria.\u00a0Incluye\u00a0cuatro cursos\u00a0escolares entre los\u00a012 y los 16 a\u00f1os, aunque se puede prolongar hasta los 18 a\u00f1os si se repite curso. Se\u00a0pretende &#8230;<\/p>\n","protected":false},"author":2,"featured_media":0,"parent":0,"menu_order":0,"comment_status":"closed","ping_status":"closed","template":"","meta":{"footnotes":""},"folder":[],"class_list":["post-267","page","type-page","status-publish","hentry"],"rttpg_featured_image_url":null,"rttpg_author":{"display_name":"Coordinador TIC del IES Manuela Malasa\u00f1a","author_link":"https:\/\/site.educa.madrid.org\/ies.malasana.mostoles\/index.php\/author\/cuenta_tic-ies-malasana-mostoles\/"},"rttpg_comment":0,"rttpg_category":false,"rttpg_excerpt":"Enlaces de inter\u00e9s ESO y Bachillerato La\u00a0ESO\u00a0es la \u00faltima etapa\u00a0obligatoria.\u00a0Incluye\u00a0cuatro cursos\u00a0escolares entre los\u00a012 y los 16 a\u00f1os, aunque se puede prolongar hasta los 18 a\u00f1os si se repite curso. Se\u00a0pretende ...","post_mailing_queue_ids":[],"_links":{"self":[{"href":"https:\/\/site.educa.madrid.org\/ies.malasana.mostoles\/index.php\/wp-json\/wp\/v2\/pages\/267","targetHints":{"allow":["GET"]}}],"collection":[{"href":"https:\/\/site.educa.madrid.org\/ies.malasana.mostoles\/index.php\/wp-json\/wp\/v2\/pages"}],"about":[{"href":"https:\/\/site.educa.madrid.org\/ies.malasana.mostoles\/index.php\/wp-json\/wp\/v2\/types\/page"}],"author":[{"embeddable":true,"href":"https:\/\/site.educa.madrid.org\/ies.malasana.mostoles\/index.php\/wp-json\/wp\/v2\/users\/2"}],"replies":[{"embeddable":true,"href":"https:\/\/site.educa.madrid.org\/ies.malasana.mostoles\/index.php\/wp-json\/wp\/v2\/comments?post=267"}],"version-history":[{"count":47,"href":"https:\/\/site.educa.madrid.org\/ies.malasana.mostoles\/index.php\/wp-json\/wp\/v2\/pages\/267\/revisions"}],"predecessor-version":[{"id":4219,"href":"https:\/\/site.educa.madrid.org\/ies.malasana.mostoles\/index.php\/wp-json\/wp\/v2\/pages\/267\/revisions\/4219"}],"wp:attachment":[{"href":"https:\/\/site.educa.madrid.org\/ies.malasana.mostoles\/index.php\/wp-json\/wp\/v2\/media?parent=267"}],"wp:term":[{"taxonomy":"folder","embeddable":true,"href":"https:\/\/site.educa.madrid.org\/ies.malasana.mostoles\/index.php\/wp-json\/wp\/v2\/folder?post=267"}],"curies":[{"name":"wp","href":"https:\/\/api.w.org\/{rel}","templated":true}]}}