{"id":273,"date":"2021-02-11T17:54:07","date_gmt":"2021-02-11T17:54:07","guid":{"rendered":"https:\/\/site.educa.madrid.org\/ies.malasana.mostoles\/?page_id=273"},"modified":"2022-05-05T16:32:35","modified_gmt":"2022-05-05T14:32:35","slug":"secretaria","status":"publish","type":"page","link":"https:\/\/site.educa.madrid.org\/ies.malasana.mostoles\/index.php\/secretaria\/","title":{"rendered":"Secretar\u00eda"},"content":{"rendered":"\t\t\t<!-- Flexy Breadcrumb -->\n\t\t\t<div class=\"fbc fbc-page\">\n\n\t\t\t\t<!-- Breadcrumb wrapper -->\n\t\t\t\t<div class=\"fbc-wrap\">\n\n\t\t\t\t\t<!-- Ordered list-->\n\t\t\t\t\t<ol class=\"fbc-items\" itemscope itemtype=\"https:\/\/schema.org\/BreadcrumbList\">\n\t\t\t\t\t\t            <li itemprop=\"itemListElement\" itemscope itemtype=\"https:\/\/schema.org\/ListItem\">\n                <span itemprop=\"name\">\n                    <!-- Home Link -->\n                    <a itemprop=\"item\" href=\"https:\/\/site.educa.madrid.org\/ies.malasana.mostoles\">\n                    \n                                                    <i class=\"fa fa fa-home\" aria-hidden=\"true\"><\/i>                    <\/a>\n                <\/span>\n                <meta itemprop=\"position\" content=\"1\" \/><!-- Meta Position-->\n             <\/li><li><span class=\"fbc-separator\">><\/span><\/li><li class=\"active\" itemprop=\"itemListElement\" itemscope itemtype=\"https:\/\/schema.org\/ListItem\"><span itemprop=\"name\" title=\"Tabl\u00f3n de anuncios\">Tabl\u00f3n de anuncios<\/span><meta itemprop=\"position\" content=\"2\" \/><\/li>\t\t\t\t\t<\/ol>\n\t\t\t\t\t<div class=\"clearfix\"><\/div>\n\t\t\t\t<\/div>\n\t\t\t<\/div>\n\t\t\t\n\n\n\n<div class=\"wp-block-columns has-black-color has-text-color is-layout-flex wp-container-core-columns-is-layout-9d6595d7 wp-block-columns-is-layout-flex\">\n<div class=\"wp-block-column is-layout-flow wp-block-column-is-layout-flow\" style=\"flex-basis:30%\">\n<h3 class=\"has-text-align-center has-cyan-bluish-gray-background-color has-background wp-block-heading\">Horario de atenci\u00f3n<\/h3>\n\n\n\n<p class=\"has-text-align-center\">De lunes a viernes de <strong>9:30<\/strong> <strong>a 13:30<\/strong> (con <strong>cita previa<\/strong>)<\/p>\n<\/div>\n\n\n\n<div class=\"wp-block-column is-layout-flow wp-block-column-is-layout-flow\" style=\"flex-basis:70%\">\n<h3 class=\"has-text-align-center has-cyan-bluish-gray-background-color has-background wp-block-heading\">Contacto<\/h3>\n\n\n\n<p class=\"has-text-align-center\">                        <strong>Correo<\/strong>: <a href=\"mailto:secretaria.ies.malasana.mostoles@educa.madrid.org\">secretaria.ies.malasana.mostoles@educa.madrid.org<\/a><\/p>\n\n\n\n<p class=\"has-text-align-center\">                        <strong>Tel\u00e9fonos<\/strong>: <a href=\"tel:+3491643978\">916453978<\/a> (preguntar por Secretar\u00eda)<\/p>\n\n\n\n<p class=\"has-text-align-center\">                        <em>La Secretar\u00eda se encuentra en el edificio principal.<\/em><\/p>\n<\/div>\n<\/div>\n\n\n\n<p>Para recoger cualquier documento que no sea personal, hace falta autorizaci\u00f3n y fotocopia del DNI de la persona interesada y original del DNI de la persona autorizada. No hace falta para hijos menores de edad.<\/p>\n\n\n\n<p>Los <strong>certificados <\/strong>de todo tipo (notas, estudios realizados, ense\u00f1anzas en las que se est\u00e1 matriculado, etc.) han de solicitarse con <strong>tres d\u00edas de antelaci\u00f3n<\/strong>, no se realizan en el d\u00eda.<\/p>\n\n\n\n<hr class=\"wp-block-separator\"\/>\n\n\n\n<h3 class=\"has-text-align-center has-cyan-bluish-gray-background-color has-background wp-block-heading\">\u00daltimas noticias de la Secretar\u00eda del Malasa\u00f1a<\/h3>\n\n\n<ul class=\"wp-block-latest-posts__list is-grid columns-3 has-dates aligncenter wp-block-latest-posts\"><li><a class=\"wp-block-latest-posts__post-title\" href=\"https:\/\/site.educa.madrid.org\/ies.malasana.mostoles\/index.php\/2025\/07\/02\/listados-provisionales-de-menciones-honorificas-y-diplomas-de-aprovechamiento\/\">Listados provisionales de Menciones honor\u00edficas y Diplomas de Aprovechamiento<\/a><time datetime=\"2025-07-02T09:59:01+02:00\" class=\"wp-block-latest-posts__post-date\">2 julio, 2025<\/time><\/li>\n<li><div class=\"wp-block-latest-posts__featured-image aligncenter\"><a href=\"https:\/\/site.educa.madrid.org\/ies.malasana.mostoles\/index.php\/2025\/03\/20\/resolucion-contrata-cafeteria-2024-25\/\" aria-label=\"Resoluci\u00f3n contrata cafeter\u00eda 2024-25\"><img loading=\"lazy\" decoding=\"async\" width=\"800\" height=\"379\" src=\"https:\/\/site.educa.madrid.org\/ies.malasana.mostoles\/\/wp-content\/uploads\/ies.malasana.mostoles\/2022\/01\/Concurso-publico-cafeteria-2022.png\" class=\"attachment-large size-large wp-post-image\" alt=\"\" style=\"\" srcset=\"https:\/\/site.educa.madrid.org\/ies.malasana.mostoles\/\/wp-content\/uploads\/ies.malasana.mostoles\/2022\/01\/Concurso-publico-cafeteria-2022.png 835w, https:\/\/site.educa.madrid.org\/ies.malasana.mostoles\/\/wp-content\/uploads\/ies.malasana.mostoles\/2022\/01\/Concurso-publico-cafeteria-2022-300x142.png 300w, https:\/\/site.educa.madrid.org\/ies.malasana.mostoles\/\/wp-content\/uploads\/ies.malasana.mostoles\/2022\/01\/Concurso-publico-cafeteria-2022-768x364.png 768w\" sizes=\"auto, (max-width: 800px) 100vw, 800px\" \/><\/a><\/div><a class=\"wp-block-latest-posts__post-title\" href=\"https:\/\/site.educa.madrid.org\/ies.malasana.mostoles\/index.php\/2025\/03\/20\/resolucion-contrata-cafeteria-2024-25\/\">Resoluci\u00f3n contrata cafeter\u00eda 2024-25<\/a><time datetime=\"2025-03-20T12:29:09+01:00\" class=\"wp-block-latest-posts__post-date\">20 marzo, 2025<\/time><\/li>\n<li><div class=\"wp-block-latest-posts__featured-image aligncenter\"><a href=\"https:\/\/site.educa.madrid.org\/ies.malasana.mostoles\/index.php\/2025\/03\/04\/citaciones-para-entrevistar-a-los-solicitantes-del-concurso-para-la-adjudicacion-de-la-contrata-de-la-cafeteria-del-ies-manuela-malasana\/\" aria-label=\"Citaciones para entrevistar a los solicitantes del concurso para la adjudicaci\u00f3n de la contrata de la cafeter\u00eda del IES Manuela Malasa\u00f1a\"><img loading=\"lazy\" decoding=\"async\" width=\"800\" height=\"379\" src=\"https:\/\/site.educa.madrid.org\/ies.malasana.mostoles\/\/wp-content\/uploads\/ies.malasana.mostoles\/2022\/01\/Concurso-publico-cafeteria-2022.png\" class=\"attachment-large size-large wp-post-image\" alt=\"\" style=\"\" srcset=\"https:\/\/site.educa.madrid.org\/ies.malasana.mostoles\/\/wp-content\/uploads\/ies.malasana.mostoles\/2022\/01\/Concurso-publico-cafeteria-2022.png 835w, https:\/\/site.educa.madrid.org\/ies.malasana.mostoles\/\/wp-content\/uploads\/ies.malasana.mostoles\/2022\/01\/Concurso-publico-cafeteria-2022-300x142.png 300w, https:\/\/site.educa.madrid.org\/ies.malasana.mostoles\/\/wp-content\/uploads\/ies.malasana.mostoles\/2022\/01\/Concurso-publico-cafeteria-2022-768x364.png 768w\" sizes=\"auto, (max-width: 800px) 100vw, 800px\" \/><\/a><\/div><a class=\"wp-block-latest-posts__post-title\" href=\"https:\/\/site.educa.madrid.org\/ies.malasana.mostoles\/index.php\/2025\/03\/04\/citaciones-para-entrevistar-a-los-solicitantes-del-concurso-para-la-adjudicacion-de-la-contrata-de-la-cafeteria-del-ies-manuela-malasana\/\">Citaciones para entrevistar a los solicitantes del concurso para la adjudicaci\u00f3n de la contrata de la cafeter\u00eda del IES Manuela Malasa\u00f1a<\/a><time datetime=\"2025-03-04T17:57:21+01:00\" class=\"wp-block-latest-posts__post-date\">4 marzo, 2025<\/time><\/li>\n<li><div class=\"wp-block-latest-posts__featured-image aligncenter\"><a href=\"https:\/\/site.educa.madrid.org\/ies.malasana.mostoles\/index.php\/2025\/02\/25\/listado-provisional-de-admitidos-para-la-adjudicacion-de-la-contrata-de-la-cafeteria-del-ies-manuela-malasana-2\/\" aria-label=\"Listado provisional de admitidos para la adjudicaci\u00f3n de la contrata de la cafeter\u00eda del IES Manuela Malasa\u00f1a\"><img loading=\"lazy\" decoding=\"async\" width=\"800\" height=\"379\" src=\"https:\/\/site.educa.madrid.org\/ies.malasana.mostoles\/\/wp-content\/uploads\/ies.malasana.mostoles\/2022\/01\/Concurso-publico-cafeteria-2022.png\" class=\"attachment-large size-large wp-post-image\" alt=\"\" style=\"\" srcset=\"https:\/\/site.educa.madrid.org\/ies.malasana.mostoles\/\/wp-content\/uploads\/ies.malasana.mostoles\/2022\/01\/Concurso-publico-cafeteria-2022.png 835w, https:\/\/site.educa.madrid.org\/ies.malasana.mostoles\/\/wp-content\/uploads\/ies.malasana.mostoles\/2022\/01\/Concurso-publico-cafeteria-2022-300x142.png 300w, https:\/\/site.educa.madrid.org\/ies.malasana.mostoles\/\/wp-content\/uploads\/ies.malasana.mostoles\/2022\/01\/Concurso-publico-cafeteria-2022-768x364.png 768w\" sizes=\"auto, (max-width: 800px) 100vw, 800px\" \/><\/a><\/div><a class=\"wp-block-latest-posts__post-title\" href=\"https:\/\/site.educa.madrid.org\/ies.malasana.mostoles\/index.php\/2025\/02\/25\/listado-provisional-de-admitidos-para-la-adjudicacion-de-la-contrata-de-la-cafeteria-del-ies-manuela-malasana-2\/\">Listado provisional de admitidos para la adjudicaci\u00f3n de la contrata de la cafeter\u00eda del IES Manuela Malasa\u00f1a<\/a><time datetime=\"2025-02-25T09:57:32+01:00\" class=\"wp-block-latest-posts__post-date\">25 febrero, 2025<\/time><\/li>\n<li><div class=\"wp-block-latest-posts__featured-image aligncenter\"><a href=\"https:\/\/site.educa.madrid.org\/ies.malasana.mostoles\/index.php\/2025\/02\/06\/doble-factor-de-autenticacion-en-roble-raices\/\" aria-label=\"Doble factor de autenticaci\u00f3n en Roble \/ Ra\u00edces\"><img loading=\"lazy\" decoding=\"async\" width=\"673\" height=\"450\" src=\"https:\/\/site.educa.madrid.org\/ies.malasana.mostoles\/\/wp-content\/uploads\/ies.malasana.mostoles\/2025\/02\/SCR-20250206-hfjy.png\" class=\"attachment-large size-large wp-post-image\" alt=\"\" style=\"\" srcset=\"https:\/\/site.educa.madrid.org\/ies.malasana.mostoles\/\/wp-content\/uploads\/ies.malasana.mostoles\/2025\/02\/SCR-20250206-hfjy.png 673w, https:\/\/site.educa.madrid.org\/ies.malasana.mostoles\/\/wp-content\/uploads\/ies.malasana.mostoles\/2025\/02\/SCR-20250206-hfjy-300x201.png 300w, https:\/\/site.educa.madrid.org\/ies.malasana.mostoles\/\/wp-content\/uploads\/ies.malasana.mostoles\/2025\/02\/SCR-20250206-hfjy-391x260.png 391w, https:\/\/site.educa.madrid.org\/ies.malasana.mostoles\/\/wp-content\/uploads\/ies.malasana.mostoles\/2025\/02\/SCR-20250206-hfjy-272x182.png 272w\" sizes=\"auto, (max-width: 673px) 100vw, 673px\" \/><\/a><\/div><a class=\"wp-block-latest-posts__post-title\" href=\"https:\/\/site.educa.madrid.org\/ies.malasana.mostoles\/index.php\/2025\/02\/06\/doble-factor-de-autenticacion-en-roble-raices\/\">Doble factor de autenticaci\u00f3n en Roble \/ Ra\u00edces<\/a><time datetime=\"2025-02-06T07:33:11+01:00\" class=\"wp-block-latest-posts__post-date\">6 febrero, 2025<\/time><\/li>\n<li><div class=\"wp-block-latest-posts__featured-image aligncenter\"><a href=\"https:\/\/site.educa.madrid.org\/ies.malasana.mostoles\/index.php\/2025\/02\/03\/concurso-publico-para-la-adjudicacion-de-la-contrata-del-servicio-de-cafeteria-del-ies-manuela-malasana\/\" aria-label=\"Concurso p\u00fablico para la adjudicaci\u00f3n de la contrata del servicio de cafeter\u00eda del IES Manuela Malasa\u00f1a\"><img loading=\"lazy\" decoding=\"async\" width=\"800\" height=\"379\" src=\"https:\/\/site.educa.madrid.org\/ies.malasana.mostoles\/\/wp-content\/uploads\/ies.malasana.mostoles\/2022\/01\/Concurso-publico-cafeteria-2022.png\" class=\"attachment-large size-large wp-post-image\" alt=\"\" style=\"\" srcset=\"https:\/\/site.educa.madrid.org\/ies.malasana.mostoles\/\/wp-content\/uploads\/ies.malasana.mostoles\/2022\/01\/Concurso-publico-cafeteria-2022.png 835w, https:\/\/site.educa.madrid.org\/ies.malasana.mostoles\/\/wp-content\/uploads\/ies.malasana.mostoles\/2022\/01\/Concurso-publico-cafeteria-2022-300x142.png 300w, https:\/\/site.educa.madrid.org\/ies.malasana.mostoles\/\/wp-content\/uploads\/ies.malasana.mostoles\/2022\/01\/Concurso-publico-cafeteria-2022-768x364.png 768w\" sizes=\"auto, (max-width: 800px) 100vw, 800px\" \/><\/a><\/div><a class=\"wp-block-latest-posts__post-title\" href=\"https:\/\/site.educa.madrid.org\/ies.malasana.mostoles\/index.php\/2025\/02\/03\/concurso-publico-para-la-adjudicacion-de-la-contrata-del-servicio-de-cafeteria-del-ies-manuela-malasana\/\">Concurso p\u00fablico para la adjudicaci\u00f3n de la contrata del servicio de cafeter\u00eda del IES Manuela Malasa\u00f1a<\/a><time datetime=\"2025-02-03T15:25:31+01:00\" class=\"wp-block-latest-posts__post-date\">3 febrero, 2025<\/time><\/li>\n<\/ul>\n\n\n<div class=\"wp-block-columns are-vertically-aligned-center is-layout-flex wp-container-core-columns-is-layout-9d6595d7 wp-block-columns-is-layout-flex\">\n<div class=\"wp-block-column is-vertically-aligned-center is-layout-flow wp-block-column-is-layout-flow\" style=\"flex-basis:100%\">\n<div class=\"wp-block-buttons is-horizontal is-content-justification-center is-layout-flex wp-container-core-buttons-is-layout-499968f5 wp-block-buttons-is-layout-flex\">\n<div class=\"wp-block-button is-style-fill\"><a class=\"wp-block-button__link has-black-color has-text-color has-background\" href=\"https:\/\/site.educa.madrid.org\/ies.malasana.mostoles\/index.php\/secretaria\/entradas-secretaria\/\" style=\"background-color:#ffe59c\"><strong>Consulta todas las entradas<\/strong><\/a><\/div>\n<\/div>\n\n\n\n<hr class=\"wp-block-separator\"\/>\n\n\n\n<h3 class=\"has-text-align-center has-cyan-bluish-gray-background-color has-background wp-block-heading\">Enlaces importantes de Secretar\u00eda<\/h3>\n\n\n\n<div class=\"wp-block-columns alignwide are-vertically-aligned-center is-layout-flex wp-container-core-columns-is-layout-9d6595d7 wp-block-columns-is-layout-flex\">\n<div class=\"wp-block-column is-vertically-aligned-center is-layout-flow wp-block-column-is-layout-flow\">\n<h3 class=\"alignfull has-text-align-center has-light-green-cyan-background-color has-background wp-block-heading\"><a href=\"https:\/\/site.educa.madrid.org\/ies.malasana.mostoles\/index.php\/admision-2021-2022\/\" data-type=\"URL\" data-id=\"https:\/\/site.educa.madrid.org\/ies.malasana.mostoles\/index.php\/admision-2021-2022\/\" target=\"_blank\" rel=\"noreferrer noopener\">Admisi\u00f3n<\/a><\/h3>\n<\/div>\n\n\n\n<div class=\"wp-block-column is-vertically-aligned-center is-layout-flow wp-block-column-is-layout-flow\">\n<h3 class=\"alignfull has-text-align-center has-pale-pink-background-color has-background wp-block-heading\"><a href=\"https:\/\/site.educa.madrid.org\/ies.malasana.mostoles\/index.php\/secretaria\/matriculacion\/\" data-type=\"URL\" data-id=\"https:\/\/site.educa.madrid.org\/ies.malasana.mostoles\/index.php\/secretaria\/matriculacion\/\" target=\"_blank\" rel=\"noreferrer noopener\">Matriculaci\u00f3n<\/a><\/h3>\n<\/div>\n\n\n\n<div class=\"wp-block-column is-vertically-aligned-center is-layout-flow wp-block-column-is-layout-flow\">\n<h3 class=\"has-text-align-center has-luminous-vivid-orange-background-color has-background wp-block-heading\"><a href=\"https:\/\/site.educa.madrid.org\/ies.malasana.mostoles\/index.php\/secretaria\/accede\/\" data-type=\"URL\" data-id=\"https:\/\/site.educa.madrid.org\/ies.malasana.mostoles\/index.php\/secretaria\/accede\/\" target=\"_blank\" rel=\"noreferrer noopener\">Accede<\/a><\/h3>\n<\/div>\n\n\n\n<div class=\"wp-block-column is-vertically-aligned-center is-layout-flow wp-block-column-is-layout-flow\">\n<h3 class=\"alignfull has-text-align-center has-pale-cyan-blue-background-color has-background wp-block-heading\"><a href=\"https:\/\/site.educa.madrid.org\/ies.malasana.mostoles\/index.php\/secretaria\/impresos\/\" data-type=\"URL\" data-id=\"https:\/\/site.educa.madrid.org\/ies.malasana.mostoles\/index.php\/secretaria\/impresos\/\" target=\"_blank\" rel=\"noreferrer noopener\">Impresos<\/a><\/h3>\n<\/div>\n<\/div>\n\n\n\n<div class=\"wp-block-columns is-layout-flex wp-container-core-columns-is-layout-9d6595d7 wp-block-columns-is-layout-flex\">\n<div class=\"wp-block-column is-layout-flow wp-block-column-is-layout-flow\">\n<h4 class=\"has-text-align-center has-pale-cyan-blue-background-color has-background wp-block-heading\"><a href=\"https:\/\/site.educa.madrid.org\/ies.malasana.mostoles\/index.php\/pruebas-de-acceso-a-ciclos-formativos\/\">Pruebas de Acceso a Ciclos Formativos<\/a><\/h4>\n<\/div>\n\n\n\n<div class=\"wp-block-column is-layout-flow wp-block-column-is-layout-flow\">\n<h4 class=\"has-text-align-center has-pale-cyan-blue-background-color has-background wp-block-heading\"><a href=\"https:\/\/site.educa.madrid.org\/ies.malasana.mostoles\/\/wp-content\/uploads\/ies.malasana.mostoles\/2021\/08\/LIBROS-DE-TEXTO.-CURSO-2021-2022.pdf\">Libros de texto<\/a><\/h4>\n<\/div>\n<\/div>\n\n\n\n<hr class=\"wp-block-separator\"\/>\n\n\n\n<div class=\"wp-block-columns is-layout-flex wp-container-core-columns-is-layout-9d6595d7 wp-block-columns-is-layout-flex\">\n<div class=\"wp-block-column is-layout-flow wp-block-column-is-layout-flow\">\n<h3 class=\"has-text-align-center has-cyan-bluish-gray-background-color has-background wp-block-heading\">Solicitud de certificados<\/h3>\n\n\n\n<p>Si necesita pedir un&nbsp;certificado&nbsp;solo tiene que descargar el&nbsp;impreso de solicitud de certificados&nbsp;y remitirlo debidamente cumplimentado y firmado por correo electr\u00f3nico a la secretar\u00eda del centro, al correo:<\/p>\n\n\n\n<p><strong><a href=\"mailto:secretar%C3%ADa.ies.malasana.mostoles@educa.madrid.org\">secretar\u00eda.ies.malasana.mostoles@educa.madrid.org<\/a><\/strong><\/p>\n\n\n\n<p>Pinche&nbsp;<a href=\"https:\/\/www.educa2.madrid.org\/web\/ies-malasana\/certificaciones\"><strong>aqu\u00ed<\/strong><\/a>&nbsp;para m\u00e1s informaci\u00f3n.<\/p>\n<\/div>\n\n\n\n<div class=\"wp-block-column is-layout-flow wp-block-column-is-layout-flow\">\n<h3 class=\"has-text-align-center has-cyan-bluish-gray-background-color has-background wp-block-heading\">Solicitud de t\u00edtulos<\/h3>\n\n\n\n<p>Se tramitan directamente por el centro a todos los alumnos que finalicen los estudios correspondientes.<\/p>\n\n\n\n<ul class=\"wp-block-list\"><li><strong>ESO<\/strong>: lo <strong>solicita de oficio<\/strong> la Secretar\u00eda del Centro cuando el alumno titula en 4\u00ba ESO. El alumno no tiene que pagar tasas, es <strong>gratuito<\/strong>.<\/li><li><strong>BACHILLERATO<\/strong>: o tramita el Centro a <strong>solicitud del interesado<\/strong>, una vez finalizados los estudios correspondientes y <strong>previo pago de las tasas<\/strong> estipuladas.<\/li><\/ul>\n\n\n\n<h6 class=\"has-text-align-center has-background wp-block-heading\" style=\"background-color:#d4dae0\"><strong>RECOGIDA DE T\u00cdTULOS<\/strong><\/h6>\n\n\n\n<p>Los t\u00edtulos est\u00e1n disponibles para su recogida en la secretar\u00eda, aproximadamente <strong>un a\u00f1o despu\u00e9s<\/strong> de la fecha de su solicitud.<\/p>\n\n\n\n<p>Lo puede retirar&nbsp;el propio alumno presentando su DNI u otra persona con autorizaci\u00f3n, fotocopia del DNI del interesado, y su propio DNI.<\/p>\n<\/div>\n<\/div>\n<\/div>\n<\/div>\n\n\n\n<div class=\"wp-block-buttons is-content-justification-center is-layout-flex wp-container-core-buttons-is-layout-16018d1d wp-block-buttons-is-layout-flex\">\n<div class=\"wp-block-button\"><a class=\"wp-block-button__link has-black-color has-luminous-vivid-amber-background-color has-text-color has-background\" href=\"https:\/\/site.educa.madrid.org\/ies.malasana.mostoles\/index.php\/secretaria\/certificados-y-titulos\/\"><strong>M\u00e1s informaci\u00f3n<\/strong><\/a><\/div>\n<\/div>\n","protected":false},"excerpt":{"rendered":"<p>Horario de atenci\u00f3n De lunes a viernes de 9:30 a 13:30 (con cita previa) Contacto Correo: secretaria.ies.malasana.mostoles@educa.madrid.org Tel\u00e9fonos: 916453978 (preguntar por Secretar\u00eda) La Secretar\u00eda se encuentra en el edificio principal. &#8230;<\/p>\n","protected":false},"author":2,"featured_media":0,"parent":0,"menu_order":0,"comment_status":"closed","ping_status":"closed","template":"","meta":{"footnotes":""},"folder":[],"class_list":["post-273","page","type-page","status-publish","hentry"],"rttpg_featured_image_url":null,"rttpg_author":{"display_name":"Coordinador TIC del IES Manuela Malasa\u00f1a","author_link":"https:\/\/site.educa.madrid.org\/ies.malasana.mostoles\/index.php\/author\/cuenta_tic-ies-malasana-mostoles\/"},"rttpg_comment":0,"rttpg_category":false,"rttpg_excerpt":"Horario de atenci\u00f3n De lunes a viernes de 9:30 a 13:30 (con cita previa) Contacto Correo: secretaria.ies.malasana.mostoles@educa.madrid.org Tel\u00e9fonos: 916453978 (preguntar por Secretar\u00eda) La Secretar\u00eda se encuentra en el edificio principal. ...","post_mailing_queue_ids":[],"_links":{"self":[{"href":"https:\/\/site.educa.madrid.org\/ies.malasana.mostoles\/index.php\/wp-json\/wp\/v2\/pages\/273","targetHints":{"allow":["GET"]}}],"collection":[{"href":"https:\/\/site.educa.madrid.org\/ies.malasana.mostoles\/index.php\/wp-json\/wp\/v2\/pages"}],"about":[{"href":"https:\/\/site.educa.madrid.org\/ies.malasana.mostoles\/index.php\/wp-json\/wp\/v2\/types\/page"}],"author":[{"embeddable":true,"href":"https:\/\/site.educa.madrid.org\/ies.malasana.mostoles\/index.php\/wp-json\/wp\/v2\/users\/2"}],"replies":[{"embeddable":true,"href":"https:\/\/site.educa.madrid.org\/ies.malasana.mostoles\/index.php\/wp-json\/wp\/v2\/comments?post=273"}],"version-history":[{"count":49,"href":"https:\/\/site.educa.madrid.org\/ies.malasana.mostoles\/index.php\/wp-json\/wp\/v2\/pages\/273\/revisions"}],"predecessor-version":[{"id":2717,"href":"https:\/\/site.educa.madrid.org\/ies.malasana.mostoles\/index.php\/wp-json\/wp\/v2\/pages\/273\/revisions\/2717"}],"wp:attachment":[{"href":"https:\/\/site.educa.madrid.org\/ies.malasana.mostoles\/index.php\/wp-json\/wp\/v2\/media?parent=273"}],"wp:term":[{"taxonomy":"folder","embeddable":true,"href":"https:\/\/site.educa.madrid.org\/ies.malasana.mostoles\/index.php\/wp-json\/wp\/v2\/folder?post=273"}],"curies":[{"name":"wp","href":"https:\/\/api.w.org\/{rel}","templated":true}]}}