{"id":279,"date":"2021-02-11T17:58:10","date_gmt":"2021-02-11T17:58:10","guid":{"rendered":"https:\/\/site.educa.madrid.org\/ies.malasana.mostoles\/?page_id=279"},"modified":"2026-03-12T12:04:58","modified_gmt":"2026-03-12T11:04:58","slug":"planes-y-proyectos","status":"publish","type":"page","link":"https:\/\/site.educa.madrid.org\/ies.malasana.mostoles\/index.php\/ensenanzas\/planes-y-proyectos\/","title":{"rendered":"Planes y Proyectos"},"content":{"rendered":"\t\t\t<!-- Flexy Breadcrumb -->\n\t\t\t<div class=\"fbc fbc-page\">\n\n\t\t\t\t<!-- Breadcrumb wrapper -->\n\t\t\t\t<div class=\"fbc-wrap\">\n\n\t\t\t\t\t<!-- Ordered list-->\n\t\t\t\t\t<ol class=\"fbc-items\" itemscope itemtype=\"https:\/\/schema.org\/BreadcrumbList\">\n\t\t\t\t\t\t            <li itemprop=\"itemListElement\" itemscope itemtype=\"https:\/\/schema.org\/ListItem\">\n                <span itemprop=\"name\">\n                    <!-- Home Link -->\n                    <a itemprop=\"item\" href=\"https:\/\/site.educa.madrid.org\/ies.malasana.mostoles\">\n                    \n                                                    <i class=\"fa fa fa-home\" aria-hidden=\"true\"><\/i>                    <\/a>\n                <\/span>\n                <meta itemprop=\"position\" content=\"1\" \/><!-- Meta Position-->\n             <\/li><li><span class=\"fbc-separator\">><\/span><\/li><li class=\"active\" itemprop=\"itemListElement\" itemscope itemtype=\"https:\/\/schema.org\/ListItem\"><span itemprop=\"name\" title=\"Tabl\u00f3n de anuncios\">Tabl\u00f3n de anuncios<\/span><meta itemprop=\"position\" content=\"2\" \/><\/li>\t\t\t\t\t<\/ol>\n\t\t\t\t\t<div class=\"clearfix\"><\/div>\n\t\t\t\t<\/div>\n\t\t\t<\/div>\n\t\t\t\n\n\n\n<h2 class=\"wp-block-heading has-text-align-center\">Planes del Malasa\u00f1a<\/h2>\n\n\n\n<figure class=\"wp-block-table is-style-stripes\"><table class=\"has-fixed-layout\"><tbody><tr><td><a href=\"https:\/\/site.educa.madrid.org\/ies.malasana.mostoles\/\/wp-content\/uploads\/ies.malasana.mostoles\/2026\/03\/PGA-IES-Manuela-Malasana-25-26_signed.pdf\"><strong>Programaci\u00f3n General Anual<\/strong><\/a><\/td><td><a href=\"https:\/\/site.educa.madrid.org\/ies.malasana.mostoles\/\/wp-content\/uploads\/ies.malasana.mostoles\/2026\/03\/DO_2.7.-PAT-25-26.pdf\"><strong>Plan de Acci\u00f3n Tutorial<\/strong><\/a><\/td><td><a href=\"https:\/\/site.educa.madrid.org\/ies.malasana.mostoles\/\/wp-content\/uploads\/ies.malasana.mostoles\/2026\/03\/Plan-de-convivencia-2526.pdf\"><strong>Plan de Convivencia<\/strong><\/a><\/td><\/tr><tr><td>Plan de Actividades Complementarias y Extraescolares<\/td><td>Plan de Acogida para el Alumnado de Incorporaci\u00f3n tard\u00eda al Sistema Educativo Espa\u00f1ol<\/td><td><a href=\"https:\/\/site.educa.madrid.org\/ies.malasana.mostoles\/\/wp-content\/uploads\/ies.malasana.mostoles\/2026\/03\/PGA-Xcelence.pdf\"><strong>PGA-Xcelence<\/strong><\/a><\/td><\/tr><tr><td><\/td><td><\/td><td><\/td><\/tr><\/tbody><\/table><\/figure>\n\n\n<div class=\"wp-block-image\">\n<figure class=\"aligncenter size-medium\"><img loading=\"lazy\" decoding=\"async\" width=\"300\" height=\"150\" src=\"https:\/\/site.educa.madrid.org\/ies.malasana.mostoles\/\/wp-content\/uploads\/ies.malasana.mostoles\/2025\/01\/3-LOGO-COMPETENCIA-LECTORA-300x150.jpg\" alt=\"\" class=\"wp-image-4647\" srcset=\"https:\/\/site.educa.madrid.org\/ies.malasana.mostoles\/\/wp-content\/uploads\/ies.malasana.mostoles\/2025\/01\/3-LOGO-COMPETENCIA-LECTORA-300x150.jpg 300w, https:\/\/site.educa.madrid.org\/ies.malasana.mostoles\/\/wp-content\/uploads\/ies.malasana.mostoles\/2025\/01\/3-LOGO-COMPETENCIA-LECTORA-1024x512.jpg 1024w, https:\/\/site.educa.madrid.org\/ies.malasana.mostoles\/\/wp-content\/uploads\/ies.malasana.mostoles\/2025\/01\/3-LOGO-COMPETENCIA-LECTORA-768x384.jpg 768w, https:\/\/site.educa.madrid.org\/ies.malasana.mostoles\/\/wp-content\/uploads\/ies.malasana.mostoles\/2025\/01\/3-LOGO-COMPETENCIA-LECTORA-1536x768.jpg 1536w, https:\/\/site.educa.madrid.org\/ies.malasana.mostoles\/\/wp-content\/uploads\/ies.malasana.mostoles\/2025\/01\/3-LOGO-COMPETENCIA-LECTORA-2048x1024.jpg 2048w\" sizes=\"auto, (max-width: 300px) 100vw, 300px\" \/><\/figure>\n<\/div>\n\n\n<hr class=\"wp-block-separator has-css-opacity\"\/>\n\n\n\n<h2 class=\"wp-block-heading has-text-align-center\">Proyectos propios<\/h2>\n\n\n\n<div class=\"wp-block-columns is-layout-flex wp-container-core-columns-is-layout-9d6595d7 wp-block-columns-is-layout-flex\">\n<div class=\"wp-block-column is-layout-flow wp-block-column-is-layout-flow\">\n<h4 class=\"wp-block-heading has-text-align-center has-vivid-green-cyan-background-color has-background\"><strong><a href=\"https:\/\/site.educa.madrid.org\/ies.malasana.mostoles\/index.php\/ensenanzas\/planes-y-proyectos\/ampliacion-competencias-lengua-extranjera-ingles\/\">Ampliaci\u00f3n lenguas extranjeras<\/a><\/strong><\/h4>\n<\/div>\n\n\n\n<div class=\"wp-block-column is-layout-flow wp-block-column-is-layout-flow\">\n<h4 class=\"wp-block-heading has-text-align-center has-cyan-bluish-gray-background-color has-background\"><a href=\"https:\/\/site.educa.madrid.org\/ies.malasana.mostoles\/\/wp-content\/uploads\/ies.malasana.mostoles\/2024\/11\/Proyecto-educativo-de-centro-IES-Manuela-Malasana.pdf\">Proyecto Educativo de Centro<\/a><\/h4>\n<\/div>\n\n\n\n<div class=\"wp-block-column is-layout-flow wp-block-column-is-layout-flow\">\n<h4 class=\"wp-block-heading has-text-align-center has-vivid-cyan-blue-background-color has-background\"><strong><a href=\"https:\/\/site.educa.madrid.org\/ies.malasana.mostoles\/\/wp-content\/uploads\/ies.malasana.mostoles\/2025\/11\/Plan-Digital-Centro.pdf\">Proyecto Digital de Centro<\/a><\/strong><\/h4>\n<\/div>\n\n\n\n<div class=\"wp-block-column is-layout-flow wp-block-column-is-layout-flow\">\n<h4 class=\"wp-block-heading has-text-align-center has-pale-pink-background-color has-background\">Proyecto      <strong><a href=\"https:\/\/site.educa.madrid.org\/ies.malasana.mostoles\/index.php\/ensenanzas\/planes-y-proyectos\/proyecto-xcelence\/\">Xcelence<\/a><\/strong><\/h4>\n<\/div>\n<\/div>\n\n\n\n<hr class=\"wp-block-separator has-css-opacity\"\/>\n\n\n\n<h2 class=\"wp-block-heading has-text-align-center\">Otros proyectos del Malasa\u00f1a<\/h2>\n\n\n\n<div class=\"wp-block-columns is-layout-flex wp-container-core-columns-is-layout-9d6595d7 wp-block-columns-is-layout-flex\">\n<div class=\"wp-block-column is-layout-flow wp-block-column-is-layout-flow\">\n<h3 class=\"wp-block-heading has-text-align-center has-light-green-cyan-background-color has-background\"><a rel=\"noreferrer noopener\" href=\"https:\/\/site.educa.madrid.org\/ies.malasana.mostoles\/index.php\/ensenanzas\/planes-y-proyectos\/4o-eso-empresa\/\" data-type=\"URL\" data-id=\"https:\/\/site.educa.madrid.org\/ies.malasana.mostoles\/index.php\/ensenanzas\/planes-y-proyectos\/4o-eso-empresa\/\" target=\"_blank\"><strong>4\u00baESO+EMPRESA<\/strong><\/a><\/h3>\n\n\n\n<p class=\"has-text-align-center\">Este programa que tiene el estatus de <strong>actividad extraescolar<\/strong>, se desarrolla de forma voluntaria en un n\u00famero de centros cada vez mayor, con el fin de acercar el <strong>sistema educativo y el mundo laboral<\/strong>, facilitando mediante estancias educativas en empresas e instituciones que los j\u00f3venes est\u00e9n mejor preparados para tomar decisiones sobre su futuro acad\u00e9mico y profesional, motiv\u00e1ndoles y dot\u00e1ndoles de las destrezas necesarias.<\/p>\n\n\n\n<div class=\"wp-block-buttons is-horizontal is-content-justification-center is-layout-flex wp-container-core-buttons-is-layout-499968f5 wp-block-buttons-is-layout-flex\">\n<div class=\"wp-block-button is-style-outline is-style-outline--1\"><a class=\"wp-block-button__link has-vivid-green-cyan-background-color has-background wp-element-button\" href=\"https:\/\/site.educa.madrid.org\/ies.malasana.mostoles\/index.php\/ensenanzas\/planes-y-proyectos\/4o-eso-empresa\/\" target=\"_blank\" rel=\"noreferrer noopener\">M\u00e1s informaci\u00f3n<\/a><\/div>\n<\/div>\n<\/div>\n\n\n\n<div class=\"wp-block-column is-layout-flow wp-block-column-is-layout-flow\">\n<h3 class=\"wp-block-heading has-text-align-center has-pale-pink-background-color has-background\">VOCES EN EL AULA<\/h3>\n\n\n\n<p class=\"has-text-align-center\">La&nbsp;<strong>Consejer\u00eda de Educaci\u00f3n, Ciencia y Universidades<\/strong>&nbsp;de la&nbsp;<strong>Comunidad de Madrid<\/strong>&nbsp;a trav\u00e9s de la&nbsp;<strong>Direcci\u00f3n General de Biling\u00fcismo y Calidad de la Ense\u00f1anza<\/strong>&nbsp;impulsa este proyecto con la finalidad de impulsar la creaci\u00f3n de una red de radios escolares en los centros educativos, en los niveles de ense\u00f1anzas no universitarias.<\/p>\n\n\n\n<div class=\"wp-block-buttons is-layout-flex wp-block-buttons-is-layout-flex\">\n<div class=\"wp-block-button has-custom-width wp-block-button__width-100 is-style-outline is-style-outline--2\"><a class=\"wp-block-button__link has-pale-pink-background-color has-background wp-element-button\" href=\"https:\/\/site.educa.madrid.org\/ies.malasana.mostoles\/index.php\/voces-en-el-aula-2\/\">M\u00e1s informaci\u00f3n<\/a><\/div>\n<\/div>\n<\/div>\n\n\n\n<div class=\"wp-block-column is-layout-flow wp-block-column-is-layout-flow\">\n<h3 class=\"wp-block-heading has-text-align-center has-luminous-vivid-amber-background-color has-background\"><a rel=\"noreferrer noopener\" href=\"https:\/\/site.educa.madrid.org\/ies.malasana.mostoles\/index.php\/refuerza\/\" data-type=\"URL\" data-id=\"https:\/\/site.educa.madrid.org\/ies.malasana.mostoles\/index.php\/refuerza\/\" target=\"_blank\"><strong>REFUERZA<\/strong><\/a><\/h3>\n\n\n\n<p class=\"has-text-align-center\">La Consejer\u00eda de Educaci\u00f3n ha decidido implantar un programa espec\u00edfico para propiciar que los institutos de la Comunidad de Madrid, en el ejercicio de su autonom\u00eda, incorporen a su Proyecto educativo la programaci\u00f3n de <strong>actividades extraescolares dirigidas a los alumnos que deseen reforzar y completar su formaci\u00f3n en su propio centro<\/strong>, pero fuera del horario escolar. Este programa, que en adelante se denominar\u00e1 <strong>REFUERZA<\/strong>, incluir\u00e1 clases de refuerzo, seminarios de ampliaci\u00f3n de conocimientos, estudio dirigido, entre otros.<\/p>\n\n\n\n<div class=\"wp-block-buttons is-horizontal is-content-justification-center is-layout-flex wp-container-core-buttons-is-layout-499968f5 wp-block-buttons-is-layout-flex\">\n<div class=\"wp-block-button is-style-outline is-style-outline--3\"><a class=\"wp-block-button__link has-luminous-vivid-amber-background-color has-background wp-element-button\" href=\"https:\/\/site.educa.madrid.org\/ies.malasana.mostoles\/index.php\/refuerza\/\" target=\"_blank\" rel=\"noreferrer noopener\">M\u00e1s informaci\u00f3n<\/a><\/div>\n<\/div>\n<\/div>\n<\/div>\n","protected":false},"excerpt":{"rendered":"<p>Planes del Malasa\u00f1a Programaci\u00f3n General Anual Plan de Acci\u00f3n Tutorial Plan de Convivencia Plan de Actividades Complementarias y Extraescolares Plan de Acogida para el Alumnado de Incorporaci\u00f3n tard\u00eda al Sistema &#8230;<\/p>\n","protected":false},"author":2,"featured_media":0,"parent":267,"menu_order":0,"comment_status":"closed","ping_status":"closed","template":"","meta":{"footnotes":""},"folder":[],"class_list":["post-279","page","type-page","status-publish","hentry"],"rttpg_featured_image_url":null,"rttpg_author":{"display_name":"Coordinador TIC del IES Manuela Malasa\u00f1a","author_link":"https:\/\/site.educa.madrid.org\/ies.malasana.mostoles\/index.php\/author\/cuenta_tic-ies-malasana-mostoles\/"},"rttpg_comment":0,"rttpg_category":false,"rttpg_excerpt":"Planes del Malasa\u00f1a Programaci\u00f3n General Anual Plan de Acci\u00f3n Tutorial Plan de Convivencia Plan de Actividades Complementarias y Extraescolares Plan de Acogida para el Alumnado de Incorporaci\u00f3n tard\u00eda al Sistema ...","post_mailing_queue_ids":[],"_links":{"self":[{"href":"https:\/\/site.educa.madrid.org\/ies.malasana.mostoles\/index.php\/wp-json\/wp\/v2\/pages\/279","targetHints":{"allow":["GET"]}}],"collection":[{"href":"https:\/\/site.educa.madrid.org\/ies.malasana.mostoles\/index.php\/wp-json\/wp\/v2\/pages"}],"about":[{"href":"https:\/\/site.educa.madrid.org\/ies.malasana.mostoles\/index.php\/wp-json\/wp\/v2\/types\/page"}],"author":[{"embeddable":true,"href":"https:\/\/site.educa.madrid.org\/ies.malasana.mostoles\/index.php\/wp-json\/wp\/v2\/users\/2"}],"replies":[{"embeddable":true,"href":"https:\/\/site.educa.madrid.org\/ies.malasana.mostoles\/index.php\/wp-json\/wp\/v2\/comments?post=279"}],"version-history":[{"count":46,"href":"https:\/\/site.educa.madrid.org\/ies.malasana.mostoles\/index.php\/wp-json\/wp\/v2\/pages\/279\/revisions"}],"predecessor-version":[{"id":5252,"href":"https:\/\/site.educa.madrid.org\/ies.malasana.mostoles\/index.php\/wp-json\/wp\/v2\/pages\/279\/revisions\/5252"}],"up":[{"embeddable":true,"href":"https:\/\/site.educa.madrid.org\/ies.malasana.mostoles\/index.php\/wp-json\/wp\/v2\/pages\/267"}],"wp:attachment":[{"href":"https:\/\/site.educa.madrid.org\/ies.malasana.mostoles\/index.php\/wp-json\/wp\/v2\/media?parent=279"}],"wp:term":[{"taxonomy":"folder","embeddable":true,"href":"https:\/\/site.educa.madrid.org\/ies.malasana.mostoles\/index.php\/wp-json\/wp\/v2\/folder?post=279"}],"curies":[{"name":"wp","href":"https:\/\/api.w.org\/{rel}","templated":true}]}}