{"id":291,"date":"2021-02-11T18:02:48","date_gmt":"2021-02-11T18:02:48","guid":{"rendered":"https:\/\/site.educa.madrid.org\/ies.malasana.mostoles\/?page_id=291"},"modified":"2024-01-16T10:08:00","modified_gmt":"2024-01-16T09:08:00","slug":"eso","status":"publish","type":"page","link":"https:\/\/site.educa.madrid.org\/ies.malasana.mostoles\/index.php\/ensenanzas\/eso\/","title":{"rendered":"ESO"},"content":{"rendered":"\t\t\t<!-- Flexy Breadcrumb -->\n\t\t\t<div class=\"fbc fbc-page\">\n\n\t\t\t\t<!-- Breadcrumb wrapper -->\n\t\t\t\t<div class=\"fbc-wrap\">\n\n\t\t\t\t\t<!-- Ordered list-->\n\t\t\t\t\t<ol class=\"fbc-items\" itemscope itemtype=\"https:\/\/schema.org\/BreadcrumbList\">\n\t\t\t\t\t\t            <li itemprop=\"itemListElement\" itemscope itemtype=\"https:\/\/schema.org\/ListItem\">\n                <span itemprop=\"name\">\n                    <!-- Home Link -->\n                    <a itemprop=\"item\" href=\"https:\/\/site.educa.madrid.org\/ies.malasana.mostoles\">\n                    \n                                                    <i class=\"fa fa fa-home\" aria-hidden=\"true\"><\/i>                    <\/a>\n                <\/span>\n                <meta itemprop=\"position\" content=\"1\" \/><!-- Meta Position-->\n             <\/li><li><span class=\"fbc-separator\">><\/span><\/li><li class=\"active\" itemprop=\"itemListElement\" itemscope itemtype=\"https:\/\/schema.org\/ListItem\"><span itemprop=\"name\" title=\"Tabl\u00f3n de anuncios\">Tabl\u00f3n de anuncios<\/span><meta itemprop=\"position\" content=\"2\" \/><\/li>\t\t\t\t\t<\/ol>\n\t\t\t\t\t<div class=\"clearfix\"><\/div>\n\t\t\t\t<\/div>\n\t\t\t<\/div>\n\t\t\t\n\n\n\n<p>La <strong>Educaci\u00f3n Secundaria Obligatoria<\/strong> (ESO) es una etapa educativa obligatoria y gratuita que completa la educaci\u00f3n b\u00e1sica. Consta de cuatro cursos acad\u00e9micos que se realizan ordinariamente entre los 12 y los 16 a\u00f1os de edad. No obstante, los alumnos tendr\u00e1n derecho a permanecer en r\u00e9gimen ordinario cursando la ense\u00f1anza b\u00e1sica hasta los dieciocho a\u00f1os de edad.<\/p>\n\n\n\n<p>Se organiza de acuerdo con los principios de educaci\u00f3n com\u00fan y de atenci\u00f3n a la diversidad y presta especial atenci\u00f3n a la orientaci\u00f3n educativa y profesional del alumnado.<\/p>\n\n\n\n<p>En el IES Manuela Malasa\u00f1a se pueden realizar los cursos de <strong>1\u00b0, 2\u00b0, 3\u00b0 y 4\u00b0 de ESO<\/strong>. Desde el curso 2015-2016 comprende dos ciclos; el primero de tres cursos escolares y el segundo de uno. Este \u00faltimo, de car\u00e1cter fundamentalmente proped\u00e9utico, puede cursarse por una de las dos siguientes opciones:<\/p>\n\n\n\n<ul class=\"wp-block-list\">\n<li>Opci\u00f3n de <strong>ense\u00f1anzas acad\u00e9micas<\/strong> para la iniciaci\u00f3n al Bachillerato.<\/li>\n\n\n\n<li>Opci\u00f3n de <strong>ense\u00f1anzas aplicadas<\/strong> para la iniciaci\u00f3n a la Formaci\u00f3n Profesional.<\/li>\n<\/ul>\n\n\n\n<p>Adem\u00e1s, se ofertan\u00a0los <strong>Programas de Diversificaci\u00f3n Curricular<\/strong> en 3\u00ba ESO y 4\u00ba ESO.<\/p>\n\n\n\n<div class=\"wp-block-group\"><div class=\"wp-block-group__inner-container is-layout-flow wp-block-group-is-layout-flow\">\n<div class=\"wp-block-buttons is-horizontal is-content-justification-center is-layout-flex wp-container-core-buttons-is-layout-499968f5 wp-block-buttons-is-layout-flex\">\n<div class=\"wp-block-button is-style-outline is-style-outline--1\"><a class=\"wp-block-button__link wp-element-button\" href=\"https:\/\/site.educa.madrid.org\/ies.malasana.mostoles\/index.php\/ensenanzas\/plan-de-estudios\/\" target=\"_blank\" rel=\"noreferrer noopener\">Consulta el plan de estudios<\/a><\/div>\n<\/div>\n<\/div><\/div>\n\n\n\n<p><\/p>\n","protected":false},"excerpt":{"rendered":"<p>La Educaci\u00f3n Secundaria Obligatoria (ESO) es una etapa educativa obligatoria y gratuita que completa la educaci\u00f3n b\u00e1sica. Consta de cuatro cursos acad\u00e9micos que se realizan ordinariamente entre los 12 y &#8230;<\/p>\n","protected":false},"author":2,"featured_media":0,"parent":267,"menu_order":0,"comment_status":"closed","ping_status":"closed","template":"","meta":{"footnotes":""},"folder":[],"class_list":["post-291","page","type-page","status-publish","hentry"],"rttpg_featured_image_url":null,"rttpg_author":{"display_name":"Coordinador TIC del IES Manuela Malasa\u00f1a","author_link":"https:\/\/site.educa.madrid.org\/ies.malasana.mostoles\/index.php\/author\/cuenta_tic-ies-malasana-mostoles\/"},"rttpg_comment":0,"rttpg_category":false,"rttpg_excerpt":"La Educaci\u00f3n Secundaria Obligatoria (ESO) es una etapa educativa obligatoria y gratuita que completa la educaci\u00f3n b\u00e1sica. Consta de cuatro cursos acad\u00e9micos que se realizan ordinariamente entre los 12 y ...","post_mailing_queue_ids":[],"_links":{"self":[{"href":"https:\/\/site.educa.madrid.org\/ies.malasana.mostoles\/index.php\/wp-json\/wp\/v2\/pages\/291","targetHints":{"allow":["GET"]}}],"collection":[{"href":"https:\/\/site.educa.madrid.org\/ies.malasana.mostoles\/index.php\/wp-json\/wp\/v2\/pages"}],"about":[{"href":"https:\/\/site.educa.madrid.org\/ies.malasana.mostoles\/index.php\/wp-json\/wp\/v2\/types\/page"}],"author":[{"embeddable":true,"href":"https:\/\/site.educa.madrid.org\/ies.malasana.mostoles\/index.php\/wp-json\/wp\/v2\/users\/2"}],"replies":[{"embeddable":true,"href":"https:\/\/site.educa.madrid.org\/ies.malasana.mostoles\/index.php\/wp-json\/wp\/v2\/comments?post=291"}],"version-history":[{"count":17,"href":"https:\/\/site.educa.madrid.org\/ies.malasana.mostoles\/index.php\/wp-json\/wp\/v2\/pages\/291\/revisions"}],"predecessor-version":[{"id":3592,"href":"https:\/\/site.educa.madrid.org\/ies.malasana.mostoles\/index.php\/wp-json\/wp\/v2\/pages\/291\/revisions\/3592"}],"up":[{"embeddable":true,"href":"https:\/\/site.educa.madrid.org\/ies.malasana.mostoles\/index.php\/wp-json\/wp\/v2\/pages\/267"}],"wp:attachment":[{"href":"https:\/\/site.educa.madrid.org\/ies.malasana.mostoles\/index.php\/wp-json\/wp\/v2\/media?parent=291"}],"wp:term":[{"taxonomy":"folder","embeddable":true,"href":"https:\/\/site.educa.madrid.org\/ies.malasana.mostoles\/index.php\/wp-json\/wp\/v2\/folder?post=291"}],"curies":[{"name":"wp","href":"https:\/\/api.w.org\/{rel}","templated":true}]}}