{"id":294,"date":"2021-02-11T18:04:41","date_gmt":"2021-02-11T17:04:41","guid":{"rendered":"https:\/\/site.educa.madrid.org\/ies.malasana.mostoles\/?page_id=294"},"modified":"2024-05-30T07:37:03","modified_gmt":"2024-05-30T05:37:03","slug":"bachillerato","status":"publish","type":"page","link":"https:\/\/site.educa.madrid.org\/ies.malasana.mostoles\/index.php\/ensenanzas\/bachillerato\/","title":{"rendered":"Bachillerato"},"content":{"rendered":"\n<h2 class=\"wp-block-heading\">Bachillerato<\/h2>\n\n\n\t\t\t<!-- Flexy Breadcrumb -->\n\t\t\t<div class=\"fbc fbc-page\">\n\n\t\t\t\t<!-- Breadcrumb wrapper -->\n\t\t\t\t<div class=\"fbc-wrap\">\n\n\t\t\t\t\t<!-- Ordered list-->\n\t\t\t\t\t<ol class=\"fbc-items\" itemscope itemtype=\"https:\/\/schema.org\/BreadcrumbList\">\n\t\t\t\t\t\t            <li itemprop=\"itemListElement\" itemscope itemtype=\"https:\/\/schema.org\/ListItem\">\n                <span itemprop=\"name\">\n                    <!-- Home Link -->\n                    <a itemprop=\"item\" href=\"https:\/\/site.educa.madrid.org\/ies.malasana.mostoles\">\n                    \n                                                    <i class=\"fa fa fa-home\" aria-hidden=\"true\"><\/i>                    <\/a>\n                <\/span>\n                <meta itemprop=\"position\" content=\"1\" \/><!-- Meta Position-->\n             <\/li><li><span class=\"fbc-separator\">><\/span><\/li><li class=\"active\" itemprop=\"itemListElement\" itemscope itemtype=\"https:\/\/schema.org\/ListItem\"><span itemprop=\"name\" title=\"Tabl\u00f3n de anuncios\">Tabl\u00f3n de anuncios<\/span><meta itemprop=\"position\" content=\"2\" \/><\/li>\t\t\t\t\t<\/ol>\n\t\t\t\t\t<div class=\"clearfix\"><\/div>\n\t\t\t\t<\/div>\n\t\t\t<\/div>\n\t\t\t\n\n\n\n<p>El <strong>Bachillerato<\/strong> forma parte de la Educaci\u00f3n Secundaria postobligatoria, y por lo tanto tiene car\u00e1cter voluntario. Comprende dos cursos acad\u00e9micos, que se realizan ordinariamente entre los 16 y 18 a\u00f1os de edad.<\/p>\n\n\n\n<p>El Bachillerato se desarrolla en modalidades diferentes, se organiza de modo flexible y, en su caso, en distintas v\u00edas, a fin de que pueda ofrecer una preparaci\u00f3n especializada a los alumnos acorde con sus perspectivas e intereses de formaci\u00f3n o permita la incorporaci\u00f3n a la vida activa una vez finalizado el mismo.<\/p>\n\n\n\n<p>En el IES Manuela Malasa\u00f1a ofrecemos las modalidades de Bachillerato de&nbsp;<strong><em>Humanidades y Ciencias Sociales<\/em><\/strong>&nbsp;y Bachillerato de&nbsp;<strong><em>Ciencias y Tecnolog\u00eda<\/em><\/strong>.<\/p>\n\n\n\n<p>El t\u00edtulo de Bachiller facultar\u00e1 para acceder a las siguientes ense\u00f1anzas:<\/p>\n\n\n\n<ul class=\"wp-block-list\">\n<li>Incorporarte a la ense\u00f1anza universitaria, ser\u00e1 necesario superar la Prueba de Acceso a la Universidad.<\/li>\n\n\n\n<li>Las ense\u00f1anzas art\u00edsticas superiores.<\/li>\n\n\n\n<li>La formaci\u00f3n profesional de grado superior.<\/li>\n\n\n\n<li>Las ense\u00f1anzas profesionales de artes pl\u00e1sticas y dise\u00f1o de grado superior.<\/li>\n\n\n\n<li>Las ense\u00f1anzas deportivas de grado superior.<\/li>\n<\/ul>\n\n\n\n<div class=\"wp-block-buttons is-horizontal is-content-justification-center is-layout-flex wp-container-core-buttons-is-layout-499968f5 wp-block-buttons-is-layout-flex\">\n<div class=\"wp-block-button is-style-outline is-style-outline--1\"><a class=\"wp-block-button__link has-black-color has-text-color wp-element-button\" href=\"https:\/\/site.educa.madrid.org\/ies.malasana.mostoles\/index.php\/ensenanzas\/plan-de-estudios\/\" target=\"_blank\" rel=\"noreferrer noopener\">Consulta el plan de estudios del Malasa\u00f1a<\/a><\/div>\n<\/div>\n\n\n\n<p><\/p>\n\n\n\n<h2 class=\"wp-block-heading has-black-color has-very-light-gray-to-cyan-bluish-gray-gradient-background has-text-color has-background\">EvAU<\/h2>\n\n\n\n<p>La EvAU es la prueba que deben superar los alumnos que han obtenido el t\u00edtulo de bachillerato espa\u00f1ol para poder acceder a estudios oficiales de grado en la universidad.<\/p>\n\n\n\n<p>Anualmente se celebrar\u00e1n&nbsp;<a href=\"https:\/\/www.comunidad.madrid\/servicios\/educacion\/calendario-acceso-universidad\">dos convocatorias de EvAU<\/a>, una ordinaria y otra extraordinaria, que suelen tener lugar en los meses de junio y julio, respectivamente.<\/p>\n\n\n\n<p>Esta prueba est\u00e1 dividida en dos fases: obligatoria y voluntaria:<\/p>\n\n\n\n<div class=\"wp-block-columns is-layout-flex wp-container-core-columns-is-layout-9d6595d7 wp-block-columns-is-layout-flex\">\n<div class=\"wp-block-column is-layout-flow wp-block-column-is-layout-flow\">\n<h4 class=\"wp-block-heading has-very-light-gray-to-cyan-bluish-gray-gradient-background has-background\"><strong>Fase obligatoria<\/strong><\/h4>\n\n\n\n<p>La&nbsp;<strong>fase obligatoria<\/strong>&nbsp;es la que otorga el aprobado en la EvAU y por lo tanto la que da acceso a estudios oficiales de grado. Las asignaturas de esta fase no son elegibles y son las siguientes:<\/p>\n\n\n\n<ol class=\"wp-block-list\">\n<li><strong>Lengua Castellana y Literatura II<\/strong><\/li>\n\n\n\n<li><strong>Historia de Espa\u00f1a<\/strong><\/li>\n\n\n\n<li><strong>Primera Lengua Extranjera<\/strong><\/li>\n\n\n\n<li>Dependiendo de la modalidad de bachillerato cursada, el alumno deber\u00e1 examinarse de&nbsp;<strong>An\u00e1lisis Musical II, Artes Esc\u00e9nicas II, Ciencias Generales, Dibujo Art\u00edstico II,&nbsp;Lat\u00edn II,&nbsp;Matem\u00e1ticas II&nbsp;<\/strong>o&nbsp;<strong>Matem\u00e1ticas Aplicadas a las Ciencias Sociales II.<\/strong><\/li>\n<\/ol>\n<\/div>\n\n\n\n<div class=\"wp-block-column is-layout-flow wp-block-column-is-layout-flow\">\n<h4 class=\"wp-block-heading has-very-light-gray-to-cyan-bluish-gray-gradient-background has-background\">Fase voluntaria<\/h4>\n\n\n\n<p>La&nbsp;<strong>fase voluntaria<\/strong>&nbsp;est\u00e1 compuesta por materias troncales de opci\u00f3n, que el estudiante puede elegir libremente (sin ser obligatorio haberlas cursado en su bachillerato) de entre aquellas que m\u00e1s le convenga para el grado que quiera cursar, atendiendo a las&nbsp;<a href=\"https:\/\/www.comunidad.madrid\/servicios\/educacion\/herramientas-orientacion-universitaria#ponderaciones-notas-acceso\">ponderaciones<\/a>&nbsp;que cada universidad haya establecido. En esta fase, se podr\u00e1n examinar de un m\u00e1ximo de 4 asignaturas, de las que las universidades tendr\u00e1n en cuenta las dos mejores calificaciones obtenidas, tras aplicar la ponderaci\u00f3n correspondiente.<\/p>\n\n\n\n<p>Las ponderaciones son v\u00e1lidas \u00fanicamente durante los dos cursos de acceso siguientes desde su superaci\u00f3n. Las calificaciones de las asignaturas superadas en esta fase y sus ponderaciones solo podr\u00e1n ser tenidas en cuenta si el alumno ha superado la fase obligatoria.<\/p>\n<\/div>\n<\/div>\n\n\n\n<div class=\"wp-block-buttons is-content-justification-center is-layout-flex wp-container-core-buttons-is-layout-16018d1d wp-block-buttons-is-layout-flex\">\n<div class=\"wp-block-button is-style-outline is-style-outline--2\"><a class=\"wp-block-button__link has-black-color has-white-background-color has-text-color has-background wp-element-button\" href=\"http:\/\/www.emes.es\/Accesouniversidad\/Bachillerato\/Calculatunotadeacceso\/tabid\/648\/Default.aspx\">Calcula tu nota de acceso<\/a><\/div>\n<\/div>\n\n\n\n<p><\/p>\n\n\n\n<h3 class=\"wp-block-heading\">\u00daltimas entradas sobre la EvAU<\/h3>\n\n\n<ul class=\"wp-block-latest-posts__list is-grid columns-3 has-dates wp-block-latest-posts\"><li><a class=\"wp-block-latest-posts__post-title\" href=\"https:\/\/site.educa.madrid.org\/ies.malasana.mostoles\/index.php\/2025\/07\/02\/listados-provisionales-de-menciones-honorificas-y-diplomas-de-aprovechamiento\/\">Listados provisionales de Menciones honor\u00edficas y Diplomas de Aprovechamiento<\/a><time datetime=\"2025-07-02T09:59:01+02:00\" class=\"wp-block-latest-posts__post-date\">2 julio, 2025<\/time><\/li>\n<li><a class=\"wp-block-latest-posts__post-title\" href=\"https:\/\/site.educa.madrid.org\/ies.malasana.mostoles\/index.php\/2024\/05\/30\/preinscripcion-para-el-ingreso-en-las-universidades-publicas-de-madrid\/\">Preinscripci\u00f3n para el ingreso en las universidades p\u00fablicas de Madrid<\/a><time datetime=\"2024-05-30T06:55:38+02:00\" class=\"wp-block-latest-posts__post-date\">30 mayo, 2024<\/time><\/li>\n<li><a class=\"wp-block-latest-posts__post-title\" href=\"https:\/\/site.educa.madrid.org\/ies.malasana.mostoles\/index.php\/2024\/04\/11\/evau-2024-informacion-importante\/\">EVAU 2024 &#8211; Informaci\u00f3n importante<\/a><time datetime=\"2024-04-11T18:57:08+02:00\" class=\"wp-block-latest-posts__post-date\">11 abril, 2024<\/time><\/li>\n<\/ul>\n\n\n<p><\/p>\n\n\n\n<h2 class=\"wp-block-heading has-black-color has-very-light-gray-to-cyan-bluish-gray-gradient-background has-text-color has-background\">Admisi\u00f3n en las universidades p\u00fablicas de Madrid<\/h2>\n\n\n\n<p>Para solicitar plaza en las universidades p\u00fablicas de Madrid con selectividad, FP o titulaci\u00f3n universitaria, debes rellenar una sola&nbsp;<strong>solicitud on-line<\/strong>, pidiendo hasta 12 estudios por orden de preferencia de entre todos los ofertados en las seis universidades.<\/p>\n\n\n\n<div class=\"wp-block-buttons is-content-justification-center is-layout-flex wp-container-core-buttons-is-layout-16018d1d wp-block-buttons-is-layout-flex\">\n<div class=\"wp-block-button is-style-outline is-style-outline--3\"><a class=\"wp-block-button__link has-black-color has-text-color wp-element-button\" href=\"https:\/\/site.educa.madrid.org\/ies.malasana.mostoles\/index.php\/ensenanzas\/bachillerato\/admision-en-las-universidades-publicas-de-madrid\/\">Consulta la informaci\u00f3n aqu\u00ed<\/a><\/div>\n<\/div>\n\n\n\n<p><\/p>\n\n\n\n<h2 class=\"wp-block-heading has-black-color has-very-light-gray-to-cyan-bluish-gray-gradient-background has-text-color has-background\">Otra informaci\u00f3n relevante<\/h2>\n\n\n\n<div class=\"wp-block-columns is-layout-flex wp-container-core-columns-is-layout-9d6595d7 wp-block-columns-is-layout-flex\">\n<div class=\"wp-block-column is-layout-flow wp-block-column-is-layout-flow\">\n<div class=\"wp-block-buttons is-content-justification-center is-layout-flex wp-container-core-buttons-is-layout-16018d1d wp-block-buttons-is-layout-flex\">\n<div class=\"wp-block-button is-style-outline is-style-outline--4\"><a class=\"wp-block-button__link has-black-color has-white-background-color has-text-color has-background wp-element-button\" href=\"https:\/\/site.educa.madrid.org\/ies.malasana.mostoles\/\/wp-content\/uploads\/ies.malasana.mostoles\/2024\/02\/notas_de_corte_2022-2023.pdf\">Notas de corte 2022-23<\/a><\/div>\n<\/div>\n<\/div>\n\n\n\n<div class=\"wp-block-column is-layout-flow wp-block-column-is-layout-flow\">\n<div class=\"wp-block-buttons is-content-justification-center is-layout-flex wp-container-core-buttons-is-layout-16018d1d wp-block-buttons-is-layout-flex\">\n<div class=\"wp-block-button is-style-outline is-style-outline--5\"><a class=\"wp-block-button__link has-black-color has-text-color wp-element-button\" href=\"https:\/\/site.educa.madrid.org\/ies.malasana.mostoles\/\/wp-content\/uploads\/ies.malasana.mostoles\/2024\/02\/notas_de_corte_2022-2023.pdf\">Ponderaciones 2024-25<\/a><\/div>\n<\/div>\n<\/div>\n<\/div>\n","protected":false},"excerpt":{"rendered":"<p>Bachillerato El Bachillerato forma parte de la Educaci\u00f3n Secundaria postobligatoria, y por lo tanto tiene car\u00e1cter voluntario. Comprende dos cursos acad\u00e9micos, que se realizan ordinariamente entre los 16 y 18 &#8230;<\/p>\n","protected":false},"author":2,"featured_media":0,"parent":267,"menu_order":0,"comment_status":"closed","ping_status":"closed","template":"","meta":{"footnotes":""},"folder":[],"class_list":["post-294","page","type-page","status-publish","hentry"],"rttpg_featured_image_url":null,"rttpg_author":{"display_name":"Coordinador TIC del IES Manuela Malasa\u00f1a","author_link":"https:\/\/site.educa.madrid.org\/ies.malasana.mostoles\/index.php\/author\/cuenta_tic-ies-malasana-mostoles\/"},"rttpg_comment":0,"rttpg_category":false,"rttpg_excerpt":"Bachillerato El Bachillerato forma parte de la Educaci\u00f3n Secundaria postobligatoria, y por lo tanto tiene car\u00e1cter voluntario. Comprende dos cursos acad\u00e9micos, que se realizan ordinariamente entre los 16 y 18 ...","post_mailing_queue_ids":[],"_links":{"self":[{"href":"https:\/\/site.educa.madrid.org\/ies.malasana.mostoles\/index.php\/wp-json\/wp\/v2\/pages\/294","targetHints":{"allow":["GET"]}}],"collection":[{"href":"https:\/\/site.educa.madrid.org\/ies.malasana.mostoles\/index.php\/wp-json\/wp\/v2\/pages"}],"about":[{"href":"https:\/\/site.educa.madrid.org\/ies.malasana.mostoles\/index.php\/wp-json\/wp\/v2\/types\/page"}],"author":[{"embeddable":true,"href":"https:\/\/site.educa.madrid.org\/ies.malasana.mostoles\/index.php\/wp-json\/wp\/v2\/users\/2"}],"replies":[{"embeddable":true,"href":"https:\/\/site.educa.madrid.org\/ies.malasana.mostoles\/index.php\/wp-json\/wp\/v2\/comments?post=294"}],"version-history":[{"count":18,"href":"https:\/\/site.educa.madrid.org\/ies.malasana.mostoles\/index.php\/wp-json\/wp\/v2\/pages\/294\/revisions"}],"predecessor-version":[{"id":4016,"href":"https:\/\/site.educa.madrid.org\/ies.malasana.mostoles\/index.php\/wp-json\/wp\/v2\/pages\/294\/revisions\/4016"}],"up":[{"embeddable":true,"href":"https:\/\/site.educa.madrid.org\/ies.malasana.mostoles\/index.php\/wp-json\/wp\/v2\/pages\/267"}],"wp:attachment":[{"href":"https:\/\/site.educa.madrid.org\/ies.malasana.mostoles\/index.php\/wp-json\/wp\/v2\/media?parent=294"}],"wp:term":[{"taxonomy":"folder","embeddable":true,"href":"https:\/\/site.educa.madrid.org\/ies.malasana.mostoles\/index.php\/wp-json\/wp\/v2\/folder?post=294"}],"curies":[{"name":"wp","href":"https:\/\/api.w.org\/{rel}","templated":true}]}}