{"id":335,"date":"2021-02-11T18:30:25","date_gmt":"2021-02-11T18:30:25","guid":{"rendered":"https:\/\/site.educa.madrid.org\/ies.malasana.mostoles\/?page_id=335"},"modified":"2022-02-13T22:09:52","modified_gmt":"2022-02-13T21:09:52","slug":"biblioteca","status":"publish","type":"page","link":"https:\/\/site.educa.madrid.org\/ies.malasana.mostoles\/index.php\/servicios-y-actividades\/biblioteca\/","title":{"rendered":"Biblioteca"},"content":{"rendered":"\t\t\t<!-- Flexy Breadcrumb -->\n\t\t\t<div class=\"fbc fbc-page\">\n\n\t\t\t\t<!-- Breadcrumb wrapper -->\n\t\t\t\t<div class=\"fbc-wrap\">\n\n\t\t\t\t\t<!-- Ordered list-->\n\t\t\t\t\t<ol class=\"fbc-items\" itemscope itemtype=\"https:\/\/schema.org\/BreadcrumbList\">\n\t\t\t\t\t\t            <li itemprop=\"itemListElement\" itemscope itemtype=\"https:\/\/schema.org\/ListItem\">\n                <span itemprop=\"name\">\n                    <!-- Home Link -->\n                    <a itemprop=\"item\" href=\"https:\/\/site.educa.madrid.org\/ies.malasana.mostoles\">\n                    \n                                                    <i class=\"fa fa fa-home\" aria-hidden=\"true\"><\/i>                    <\/a>\n                <\/span>\n                <meta itemprop=\"position\" content=\"1\" \/><!-- Meta Position-->\n             <\/li><li><span class=\"fbc-separator\">><\/span><\/li><li class=\"active\" itemprop=\"itemListElement\" itemscope itemtype=\"https:\/\/schema.org\/ListItem\"><span itemprop=\"name\" title=\"Tabl\u00f3n de anuncios\">Tabl\u00f3n de anuncios<\/span><meta itemprop=\"position\" content=\"2\" \/><\/li>\t\t\t\t\t<\/ol>\n\t\t\t\t\t<div class=\"clearfix\"><\/div>\n\t\t\t\t<\/div>\n\t\t\t<\/div>\n\t\t\t\n\n\n\n<p>El centro dispone de\u00a0<strong>dos bibliotecas<\/strong>\u00a0a disposici\u00f3n de los alumnos.\u00a0 En el edificio principal se encuentra la biblioteca principal, a la que denominamos \u00abPedro Puyol\u00bb. Consta de m\u00e1s de 5.000 ejemplares y dos puestos de ordenador para los alumnos.\u00a0 La Biblioteca del edificio Ram\u00f3n y Cajal es m\u00e1s peque\u00f1a, pero cuenta con unos 1.000 ejemplares y un puesto de ordenador para los alumnos.<\/p>\n\n\n\n<div class=\"wp-block-image\"><figure class=\"aligncenter size-medium\"><img loading=\"lazy\" decoding=\"async\" width=\"225\" height=\"300\" src=\"https:\/\/site.educa.madrid.org\/ies.malasana.mostoles\/\/wp-content\/uploads\/ies.malasana.mostoles\/2022\/02\/Ordenadores-biblioteca-225x300.jpeg\" alt=\"\" class=\"wp-image-2253\" srcset=\"https:\/\/site.educa.madrid.org\/ies.malasana.mostoles\/\/wp-content\/uploads\/ies.malasana.mostoles\/2022\/02\/Ordenadores-biblioteca-225x300.jpeg 225w, https:\/\/site.educa.madrid.org\/ies.malasana.mostoles\/\/wp-content\/uploads\/ies.malasana.mostoles\/2022\/02\/Ordenadores-biblioteca-768x1024.jpeg 768w, https:\/\/site.educa.madrid.org\/ies.malasana.mostoles\/\/wp-content\/uploads\/ies.malasana.mostoles\/2022\/02\/Ordenadores-biblioteca-300x400.jpeg 300w, https:\/\/site.educa.madrid.org\/ies.malasana.mostoles\/\/wp-content\/uploads\/ies.malasana.mostoles\/2022\/02\/Ordenadores-biblioteca-1152x1536.jpeg 1152w, https:\/\/site.educa.madrid.org\/ies.malasana.mostoles\/\/wp-content\/uploads\/ies.malasana.mostoles\/2022\/02\/Ordenadores-biblioteca-1536x2048.jpeg 1536w, https:\/\/site.educa.madrid.org\/ies.malasana.mostoles\/\/wp-content\/uploads\/ies.malasana.mostoles\/2022\/02\/Ordenadores-biblioteca-scaled.jpeg 1920w\" sizes=\"auto, (max-width: 225px) 100vw, 225px\" \/><\/figure><\/div>\n","protected":false},"excerpt":{"rendered":"<p>El centro dispone de\u00a0dos bibliotecas\u00a0a disposici\u00f3n de los alumnos.\u00a0 En el edificio principal se encuentra la biblioteca principal, a la que denominamos \u00abPedro Puyol\u00bb. Consta de m\u00e1s de 5.000 ejemplares &#8230;<\/p>\n","protected":false},"author":2,"featured_media":0,"parent":270,"menu_order":0,"comment_status":"closed","ping_status":"closed","template":"","meta":{"footnotes":""},"folder":[],"class_list":["post-335","page","type-page","status-publish","hentry"],"rttpg_featured_image_url":null,"rttpg_author":{"display_name":"Coordinador TIC del IES Manuela Malasa\u00f1a","author_link":"https:\/\/site.educa.madrid.org\/ies.malasana.mostoles\/index.php\/author\/cuenta_tic-ies-malasana-mostoles\/"},"rttpg_comment":0,"rttpg_category":false,"rttpg_excerpt":"El centro dispone de\u00a0dos bibliotecas\u00a0a disposici\u00f3n de los alumnos.\u00a0 En el edificio principal se encuentra la biblioteca principal, a la que denominamos \u00abPedro Puyol\u00bb. Consta de m\u00e1s de 5.000 ejemplares ...","post_mailing_queue_ids":[],"_links":{"self":[{"href":"https:\/\/site.educa.madrid.org\/ies.malasana.mostoles\/index.php\/wp-json\/wp\/v2\/pages\/335","targetHints":{"allow":["GET"]}}],"collection":[{"href":"https:\/\/site.educa.madrid.org\/ies.malasana.mostoles\/index.php\/wp-json\/wp\/v2\/pages"}],"about":[{"href":"https:\/\/site.educa.madrid.org\/ies.malasana.mostoles\/index.php\/wp-json\/wp\/v2\/types\/page"}],"author":[{"embeddable":true,"href":"https:\/\/site.educa.madrid.org\/ies.malasana.mostoles\/index.php\/wp-json\/wp\/v2\/users\/2"}],"replies":[{"embeddable":true,"href":"https:\/\/site.educa.madrid.org\/ies.malasana.mostoles\/index.php\/wp-json\/wp\/v2\/comments?post=335"}],"version-history":[{"count":3,"href":"https:\/\/site.educa.madrid.org\/ies.malasana.mostoles\/index.php\/wp-json\/wp\/v2\/pages\/335\/revisions"}],"predecessor-version":[{"id":2258,"href":"https:\/\/site.educa.madrid.org\/ies.malasana.mostoles\/index.php\/wp-json\/wp\/v2\/pages\/335\/revisions\/2258"}],"up":[{"embeddable":true,"href":"https:\/\/site.educa.madrid.org\/ies.malasana.mostoles\/index.php\/wp-json\/wp\/v2\/pages\/270"}],"wp:attachment":[{"href":"https:\/\/site.educa.madrid.org\/ies.malasana.mostoles\/index.php\/wp-json\/wp\/v2\/media?parent=335"}],"wp:term":[{"taxonomy":"folder","embeddable":true,"href":"https:\/\/site.educa.madrid.org\/ies.malasana.mostoles\/index.php\/wp-json\/wp\/v2\/folder?post=335"}],"curies":[{"name":"wp","href":"https:\/\/api.w.org\/{rel}","templated":true}]}}