{"id":341,"date":"2021-02-11T18:31:50","date_gmt":"2021-02-11T17:31:50","guid":{"rendered":"https:\/\/site.educa.madrid.org\/ies.malasana.mostoles\/?page_id=341"},"modified":"2025-10-06T22:03:42","modified_gmt":"2025-10-06T20:03:42","slug":"cafeteria","status":"publish","type":"page","link":"https:\/\/site.educa.madrid.org\/ies.malasana.mostoles\/index.php\/servicios\/cafeteria\/","title":{"rendered":"Cafeter\u00eda"},"content":{"rendered":"\t\t\t<!-- Flexy Breadcrumb -->\n\t\t\t<div class=\"fbc fbc-page\">\n\n\t\t\t\t<!-- Breadcrumb wrapper -->\n\t\t\t\t<div class=\"fbc-wrap\">\n\n\t\t\t\t\t<!-- Ordered list-->\n\t\t\t\t\t<ol class=\"fbc-items\" itemscope itemtype=\"https:\/\/schema.org\/BreadcrumbList\">\n\t\t\t\t\t\t            <li itemprop=\"itemListElement\" itemscope itemtype=\"https:\/\/schema.org\/ListItem\">\n                <span itemprop=\"name\">\n                    <!-- Home Link -->\n                    <a itemprop=\"item\" href=\"https:\/\/site.educa.madrid.org\/ies.malasana.mostoles\">\n                    \n                                                    <i class=\"fa fa fa-home\" aria-hidden=\"true\"><\/i>                    <\/a>\n                <\/span>\n                <meta itemprop=\"position\" content=\"1\" \/><!-- Meta Position-->\n             <\/li><li><span class=\"fbc-separator\">><\/span><\/li><li class=\"active\" itemprop=\"itemListElement\" itemscope itemtype=\"https:\/\/schema.org\/ListItem\"><span itemprop=\"name\" title=\"Tabl\u00f3n de anuncios\">Tabl\u00f3n de anuncios<\/span><meta itemprop=\"position\" content=\"2\" \/><\/li>\t\t\t\t\t<\/ol>\n\t\t\t\t\t<div class=\"clearfix\"><\/div>\n\t\t\t\t<\/div>\n\t\t\t<\/div>\n\t\t\t\n\n\n\n<p>El IES Manuela Malasa\u00f1a no dispone de comedor escolar, propiamente dicho. Sin embargo, el&nbsp;<strong>Consejo Escolar<\/strong>&nbsp;del Centro, preocupado por proporcionar a los alumnos del centro una Educaci\u00f3n de Calidad y con las mejores condiciones posibles, ha acordado una&nbsp;<strong>contrata de servicio de cafeter\u00eda&nbsp;<\/strong>en el centro. Adem\u00e1s de cualquier otro producto de la cafeter\u00eda, se sirven men\u00fas especiales para alumnos a precios asequibles (y que aprueba anualmente el Consejo Escolar).<\/p>\n\n\n\n<hr class=\"wp-block-separator has-css-opacity\"\/>\n\n\n\n<div class=\"wp-block-columns is-layout-flex wp-container-core-columns-is-layout-9d6595d7 wp-block-columns-is-layout-flex\">\n<div class=\"wp-block-column is-layout-flow wp-block-column-is-layout-flow\">\n<h5 class=\"wp-block-heading has-text-align-center has-background\" style=\"background-color:#fdc0cf\">Desayunos<\/h5>\n\n\n\n<figure class=\"wp-block-table is-style-stripes\"><table><thead><tr><th class=\"has-text-align-center\" data-align=\"center\">2,60\u20ac<\/th><\/tr><\/thead><tbody><tr><td class=\"has-text-align-center\" data-align=\"center\">Caf\u00e9, t\u00e9, infusi\u00f3n, leche, colacao, etc.<\/td><\/tr><tr><td class=\"has-text-align-center\" data-align=\"center\">Tostada (aceite y tomate, o mermelada y mantequilla) o boller\u00eda<\/td><\/tr><\/tbody><\/table><\/figure>\n\n\n\n<figure class=\"wp-block-table is-style-stripes\"><table><thead><tr><th class=\"has-text-align-center\" data-align=\"center\">adem\u00e1s<\/th><\/tr><\/thead><tbody><tr><td class=\"has-text-align-center\" data-align=\"center\"><strong>Lunes<\/strong>: magdalenas caseras<\/td><\/tr><tr><td class=\"has-text-align-center\" data-align=\"center\"><strong>Martes<\/strong>: torrijas<\/td><\/tr><tr><td class=\"has-text-align-center\" data-align=\"center\"><strong>Mi\u00e9rcoles<\/strong>: churros y porras<\/td><\/tr><tr><td class=\"has-text-align-center\" data-align=\"center\"><strong>Jueves<\/strong>: bizcocho casero<\/td><\/tr><\/tbody><\/table><\/figure>\n<\/div>\n\n\n\n<div class=\"wp-block-column is-layout-flow wp-block-column-is-layout-flow\">\n<h5 class=\"wp-block-heading has-text-align-center has-background\" style=\"background-color:#fdc0cf\">Men\u00fas<\/h5>\n\n\n\n<p class=\"has-text-align-center\"><em><strong>Avisar <\/strong>en<\/em> recepci\u00f3n instituto por las ma\u00f1anas<\/p>\n\n\n\n<figure class=\"wp-block-table is-style-stripes\"><table><tbody><tr><td class=\"has-text-align-center\" data-align=\"center\"><strong>Men\u00fa completo<\/strong> (2 platos, agua, pan, postre o caf\u00e9)<\/td><td class=\"has-text-align-center\" data-align=\"center\">11\u20ac (8,50\u20ac alumnos)<\/td><\/tr><tr><td class=\"has-text-align-center\" data-align=\"center\"><strong>Medio men\u00fa<\/strong> (1 plato, agua, pan, postre o caf\u00e99<\/td><td class=\"has-text-align-center\" data-align=\"center\">8\u20ac<\/td><\/tr><tr><td class=\"has-text-align-center\" data-align=\"center\"><strong>Plato combinado<\/strong><\/td><td class=\"has-text-align-center\" data-align=\"center\">8\u20ac<\/td><\/tr><\/tbody><\/table><\/figure>\n\n\n\n<p class=\"has-text-align-center\">El men\u00fa se cambia diariamente, para comer en cafeter\u00eda o llevar para casa. Todo los platos combinados llevan una verdura o ensalada, m\u00e1s un filete de ternera, pollo, lomo, tortilla, etc. previa petici\u00f3n del cliente en cafeter\u00eda a lo largo de la ma\u00f1ana o por tel\u00e9fono <a href=\"tel:916453978\">916 45 39 78<\/a><\/p>\n<\/div>\n<\/div>\n\n\n\n<hr class=\"wp-block-separator has-css-opacity\"\/>\n\n\n\n<h5 class=\"wp-block-heading has-text-align-center has-background\" style=\"background-color:#fdc0cf\"><strong>LISTA DE PRODUCTOS Y PRECIOS<\/strong><\/h5>\n\n\n\n<div class=\"wp-block-columns is-layout-flex wp-container-core-columns-is-layout-9d6595d7 wp-block-columns-is-layout-flex\">\n<div class=\"wp-block-column is-layout-flow wp-block-column-is-layout-flow\">\n<h6 class=\"wp-block-heading has-text-align-center\"><strong>Caf\u00e9s e infusiones<\/strong><\/h6>\n\n\n\n<figure class=\"wp-block-table is-style-stripes\"><table><tbody><tr><td class=\"has-text-align-center\" data-align=\"center\">Caf\u00e9 solo, con leche, colacao<\/td><td class=\"has-text-align-center\" data-align=\"center\">1,30\u20ac<\/td><\/tr><tr><td class=\"has-text-align-center\" data-align=\"center\">Infusiones, rooibos, t\u00e9, poleo, manzanilla, etc.<\/td><td class=\"has-text-align-center\" data-align=\"center\">1,30\u20ac<\/td><\/tr><\/tbody><\/table><\/figure>\n\n\n\n<h6 class=\"wp-block-heading has-text-align-center\"><strong>Boller\u00eda casera y artesana<\/strong><\/h6>\n\n\n\n<figure class=\"wp-block-table is-style-stripes\"><table><tbody><tr><td class=\"has-text-align-center\" data-align=\"center\">Palmeras de chocolate<\/td><td class=\"has-text-align-center\" data-align=\"center\">0,80-1,20\u20ac<\/td><\/tr><tr><td class=\"has-text-align-center\" data-align=\"center\">Napolitana, croissant, magdalena, donuts, KitKat, Tokke, etc.<\/td><td class=\"has-text-align-center\" data-align=\"center\">1,40\u20ac<\/td><\/tr><tr><td class=\"has-text-align-center\" data-align=\"center\">Huesitos<\/td><td class=\"has-text-align-center\" data-align=\"center\">0,30-1,20\u20ac<\/td><\/tr><tr><td class=\"has-text-align-center\" data-align=\"center\">Bizcochos caseros<\/td><td class=\"has-text-align-center\" data-align=\"center\">1,40\u20ac<\/td><\/tr><tr><td class=\"has-text-align-center\" data-align=\"center\">Productos diet\u00e9ticos, barritas energ\u00e9ticas, galletas, etc.<\/td><td class=\"has-text-align-center\" data-align=\"center\">1,20\u20ac<\/td><\/tr><\/tbody><\/table><\/figure>\n<\/div>\n\n\n\n<div class=\"wp-block-column is-layout-flow wp-block-column-is-layout-flow\">\n<h6 class=\"wp-block-heading has-text-align-center\">varios<\/h6>\n\n\n\n<figure class=\"wp-block-table is-style-stripes\"><table><tbody><tr><td class=\"has-text-align-center\" data-align=\"center\">Minipizza (188 g.)<\/td><td class=\"has-text-align-center\" data-align=\"center\">1,90\u20ac<\/td><\/tr><tr><td class=\"has-text-align-center\" data-align=\"center\">Vaso grande de salchipapas<\/td><td class=\"has-text-align-center\" data-align=\"center\">1,90\u20ac<\/td><\/tr><tr><td class=\"has-text-align-center\" data-align=\"center\">Fruta o yogur Pascual<\/td><td class=\"has-text-align-center\" data-align=\"center\">0,60\u20ac<\/td><\/tr><\/tbody><\/table><\/figure>\n\n\n\n<h6 class=\"wp-block-heading has-text-align-center\">Chuches<\/h6>\n\n\n\n<figure class=\"wp-block-table is-style-stripes\"><table><tbody><tr><td class=\"has-text-align-center\" data-align=\"center\">Golosinas, caramelos, Chupa Chups, etc.<\/td><td class=\"has-text-align-center\" data-align=\"center\">0,15\u20ac &#8211; 0,20\u20ac<\/td><\/tr><tr><td class=\"has-text-align-center\" data-align=\"center\"><\/td><td class=\"has-text-align-center\" data-align=\"center\"><\/td><\/tr><\/tbody><\/table><\/figure>\n\n\n\n<h6 class=\"wp-block-heading has-text-align-center\">Bolsas de aperitivos<\/h6>\n\n\n\n<figure class=\"wp-block-table is-style-stripes\"><table><tbody><tr><td>Patatas campesinas, gusanitos, palomitas, Buscal\u00edos, Doritos, etc.<\/td><td>0,50\u20ac &#8211; 0,60\u20ac<\/td><\/tr><\/tbody><\/table><\/figure>\n<\/div>\n\n\n\n<div class=\"wp-block-column is-layout-flow wp-block-column-is-layout-flow\">\n<h6 class=\"wp-block-heading has-text-align-center\">bebidas<\/h6>\n\n\n\n<figure class=\"wp-block-table is-style-stripes\"><table><tbody><tr><td class=\"has-text-align-center\" data-align=\"center\">Bote Acuarius, CocaCola, Naranja, Lim\u00f3n, etc.<\/td><td class=\"has-text-align-center\" data-align=\"center\">1,60\u20ac<\/td><\/tr><tr><td class=\"has-text-align-center\" data-align=\"center\">Zumos de pi\u00f1a, naranja, tomate, etc.<\/td><td class=\"has-text-align-center\" data-align=\"center\">1,60\u20ac<\/td><\/tr><tr><td class=\"has-text-align-center\" data-align=\"center\">Agua Bezoya<\/td><td class=\"has-text-align-center\" data-align=\"center\">0,75\u20ac &#8211; 1,30\u20ac<\/td><\/tr><tr><td class=\"has-text-align-center\" data-align=\"center\">Vaso de gazpacho casero<\/td><td class=\"has-text-align-center\" data-align=\"center\">2,50\u20ac<\/td><\/tr><tr><td class=\"has-text-align-center\" data-align=\"center\">Zumo de naranja natural<\/td><td class=\"has-text-align-center\" data-align=\"center\">2,50\u20ac<\/td><\/tr><\/tbody><\/table><\/figure>\n\n\n\n<h6 class=\"wp-block-heading has-text-align-center\">Sandwich<\/h6>\n\n\n\n<figure class=\"wp-block-table is-style-stripes\"><table><tbody><tr><td class=\"has-text-align-center\" data-align=\"center\">Mixto<\/td><td class=\"has-text-align-center\" data-align=\"center\">1,50\u20ac<\/td><\/tr><tr><td class=\"has-text-align-center\" data-align=\"center\">Vegetal con at\u00fan<\/td><td class=\"has-text-align-center\" data-align=\"center\">2\u20ac<\/td><\/tr><tr><td class=\"has-text-align-center\" data-align=\"center\">Especial mixto o vegetal con huevo<\/td><td class=\"has-text-align-center\" data-align=\"center\">2,50\u20ac<\/td><\/tr><tr><td class=\"has-text-align-center\" data-align=\"center\">Croissant plancha con jam\u00f3n york y queso<\/td><td class=\"has-text-align-center\" data-align=\"center\">1,60\u20ac<\/td><\/tr><tr><td class=\"has-text-align-center\" data-align=\"center\">Pincho de tortilla<\/td><td class=\"has-text-align-center\" data-align=\"center\">2\u20ac<\/td><\/tr><tr><td class=\"has-text-align-center\" data-align=\"center\">Medio pincho de tortilla<\/td><td class=\"has-text-align-center\" data-align=\"center\">1,20\u20ac<\/td><\/tr><\/tbody><\/table><\/figure>\n<\/div>\n\n\n\n<div class=\"wp-block-column is-layout-flow wp-block-column-is-layout-flow\">\n<h6 class=\"wp-block-heading has-text-align-center\">Bocadillos calientes (media barra)<\/h6>\n\n\n\n<figure class=\"wp-block-table is-style-stripes\"><table><tbody><tr><td class=\"has-text-align-center\" data-align=\"center\">Tortilla, beicon plancha, embutidos, etc.<\/td><td class=\"has-text-align-center\" data-align=\"center\">3,80\u20ac<\/td><\/tr><tr><td class=\"has-text-align-center\" data-align=\"center\">Lomo plancha, jam\u00f3n serrano<\/td><td class=\"has-text-align-center\" data-align=\"center\">4,70\u20ac<\/td><\/tr><tr><td class=\"has-text-align-center\" data-align=\"center\">Suplemento tomate natural, queso, mayonesa, etc.<\/td><td class=\"has-text-align-center\" data-align=\"center\">0,40\u20ac<\/td><\/tr><tr><td class=\"has-text-align-center\" data-align=\"center\"><\/td><td class=\"has-text-align-center\" data-align=\"center\"><\/td><\/tr><\/tbody><\/table><\/figure>\n\n\n\n<h6 class=\"wp-block-heading has-text-align-center\">Bocadillos grandes<\/h6>\n\n\n\n<figure class=\"wp-block-table is-style-stripes\"><table><tbody><tr><td class=\"has-text-align-center\" data-align=\"center\">Tortilla, beicon plancha, embutidos<\/td><td class=\"has-text-align-center\" data-align=\"center\">2,40\u20ac<\/td><\/tr><tr><td class=\"has-text-align-center\" data-align=\"center\">Lomo plancha, jam\u00f3n serrano<\/td><td class=\"has-text-align-center\" data-align=\"center\">2,90\u20ac<\/td><\/tr><tr><td class=\"has-text-align-center\" data-align=\"center\">Suplemento tomate natural, queso, mayonesa, etc.<\/td><td class=\"has-text-align-center\" data-align=\"center\">0,40\u20ac<\/td><\/tr><\/tbody><\/table><\/figure>\n<\/div>\n<\/div>\n\n\n\n<hr class=\"wp-block-separator has-css-opacity\"\/>\n\n\n\n<h5 class=\"wp-block-heading has-text-align-center has-background\" style=\"background-color:#fdc0cf\"><strong>PARA LLEVAR<\/strong><\/h5>\n\n\n\n<p class=\"has-text-align-center\"><em><strong>Avisar <\/strong>en <\/em>conserjer\u00eda <a href=\"tel:916453978\">916 45 39 78<\/a><\/p>\n\n\n\n<div class=\"wp-block-columns is-layout-flex wp-container-core-columns-is-layout-9d6595d7 wp-block-columns-is-layout-flex\">\n<div class=\"wp-block-column is-layout-flow wp-block-column-is-layout-flow\">\n<figure class=\"wp-block-table is-style-stripes\"><table><tbody><tr><td class=\"has-text-align-center\" data-align=\"center\">Gazpacho o salmorejo (1L)<\/td><td class=\"has-text-align-center\" data-align=\"center\">\u20ac<\/td><\/tr><tr><td class=\"has-text-align-center\" data-align=\"center\">Crema de calabac\u00edn, calabaza, verdura (1L)<\/td><td class=\"has-text-align-center\" data-align=\"center\">\u20ac<\/td><\/tr><tr><td class=\"has-text-align-center\" data-align=\"center\">Caldo (1L)<\/td><td class=\"has-text-align-center\" data-align=\"center\">\u20ac<\/td><\/tr><tr><td class=\"has-text-align-center\" data-align=\"center\">Croquetas caseras de pollo o jam\u00f3n (12 unidades)<\/td><td class=\"has-text-align-center\" data-align=\"center\">\u20ac<\/td><\/tr><tr><td class=\"has-text-align-center\" data-align=\"center\">Croquetas de setas y gambas<\/td><td class=\"has-text-align-center\" data-align=\"center\">\u20ac<\/td><\/tr><tr><td class=\"has-text-align-center\" data-align=\"center\">Empanadillas grandes de at\u00fan o carne (6 unidades)<\/td><td class=\"has-text-align-center\" data-align=\"center\">\u20ac<\/td><\/tr><tr><td class=\"has-text-align-center\" data-align=\"center\">Empanada casera de carne o at\u00fan<\/td><td class=\"has-text-align-center\" data-align=\"center\">\u20ac<\/td><\/tr><tr><td class=\"has-text-align-center\" data-align=\"center\">Empanada de beicon, queso, york y d\u00e1tiles<\/td><td class=\"has-text-align-center\" data-align=\"center\">\u20ac<\/td><\/tr><tr><td class=\"has-text-align-center\" data-align=\"center\">Empanada de verduras con queso de cabra<\/td><td class=\"has-text-align-center\" data-align=\"center\">\u20ac<\/td><\/tr><tr><td class=\"has-text-align-center\" data-align=\"center\">Ensaladilla rusa o de merluza caseras (1\/2 Kg)<\/td><td class=\"has-text-align-center\" data-align=\"center\">\u20ac<\/td><\/tr><tr><td class=\"has-text-align-center\" data-align=\"center\">Pisto casero (1\/2 Kg)<\/td><td class=\"has-text-align-center\" data-align=\"center\">\u20ac<\/td><\/tr><tr><td class=\"has-text-align-center\" data-align=\"center\">Tortilla de patatas<\/td><td class=\"has-text-align-center\" data-align=\"center\">12\u20ac<\/td><\/tr><tr><td class=\"has-text-align-center\" data-align=\"center\">Tortilla de patata con calabac\u00edn<\/td><td class=\"has-text-align-center\" data-align=\"center\">14\u20ac<\/td><\/tr><\/tbody><\/table><\/figure>\n<\/div>\n\n\n\n<div class=\"wp-block-column is-layout-flow wp-block-column-is-layout-flow\">\n<figure class=\"wp-block-table is-style-stripes\"><table><tbody><tr><td class=\"has-text-align-center\" data-align=\"center\">Tortilla paisana (pimiento verde, rojo y chorizo)<\/td><td class=\"has-text-align-center\" data-align=\"center\">15\u20ac<\/td><\/tr><tr><td class=\"has-text-align-center\" data-align=\"center\">Berenjenas rellenas (raci\u00f3n)<\/td><td class=\"has-text-align-center\" data-align=\"center\">\u20ac<\/td><\/tr><tr><td class=\"has-text-align-center\" data-align=\"center\">Patatas rellenas calientes (Raci\u00f3n con jam\u00f3n serrano y queso)<\/td><td class=\"has-text-align-center\" data-align=\"center\">\u20ac<\/td><\/tr><tr><td class=\"has-text-align-center\" data-align=\"center\">Patatas rellenas fr\u00edas (Raci\u00f3n con salm\u00f3n y mahonesa)<\/td><td class=\"has-text-align-center\" data-align=\"center\">\u20ac<\/td><\/tr><tr><td class=\"has-text-align-center\" data-align=\"center\">Alb\u00f3ndigas en salsa con champi\u00f1\u00f3n<\/td><td class=\"has-text-align-center\" data-align=\"center\">\u20ac<\/td><\/tr><tr><td class=\"has-text-align-center\" data-align=\"center\">Lasa\u00f1a de carne o verduras (raci\u00f3n)<\/td><td class=\"has-text-align-center\" data-align=\"center\">\u20ac<\/td><\/tr><tr><td class=\"has-text-align-center\" data-align=\"center\">Pollo al ajillo (1\/2 Kg)<\/td><td class=\"has-text-align-center\" data-align=\"center\">\u20ac<\/td><\/tr><tr><td class=\"has-text-align-center\" data-align=\"center\">Pastel de carne (raci\u00f3n)<\/td><td class=\"has-text-align-center\" data-align=\"center\">\u20ac<\/td><\/tr><tr><td class=\"has-text-align-center\" data-align=\"center\">Bizcochos caseros (frutas, manzana, zanahorias, naranja y lim\u00f3n, chocolate)<\/td><td class=\"has-text-align-center\" data-align=\"center\">14\u20ac<\/td><\/tr><tr><td class=\"has-text-align-center\" data-align=\"center\">Tartas caseras (manzana, arroz con leche, de queso, kiwi y yogur, cuajada, de queso La Vi\u00f1a\u00bb)           18-30 \u20ac       <\/td><\/tr><\/tbody><\/table><\/figure>\n<\/div>\n<\/div>\n\n\n\n<p class=\"has-text-align-center\">Se hace cualquier otro tipo de raci\u00f3n, bizcocho o tarta <strong>por encargo<\/strong>, informaci\u00f3n en cafeter\u00eda.<\/p>\n\n\n\n<hr class=\"wp-block-separator has-css-opacity\"\/>\n\n\n\n<p><em><strong>Los productos c\u00e1rnicos (lomo, pollo, beicon, etc.) proceden de Carnicer\u00eda Jos\u00e9 Ignacio (Villamanta, 28610, Madrid). Los huevos se adquieren en Granja Av\u00edcola Redondo SL, registrada en Consejer\u00eda de Sanidad con N\u00ba 20105100000687 que certifica que todas sus gallinas est\u00e1n vacunadas de salmonella, comen pienso anti-salmonella y est\u00e1n en semilibertad. La mayor\u00eda de las verduras que se sirven proceden de la huerta personal de la cafeter\u00eda, no llevan productos qu\u00edmicos y son totalmente ecol\u00f3gicas. Los aceites que se utilizan son exclusivamente de oliva y girasol.<\/strong><\/em><\/p>\n","protected":false},"excerpt":{"rendered":"<p>El IES Manuela Malasa\u00f1a no dispone de comedor escolar, propiamente dicho. Sin embargo, el&nbsp;Consejo Escolar&nbsp;del Centro, preocupado por proporcionar a los alumnos del centro una Educaci\u00f3n de Calidad y con &#8230;<\/p>\n","protected":false},"author":2,"featured_media":0,"parent":1049,"menu_order":0,"comment_status":"closed","ping_status":"closed","template":"","meta":{"footnotes":""},"folder":[],"class_list":["post-341","page","type-page","status-publish","hentry"],"rttpg_featured_image_url":null,"rttpg_author":{"display_name":"Coordinador TIC del IES Manuela Malasa\u00f1a","author_link":"https:\/\/site.educa.madrid.org\/ies.malasana.mostoles\/index.php\/author\/cuenta_tic-ies-malasana-mostoles\/"},"rttpg_comment":0,"rttpg_category":false,"rttpg_excerpt":"El IES Manuela Malasa\u00f1a no dispone de comedor escolar, propiamente dicho. Sin embargo, el&nbsp;Consejo Escolar&nbsp;del Centro, preocupado por proporcionar a los alumnos del centro una Educaci\u00f3n de Calidad y con ...","post_mailing_queue_ids":[],"_links":{"self":[{"href":"https:\/\/site.educa.madrid.org\/ies.malasana.mostoles\/index.php\/wp-json\/wp\/v2\/pages\/341","targetHints":{"allow":["GET"]}}],"collection":[{"href":"https:\/\/site.educa.madrid.org\/ies.malasana.mostoles\/index.php\/wp-json\/wp\/v2\/pages"}],"about":[{"href":"https:\/\/site.educa.madrid.org\/ies.malasana.mostoles\/index.php\/wp-json\/wp\/v2\/types\/page"}],"author":[{"embeddable":true,"href":"https:\/\/site.educa.madrid.org\/ies.malasana.mostoles\/index.php\/wp-json\/wp\/v2\/users\/2"}],"replies":[{"embeddable":true,"href":"https:\/\/site.educa.madrid.org\/ies.malasana.mostoles\/index.php\/wp-json\/wp\/v2\/comments?post=341"}],"version-history":[{"count":38,"href":"https:\/\/site.educa.madrid.org\/ies.malasana.mostoles\/index.php\/wp-json\/wp\/v2\/pages\/341\/revisions"}],"predecessor-version":[{"id":4968,"href":"https:\/\/site.educa.madrid.org\/ies.malasana.mostoles\/index.php\/wp-json\/wp\/v2\/pages\/341\/revisions\/4968"}],"up":[{"embeddable":true,"href":"https:\/\/site.educa.madrid.org\/ies.malasana.mostoles\/index.php\/wp-json\/wp\/v2\/pages\/1049"}],"wp:attachment":[{"href":"https:\/\/site.educa.madrid.org\/ies.malasana.mostoles\/index.php\/wp-json\/wp\/v2\/media?parent=341"}],"wp:term":[{"taxonomy":"folder","embeddable":true,"href":"https:\/\/site.educa.madrid.org\/ies.malasana.mostoles\/index.php\/wp-json\/wp\/v2\/folder?post=341"}],"curies":[{"name":"wp","href":"https:\/\/api.w.org\/{rel}","templated":true}]}}