{"id":349,"date":"2021-02-11T18:33:56","date_gmt":"2021-02-11T18:33:56","guid":{"rendered":"https:\/\/site.educa.madrid.org\/ies.malasana.mostoles\/?page_id=349"},"modified":"2021-03-11T20:58:28","modified_gmt":"2021-03-11T20:58:28","slug":"ara-apoyo-y-refuerzo-academico","status":"publish","type":"page","link":"https:\/\/site.educa.madrid.org\/ies.malasana.mostoles\/index.php\/ensenanzas\/planes-y-proyectos\/apoyo-educativo\/ara-apoyo-y-refuerzo-academico\/","title":{"rendered":"Refuerzo Educativo"},"content":{"rendered":"<p><span style=\"color: #333300;\">El \u00abPrograma de Apoyo y Refuerzo Acad\u00e9mico\u00bb se desarrolla en el Centro de enero a junio para, por un lado, potenciar el aprendizaje y rendimiento escolar de los alumnos de Educaci\u00f3n Secundaria Obligatoria participantes y por otro, mejorar su integraci\u00f3n social en el grupo y en el centro, conforme a lo establecido en el Plan de Mejora de la Calidad de la Educaci\u00f3n en Centros P\u00fablicos puesto en marcha por la Comunidad de Madrid.<\/span><\/p>\n<hr \/>\n<p><span style=\"color: #333300;\"><strong>Participantes:<\/strong> 4 grupos de m\u00e1ximo 12 alumn@s\/grupo.<\/span><\/p>\n<p><span style=\"color: #333300;\"><strong>Horario:<\/strong> Lunes y mi\u00e9rcoles, de 16:30 a 18:30<\/span><\/p>\n","protected":false},"excerpt":{"rendered":"<p>El \u00abPrograma de Apoyo y Refuerzo Acad\u00e9mico\u00bb se desarrolla en el Centro de enero a junio para, por un lado, potenciar el aprendizaje y rendimiento escolar de los alumnos de &#8230;<\/p>\n","protected":false},"author":2,"featured_media":0,"parent":949,"menu_order":0,"comment_status":"closed","ping_status":"closed","template":"","meta":{"footnotes":""},"folder":[],"class_list":["post-349","page","type-page","status-publish","hentry"],"rttpg_featured_image_url":null,"rttpg_author":{"display_name":"Coordinador TIC del IES Manuela Malasa\u00f1a","author_link":"https:\/\/site.educa.madrid.org\/ies.malasana.mostoles\/index.php\/author\/cuenta_tic-ies-malasana-mostoles\/"},"rttpg_comment":0,"rttpg_category":false,"rttpg_excerpt":"El \u00abPrograma de Apoyo y Refuerzo Acad\u00e9mico\u00bb se desarrolla en el Centro de enero a junio para, por un lado, potenciar el aprendizaje y rendimiento escolar de los alumnos de ...","post_mailing_queue_ids":[],"_links":{"self":[{"href":"https:\/\/site.educa.madrid.org\/ies.malasana.mostoles\/index.php\/wp-json\/wp\/v2\/pages\/349","targetHints":{"allow":["GET"]}}],"collection":[{"href":"https:\/\/site.educa.madrid.org\/ies.malasana.mostoles\/index.php\/wp-json\/wp\/v2\/pages"}],"about":[{"href":"https:\/\/site.educa.madrid.org\/ies.malasana.mostoles\/index.php\/wp-json\/wp\/v2\/types\/page"}],"author":[{"embeddable":true,"href":"https:\/\/site.educa.madrid.org\/ies.malasana.mostoles\/index.php\/wp-json\/wp\/v2\/users\/2"}],"replies":[{"embeddable":true,"href":"https:\/\/site.educa.madrid.org\/ies.malasana.mostoles\/index.php\/wp-json\/wp\/v2\/comments?post=349"}],"version-history":[{"count":8,"href":"https:\/\/site.educa.madrid.org\/ies.malasana.mostoles\/index.php\/wp-json\/wp\/v2\/pages\/349\/revisions"}],"predecessor-version":[{"id":1127,"href":"https:\/\/site.educa.madrid.org\/ies.malasana.mostoles\/index.php\/wp-json\/wp\/v2\/pages\/349\/revisions\/1127"}],"up":[{"embeddable":true,"href":"https:\/\/site.educa.madrid.org\/ies.malasana.mostoles\/index.php\/wp-json\/wp\/v2\/pages\/949"}],"wp:attachment":[{"href":"https:\/\/site.educa.madrid.org\/ies.malasana.mostoles\/index.php\/wp-json\/wp\/v2\/media?parent=349"}],"wp:term":[{"taxonomy":"folder","embeddable":true,"href":"https:\/\/site.educa.madrid.org\/ies.malasana.mostoles\/index.php\/wp-json\/wp\/v2\/folder?post=349"}],"curies":[{"name":"wp","href":"https:\/\/api.w.org\/{rel}","templated":true}]}}