{"id":351,"date":"2021-02-11T18:34:27","date_gmt":"2021-02-11T18:34:27","guid":{"rendered":"https:\/\/site.educa.madrid.org\/ies.malasana.mostoles\/?page_id=351"},"modified":"2023-09-18T17:25:09","modified_gmt":"2023-09-18T15:25:09","slug":"ipafd-institutos-promotores-de-la-actividad-fisica-y-el-deporte","status":"publish","type":"page","link":"https:\/\/site.educa.madrid.org\/ies.malasana.mostoles\/index.php\/servicios-y-actividades\/actividades-extraescolares\/ipafd-institutos-promotores-de-la-actividad-fisica-y-el-deporte\/","title":{"rendered":"IPAFD"},"content":{"rendered":"\n<div class=\"wp-block-group\"><div class=\"wp-block-group__inner-container is-layout-flow wp-block-group-is-layout-flow\">\n<p>El IES Manuela Malasa\u00f1a participa en el programa IPAFD como Centro Promotor de la Actividad F\u00edsica y el Deporte.<\/p>\n\n\n\n<p>A trav\u00e9s de este programa pretendemos facilitar la incorporaci\u00f3n de los alumnos al mundo del deporte y de la actividad f\u00edsica de forma regular y permanente como h\u00e1bito b\u00e1sico de salud. Desarrollando estas actividades en un entorno cercano y conocido para nuestros alumnos, fomentando as\u00ed la creaci\u00f3n de grupos que comparten un objetivo y una afici\u00f3n com\u00fan.<\/p>\n\n\n\n<div class=\"wp-block-group\"><div class=\"wp-block-group__inner-container is-layout-flow wp-block-group-is-layout-flow\">\n<div class=\"wp-block-group\"><div class=\"wp-block-group__inner-container is-layout-flow wp-block-group-is-layout-flow\">\n<p>El programa se desarrolla a trav\u00e9s de las Escuelas Deportivas impartidas por las <strong>Federaciones Deportivas Madrile\u00f1as<\/strong> en el propio instituto, donde la competici\u00f3n es opcional y puede estar vinculada a las competiciones de Deporte Escolar Municipal o a aquellas dise\u00f1adas por cada federaci\u00f3n.<\/p>\n\n\n\n<p>Desde el instituto ofertamos (curso 2023-24) 5 actividades: <strong>voleibol, baloncesto, b\u00e1dminton, f\u00fatbol sala y patinaje<\/strong>. El alumno, si lo desea, puede apuntarse a dos escuelas a la vez.<\/p>\n\n\n\n<p>Los d\u00edas de entrenamiento ser\u00e1n los martes y jueves, y los lunes y mi\u00e9rcoles. Consulta los deportes y horarios concretos con la coordinadora.<\/p>\n\n\n\n<p>El coste de la actividad es de <strong>14\u20ac\/temporada completa<\/strong>, pago que se realizar\u00e1 en el mes de septiembre cuando se formalice la inscripci\u00f3n. El alumno tendr\u00e1 cubierto el seguro y el material necesario para desarrollar la actividad.<\/p>\n\n\n\n<p>Pod\u00e9is encontrar la hoja de inscripci\u00f3n pinchando en el siguiente enlace, que deber\u00e9is entregar cumplimentada junto con el dinero en el Departamento de Educaci\u00f3n F\u00edsica<\/p>\n<\/div><\/div>\n<\/div><\/div>\n<\/div><\/div>\n\n\n\n<div class=\"wp-block-buttons is-horizontal is-content-justification-center is-layout-flex wp-container-core-buttons-is-layout-499968f5 wp-block-buttons-is-layout-flex\">\n<div class=\"wp-block-button\"><a class=\"wp-block-button__link wp-element-button\" href=\"https:\/\/site.educa.madrid.org\/ies.malasana.mostoles\/\/wp-content\/uploads\/ies.malasana.mostoles\/2023\/09\/INSCRIPCION-IPAFD-23-24.doc\">HOJA DE INSCRIPCI\u00d3N<\/a><\/div>\n<\/div>\n\n\n\n<hr class=\"wp-block-separator has-css-opacity\"\/>\n\n\n\n<p class=\"has-text-align-center\"><strong>Coordinadora<\/strong>: Yolanda (EF)<\/p>\n\n\n\n<p class=\"has-text-align-center\"><strong>Actividades<\/strong>: Voleibol, baloncesto, b\u00e1dminton, f\u00fatbol sala, y patinaje.<\/p>\n\n\n\n<p class=\"has-text-align-center\"><strong>Horario<\/strong>: Lunes y mi\u00e9rcoles (b\u00e1dminton): 16:00 &#8211; 18:00 \/\/ Martes y jueves (resto de deportes): 16:00 &#8211; 18:00<\/p>\n\n\n\n<hr class=\"wp-block-separator has-css-opacity\"\/>\n\n\n\n<h2 class=\"wp-block-heading has-text-align-center\">\u00daltimas noticias sobre IPAFD<\/h2>\n\n\n<ul class=\"wp-block-latest-posts__list has-dates wp-block-latest-posts\"><li><a class=\"wp-block-latest-posts__post-title\" href=\"https:\/\/site.educa.madrid.org\/ies.malasana.mostoles\/index.php\/2023\/09\/18\/ipafd-2023-24-inscripciones\/\">IPAFD 2023-24 &#8211; Inscripciones<\/a><time datetime=\"2023-09-18T17:31:03+02:00\" class=\"wp-block-latest-posts__post-date\">18 septiembre, 2023<\/time><div class=\"wp-block-latest-posts__post-excerpt\">Ya pod\u00e9is inscribiros al IPAFD de este curso. Adem\u00e1s, contamos con un nuevo deporte disponible: \u00a1PATINAJE! Consulta los siguientes enlaces para m\u00e1s informaci\u00f3n:<\/div><\/li>\n<li><a class=\"wp-block-latest-posts__post-title\" href=\"https:\/\/site.educa.madrid.org\/ies.malasana.mostoles\/index.php\/2022\/09\/23\/ultima-semana-de-inscripcion-ipafd\/\">\u00daltima semana de inscripci\u00f3n IPAFD<\/a><time datetime=\"2022-09-23T10:47:54+02:00\" class=\"wp-block-latest-posts__post-date\">23 septiembre, 2022<\/time><div class=\"wp-block-latest-posts__post-excerpt\">Os recordamos que \u00fanicamente queda una semana para que os pod\u00e1is apuntar a los distintos deportes que se ofertan dentro del programa IPAFD. Para este a\u00f1o contamos con f\u00fatbol sala, &#8230;<\/div><\/li>\n<li><a class=\"wp-block-latest-posts__post-title\" href=\"https:\/\/site.educa.madrid.org\/ies.malasana.mostoles\/index.php\/2021\/10\/12\/horario-entrenamientos-ipafd-2021-22\/\">Horario entrenamientos IPAFD 2021-22<\/a><time datetime=\"2021-10-12T11:06:38+02:00\" class=\"wp-block-latest-posts__post-date\">12 octubre, 2021<\/time><div class=\"wp-block-latest-posts__post-excerpt\">A continuaci\u00f3n pod\u00e9is ver los horarios de entrenamiento para IPAFD durante este curso 2021-22: DEPORTE D\u00cdAS DE ENTRENAMIENTO HORARIO B\u00e1dminton Lunes y mi\u00e9rcoles 16:00 a 17:30 Voleibol Martes y jueves &#8230;<\/div><\/li>\n<\/ul>","protected":false},"excerpt":{"rendered":"<p>El IES Manuela Malasa\u00f1a participa en el programa IPAFD como Centro Promotor de la Actividad F\u00edsica y el Deporte. A trav\u00e9s de este programa pretendemos facilitar la incorporaci\u00f3n de los &#8230;<\/p>\n","protected":false},"author":2,"featured_media":0,"parent":318,"menu_order":0,"comment_status":"closed","ping_status":"closed","template":"","meta":{"footnotes":""},"folder":[],"class_list":["post-351","page","type-page","status-publish","hentry"],"rttpg_featured_image_url":null,"rttpg_author":{"display_name":"Coordinador TIC del IES Manuela Malasa\u00f1a","author_link":"https:\/\/site.educa.madrid.org\/ies.malasana.mostoles\/index.php\/author\/cuenta_tic-ies-malasana-mostoles\/"},"rttpg_comment":0,"rttpg_category":false,"rttpg_excerpt":"El IES Manuela Malasa\u00f1a participa en el programa IPAFD como Centro Promotor de la Actividad F\u00edsica y el Deporte. A trav\u00e9s de este programa pretendemos facilitar la incorporaci\u00f3n de los ...","post_mailing_queue_ids":[],"_links":{"self":[{"href":"https:\/\/site.educa.madrid.org\/ies.malasana.mostoles\/index.php\/wp-json\/wp\/v2\/pages\/351","targetHints":{"allow":["GET"]}}],"collection":[{"href":"https:\/\/site.educa.madrid.org\/ies.malasana.mostoles\/index.php\/wp-json\/wp\/v2\/pages"}],"about":[{"href":"https:\/\/site.educa.madrid.org\/ies.malasana.mostoles\/index.php\/wp-json\/wp\/v2\/types\/page"}],"author":[{"embeddable":true,"href":"https:\/\/site.educa.madrid.org\/ies.malasana.mostoles\/index.php\/wp-json\/wp\/v2\/users\/2"}],"replies":[{"embeddable":true,"href":"https:\/\/site.educa.madrid.org\/ies.malasana.mostoles\/index.php\/wp-json\/wp\/v2\/comments?post=351"}],"version-history":[{"count":24,"href":"https:\/\/site.educa.madrid.org\/ies.malasana.mostoles\/index.php\/wp-json\/wp\/v2\/pages\/351\/revisions"}],"predecessor-version":[{"id":3503,"href":"https:\/\/site.educa.madrid.org\/ies.malasana.mostoles\/index.php\/wp-json\/wp\/v2\/pages\/351\/revisions\/3503"}],"up":[{"embeddable":true,"href":"https:\/\/site.educa.madrid.org\/ies.malasana.mostoles\/index.php\/wp-json\/wp\/v2\/pages\/318"}],"wp:attachment":[{"href":"https:\/\/site.educa.madrid.org\/ies.malasana.mostoles\/index.php\/wp-json\/wp\/v2\/media?parent=351"}],"wp:term":[{"taxonomy":"folder","embeddable":true,"href":"https:\/\/site.educa.madrid.org\/ies.malasana.mostoles\/index.php\/wp-json\/wp\/v2\/folder?post=351"}],"curies":[{"name":"wp","href":"https:\/\/api.w.org\/{rel}","templated":true}]}}