{"id":3536,"date":"2023-09-29T09:31:42","date_gmt":"2023-09-29T07:31:42","guid":{"rendered":"https:\/\/site.educa.madrid.org\/ies.malasana.mostoles\/?page_id=3536"},"modified":"2024-10-16T07:56:02","modified_gmt":"2024-10-16T05:56:02","slug":"intercambio-ies-manuela-malasana-sharnbrook-academy","status":"publish","type":"page","link":"https:\/\/site.educa.madrid.org\/ies.malasana.mostoles\/index.php\/ensenanzas\/departamentos-didacticos\/departamento-de-ingles\/intercambio-ies-manuela-malasana-sharnbrook-academy\/","title":{"rendered":"Intercambio IES Manuela Malasa\u00f1a &#8211; Sharnbrook Academy"},"content":{"rendered":"\t\t\t<!-- Flexy Breadcrumb -->\n\t\t\t<div class=\"fbc fbc-page\">\n\n\t\t\t\t<!-- Breadcrumb wrapper -->\n\t\t\t\t<div class=\"fbc-wrap\">\n\n\t\t\t\t\t<!-- Ordered list-->\n\t\t\t\t\t<ol class=\"fbc-items\" itemscope itemtype=\"https:\/\/schema.org\/BreadcrumbList\">\n\t\t\t\t\t\t            <li itemprop=\"itemListElement\" itemscope itemtype=\"https:\/\/schema.org\/ListItem\">\n                <span itemprop=\"name\">\n                    <!-- Home Link -->\n                    <a itemprop=\"item\" href=\"https:\/\/site.educa.madrid.org\/ies.malasana.mostoles\">\n                    \n                                                    <i class=\"fa fa fa-home\" aria-hidden=\"true\"><\/i>                    <\/a>\n                <\/span>\n                <meta itemprop=\"position\" content=\"1\" \/><!-- Meta Position-->\n             <\/li><li><span class=\"fbc-separator\">><\/span><\/li><li class=\"active\" itemprop=\"itemListElement\" itemscope itemtype=\"https:\/\/schema.org\/ListItem\"><span itemprop=\"name\" title=\"Tabl\u00f3n de anuncios\">Tabl\u00f3n de anuncios<\/span><meta itemprop=\"position\" content=\"2\" \/><\/li>\t\t\t\t\t<\/ol>\n\t\t\t\t\t<div class=\"clearfix\"><\/div>\n\t\t\t\t<\/div>\n\t\t\t<\/div>\n\t\t\t\n\n\n\n<p>Desde el curso 2001-2002, el IES Manuela Malasa\u00f1a ha colaborado con el centro educativo <a href=\"https:\/\/sharnbrook.academy\/\">Sharnbrook Academy<\/a> (anteriormente Sharnbrook Upper School) en el condado de Bedfordshire, Reino Unido, para la realizaci\u00f3n de un intercambio educativo de alumnos.<\/p>\n\n\n\n<p>Con este intercambio pretendemos:<\/p>\n\n\n\n<ul class=\"wp-block-list\">\n<li>Facilitar a los alumnos el conocimiento y la difusi\u00f3n de la <strong>realidad hist\u00f3rica, social y cultural<\/strong> tanto de su pa\u00eds de origen como del pa\u00eds que visitan, adem\u00e1s de fomentar el respeto por el patrimonio cultural.<\/li>\n\n\n\n<li>Crear una <strong>relaci\u00f3n afectiva, positiva y rica con el compa\u00f1ero de otro pa\u00eds y su cultura<\/strong>, mostrando a los escolares la importancia de conocer otros c\u00f3digos culturales para enriquecer sus percepciones del mundo, ser m\u00e1s cr\u00edticos y tolerantes con la cultura ajena y con la propia.<\/li>\n\n\n\n<li>Aprender a&nbsp;<strong>apreciar la diversidad cultural<\/strong>&nbsp;aceptando las diferencias y similitudes entre dos naciones que, estando en realidad tan cerca, son muy diferentes, adquiriendo, a trav\u00e9s de la comparaci\u00f3n, capacidad cr\u00edtica y valorativa.<\/li>\n\n\n\n<li>Desarrollar&nbsp;<strong>h\u00e1bitos de autonom\u00eda personal y colectiva<\/strong>. Aprender a organizar un viaje buscando informaci\u00f3n en Internet, a moverse en un aeropuerto y como turista en otro pa\u00eds, a viajar aut\u00f3nomamente en diferentes medios de transporte. Aprender a manejarse en una familia extranjera y comportarse de manera respetuosa, aceptando las diferencias de costumbres, horarios, comidas, etc.\u2026<\/li>\n\n\n\n<li>Fomentar el&nbsp;<strong>aprendizaje del ingl\u00e9s como lengua extranjera<\/strong>. Aprender a relacionarse con j\u00f3venes de otros pa\u00edses utilizando para ello un idioma com\u00fan, el ingl\u00e9s, as\u00ed como las herramientas que ofrecen las nuevas tecnolog\u00edas, especialmente el correo electr\u00f3nico y las redes sociales.<\/li>\n<\/ul>\n\n\n\n<hr class=\"wp-block-separator has-alpha-channel-opacity is-style-dots\"\/>\n\n\n\n<h2 class=\"wp-block-heading has-text-align-left has-black-color has-text-color has-background\" style=\"background:linear-gradient(270deg,rgb(238,238,238) 0%,rgb(169,184,195) 100%)\">Documentos<\/h2>\n\n\n\n<div class=\"wp-block-buttons is-content-justification-center is-layout-flex wp-container-core-buttons-is-layout-16018d1d wp-block-buttons-is-layout-flex\">\n<div class=\"wp-block-button is-style-outline is-style-outline--1\"><a class=\"wp-block-button__link has-black-color has-text-color has-link-color wp-element-button\" href=\"https:\/\/site.educa.madrid.org\/ies.malasana.mostoles\/\/wp-content\/uploads\/ies.malasana.mostoles\/2024\/10\/Triptico-Intercambio_Jornada-de-puertas-abiertas.pdf\" style=\"border-top-left-radius:20px;border-top-right-radius:40px;border-bottom-left-radius:40px;border-bottom-right-radius:20px\">Tr\u00edptico informativo<\/a><\/div>\n\n\n\n<div class=\"wp-block-button is-style-outline is-style-outline--2\"><a class=\"wp-block-button__link has-black-color has-text-color has-link-color wp-element-button\" href=\"https:\/\/site.educa.madrid.org\/ies.malasana.mostoles\/\/wp-content\/uploads\/ies.malasana.mostoles\/2024\/10\/Formulario-alumnos-espanoles-2024-25.pdf\" style=\"border-top-left-radius:20px;border-top-right-radius:40px;border-bottom-left-radius:40px;border-bottom-right-radius:20px\">Formulario alumnos<\/a><\/div>\n\n\n\n<div class=\"wp-block-button is-style-outline is-style-outline--3\"><a class=\"wp-block-button__link has-black-color has-text-color has-link-color wp-element-button\" href=\"https:\/\/site.educa.madrid.org\/ies.malasana.mostoles\/\/wp-content\/uploads\/ies.malasana.mostoles\/2024\/10\/Dossier-informativo.pdf\" style=\"border-top-left-radius:20px;border-top-right-radius:40px;border-bottom-left-radius:40px;border-bottom-right-radius:20px\">Dossier informativo<\/a><\/div>\n<\/div>\n\n\n\n<p><\/p>\n\n\n\n<h2 class=\"wp-block-heading has-text-align-left has-black-color has-text-color has-background\" style=\"background:linear-gradient(270deg,rgb(238,238,238) 0%,rgb(169,184,195) 100%)\">Actividades<\/h2>\n\n\n\n<div class=\"wp-block-columns is-layout-flex wp-container-core-columns-is-layout-9d6595d7 wp-block-columns-is-layout-flex\">\n<div class=\"wp-block-column is-layout-flow wp-block-column-is-layout-flow\">\n<h3 class=\"wp-block-heading has-text-align-center\">Visitas<\/h3>\n\n\n\n<p>Se realizan 5 visitas: 2 d\u00edas visitamos Londres, 1 d\u00eda visitamos Oxford\/Cambridge, 1 d\u00eda visitamos el Castillo de Warwick y Stratford-Upon-Avon (ciudad natal de W. Shakespeare), y finalmente 1 d\u00eda visitamos el centro educativo Sharnbrook Academy.<\/p>\n<\/div>\n\n\n\n<div class=\"wp-block-column is-layout-flow wp-block-column-is-layout-flow\">\n<h3 class=\"wp-block-heading has-text-align-center\">Estancias con familias<\/h3>\n\n\n\n<p>Los alumnos vivir\u00e1n 7 d\u00edas con una familia inglesa, adapt\u00e1ndose a la distinta realidad, cultura y costumbres. Despu\u00e9s de las visitas y durante el fin de semana, nuestros alumnos pasar\u00e1n tiempo con sus compa\u00f1eros de intercambio, realizando las actividades que estos propongan.<\/p>\n<\/div>\n\n\n\n<div class=\"wp-block-column is-layout-flow wp-block-column-is-layout-flow\">\n<h4 class=\"wp-block-heading has-text-align-center\">En Espa\u00f1a<\/h4>\n\n\n\n<p>Cuando los alumnos ingleses nos visiten, realizar\u00e1n visitas similares a las que realizamos en Inglaterra. Por las tarde y durante el fin de semana, las familias y alumnos espa\u00f1oles ser\u00e1n los encargados de pasar tiempo y de realizar actividades con estos compa\u00f1eros.<\/p>\n<\/div>\n<\/div>\n\n\n\n<h2 class=\"wp-block-heading has-text-align-left has-black-color has-text-color has-background\" style=\"background:linear-gradient(270deg,rgb(238,238,238) 0%,rgb(169,184,195) 100%)\">\u00daltimas noticias<\/h2>\n\n\n<ul class=\"wp-block-latest-posts__list is-grid columns-3 has-dates aligncenter wp-block-latest-posts\"><li><a class=\"wp-block-latest-posts__post-title\" href=\"https:\/\/site.educa.madrid.org\/ies.malasana.mostoles\/index.php\/2024\/10\/12\/intercambio-2025-reunion-en-linea-con-familias\/\">Intercambio 2025 &#8211; Reuni\u00f3n en l\u00ednea con familias<\/a><time datetime=\"2024-10-12T09:41:10+02:00\" class=\"wp-block-latest-posts__post-date\">12 octubre, 2024<\/time><div class=\"wp-block-latest-posts__post-excerpt\">Hola a todos! El pr\u00f3ximo mi\u00e9rcoles 16 de octubre a las 17:00 tendremos una reuni\u00f3n con las familias interesadas en participar en el intercambio. La reuni\u00f3n se realizar\u00e1 a trav\u00e9s &#8230;<\/div><\/li>\n<li><a class=\"wp-block-latest-posts__post-title\" href=\"https:\/\/site.educa.madrid.org\/ies.malasana.mostoles\/index.php\/2023\/09\/29\/intercambio-2023-24_autorizacion-primer-pago\/\">Intercambio 2023-24_Autorizaci\u00f3n + primer pago<\/a><time datetime=\"2023-09-29T09:23:38+02:00\" class=\"wp-block-latest-posts__post-date\">29 septiembre, 2023<\/time><div class=\"wp-block-latest-posts__post-excerpt\">Estimadas familias: Os hacemos llegar dos documentos IMPRESCINDIBLES para la participaci\u00f3n en el intercambio escolar 2023-24 con Sharnbrook Academy (Bedford, Inglaterra). Por favor, consultad ambos documentos y devolver la autorizaci\u00f3n &#8230;<\/div><\/li>\n<li><a class=\"wp-block-latest-posts__post-title\" href=\"https:\/\/site.educa.madrid.org\/ies.malasana.mostoles\/index.php\/2023\/09\/25\/intercambio-2023-24-reunion-informacion-inicial\/\">Intercambio 2023-24_Reuni\u00f3n inicial + informaci\u00f3n<\/a><time datetime=\"2023-09-25T12:15:22+02:00\" class=\"wp-block-latest-posts__post-date\">25 septiembre, 2023<\/time><div class=\"wp-block-latest-posts__post-excerpt\">Estimadas familias y alumnos de 3\u00ba y 4\u00ba ESO, y 1\u00ba Bachillerato: Durante el presente curso volveremos a realizar un intercambio escolar con un centro educativo (Sharnbrook Academy) en Inglaterra. &#8230;<\/div><\/li>\n<\/ul>\n\n\n<div class=\"wp-block-buttons is-content-justification-center is-layout-flex wp-container-core-buttons-is-layout-16018d1d wp-block-buttons-is-layout-flex\">\n<div class=\"wp-block-button is-style-outline is-style-outline--4\"><a class=\"wp-block-button__link has-black-color has-text-color has-link-color wp-element-button\" href=\"https:\/\/site.educa.madrid.org\/ies.malasana.mostoles\/index.php\/tag\/intercambio\/\" style=\"border-top-left-radius:40px;border-top-right-radius:20px;border-bottom-left-radius:20px;border-bottom-right-radius:40px\">Consulta entradas m\u00e1s antiguas<\/a><\/div>\n<\/div>\n\n\n\n<p><\/p>\n\n\n\n<h2 class=\"wp-block-heading has-text-align-left has-black-color has-text-color has-background\" style=\"background:linear-gradient(270deg,rgb(238,238,238) 0%,rgb(169,184,195) 100%)\"><a href=\"https:\/\/sharnbrook.academy\/\">Sharnbrook Academy<\/a><\/h2>\n\n\n<div class=\"wp-block-image\">\n<figure class=\"aligncenter size-full\"><img loading=\"lazy\" decoding=\"async\" width=\"1024\" height=\"683\" src=\"https:\/\/site.educa.madrid.org\/ies.malasana.mostoles\/\/wp-content\/uploads\/ies.malasana.mostoles\/2023\/09\/image-4.png\" alt=\"\" class=\"wp-image-3541\" srcset=\"https:\/\/site.educa.madrid.org\/ies.malasana.mostoles\/\/wp-content\/uploads\/ies.malasana.mostoles\/2023\/09\/image-4.png 1024w, https:\/\/site.educa.madrid.org\/ies.malasana.mostoles\/\/wp-content\/uploads\/ies.malasana.mostoles\/2023\/09\/image-4-300x200.png 300w, https:\/\/site.educa.madrid.org\/ies.malasana.mostoles\/\/wp-content\/uploads\/ies.malasana.mostoles\/2023\/09\/image-4-768x512.png 768w, https:\/\/site.educa.madrid.org\/ies.malasana.mostoles\/\/wp-content\/uploads\/ies.malasana.mostoles\/2023\/09\/image-4-391x260.png 391w, https:\/\/site.educa.madrid.org\/ies.malasana.mostoles\/\/wp-content\/uploads\/ies.malasana.mostoles\/2023\/09\/image-4-272x182.png 272w\" sizes=\"auto, (max-width: 1024px) 100vw, 1024px\" \/><\/figure>\n<\/div>\n\n\n<p><\/p>\n\n\n\n<p>We are fortunate to occupy a large, attractive site in the village of Sharnbrook. Our oldest buildings date from the 1970s, with several blocks having been added over the years to enhance our capacity and facilities. Facilities include a state of the art Science block built in the 2010s, a sports centre facility featuring a large well-equipped gymnasium, all weather sports pitches, dedicated music, performance and media spaces, and expansive playing fields.<\/p>\n\n\n\n<p>Our facilities are used extensively by the community and reflect our commitment to a broad, exciting school experience.<\/p>\n\n\n\n<p><\/p>\n\n\n\n<figure class=\"wp-block-embed aligncenter is-type-video is-provider-youtube wp-block-embed-youtube wp-embed-aspect-16-9 wp-has-aspect-ratio\"><div class=\"wp-block-embed__wrapper\">\n<iframe loading=\"lazy\" title=\"Sharnbrook Academy Facilities Tour\" width=\"800\" height=\"450\" src=\"https:\/\/www.youtube.com\/embed\/jyM1C8cWXxU?feature=oembed\" frameborder=\"0\" allow=\"accelerometer; autoplay; clipboard-write; encrypted-media; gyroscope; picture-in-picture; web-share\" referrerpolicy=\"strict-origin-when-cross-origin\" allowfullscreen><\/iframe>\n<\/div><\/figure>\n\n\n\n<p><\/p>\n","protected":false},"excerpt":{"rendered":"<p>Desde el curso 2001-2002, el IES Manuela Malasa\u00f1a ha colaborado con el centro educativo Sharnbrook Academy (anteriormente Sharnbrook Upper School) en el condado de Bedfordshire, Reino Unido, para la realizaci\u00f3n &#8230;<\/p>\n","protected":false},"author":2,"featured_media":3526,"parent":385,"menu_order":0,"comment_status":"closed","ping_status":"closed","template":"","meta":{"footnotes":""},"folder":[],"class_list":["post-3536","page","type-page","status-publish","has-post-thumbnail","hentry"],"rttpg_featured_image_url":{"full":["https:\/\/site.educa.madrid.org\/ies.malasana.mostoles\/\/wp-content\/uploads\/ies.malasana.mostoles\/2023\/09\/Intercambio-wordpress.png",1200,628,false],"landscape":["https:\/\/site.educa.madrid.org\/ies.malasana.mostoles\/\/wp-content\/uploads\/ies.malasana.mostoles\/2023\/09\/Intercambio-wordpress.png",1200,628,false],"portraits":["https:\/\/site.educa.madrid.org\/ies.malasana.mostoles\/\/wp-content\/uploads\/ies.malasana.mostoles\/2023\/09\/Intercambio-wordpress.png",1200,628,false],"thumbnail":["https:\/\/site.educa.madrid.org\/ies.malasana.mostoles\/\/wp-content\/uploads\/ies.malasana.mostoles\/2023\/09\/Intercambio-wordpress-150x150.png",150,150,true],"medium":["https:\/\/site.educa.madrid.org\/ies.malasana.mostoles\/\/wp-content\/uploads\/ies.malasana.mostoles\/2023\/09\/Intercambio-wordpress-300x157.png",300,157,true],"large":["https:\/\/site.educa.madrid.org\/ies.malasana.mostoles\/\/wp-content\/uploads\/ies.malasana.mostoles\/2023\/09\/Intercambio-wordpress-1024x536.png",800,419,true],"thumblist":["https:\/\/site.educa.madrid.org\/ies.malasana.mostoles\/\/wp-content\/uploads\/ies.malasana.mostoles\/2023\/09\/Intercambio-wordpress-300x300.png",300,300,true],"thumbrelated":["https:\/\/site.educa.madrid.org\/ies.malasana.mostoles\/\/wp-content\/uploads\/ies.malasana.mostoles\/2023\/09\/Intercambio-wordpress.png",500,262,false],"meccarouselthumb":["https:\/\/site.educa.madrid.org\/ies.malasana.mostoles\/\/wp-content\/uploads\/ies.malasana.mostoles\/2023\/09\/Intercambio-wordpress-474x324.png",474,324,true],"gridsquare":["https:\/\/site.educa.madrid.org\/ies.malasana.mostoles\/\/wp-content\/uploads\/ies.malasana.mostoles\/2023\/09\/Intercambio-wordpress-391x260.png",391,260,true],"tileview":["https:\/\/site.educa.madrid.org\/ies.malasana.mostoles\/\/wp-content\/uploads\/ies.malasana.mostoles\/2023\/09\/Intercambio-wordpress-300x400.png",300,400,true],"1536x1536":["https:\/\/site.educa.madrid.org\/ies.malasana.mostoles\/\/wp-content\/uploads\/ies.malasana.mostoles\/2023\/09\/Intercambio-wordpress.png",1200,628,false],"2048x2048":["https:\/\/site.educa.madrid.org\/ies.malasana.mostoles\/\/wp-content\/uploads\/ies.malasana.mostoles\/2023\/09\/Intercambio-wordpress.png",1200,628,false],"onepress-blog-small":["https:\/\/site.educa.madrid.org\/ies.malasana.mostoles\/\/wp-content\/uploads\/ies.malasana.mostoles\/2023\/09\/Intercambio-wordpress-300x150.png",300,150,true],"onepress-small":["https:\/\/site.educa.madrid.org\/ies.malasana.mostoles\/\/wp-content\/uploads\/ies.malasana.mostoles\/2023\/09\/Intercambio-wordpress-480x300.png",480,300,true],"onepress-medium":["https:\/\/site.educa.madrid.org\/ies.malasana.mostoles\/\/wp-content\/uploads\/ies.malasana.mostoles\/2023\/09\/Intercambio-wordpress-640x400.png",640,400,true],"sow-carousel-default":["https:\/\/site.educa.madrid.org\/ies.malasana.mostoles\/\/wp-content\/uploads\/ies.malasana.mostoles\/2023\/09\/Intercambio-wordpress-272x182.png",272,182,true],"sow-post-carousel-overlay-theme":["https:\/\/site.educa.madrid.org\/ies.malasana.mostoles\/\/wp-content\/uploads\/ies.malasana.mostoles\/2023\/09\/Intercambio-wordpress.png",360,188,false],"sow-post-carousel-cards-theme":["https:\/\/site.educa.madrid.org\/ies.malasana.mostoles\/\/wp-content\/uploads\/ies.malasana.mostoles\/2023\/09\/Intercambio-wordpress.png",360,188,false],"rt_custom":["https:\/\/site.educa.madrid.org\/ies.malasana.mostoles\/\/wp-content\/uploads\/ies.malasana.mostoles\/2023\/09\/Intercambio-wordpress.png",1200,628,false]},"rttpg_author":{"display_name":"Coordinador TIC del IES Manuela Malasa\u00f1a","author_link":"https:\/\/site.educa.madrid.org\/ies.malasana.mostoles\/index.php\/author\/cuenta_tic-ies-malasana-mostoles\/"},"rttpg_comment":0,"rttpg_category":false,"rttpg_excerpt":"Desde el curso 2001-2002, el IES Manuela Malasa\u00f1a ha colaborado con el centro educativo Sharnbrook Academy (anteriormente Sharnbrook Upper School) en el condado de Bedfordshire, Reino Unido, para la realizaci\u00f3n ...","post_mailing_queue_ids":[],"_links":{"self":[{"href":"https:\/\/site.educa.madrid.org\/ies.malasana.mostoles\/index.php\/wp-json\/wp\/v2\/pages\/3536","targetHints":{"allow":["GET"]}}],"collection":[{"href":"https:\/\/site.educa.madrid.org\/ies.malasana.mostoles\/index.php\/wp-json\/wp\/v2\/pages"}],"about":[{"href":"https:\/\/site.educa.madrid.org\/ies.malasana.mostoles\/index.php\/wp-json\/wp\/v2\/types\/page"}],"author":[{"embeddable":true,"href":"https:\/\/site.educa.madrid.org\/ies.malasana.mostoles\/index.php\/wp-json\/wp\/v2\/users\/2"}],"replies":[{"embeddable":true,"href":"https:\/\/site.educa.madrid.org\/ies.malasana.mostoles\/index.php\/wp-json\/wp\/v2\/comments?post=3536"}],"version-history":[{"count":22,"href":"https:\/\/site.educa.madrid.org\/ies.malasana.mostoles\/index.php\/wp-json\/wp\/v2\/pages\/3536\/revisions"}],"predecessor-version":[{"id":4474,"href":"https:\/\/site.educa.madrid.org\/ies.malasana.mostoles\/index.php\/wp-json\/wp\/v2\/pages\/3536\/revisions\/4474"}],"up":[{"embeddable":true,"href":"https:\/\/site.educa.madrid.org\/ies.malasana.mostoles\/index.php\/wp-json\/wp\/v2\/pages\/385"}],"wp:featuredmedia":[{"embeddable":true,"href":"https:\/\/site.educa.madrid.org\/ies.malasana.mostoles\/index.php\/wp-json\/wp\/v2\/media\/3526"}],"wp:attachment":[{"href":"https:\/\/site.educa.madrid.org\/ies.malasana.mostoles\/index.php\/wp-json\/wp\/v2\/media?parent=3536"}],"wp:term":[{"taxonomy":"folder","embeddable":true,"href":"https:\/\/site.educa.madrid.org\/ies.malasana.mostoles\/index.php\/wp-json\/wp\/v2\/folder?post=3536"}],"curies":[{"name":"wp","href":"https:\/\/api.w.org\/{rel}","templated":true}]}}