{"id":3585,"date":"2024-01-16T09:57:21","date_gmt":"2024-01-16T08:57:21","guid":{"rendered":"https:\/\/site.educa.madrid.org\/ies.malasana.mostoles\/?page_id=3585"},"modified":"2026-03-19T18:13:56","modified_gmt":"2026-03-19T17:13:56","slug":"informacion-a-las-familias","status":"publish","type":"page","link":"https:\/\/site.educa.madrid.org\/ies.malasana.mostoles\/index.php\/informacion-a-las-familias\/","title":{"rendered":"Informaci\u00f3n a las familias"},"content":{"rendered":"\n<h3 class=\"wp-block-heading has-background\" style=\"background-color:#f2dc8e\">Oferta educativa<\/h3>\n\n\n\n<div class=\"wp-block-media-text alignwide is-stacked-on-mobile is-image-fill-element\" style=\"grid-template-columns:30% auto\"><figure class=\"wp-block-media-text__media\"><img loading=\"lazy\" decoding=\"async\" width=\"1024\" height=\"678\" src=\"https:\/\/site.educa.madrid.org\/ies.malasana.mostoles\/\/wp-content\/uploads\/ies.malasana.mostoles\/2022\/01\/library-g05684642a_1920-1-1024x678.jpg\" alt=\"\" class=\"wp-image-1851 size-full\" style=\"object-position:50% 50%\" srcset=\"https:\/\/site.educa.madrid.org\/ies.malasana.mostoles\/\/wp-content\/uploads\/ies.malasana.mostoles\/2022\/01\/library-g05684642a_1920-1-1024x678.jpg 1024w, https:\/\/site.educa.madrid.org\/ies.malasana.mostoles\/\/wp-content\/uploads\/ies.malasana.mostoles\/2022\/01\/library-g05684642a_1920-1-300x199.jpg 300w, https:\/\/site.educa.madrid.org\/ies.malasana.mostoles\/\/wp-content\/uploads\/ies.malasana.mostoles\/2022\/01\/library-g05684642a_1920-1-768x508.jpg 768w, https:\/\/site.educa.madrid.org\/ies.malasana.mostoles\/\/wp-content\/uploads\/ies.malasana.mostoles\/2022\/01\/library-g05684642a_1920-1-391x260.jpg 391w, https:\/\/site.educa.madrid.org\/ies.malasana.mostoles\/\/wp-content\/uploads\/ies.malasana.mostoles\/2022\/01\/library-g05684642a_1920-1-1536x1017.jpg 1536w, https:\/\/site.educa.madrid.org\/ies.malasana.mostoles\/\/wp-content\/uploads\/ies.malasana.mostoles\/2022\/01\/library-g05684642a_1920-1.jpg 1920w\" sizes=\"auto, (max-width: 1024px) 100vw, 1024px\" \/><\/figure><div class=\"wp-block-media-text__content\">\n<p class=\"has-normal-font-size\">El IES Manuela Malasa\u00f1a imparte ense\u00f1anzas de <strong>Educaci\u00f3n Secundaria Obligatoria<\/strong> (ESO) y <strong>Bachillerato<\/strong>, de las modalidades de <strong><em>Ciencias y Tecnolog\u00eda<\/em><\/strong>, y de <strong><em>Humanidades y Ciencias Sociales<\/em><\/strong>.<\/p>\n\n\n\n<p class=\"has-normal-font-size\">Tambi\u00e9n contamos con el <strong>Aula de Compensaci\u00f3n Educativa<\/strong> (ACE).<\/p>\n\n\n\n<p>Todos nuestros estudios se realizan de forma presencial en turno de ma\u00f1ana (08:30 a 15:30).<\/p>\n\n\n\n<p class=\"has-normal-font-size\">Pincha en los siguientes enlaces para m\u00e1s informaci\u00f3n:<\/p>\n\n\n\n<div class=\"wp-block-columns alignwide is-layout-flex wp-container-core-columns-is-layout-9d6595d7 wp-block-columns-is-layout-flex\">\n<div class=\"wp-block-column is-layout-flow wp-block-column-is-layout-flow\">\n<h6 class=\"wp-block-heading has-text-align-center has-light-green-cyan-background-color has-background\"><a href=\"https:\/\/site.educa.madrid.org\/ies.malasana.mostoles\/index.php\/ensenanzas\/eso\/\">ESO<\/a><\/h6>\n<\/div>\n\n\n\n<div class=\"wp-block-column is-layout-flow wp-block-column-is-layout-flow\">\n<h6 class=\"wp-block-heading has-text-align-center has-pale-cyan-blue-background-color has-background\"><a href=\"https:\/\/site.educa.madrid.org\/ies.malasana.mostoles\/index.php\/ensenanzas\/bachillerato\/\">Bachillerato<\/a><\/h6>\n<\/div>\n\n\n\n<div class=\"wp-block-column is-layout-flow wp-block-column-is-layout-flow\">\n<h6 class=\"wp-block-heading has-text-align-center has-background\" style=\"background-color:#ffb581\"><a href=\"https:\/\/site.educa.madrid.org\/ies.malasana.mostoles\/index.php\/ensenanzas\/ace\/\">ACE<\/a><\/h6>\n<\/div>\n<\/div>\n<\/div><\/div>\n\n\n\n<hr class=\"wp-block-separator has-alpha-channel-opacity is-style-dots\"\/>\n\n\n\n<h3 class=\"wp-block-heading has-background\" style=\"background-color:#f2dc8e\">Programas y proyectos educativos<\/h3>\n\n\n\n<hr class=\"wp-block-separator has-alpha-channel-opacity is-style-dots\"\/>\n\n\n\n<figure class=\"wp-block-table is-style-regular has-medium-font-size\"><table class=\"has-fixed-layout\"><tbody><tr><td class=\"has-text-align-center\" data-align=\"center\"><a href=\"https:\/\/site.educa.madrid.org\/ies.malasana.mostoles\/index.php\/ensenanzas\/plan-de-estudios\/\">Plan de estudios<\/a><\/td><td class=\"has-text-align-center\" data-align=\"center\"><a href=\"https:\/\/site.educa.madrid.org\/ies.malasana.mostoles\/index.php\/ensenanzas\/planes-y-proyectos\/\">Planes y proyectos<\/a><\/td><\/tr><tr><td class=\"has-text-align-center\" data-align=\"center\">En el plan de estudios se recoge la estructura organizativa concreta en la que se plasma, de acuerdo a la legislaci\u00f3n educativa, nuestro Proyecto Educativo.\u00a0Para cada curso y asignatura se detalla el n\u00famero de horas lectivas semanales que cursar\u00e1n los alumnos.<br><\/td><td class=\"has-text-align-center\" data-align=\"center\">Consulta nuestros planes y proyectos en el siguiente enlace:<\/td><\/tr><\/tbody><\/table><\/figure>\n\n\n\n<hr class=\"wp-block-separator has-alpha-channel-opacity is-style-dots\"\/>\n\n\n\n<h3 class=\"wp-block-heading has-background\" style=\"background-color:#f2dc8e\">L\u00edneas b\u00e1sicas del Centro<\/h3>\n\n\n\n<hr class=\"wp-block-separator has-alpha-channel-opacity is-style-dots\"\/>\n\n\n\n<figure class=\"wp-block-table is-style-regular has-medium-font-size\"><table class=\"has-fixed-layout\"><tbody><tr><td class=\"has-text-align-center\" data-align=\"center\"><a href=\"https:\/\/site.educa.madrid.org\/ies.malasana.mostoles\/\/wp-content\/uploads\/ies.malasana.mostoles\/2024\/02\/Lineas-generales-PEC-IES-Manuela-Malasana.pdf\">Proyecto Educativo de Centro<\/a><\/td><td class=\"has-text-align-center\" data-align=\"center\"><a href=\"https:\/\/site.educa.madrid.org\/ies.malasana.mostoles\/\/wp-content\/uploads\/ies.malasana.mostoles\/2024\/01\/Normas-de-Funcionamiento-y-Convivencia.pdf\">Normas de funcionamiento y convivencia<\/a><\/td><\/tr><tr><td class=\"has-text-align-center\" data-align=\"center\">El proyecto educativo de centro (PEC) es el marco de referencia, ya que recoge de forma detallada la identidad, objetivos y organizaci\u00f3n de un centro educativo con el objetivo de dar respuesta a las necesidades y demandas durante el curso.<br><\/td><td class=\"has-text-align-center\" data-align=\"center\">El plan de\u00a0<strong>convivencia<\/strong>\u00a0es el documento en el que se fundamenta y se concreta el modelo de convivencia del centro<\/td><\/tr><\/tbody><\/table><\/figure>\n\n\n\n<hr class=\"wp-block-separator has-alpha-channel-opacity is-style-dots\"\/>\n\n\n\n<h3 class=\"wp-block-heading has-background\" style=\"background-color:#f2dc8e\">Tel\u00e9fonos y correos de contacto<\/h3>\n\n\n\n<h3 class=\"wp-block-heading\">Tel\u00e9fonos<\/h3>\n\n\n\n<ul class=\"wp-block-list\">\n<li><strong>Edificio principal:&nbsp;<a href=\"tel:+34916453978\">916453978<\/a><\/strong><\/li>\n\n\n\n<li><strong>Edificio Ram\u00f3n y Cajal:&nbsp;<a href=\"tel:+34916852504\">916852504<\/a><\/strong><\/li>\n\n\n\n<li><strong>ACE:&nbsp;<a href=\"tel:+34916852503\">916852503<\/a><\/strong><\/li>\n<\/ul>\n\n\n\n<h3 class=\"wp-block-heading\">Correos<\/h3>\n\n\n\n<ul class=\"wp-block-list\">\n<li><strong>General<\/strong>:&nbsp;<a href=\"mailto:ies.malasana.mostoles@educa.madrid.org\">ies.malasana.mostoles@educa.madrid.org<\/a><\/li>\n\n\n\n<li><strong>Direcci\u00f3n<\/strong>: <a href=\"mailto:acastellanosgarcia@educa.madrid.org\">acastellanosgarcia@educa.madrid.org<\/a><\/li>\n\n\n\n<li><strong>Secretar\u00eda<\/strong>:&nbsp;<a href=\"mailto:secretaria.ies.malasana.mostoles@educa.madrid.org\">secretaria.ies.malasana.mostoles@educa.madrid.org<\/a><\/li>\n\n\n\n<li><strong>Jefatura de estudios<\/strong>:&nbsp;<a href=\"mailto:jestudios.ies.malasana.mostoles@educa.madrid.org\">jestudios.ies.malasana.mostoles@educa.madrid.org<\/a><\/li>\n\n\n\n<li><strong>Coordinador TIC:&nbsp;<\/strong><a href=\"mailto:tic.ies.malasana.mostoles@educa.madrid.org\">tic.ies.malasana.mostoles@educa.madrid.org<\/a><\/li>\n<\/ul>\n\n\n\n<hr class=\"wp-block-separator has-alpha-channel-opacity is-style-dots\"\/>\n\n\n\n<h3 class=\"wp-block-heading has-background\" style=\"background-color:#f2dc8e\">Listado y precio de las actividades complementarias, extraescolares y servicios complementarios<\/h3>\n\n\n\n<p>El Departamento de Actividades Complementarias y Extraescolares est\u00e1 dirigido por la profesora Laura Bacete, perteneciente al Departamento de Matem\u00e1ticas. <\/p>\n\n\n\n<p><a href=\"laura.bacete@educa.madrid.org\">laura.bacete@educa.madrid.org<\/a><\/p>\n\n\n\n<p>El programa anual de Actividades Complementarias y Extraescolares incluir\u00e1: <\/p>\n\n\n\n<ul class=\"wp-block-list\">\n<li>Las actividades complementarias que vayan a realizarse. <\/li>\n\n\n\n<li>Las actividades extraescolares de car\u00e1cter cultural que se realicen en colaboraci\u00f3n con los diversos sectores de la comunidad educativa o e aplicaci\u00f3n de acuerdos con otras entidades. <\/li>\n\n\n\n<li>Los viajes de estudio y los intercambios escolares que se pretendan realizar.<\/li>\n\n\n\n<li>Las actividades deportivas y art\u00edsticas que se vayan a celebrar dentro y fuera del recinto escolar.<\/li>\n<\/ul>\n\n\n\n<p> Los alumnos realizar\u00e1n durante el curso las visitas o viajes de estudios o culturales programados por los diferentes Departamentos al inicio del curso, propuestos en las Programaciones Did\u00e1cticas, aceptadas por el Consejo Escolar y aprobadas en la P.G.A. Tambi\u00e9n, podr\u00e1n realizarse aquellas visitas de inter\u00e9s cultural que, promovidas por los Departamentos, surjan durante el curso y est\u00e9n vinculadas a las diferentes programaciones did\u00e1cticas. La organizaci\u00f3n de estas \u00faltimas actividades debe ser algo excepcional y como tal aprobado expl\u00edcitamente por el Consejo Escolar, con el informe favorable del Equipo Directivo.<\/p>\n\n\n\n<p><\/p>\n\n\n\n<div class=\"wp-block-buttons is-horizontal is-content-justification-center is-layout-flex wp-container-core-buttons-is-layout-499968f5 wp-block-buttons-is-layout-flex\">\n<div class=\"wp-block-button has-custom-width wp-block-button__width-100 is-style-fill\"><a class=\"wp-block-button__link has-white-color has-black-background-color has-text-color has-background wp-element-button\" href=\"https:\/\/site.educa.madrid.org\/ies.malasana.mostoles\/\/wp-content\/uploads\/ies.malasana.mostoles\/2026\/03\/extracto-EXTRAESCOLARES-25-26.pdf\">Relaci\u00f3n de actividades complementarias y extraescolares<\/a><\/div>\n<\/div>\n\n\n\n<hr class=\"wp-block-separator has-alpha-channel-opacity is-style-dots\"\/>\n\n\n\n<h3 class=\"wp-block-heading has-background\" style=\"background-color:#f2dc8e\">Resultados del centro<\/h3>\n\n\n\n<h3 class=\"wp-block-heading has-luminous-vivid-orange-color has-text-color has-link-color wp-elements-11e7c17f953faad631d85ab6a1535a1c\">Pruebas de Acceso a la Universidad, <\/h3>\n\n\n\n<figure class=\"wp-block-table\"><table class=\"has-fixed-layout\"><tbody><tr><td class=\"has-text-align-center\" data-align=\"center\">Convocatoria ordinaria<\/td><td class=\"has-text-align-center\" data-align=\"center\">Convocatoria extraordinaria<\/td><\/tr><tr><td class=\"has-text-align-center\" data-align=\"center\">% aptos = 91%<br>Nota media = 6.65<\/td><td class=\"has-text-align-center\" data-align=\"center\">% aptos = 75%<br>Nota media = 6,36<\/td><\/tr><\/tbody><\/table><\/figure>\n\n\n\n<figure class=\"wp-block-image size-full\"><a href=\"https:\/\/www.elmundo.es\/madrid\/2025\/02\/26\/67bf3f9de85ece1e208b45a4.html\"><img loading=\"lazy\" decoding=\"async\" width=\"1009\" height=\"756\" src=\"https:\/\/site.educa.madrid.org\/ies.malasana.mostoles\/\/wp-content\/uploads\/ies.malasana.mostoles\/2026\/03\/Captura-de-pantalla-2026-03-19-173950.png\" alt=\"\" class=\"wp-image-5309\" srcset=\"https:\/\/site.educa.madrid.org\/ies.malasana.mostoles\/\/wp-content\/uploads\/ies.malasana.mostoles\/2026\/03\/Captura-de-pantalla-2026-03-19-173950.png 1009w, https:\/\/site.educa.madrid.org\/ies.malasana.mostoles\/\/wp-content\/uploads\/ies.malasana.mostoles\/2026\/03\/Captura-de-pantalla-2026-03-19-173950-300x225.png 300w, https:\/\/site.educa.madrid.org\/ies.malasana.mostoles\/\/wp-content\/uploads\/ies.malasana.mostoles\/2026\/03\/Captura-de-pantalla-2026-03-19-173950-768x575.png 768w\" sizes=\"auto, (max-width: 1009px) 100vw, 1009px\" \/><\/a><\/figure>\n\n\n\n<h3 class=\"wp-block-heading has-luminous-vivid-orange-color has-text-color has-link-color wp-elements-47363827b72634b09a4f7cfa454f89cb\">DELF<\/h3>\n\n\n\n<p>Nuestro centro, enmarcado dentro del programa propio de ampliaci\u00f3n de lenguas extranjeras, presenta a sus alumnos a realizar el examen DELF. El DELF, Dipl\u00f4me d\u2019\u00e9tudes en langue fran\u00e7aise (Diploma de Estudios en Lengua Francesa),es una de las certificaciones oficiales expedidas por el Ministerio de Educaci\u00f3n Nacional de Francia, armonizadas en los 6 niveles del Marco Com\u00fan Europeo de Referencia para las Lenguas (MCERL).<\/p>\n\n\n\n<figure class=\"wp-block-table aligncenter\"><table><thead><tr><th class=\"has-text-align-center\" data-align=\"center\">A\u00d1O<\/th><th class=\"has-text-align-center\" data-align=\"center\">NIVEL<\/th><th class=\"has-text-align-center\" data-align=\"center\">TOTAL ALUMNOS<\/th><th class=\"has-text-align-center\" data-align=\"center\">APROBADOS<\/th><\/tr><\/thead><tbody><tr><td class=\"has-text-align-center\" data-align=\"center\">2022<\/td><td class=\"has-text-align-center\" data-align=\"center\"><strong>A2<\/strong><\/td><td class=\"has-text-align-center\" data-align=\"center\">9<\/td><td class=\"has-text-align-center\" data-align=\"center\">100%<\/td><\/tr><tr><td class=\"has-text-align-center\" data-align=\"center\">2023<\/td><td class=\"has-text-align-center\" data-align=\"center\"><strong>A2<\/strong><\/td><td class=\"has-text-align-center\" data-align=\"center\">5<\/td><td class=\"has-text-align-center\" data-align=\"center\">80%<\/td><\/tr><tr><td class=\"has-text-align-center\" data-align=\"center\">2023<\/td><td class=\"has-text-align-center\" data-align=\"center\"><strong>B1<\/strong><\/td><td class=\"has-text-align-center\" data-align=\"center\">5<\/td><td class=\"has-text-align-center\" data-align=\"center\">100%<\/td><\/tr><\/tbody><\/table><\/figure>\n\n\n\n<hr class=\"wp-block-separator has-alpha-channel-opacity is-style-dots\"\/>\n\n\n\n<h3 class=\"wp-block-heading has-background\" style=\"background-color:#f2dc8e\">Procedimiento de reclamaci\u00f3n<\/h3>\n\n\n\n<div class=\"wp-block-buttons is-content-justification-center is-layout-flex wp-container-core-buttons-is-layout-16018d1d wp-block-buttons-is-layout-flex\">\n<div class=\"wp-block-button is-style-outline is-style-outline--1\"><a class=\"wp-block-button__link has-black-color has-text-color has-link-color wp-element-button\" href=\"https:\/\/site.educa.madrid.org\/ies.malasana.mostoles\/\/wp-content\/uploads\/ies.malasana.mostoles\/2024\/07\/Orden-Bachillerato-reclamacion.pdf\" style=\"border-top-left-radius:40px;border-top-right-radius:20px;border-bottom-left-radius:20px;border-bottom-right-radius:40px\">Procedimiento reclamaci\u00f3n &#8211; Bachillerato<\/a><\/div>\n\n\n\n<div class=\"wp-block-button is-style-outline is-style-outline--2\"><a class=\"wp-block-button__link has-black-color has-text-color has-link-color wp-element-button\" href=\"https:\/\/site.educa.madrid.org\/ies.malasana.mostoles\/\/wp-content\/uploads\/ies.malasana.mostoles\/2024\/07\/Orden-ESO-reclamacion.pdf\" style=\"border-top-left-radius:40px;border-top-right-radius:20px;border-bottom-left-radius:20px;border-bottom-right-radius:40px\">Procedimiento reclamaci\u00f3n &#8211; ESO<\/a><\/div>\n<\/div>\n\n\n\n<p><\/p>\n","protected":false},"excerpt":{"rendered":"<p>Oferta educativa Programas y proyectos educativos Plan de estudios Planes y proyectos En el plan de estudios se recoge la estructura organizativa concreta en la que se plasma, de acuerdo &#8230;<\/p>\n","protected":false},"author":2,"featured_media":0,"parent":0,"menu_order":0,"comment_status":"closed","ping_status":"closed","template":"","meta":{"footnotes":""},"folder":[],"class_list":["post-3585","page","type-page","status-publish","hentry"],"rttpg_featured_image_url":null,"rttpg_author":{"display_name":"Coordinador TIC del IES Manuela Malasa\u00f1a","author_link":"https:\/\/site.educa.madrid.org\/ies.malasana.mostoles\/index.php\/author\/cuenta_tic-ies-malasana-mostoles\/"},"rttpg_comment":0,"rttpg_category":false,"rttpg_excerpt":"Oferta educativa Programas y proyectos educativos Plan de estudios Planes y proyectos En el plan de estudios se recoge la estructura organizativa concreta en la que se plasma, de acuerdo ...","post_mailing_queue_ids":[],"_links":{"self":[{"href":"https:\/\/site.educa.madrid.org\/ies.malasana.mostoles\/index.php\/wp-json\/wp\/v2\/pages\/3585","targetHints":{"allow":["GET"]}}],"collection":[{"href":"https:\/\/site.educa.madrid.org\/ies.malasana.mostoles\/index.php\/wp-json\/wp\/v2\/pages"}],"about":[{"href":"https:\/\/site.educa.madrid.org\/ies.malasana.mostoles\/index.php\/wp-json\/wp\/v2\/types\/page"}],"author":[{"embeddable":true,"href":"https:\/\/site.educa.madrid.org\/ies.malasana.mostoles\/index.php\/wp-json\/wp\/v2\/users\/2"}],"replies":[{"embeddable":true,"href":"https:\/\/site.educa.madrid.org\/ies.malasana.mostoles\/index.php\/wp-json\/wp\/v2\/comments?post=3585"}],"version-history":[{"count":29,"href":"https:\/\/site.educa.madrid.org\/ies.malasana.mostoles\/index.php\/wp-json\/wp\/v2\/pages\/3585\/revisions"}],"predecessor-version":[{"id":5312,"href":"https:\/\/site.educa.madrid.org\/ies.malasana.mostoles\/index.php\/wp-json\/wp\/v2\/pages\/3585\/revisions\/5312"}],"wp:attachment":[{"href":"https:\/\/site.educa.madrid.org\/ies.malasana.mostoles\/index.php\/wp-json\/wp\/v2\/media?parent=3585"}],"wp:term":[{"taxonomy":"folder","embeddable":true,"href":"https:\/\/site.educa.madrid.org\/ies.malasana.mostoles\/index.php\/wp-json\/wp\/v2\/folder?post=3585"}],"curies":[{"name":"wp","href":"https:\/\/api.w.org\/{rel}","templated":true}]}}