{"id":3666,"date":"2024-02-05T12:24:52","date_gmt":"2024-02-05T11:24:52","guid":{"rendered":"https:\/\/site.educa.madrid.org\/ies.malasana.mostoles\/?page_id=3666"},"modified":"2026-05-08T13:10:51","modified_gmt":"2026-05-08T11:10:51","slug":"formacion-profesional","status":"publish","type":"page","link":"https:\/\/site.educa.madrid.org\/ies.malasana.mostoles\/index.php\/ensenanzas\/departamentos-didacticos\/departamento-de-orientacion\/formacion-profesional\/","title":{"rendered":"Formaci\u00f3n profesional"},"content":{"rendered":"\t\t\t<!-- Flexy Breadcrumb -->\n\t\t\t<div class=\"fbc fbc-page\">\n\n\t\t\t\t<!-- Breadcrumb wrapper -->\n\t\t\t\t<div class=\"fbc-wrap\">\n\n\t\t\t\t\t<!-- Ordered list-->\n\t\t\t\t\t<ol class=\"fbc-items\" itemscope itemtype=\"https:\/\/schema.org\/BreadcrumbList\">\n\t\t\t\t\t\t            <li itemprop=\"itemListElement\" itemscope itemtype=\"https:\/\/schema.org\/ListItem\">\n                <span itemprop=\"name\">\n                    <!-- Home Link -->\n                    <a itemprop=\"item\" href=\"https:\/\/site.educa.madrid.org\/ies.malasana.mostoles\">\n                    \n                                                    <i class=\"fa fa fa-home\" aria-hidden=\"true\"><\/i>                    <\/a>\n                <\/span>\n                <meta itemprop=\"position\" content=\"1\" \/><!-- Meta Position-->\n             <\/li><li><span class=\"fbc-separator\">><\/span><\/li><li class=\"active\" itemprop=\"itemListElement\" itemscope itemtype=\"https:\/\/schema.org\/ListItem\"><span itemprop=\"name\" title=\"Tabl\u00f3n de anuncios\">Tabl\u00f3n de anuncios<\/span><meta itemprop=\"position\" content=\"2\" \/><\/li>\t\t\t\t\t<\/ol>\n\t\t\t\t\t<div class=\"clearfix\"><\/div>\n\t\t\t\t<\/div>\n\t\t\t<\/div>\n\t\t\t\n\n\n\n<p>La Formaci\u00f3n Profesional es un&nbsp;itinerario formativo&nbsp;en el que se <strong>capacita para trabajar<\/strong> en una&nbsp;actividad profesional&nbsp;<strong>de forma cualificada<\/strong> y que, en la mayor\u00eda de las ocasiones, incluye una fase de <strong>formaci\u00f3n en empresa<\/strong> u organismo equiparado en un <strong>entorno de trabajo real<\/strong>.<\/p>\n\n\n\n<p>Se ordena en tres niveles educativos:<\/p>\n\n\n\n<ul class=\"wp-block-list\">\n<li><a href=\"https:\/\/www.comunidad.madrid\/servicios\/educacion\/ensenanzas-formacion-profesional#grado-basico\">Ciclos formativos de grado b\u00e1sico<\/a><\/li>\n\n\n\n<li><a href=\"https:\/\/www.comunidad.madrid\/servicios\/educacion\/ensenanzas-formacion-profesional#grado-medio\">Ciclos formativos de grado medio<\/a><\/li>\n\n\n\n<li><a href=\"https:\/\/www.comunidad.madrid\/servicios\/educacion\/ensenanzas-formacion-profesional#grado-superior\">Ciclos formativos de grado superior<\/a><\/li>\n<\/ul>\n\n\n\n<p>Cada ciclo formativo se distribuye en&nbsp;<strong>dos cursos<\/strong>, con una duraci\u00f3n de&nbsp;<strong>2000 horas de formaci\u00f3n<\/strong>. Al final se completa la formaci\u00f3n con el m\u00f3dulo de <strong>Formaci\u00f3n en Centro de Trabajo<\/strong>, y en grado superior con el m\u00f3dulo de Proyecto.<\/p>\n\n\n\n<div class=\"wp-block-buttons is-content-justification-center is-layout-flex wp-container-core-buttons-is-layout-16018d1d wp-block-buttons-is-layout-flex\">\n<div class=\"wp-block-button is-style-outline is-style-outline--1\"><a class=\"wp-block-button__link has-black-color has-white-background-color has-text-color has-background wp-element-button\" href=\"https:\/\/www.comunidad.madrid\/sites\/default\/files\/doc\/educacion\/fp\/fp_en_sistema_educativo_madrileno.pdf\">La FP en el sistema educativo madrile\u00f1o<\/a><\/div>\n<\/div>\n\n\n\n<hr class=\"wp-block-separator has-alpha-channel-opacity is-style-dots\"\/>\n\n\n\n<h2 class=\"wp-block-heading has-cyan-bluish-gray-background-color has-background\">Pruebas de acceso a formaci\u00f3n profesional<\/h2>\n\n\n\n<p>Las&nbsp;<strong>Pruebas de Acceso<\/strong>&nbsp;a los Ciclos Formativos, de Grado Medio y Superior, son los ex\u00e1menes&nbsp;que&nbsp;debes superar si deseas acceder a estos estudios y no cumples con los requisitos acad\u00e9micos de&nbsp;acceso (tener el Graduado en ESO o el t\u00edtulo de Bachiller, entre otros).<\/p>\n\n\n\n<p class=\"has-text-align-center has-black-color has-luminous-vivid-amber-background-color has-text-color has-background has-link-color wp-elements-635939c9aeac62ef9cba92e2d6f4e1a8\"><strong>Periodo de inscripci\u00f3n: del 8 al 21 de enero de 2025, ambos inclusive<\/strong><\/p>\n\n\n\n<p><\/p>\n\n\n\n<p><strong>Modelos de ex\u00e1menes<\/strong>:<\/p>\n\n\n\n<div class=\"wp-block-buttons is-content-justification-center is-layout-flex wp-container-core-buttons-is-layout-16018d1d wp-block-buttons-is-layout-flex\">\n<div class=\"wp-block-button is-style-outline is-style-outline--2\"><a class=\"wp-block-button__link has-black-color has-white-background-color has-text-color has-background has-link-color wp-element-button\" href=\"https:\/\/www.comunidad.madrid\/servicios\/educacion\/pruebas-acceso#panel-424853\">Modelos de ex\u00e1menes FP Grado Medio<\/a><\/div>\n<\/div>\n\n\n\n<p>Consulta <strong>toda la informaci\u00f3n<\/strong> a continuaci\u00f3n:<\/p>\n\n\n\n<div class=\"wp-block-buttons is-content-justification-center is-layout-flex wp-container-core-buttons-is-layout-16018d1d wp-block-buttons-is-layout-flex\">\n<div class=\"wp-block-button is-style-outline is-style-outline--3\"><a class=\"wp-block-button__link has-black-color has-white-background-color has-text-color has-background has-link-color has-text-align-center wp-element-button\" href=\"https:\/\/site.educa.madrid.org\/ies.malasana.mostoles\/\/wp-content\/uploads\/ies.malasana.mostoles\/2025\/01\/Instrucciones-Pruebas-Acceso-GMyGS.pdf\">Resumen de instrucciones Pruebas de Acceso 2025<\/a><\/div>\n\n\n\n<div class=\"wp-block-button is-style-outline is-style-outline--4\"><a class=\"wp-block-button__link has-black-color has-white-background-color has-text-color has-background has-link-color wp-element-button\" href=\"https:\/\/www.comunidad.madrid\/servicios\/educacion\/pruebas-acceso\">Web Comunidad de Madrid con toda la informaci\u00f3n<\/a><\/div>\n<\/div>\n\n\n\n<hr class=\"wp-block-separator has-alpha-channel-opacity is-style-dots\"\/>\n\n\n\n<h2 class=\"wp-block-heading has-cyan-bluish-gray-background-color has-background\">Admisi\u00f3n en formaci\u00f3n profesional<\/h2>\n\n\n\n<p>A continuaci\u00f3n podr\u00e1s encontrar los plazos, requisitos, documentaci\u00f3n y baremos para la admisi\u00f3n a FP.<\/p>\n\n\n\n<h5 class=\"wp-block-heading has-text-align-center has-black-color has-luminous-vivid-amber-background-color has-text-color has-background has-link-color has-medium-font-size wp-elements-dbf098401a696ffdbe8264358487d77e\">PENDIENTE DE ACTUALIZAR PARA EL CURSO 2026-27<\/h5>\n\n\n\n<div class=\"wp-block-columns is-layout-flex wp-container-core-columns-is-layout-9d6595d7 wp-block-columns-is-layout-flex\">\n<div class=\"wp-block-column has-vivid-red-color has-text-color has-link-color wp-elements-f9a60b95fcab1ffae91d4eff37806a97 is-layout-flow wp-block-column-is-layout-flow\">\n<h3 class=\"wp-block-heading has-text-align-center has-vivid-red-color has-text-color has-link-color wp-elements-3e620bf6baad5d418384e12607be44bc\">Ciclos Formativos de Grado B\u00e1sico<\/h3>\n\n\n\n<p>Admisi\u00f3n: desde el<strong>&nbsp;21&nbsp;de junio al 28 de junio de 2024<\/strong>, ambas fechas incluidas.<\/p>\n\n\n\n<div class=\"wp-block-buttons is-content-justification-center is-layout-flex wp-container-core-buttons-is-layout-16018d1d wp-block-buttons-is-layout-flex\">\n<div class=\"wp-block-button is-style-outline is-style-outline--5\"><a class=\"wp-block-button__link has-black-color has-text-color has-text-align-center wp-element-button\" href=\"https:\/\/www.comunidad.madrid\/sites\/default\/files\/calendario_cfgb_24_25.pdf\">Calendario Grado B\u00e1sico<\/a><\/div>\n\n\n\n<div class=\"wp-block-button is-style-outline is-style-outline--6\"><a class=\"wp-block-button__link has-black-color has-text-color has-text-align-center wp-element-button\" href=\"https:\/\/www.comunidad.madrid\/sites\/default\/files\/instrucciones_admision_gb_24_25_5018497.pdf\">Instrucciones Grado B\u00e1sico<\/a><\/div>\n<\/div>\n<\/div>\n\n\n\n<div class=\"wp-block-column has-vivid-red-color has-text-color has-link-color wp-elements-e4d6c983a6bad0291d770c4dc7616ea6 is-layout-flow wp-block-column-is-layout-flow\">\n<h3 class=\"wp-block-heading has-text-align-center has-vivid-red-color has-text-color has-link-color wp-elements-e26481f896f09029b5b51f1739015311\">Ciclos Formativos de Grado Medio<\/h3>\n\n\n\n<p>Admisi\u00f3n: desde el<strong>&nbsp;24&nbsp;de junio al 1&nbsp;de julio&nbsp;de 2024<\/strong>, ambas fechas incluidas.<\/p>\n\n\n\n<div class=\"wp-block-buttons is-content-justification-center is-layout-flex wp-container-core-buttons-is-layout-16018d1d wp-block-buttons-is-layout-flex\">\n<div class=\"wp-block-button is-style-outline is-style-outline--7\"><a class=\"wp-block-button__link has-black-color has-text-color wp-element-button\" href=\"https:\/\/www.comunidad.madrid\/sites\/default\/files\/calendario_cfgm_24_25.pdf\">Calendario Grado Medio<\/a><\/div>\n\n\n\n<div class=\"wp-block-button is-style-outline is-style-outline--8\"><a class=\"wp-block-button__link has-black-color has-text-color wp-element-button\" href=\"https:\/\/www.comunidad.madrid\/sites\/default\/files\/instrucciones_admision_cfgm_24_25_5018498.pdf\">Instrucciones Grado Medio<\/a><\/div>\n<\/div>\n<\/div>\n\n\n\n<div class=\"wp-block-column has-vivid-red-color has-text-color has-link-color wp-elements-0c95620c44a5fe8bfeac339c94427466 is-layout-flow wp-block-column-is-layout-flow\">\n<h3 class=\"wp-block-heading has-text-align-center has-vivid-red-color has-text-color has-link-color wp-elements-1b4436356e9aa10bacdfbef7afb11e1e\">Ciclos Formativos de Grado Superior<\/h3>\n\n\n\n<p>Admisi\u00f3n: desde el<strong>&nbsp;28&nbsp;de junio al 4&nbsp;de julio&nbsp;de 2024<\/strong>, ambas fechas incluidas.<\/p>\n\n\n\n<div class=\"wp-block-buttons is-content-justification-center is-layout-flex wp-container-core-buttons-is-layout-16018d1d wp-block-buttons-is-layout-flex\">\n<div class=\"wp-block-button is-style-outline is-style-outline--9\"><a class=\"wp-block-button__link has-black-color has-text-color has-text-align-center wp-element-button\" href=\"https:\/\/www.comunidad.madrid\/sites\/default\/files\/calendario_cfgs_24_25_0.pdf\">Calendario Grado Superior<\/a><\/div>\n\n\n\n<div class=\"wp-block-button is-style-outline is-style-outline--10\"><a class=\"wp-block-button__link has-black-color has-text-color has-text-align-center wp-element-button\" href=\"https:\/\/www.comunidad.madrid\/sites\/default\/files\/instrucciones_admision_cfgs_24_25_5018499.pdf\">Instrucciones Grado Superior<\/a><\/div>\n<\/div>\n<\/div>\n<\/div>\n\n\n\n<p><\/p>\n\n\n\n<h2 class=\"wp-block-heading has-cyan-bluish-gray-background-color has-background\">Informaci\u00f3n general sobre Ciclos Formativos<\/h2>\n\n\n\n<div class=\"wp-block-columns is-layout-flex wp-container-core-columns-is-layout-9d6595d7 wp-block-columns-is-layout-flex\">\n<div class=\"wp-block-column is-layout-flow wp-block-column-is-layout-flow\">\n<h3 class=\"wp-block-heading has-text-align-center has-black-color has-white-background-color has-text-color has-background\"><a href=\"https:\/\/www.comunidad.madrid\/servicios\/educacion\/estudiar-fp-ciclos-formativos-grado-medio\">Ciclos formativos de Grado Medio<\/a><\/h3>\n\n\n\n<figure class=\"wp-block-image size-full\"><a href=\"https:\/\/www.comunidad.madrid\/sites\/default\/files\/doc\/educacion\/fp\/fp_grado_medio_en_sistema_educativo_madrileno.pdf\"><img loading=\"lazy\" decoding=\"async\" width=\"642\" height=\"483\" src=\"https:\/\/site.educa.madrid.org\/ies.malasana.mostoles\/\/wp-content\/uploads\/ies.malasana.mostoles\/2024\/02\/image.png\" alt=\"\" class=\"wp-image-3676\" srcset=\"https:\/\/site.educa.madrid.org\/ies.malasana.mostoles\/\/wp-content\/uploads\/ies.malasana.mostoles\/2024\/02\/image.png 642w, https:\/\/site.educa.madrid.org\/ies.malasana.mostoles\/\/wp-content\/uploads\/ies.malasana.mostoles\/2024\/02\/image-300x226.png 300w\" sizes=\"auto, (max-width: 642px) 100vw, 642px\" \/><\/a><\/figure>\n\n\n\n<p class=\"has-text-align-right\"><em>Pincha en la imagen para agrandarla.<\/em><\/p>\n\n\n\n<div class=\"wp-block-buttons is-vertical is-content-justification-center is-layout-flex wp-container-core-buttons-is-layout-9a7cdcfd wp-block-buttons-is-layout-flex\">\n<div class=\"wp-block-button is-style-outline is-style-outline--11\"><a class=\"wp-block-button__link has-black-color has-white-background-color has-text-color has-background wp-element-button\" href=\"https:\/\/site.educa.madrid.org\/ies.malasana.mostoles\/\/wp-content\/uploads\/ies.malasana.mostoles\/2025\/03\/baremo-grado-medio-24-25.pdf\">Baremos de corte 2024-25<\/a><\/div>\n\n\n\n<div class=\"wp-block-button is-style-outline is-style-outline--12\"><a class=\"wp-block-button__link has-black-color has-white-background-color has-text-color has-background wp-element-button\" href=\"https:\/\/site.educa.madrid.org\/ies.malasana.mostoles\/\/wp-content\/uploads\/ies.malasana.mostoles\/2025\/03\/instrucciones_admision_cfgm_24_25_5018498.pdf\">C\u00f3mo calcular baremo<\/a><\/div>\n<\/div>\n<\/div>\n\n\n\n<div class=\"wp-block-column is-layout-flow wp-block-column-is-layout-flow\">\n<h3 class=\"wp-block-heading has-text-align-center has-black-color has-white-background-color has-text-color has-background\"><a href=\"https:\/\/www.comunidad.madrid\/servicios\/educacion\/estudiar-fp-ciclos-formativos-grado-superior\">Ciclos formativos de Grado Superior<\/a><\/h3>\n\n\n\n<figure class=\"wp-block-image size-full\"><a href=\"https:\/\/www.comunidad.madrid\/sites\/default\/files\/doc\/educacion\/fp\/fp_grado_superior_en_el_sistema_educativo_madrileno.pdf\"><img loading=\"lazy\" decoding=\"async\" width=\"622\" height=\"341\" src=\"https:\/\/site.educa.madrid.org\/ies.malasana.mostoles\/\/wp-content\/uploads\/ies.malasana.mostoles\/2024\/02\/image-2.png\" alt=\"\" class=\"wp-image-3678\" srcset=\"https:\/\/site.educa.madrid.org\/ies.malasana.mostoles\/\/wp-content\/uploads\/ies.malasana.mostoles\/2024\/02\/image-2.png 622w, https:\/\/site.educa.madrid.org\/ies.malasana.mostoles\/\/wp-content\/uploads\/ies.malasana.mostoles\/2024\/02\/image-2-300x164.png 300w\" sizes=\"auto, (max-width: 622px) 100vw, 622px\" \/><\/a><\/figure>\n\n\n\n<p class=\"has-text-align-right\"><em>Pincha en la imagen para agrandarla.<\/em><\/p>\n\n\n\n<div class=\"wp-block-buttons is-vertical is-content-justification-center is-layout-flex wp-container-core-buttons-is-layout-9a7cdcfd wp-block-buttons-is-layout-flex\">\n<div class=\"wp-block-button is-style-outline is-style-outline--13\"><a class=\"wp-block-button__link has-black-color has-white-background-color has-text-color has-background wp-element-button\" href=\"https:\/\/site.educa.madrid.org\/ies.malasana.mostoles\/\/wp-content\/uploads\/ies.malasana.mostoles\/2025\/03\/gs24_25.pdf\">Baremos de corte 2024-25<\/a><\/div>\n\n\n\n<div class=\"wp-block-button is-style-outline is-style-outline--14\"><a class=\"wp-block-button__link has-black-color has-white-background-color has-text-color has-background wp-element-button\" href=\"https:\/\/site.educa.madrid.org\/ies.malasana.mostoles\/\/wp-content\/uploads\/ies.malasana.mostoles\/2025\/03\/instrucciones_admision_cfgs_24_25.pdf\">C\u00f3mo calcular baremo (Grado Superior)<\/a><\/div>\n<\/div>\n<\/div>\n<\/div>\n","protected":false},"excerpt":{"rendered":"<p>La Formaci\u00f3n Profesional es un&nbsp;itinerario formativo&nbsp;en el que se capacita para trabajar en una&nbsp;actividad profesional&nbsp;de forma cualificada y que, en la mayor\u00eda de las ocasiones, incluye una fase de formaci\u00f3n &#8230;<\/p>\n","protected":false},"author":2,"featured_media":0,"parent":403,"menu_order":0,"comment_status":"closed","ping_status":"closed","template":"","meta":{"footnotes":""},"folder":[],"class_list":["post-3666","page","type-page","status-publish","hentry"],"rttpg_featured_image_url":null,"rttpg_author":{"display_name":"Coordinador TIC del IES Manuela Malasa\u00f1a","author_link":"https:\/\/site.educa.madrid.org\/ies.malasana.mostoles\/index.php\/author\/cuenta_tic-ies-malasana-mostoles\/"},"rttpg_comment":0,"rttpg_category":false,"rttpg_excerpt":"La Formaci\u00f3n Profesional es un&nbsp;itinerario formativo&nbsp;en el que se capacita para trabajar en una&nbsp;actividad profesional&nbsp;de forma cualificada y que, en la mayor\u00eda de las ocasiones, incluye una fase de formaci\u00f3n ...","post_mailing_queue_ids":[],"_links":{"self":[{"href":"https:\/\/site.educa.madrid.org\/ies.malasana.mostoles\/index.php\/wp-json\/wp\/v2\/pages\/3666","targetHints":{"allow":["GET"]}}],"collection":[{"href":"https:\/\/site.educa.madrid.org\/ies.malasana.mostoles\/index.php\/wp-json\/wp\/v2\/pages"}],"about":[{"href":"https:\/\/site.educa.madrid.org\/ies.malasana.mostoles\/index.php\/wp-json\/wp\/v2\/types\/page"}],"author":[{"embeddable":true,"href":"https:\/\/site.educa.madrid.org\/ies.malasana.mostoles\/index.php\/wp-json\/wp\/v2\/users\/2"}],"replies":[{"embeddable":true,"href":"https:\/\/site.educa.madrid.org\/ies.malasana.mostoles\/index.php\/wp-json\/wp\/v2\/comments?post=3666"}],"version-history":[{"count":21,"href":"https:\/\/site.educa.madrid.org\/ies.malasana.mostoles\/index.php\/wp-json\/wp\/v2\/pages\/3666\/revisions"}],"predecessor-version":[{"id":5350,"href":"https:\/\/site.educa.madrid.org\/ies.malasana.mostoles\/index.php\/wp-json\/wp\/v2\/pages\/3666\/revisions\/5350"}],"up":[{"embeddable":true,"href":"https:\/\/site.educa.madrid.org\/ies.malasana.mostoles\/index.php\/wp-json\/wp\/v2\/pages\/403"}],"wp:attachment":[{"href":"https:\/\/site.educa.madrid.org\/ies.malasana.mostoles\/index.php\/wp-json\/wp\/v2\/media?parent=3666"}],"wp:term":[{"taxonomy":"folder","embeddable":true,"href":"https:\/\/site.educa.madrid.org\/ies.malasana.mostoles\/index.php\/wp-json\/wp\/v2\/folder?post=3666"}],"curies":[{"name":"wp","href":"https:\/\/api.w.org\/{rel}","templated":true}]}}