{"id":377,"date":"2021-02-11T18:44:57","date_gmt":"2021-02-11T18:44:57","guid":{"rendered":"https:\/\/site.educa.madrid.org\/ies.malasana.mostoles\/?page_id=377"},"modified":"2023-03-13T16:20:15","modified_gmt":"2023-03-13T15:20:15","slug":"ampa","status":"publish","type":"page","link":"https:\/\/site.educa.madrid.org\/ies.malasana.mostoles\/index.php\/ampa\/","title":{"rendered":"AMPA"},"content":{"rendered":"\n<h3 class=\"wp-block-heading\"><\/h3>\n\n\n\n<div class=\"wp-block-media-text is-stacked-on-mobile\"><figure class=\"wp-block-media-text__media\"><img loading=\"lazy\" decoding=\"async\" width=\"724\" height=\"1024\" src=\"https:\/\/site.educa.madrid.org\/ies.malasana.mostoles\/\/wp-content\/uploads\/ies.malasana.mostoles\/2023\/03\/\u00bfQuieres-ser-soci@-del-AMPA-Aqui-tienes-la-informacion-que-necesitas-724x1024.jpg\" alt=\"\" class=\"wp-image-3241 size-full\" srcset=\"https:\/\/site.educa.madrid.org\/ies.malasana.mostoles\/\/wp-content\/uploads\/ies.malasana.mostoles\/2023\/03\/\u00bfQuieres-ser-soci@-del-AMPA-Aqui-tienes-la-informacion-que-necesitas-724x1024.jpg 724w, https:\/\/site.educa.madrid.org\/ies.malasana.mostoles\/\/wp-content\/uploads\/ies.malasana.mostoles\/2023\/03\/\u00bfQuieres-ser-soci@-del-AMPA-Aqui-tienes-la-informacion-que-necesitas-212x300.jpg 212w, https:\/\/site.educa.madrid.org\/ies.malasana.mostoles\/\/wp-content\/uploads\/ies.malasana.mostoles\/2023\/03\/\u00bfQuieres-ser-soci@-del-AMPA-Aqui-tienes-la-informacion-que-necesitas-768x1086.jpg 768w, https:\/\/site.educa.madrid.org\/ies.malasana.mostoles\/\/wp-content\/uploads\/ies.malasana.mostoles\/2023\/03\/\u00bfQuieres-ser-soci@-del-AMPA-Aqui-tienes-la-informacion-que-necesitas-1086x1536.jpg 1086w, https:\/\/site.educa.madrid.org\/ies.malasana.mostoles\/\/wp-content\/uploads\/ies.malasana.mostoles\/2023\/03\/\u00bfQuieres-ser-soci@-del-AMPA-Aqui-tienes-la-informacion-que-necesitas.jpg 1414w\" sizes=\"auto, (max-width: 724px) 100vw, 724px\" \/><\/figure><div class=\"wp-block-media-text__content\">\n<h3 class=\"wp-block-heading\"><strong>\u00bfQu\u00e9 es el AMPA?<\/strong><\/h3>\n\n\n\n<p>El AMPA es una asociaci\u00f3n sin \u00e1nimo de lucro que formada por los padres, madres y familias de todo el alumnado del Instituto.<\/p>\n\n\n\n<p>Es un punto de encuentro y de trabajo independiente, abierto y plural.<\/p>\n\n\n\n<p>Desde el AMPA podemos contribuir a la mejora de la calidad de la educaci\u00f3n, la convivencia del centro y de las instalaciones.<\/p>\n\n\n\n<h3 class=\"wp-block-heading\"><strong>\u00bfPor qu\u00e9 es importante vuestra participaci\u00f3n?<\/strong><\/h3>\n\n\n\n<p>En el Centro existen espacios de participaci\u00f3n, siendo el AMPA el \u00fanico espacio de participaci\u00f3n aut\u00f3nomo de padres, madres y familias. El AMPA es importante porque:<\/p>\n\n\n\n<ul class=\"wp-block-list\"><li>Somos corresponsables de la educaci\u00f3n que nuestros hijos\/as reciben en el Instituto.<\/li><li>Es un espacio para aportar iniciativas y trabajar con la direcci\u00f3n del Centro, sin depender de esta.<\/li><\/ul>\n<\/div><\/div>\n\n\n\n<div class=\"wp-block-columns is-layout-flex wp-container-core-columns-is-layout-9d6595d7 wp-block-columns-is-layout-flex\">\n<div class=\"wp-block-column is-layout-flow wp-block-column-is-layout-flow\">\n<h3 class=\"wp-block-heading\"><strong>\u00bfC\u00f3mo puedes participar?<\/strong><\/h3>\n\n\n\n<p>Participar en el AMPA es muy f\u00e1cil y cada uno decide el nivel de implicaci\u00f3n.<\/p>\n\n\n\n<ul class=\"wp-block-list\"><li>Podemos\u00a0<strong>asociarnos<\/strong>\u00a0en cualquier momento, mediante el siguiente\u00a0<a href=\"https:\/\/site.educa.madrid.org\/ies.malasana.mostoles\/\/wp-content\/uploads\/ies.malasana.mostoles\/2023\/03\/ASOCIACION-DE-MADRES-Y-PADRES-DEL-IES-MANUELA-MALASANA.docx\">formulario<\/a>, aunque tambi\u00e9n se entrega a las familias una ficha de inscripci\u00f3n con la matr\u00edcula en la que se indica la cuota anual por cada familia (la cuota es por familia no por alumno\/a) y su importe es de 15 euros.<\/li><li>Podemos tambi\u00e9n\u00a0<strong>participar<\/strong>\u00a0a trav\u00e9s de las asambleas, incorpor\u00e1ndote a las reuniones abiertas que se convoquen.<\/li><li>Podemos\u00a0<strong>colaborar<\/strong>\u00a0en los diferentes grupos de trabajo o en actividades puntuales que se organizan desde el AMPA a lo largo del curso.<\/li><li>Podemos\u00a0<strong>proponer<\/strong>\u00a0iniciativas,\u00a0<strong>plantear<\/strong>\u00a0temas de debate,\u00a0<strong>organizar<\/strong>\u00a0actividades, etc., dirigi\u00e9ndote a cualquier miembro de la junta directiva, a trav\u00e9s de esta direcci\u00f3n\u00a0<a href=\"mailto:ampa.malasana@gmail.com\">ampa.malasana@gmail.com<\/a>\u00a0o en el siguiente\u00a0formulario<\/li><\/ul>\n\n\n\n<p>Como ves,&nbsp;<strong>hay muchas formas de participar&nbsp;<\/strong>y es muy importante que m\u00e1s padres, madres y familias pasemos a la acci\u00f3n, de forma activa, colectiva y con entusiasmo.<\/p>\n<\/div>\n\n\n\n<div class=\"wp-block-column is-layout-flow wp-block-column-is-layout-flow\">\n<h3 class=\"wp-block-heading\"><strong>\u00bfPara qu\u00e9 sirve?<\/strong><\/h3>\n\n\n\n<ul class=\"wp-block-list\"><li>Para defender y velar por el derecho a una educaci\u00f3n de calidad, democr\u00e1tica, atendiendo a las necesidades de todos los ni\u00f1os\/as y cr\u00edtica.<\/li><li>Para promover la participaci\u00f3n de padres, madres y familias en la vida del centro, defendiendo los intereses del alumnado y de toda la comunidad educativa.<\/li><li>Para buscar soluciones de forma colectiva a temas relacionados con la ense\u00f1anza y educaci\u00f3n de nuestros hijos\/as.<\/li><li>Para crear espacios de encuentro y trabajo en el resto de la comunidad educativa y con el entorno.<\/li><li>Para crear espacios de reflexi\u00f3n y participaci\u00f3n compartida sobre la educaci\u00f3n de nuestros hijos\/as Para participar en la gesti\u00f3n del Centro.<\/li><\/ul>\n\n\n\n<h3 class=\"wp-block-heading\"><strong>Acciones del AMPA<\/strong><\/h3>\n\n\n\n<ul class=\"wp-block-list\"><li>Canaliza las reivindicaciones, inquietudes y dificultades que puedan surgir al alumnado y a las familias.<\/li><li>Forma parte del Consejo Escolar, aportando soluciones a los problemas que pudieran surgir y defendiendo los intereses de los padres y madres con respecto al alumnado y al bienestar de todos en el centro.<\/li><li>Colabora en la organizaci\u00f3n de actividades que complementan la educaci\u00f3n de nuestros hijos e hijas.<\/li><\/ul>\n<\/div>\n<\/div>\n\n\n\n<h3 class=\"wp-block-heading\"><strong>\u00bfC\u00f3mo se financia?<\/strong><\/h3>\n\n\n\n<p>El AMPA se financia a trav\u00e9s de las cuotas de socios\/as.<\/p>\n\n\n\n<p>La cuota de socios\/as es el \u00fanico pago que realizan las familias y que gestiona el AMPA para el beneficio exclusivo de la comunidad educativa y en definitiva de la educaci\u00f3n que reciben nuestros hijos\/as en el centro.<\/p>\n\n\n\n<hr class=\"wp-block-separator\"\/>\n\n\n\n<h2 class=\"wp-block-heading\">\u00daltimas entradas<\/h2>\n\n\n<ul class=\"wp-block-latest-posts__list is-grid columns-3 has-dates aligncenter wp-block-latest-posts\"><li><a class=\"wp-block-latest-posts__post-title\" href=\"https:\/\/site.educa.madrid.org\/ies.malasana.mostoles\/index.php\/2023\/04\/25\/encuentro-familia-y-escuela-2023\/\">Encuentro Familia y Escuela 2023<\/a><time datetime=\"2023-04-25T10:50:09+02:00\" class=\"wp-block-latest-posts__post-date\">25 abril, 2023<\/time><div class=\"wp-block-latest-posts__post-excerpt\">Estimadas familias: Si no te has inscrito todav\u00eda, tienes la oportunidad de hacerlo. Te recordamos que el Consejo Escolar de la Comunidad de Madrid organiza, bajo el lema\u00a0padres 4.0: respondiendo &#8230;<\/div><\/li>\n<li><a class=\"wp-block-latest-posts__post-title\" href=\"https:\/\/site.educa.madrid.org\/ies.malasana.mostoles\/index.php\/2022\/11\/09\/escuela-de-familias-5a-edicion\/\">Escuela de Familias &#8211; 5\u00aa edici\u00f3n<\/a><time datetime=\"2022-11-09T08:30:15+01:00\" class=\"wp-block-latest-posts__post-date\">9 noviembre, 2022<\/time><div class=\"wp-block-latest-posts__post-excerpt\">Estimadas familias: Una de las tareas fundamentales que el AMPA pretende llevar a cabo es colaborar con el Instituto en la educaci\u00f3n de nuestros hijos e hijas. Existen una multitud &#8230;<\/div><\/li>\n<li><a class=\"wp-block-latest-posts__post-title\" href=\"https:\/\/site.educa.madrid.org\/ies.malasana.mostoles\/index.php\/2022\/09\/27\/circular-ampa\/\">Circular AMPA<\/a><time datetime=\"2022-09-27T11:28:23+02:00\" class=\"wp-block-latest-posts__post-date\">27 septiembre, 2022<\/time><div class=\"wp-block-latest-posts__post-excerpt\">Estimadas familias: El AMPA hace un llamamiento a todas las familias para pediros vuestra colaboraci\u00f3n y que os hag\u00e1is socias de la AMPA asumiendo la cuota de 15 EUROS al &#8230;<\/div><\/li>\n<li><a class=\"wp-block-latest-posts__post-title\" href=\"https:\/\/site.educa.madrid.org\/ies.malasana.mostoles\/index.php\/2022\/06\/06\/informacion-importante-fin-de-curso\/\">Informaci\u00f3n importante fin de curso (junio 2022)<\/a><time datetime=\"2022-06-06T17:45:48+02:00\" class=\"wp-block-latest-posts__post-date\">6 junio, 2022<\/time><div class=\"wp-block-latest-posts__post-excerpt\">Ya nos queda muy poco para terminar. Es por ello que aqu\u00ed os dejamos algunos documentos muy importantes de cara al final de curso y principio del que viene: Calendario &#8230;<\/div><\/li>\n<li><a class=\"wp-block-latest-posts__post-title\" href=\"https:\/\/site.educa.madrid.org\/ies.malasana.mostoles\/index.php\/2022\/03\/21\/nota-informativa-ampa\/\">Nota informativa AMPA<\/a><time datetime=\"2022-03-21T19:09:09+01:00\" class=\"wp-block-latest-posts__post-date\">21 marzo, 2022<\/time><div class=\"wp-block-latest-posts__post-excerpt\">El AMPA del Malasa\u00f1a lleva haciendo una gran labor desde hace mucho tiempo atr\u00e1s en distintos \u00e1mbitos de la vida del centro tan importantes como la representaci\u00f3n de las familias &#8230;<\/div><\/li>\n<\/ul>\n\n\n<hr class=\"wp-block-separator\"\/>\n\n\n\n<h2 class=\"wp-block-heading\">Consulta nuestro Instagram<\/h2>\n\n\n\n<ul class=\"wp-block-social-links is-content-justification-center is-layout-flex wp-container-core-social-links-is-layout-16018d1d wp-block-social-links-is-layout-flex\"><li class=\"wp-social-link wp-social-link-instagram  wp-block-social-link\"><a href=\"https:\/\/www.instagram.com\/ampaiesmanuelamalasana\/\" class=\"wp-block-social-link-anchor\"><svg width=\"24\" height=\"24\" viewBox=\"0 0 24 24\" version=\"1.1\" xmlns=\"http:\/\/www.w3.org\/2000\/svg\" aria-hidden=\"true\" focusable=\"false\"><path d=\"M12,4.622c2.403,0,2.688,0.009,3.637,0.052c0.877,0.04,1.354,0.187,1.671,0.31c0.42,0.163,0.72,0.358,1.035,0.673 c0.315,0.315,0.51,0.615,0.673,1.035c0.123,0.317,0.27,0.794,0.31,1.671c0.043,0.949,0.052,1.234,0.052,3.637 s-0.009,2.688-0.052,3.637c-0.04,0.877-0.187,1.354-0.31,1.671c-0.163,0.42-0.358,0.72-0.673,1.035 c-0.315,0.315-0.615,0.51-1.035,0.673c-0.317,0.123-0.794,0.27-1.671,0.31c-0.949,0.043-1.233,0.052-3.637,0.052 s-2.688-0.009-3.637-0.052c-0.877-0.04-1.354-0.187-1.671-0.31c-0.42-0.163-0.72-0.358-1.035-0.673 c-0.315-0.315-0.51-0.615-0.673-1.035c-0.123-0.317-0.27-0.794-0.31-1.671C4.631,14.688,4.622,14.403,4.622,12 s0.009-2.688,0.052-3.637c0.04-0.877,0.187-1.354,0.31-1.671c0.163-0.42,0.358-0.72,0.673-1.035 c0.315-0.315,0.615-0.51,1.035-0.673c0.317-0.123,0.794-0.27,1.671-0.31C9.312,4.631,9.597,4.622,12,4.622 M12,3 C9.556,3,9.249,3.01,8.289,3.054C7.331,3.098,6.677,3.25,6.105,3.472C5.513,3.702,5.011,4.01,4.511,4.511 c-0.5,0.5-0.808,1.002-1.038,1.594C3.25,6.677,3.098,7.331,3.054,8.289C3.01,9.249,3,9.556,3,12c0,2.444,0.01,2.751,0.054,3.711 c0.044,0.958,0.196,1.612,0.418,2.185c0.23,0.592,0.538,1.094,1.038,1.594c0.5,0.5,1.002,0.808,1.594,1.038 c0.572,0.222,1.227,0.375,2.185,0.418C9.249,20.99,9.556,21,12,21s2.751-0.01,3.711-0.054c0.958-0.044,1.612-0.196,2.185-0.418 c0.592-0.23,1.094-0.538,1.594-1.038c0.5-0.5,0.808-1.002,1.038-1.594c0.222-0.572,0.375-1.227,0.418-2.185 C20.99,14.751,21,14.444,21,12s-0.01-2.751-0.054-3.711c-0.044-0.958-0.196-1.612-0.418-2.185c-0.23-0.592-0.538-1.094-1.038-1.594 c-0.5-0.5-1.002-0.808-1.594-1.038c-0.572-0.222-1.227-0.375-2.185-0.418C14.751,3.01,14.444,3,12,3L12,3z M12,7.378 c-2.552,0-4.622,2.069-4.622,4.622S9.448,16.622,12,16.622s4.622-2.069,4.622-4.622S14.552,7.378,12,7.378z M12,15 c-1.657,0-3-1.343-3-3s1.343-3,3-3s3,1.343,3,3S13.657,15,12,15z M16.804,6.116c-0.596,0-1.08,0.484-1.08,1.08 s0.484,1.08,1.08,1.08c0.596,0,1.08-0.484,1.08-1.08S17.401,6.116,16.804,6.116z\"><\/path><\/svg><span class=\"wp-block-social-link-label screen-reader-text\">Instagram<\/span><\/a><\/li><\/ul>\n","protected":false},"excerpt":{"rendered":"<p>\u00bfQu\u00e9 es el AMPA? El AMPA es una asociaci\u00f3n sin \u00e1nimo de lucro que formada por los padres, madres y familias de todo el alumnado del Instituto. Es un punto &#8230;<\/p>\n","protected":false},"author":2,"featured_media":0,"parent":0,"menu_order":0,"comment_status":"closed","ping_status":"closed","template":"","meta":{"footnotes":""},"folder":[],"class_list":["post-377","page","type-page","status-publish","hentry"],"rttpg_featured_image_url":null,"rttpg_author":{"display_name":"Coordinador TIC del IES Manuela Malasa\u00f1a","author_link":"https:\/\/site.educa.madrid.org\/ies.malasana.mostoles\/index.php\/author\/cuenta_tic-ies-malasana-mostoles\/"},"rttpg_comment":0,"rttpg_category":false,"rttpg_excerpt":"\u00bfQu\u00e9 es el AMPA? El AMPA es una asociaci\u00f3n sin \u00e1nimo de lucro que formada por los padres, madres y familias de todo el alumnado del Instituto. Es un punto ...","post_mailing_queue_ids":[],"_links":{"self":[{"href":"https:\/\/site.educa.madrid.org\/ies.malasana.mostoles\/index.php\/wp-json\/wp\/v2\/pages\/377","targetHints":{"allow":["GET"]}}],"collection":[{"href":"https:\/\/site.educa.madrid.org\/ies.malasana.mostoles\/index.php\/wp-json\/wp\/v2\/pages"}],"about":[{"href":"https:\/\/site.educa.madrid.org\/ies.malasana.mostoles\/index.php\/wp-json\/wp\/v2\/types\/page"}],"author":[{"embeddable":true,"href":"https:\/\/site.educa.madrid.org\/ies.malasana.mostoles\/index.php\/wp-json\/wp\/v2\/users\/2"}],"replies":[{"embeddable":true,"href":"https:\/\/site.educa.madrid.org\/ies.malasana.mostoles\/index.php\/wp-json\/wp\/v2\/comments?post=377"}],"version-history":[{"count":7,"href":"https:\/\/site.educa.madrid.org\/ies.malasana.mostoles\/index.php\/wp-json\/wp\/v2\/pages\/377\/revisions"}],"predecessor-version":[{"id":3243,"href":"https:\/\/site.educa.madrid.org\/ies.malasana.mostoles\/index.php\/wp-json\/wp\/v2\/pages\/377\/revisions\/3243"}],"wp:attachment":[{"href":"https:\/\/site.educa.madrid.org\/ies.malasana.mostoles\/index.php\/wp-json\/wp\/v2\/media?parent=377"}],"wp:term":[{"taxonomy":"folder","embeddable":true,"href":"https:\/\/site.educa.madrid.org\/ies.malasana.mostoles\/index.php\/wp-json\/wp\/v2\/folder?post=377"}],"curies":[{"name":"wp","href":"https:\/\/api.w.org\/{rel}","templated":true}]}}