{"id":3782,"date":"2024-04-17T12:58:28","date_gmt":"2024-04-17T10:58:28","guid":{"rendered":"https:\/\/site.educa.madrid.org\/ies.malasana.mostoles\/?page_id=3782"},"modified":"2024-04-17T13:30:11","modified_gmt":"2024-04-17T11:30:11","slug":"que-hacer-despues-de-la-eso","status":"publish","type":"page","link":"https:\/\/site.educa.madrid.org\/ies.malasana.mostoles\/index.php\/ensenanzas\/departamentos-didacticos\/departamento-de-orientacion\/que-hacer-despues-de-la-eso\/","title":{"rendered":"\u00bfQu\u00e9 hacer despu\u00e9s de la ESO?"},"content":{"rendered":"\n<p>La Educaci\u00f3n Secundaria Obligatoria (ESO) son los estudios m\u00ednimos obligatorios en Espa\u00f1a. Al finalizar esta etapa, existen diferentes opciones tanto si has obtenido la titulaci\u00f3n como si no la has conseguido.<\/p>\n\n\n\n<h2 class=\"wp-block-heading\">Si has superado la ESO<\/h2>\n\n\n\n<p>Si has aprobado la ESO, hay varias opciones que puedes escoger:<\/p>\n\n\n\n<ul class=\"wp-block-list\">\n<li><strong><a href=\"https:\/\/site.educa.madrid.org\/ies.malasana.mostoles\/index.php\/ensenanzas\/bachillerato\/\">BACHILLERATO<\/a><\/strong>: es la f\u00f3rmula m\u00e1s r\u00e1pida para un posterior <em>acceso a la universidad<\/em>. El bachillerato implica el estudio de dos a\u00f1os extra en el instituto, y se divide en 3 modalidades: a) Ciencias y Tecnolog\u00eda, b) Humanidades y Ciencias Sociales y c) General.<\/li>\n\n\n\n<li><strong><a href=\"https:\/\/site.educa.madrid.org\/ies.malasana.mostoles\/index.php\/ensenanzas\/departamentos-didacticos\/departamento-de-orientacion\/formacion-profesional\/\">CICLO FORMATIVO DE GRADO MEDIO<\/a><\/strong>: se trata de una <em>formaci\u00f3n espec\u00edfica y pr\u00e1ctica<\/em> en la que el alumno aprende una profesi\u00f3n concreta, por ejemplo, t\u00e9cnico de marketing, inform\u00e1tico, mec\u00e1nico, t\u00e9cnico de redes, operador tur\u00edstico, cocinero, etc.<\/li>\n<\/ul>\n\n\n\n<h2 class=\"wp-block-heading\">Si no has superado la ESO<\/h2>\n\n\n\n<p>Si no has conseguido obtener el T\u00edtulo de Graduado en Educaci\u00f3n Secundaria Obligatoria, tienes diferentes alternativas para continuar form\u00e1ndote:<\/p>\n\n\n\n<ul class=\"wp-block-list\">\n<li><strong><a href=\"https:\/\/site.educa.madrid.org\/ies.malasana.mostoles\/index.php\/ensenanzas\/departamentos-didacticos\/departamento-de-orientacion\/formacion-profesional\/\">CICLO FORMATIVO DE GRADO B\u00c1SICO<\/a><\/strong>: los ciclos formativos de Grado B\u00e1sico forman parte de las ense\u00f1anzas de Formaci\u00f3n Profesional del sistema educativo. Al superar la totalidad de \u00e1mbitos, el alumno obtendr\u00e1 el <em>T\u00edtulo de Graduado en ESO<\/em> y el t\u00edtulo de <em>T\u00e9cnico B\u00e1sico<\/em> en la especialidad correspondiente.<\/li>\n\n\n\n<li><strong><a href=\"https:\/\/site.educa.madrid.org\/ies.malasana.mostoles\/index.php\/pruebas-de-acceso-a-ciclos-formativos\/\">PRUEBA DE ACCESO A CICLO FORMATIVO DE GRADO MEDIO<\/a><\/strong>: una de las v\u00edas para acceder a un ciclo formativo de grado medio es mediante la realizaci\u00f3n de esta prueba<\/li>\n<\/ul>\n\n\n\n<hr class=\"wp-block-separator has-alpha-channel-opacity is-style-dots\"\/>\n\n\n\n<h2 class=\"wp-block-heading has-text-align-center\">Programa El Orienta<\/h2>\n\n\n\n<p>Este programa es ideal para ayudar a alumnos y familias a decidir los diferentes tipos de estudio que pueden elegir con informaci\u00f3n sobre Ciclos Formativos y carreras universitarias. Contiene cuestionarios de orientaci\u00f3n profesional para alumnado de 4\u00ba de ESO y 2\u00ba de bachillerato.<\/p>\n\n\n\n<div class=\"wp-block-buttons is-content-justification-center is-layout-flex wp-container-core-buttons-is-layout-16018d1d wp-block-buttons-is-layout-flex\">\n<div class=\"wp-block-button\"><a class=\"wp-block-button__link wp-element-button\" href=\"https:\/\/www.elorienta.com\/movil\/?yafxb=41462\">ACCESO AL PROGRAMA<\/a><\/div>\n<\/div>\n","protected":false},"excerpt":{"rendered":"<p>La Educaci\u00f3n Secundaria Obligatoria (ESO) son los estudios m\u00ednimos obligatorios en Espa\u00f1a. Al finalizar esta etapa, existen diferentes opciones tanto si has obtenido la titulaci\u00f3n como si no la has &#8230;<\/p>\n","protected":false},"author":2,"featured_media":0,"parent":403,"menu_order":0,"comment_status":"closed","ping_status":"closed","template":"","meta":{"footnotes":""},"folder":[],"class_list":["post-3782","page","type-page","status-publish","hentry"],"rttpg_featured_image_url":null,"rttpg_author":{"display_name":"Coordinador TIC del IES Manuela Malasa\u00f1a","author_link":"https:\/\/site.educa.madrid.org\/ies.malasana.mostoles\/index.php\/author\/cuenta_tic-ies-malasana-mostoles\/"},"rttpg_comment":0,"rttpg_category":false,"rttpg_excerpt":"La Educaci\u00f3n Secundaria Obligatoria (ESO) son los estudios m\u00ednimos obligatorios en Espa\u00f1a. Al finalizar esta etapa, existen diferentes opciones tanto si has obtenido la titulaci\u00f3n como si no la has ...","post_mailing_queue_ids":[],"_links":{"self":[{"href":"https:\/\/site.educa.madrid.org\/ies.malasana.mostoles\/index.php\/wp-json\/wp\/v2\/pages\/3782","targetHints":{"allow":["GET"]}}],"collection":[{"href":"https:\/\/site.educa.madrid.org\/ies.malasana.mostoles\/index.php\/wp-json\/wp\/v2\/pages"}],"about":[{"href":"https:\/\/site.educa.madrid.org\/ies.malasana.mostoles\/index.php\/wp-json\/wp\/v2\/types\/page"}],"author":[{"embeddable":true,"href":"https:\/\/site.educa.madrid.org\/ies.malasana.mostoles\/index.php\/wp-json\/wp\/v2\/users\/2"}],"replies":[{"embeddable":true,"href":"https:\/\/site.educa.madrid.org\/ies.malasana.mostoles\/index.php\/wp-json\/wp\/v2\/comments?post=3782"}],"version-history":[{"count":4,"href":"https:\/\/site.educa.madrid.org\/ies.malasana.mostoles\/index.php\/wp-json\/wp\/v2\/pages\/3782\/revisions"}],"predecessor-version":[{"id":3789,"href":"https:\/\/site.educa.madrid.org\/ies.malasana.mostoles\/index.php\/wp-json\/wp\/v2\/pages\/3782\/revisions\/3789"}],"up":[{"embeddable":true,"href":"https:\/\/site.educa.madrid.org\/ies.malasana.mostoles\/index.php\/wp-json\/wp\/v2\/pages\/403"}],"wp:attachment":[{"href":"https:\/\/site.educa.madrid.org\/ies.malasana.mostoles\/index.php\/wp-json\/wp\/v2\/media?parent=3782"}],"wp:term":[{"taxonomy":"folder","embeddable":true,"href":"https:\/\/site.educa.madrid.org\/ies.malasana.mostoles\/index.php\/wp-json\/wp\/v2\/folder?post=3782"}],"curies":[{"name":"wp","href":"https:\/\/api.w.org\/{rel}","templated":true}]}}