{"id":379,"date":"2021-02-11T18:45:22","date_gmt":"2021-02-11T18:45:22","guid":{"rendered":"https:\/\/site.educa.madrid.org\/ies.malasana.mostoles\/?page_id=379"},"modified":"2024-10-21T16:25:18","modified_gmt":"2024-10-21T14:25:18","slug":"consejo-escolar","status":"publish","type":"page","link":"https:\/\/site.educa.madrid.org\/ies.malasana.mostoles\/index.php\/consejo-escolar\/","title":{"rendered":"Consejo Escolar"},"content":{"rendered":"\n<p>A trav\u00e9s de este \u00f3rgano todos los miembros de la comunidad educativa participan en el gobierno de los centros escolares. Permite que la acci\u00f3n educativa de todos los sectores se encamine en una misma direcci\u00f3n.<\/p>\n\n\n\n<p>Padres y madres, alumnos, profesores y personal no docente poseen voz y voto en la gesti\u00f3n de los centros, gracias a la representaci\u00f3n que todos los sectores de la comunidad educativa tienen en los miembros de los consejos escolares, la mayor\u00cca de las decisiones importantes que se toman en un centro educativo deben pasar por este \u00f3rgano de gobierno.<\/p>\n\n\n\n<h2 class=\"wp-block-heading\">Miembros del Consejo Escolar del Malasa\u00f1a<\/h2>\n\n\n\n<div class=\"wp-block-columns is-layout-flex wp-container-core-columns-is-layout-9d6595d7 wp-block-columns-is-layout-flex\">\n<div class=\"wp-block-column is-layout-flow wp-block-column-is-layout-flow\">\n<p><strong>Sector profesorado<\/strong>:<\/p>\n\n\n\n<ul class=\"wp-block-list\">\n<li>Susana Herrer\u00eda<\/li>\n\n\n\n<li>Javier Gonz\u00e1lez<\/li>\n\n\n\n<li>Antonio Romero<\/li>\n\n\n\n<li>\u00d3scar Bautista<\/li>\n\n\n\n<li>Francisco Gil<\/li>\n<\/ul>\n<\/div>\n\n\n\n<div class=\"wp-block-column is-layout-flow wp-block-column-is-layout-flow\">\n<p><strong>Sector alumnado<\/strong>:<\/p>\n\n\n\n<ul class=\"wp-block-list\">\n<li>Leyre Mateos<\/li>\n\n\n\n<li>Rub\u00e9n Pizarro<\/li>\n\n\n\n<li>Cristian M. Patras<\/li>\n<\/ul>\n<\/div>\n\n\n\n<div class=\"wp-block-column is-layout-flow wp-block-column-is-layout-flow\">\n<p><strong>Sector familias<\/strong>:<\/p>\n\n\n\n<ul class=\"wp-block-list\">\n<li>Lidia del Castillo<\/li>\n\n\n\n<li>Beatriz Romo<\/li>\n<\/ul>\n<\/div>\n<\/div>\n\n\n\n<h2 class=\"wp-block-heading\">\u00daltimas entradas<\/h2>\n\n\n<ul class=\"wp-block-latest-posts__list is-grid columns-3 has-dates wp-block-latest-posts\"><li><a class=\"wp-block-latest-posts__post-title\" href=\"https:\/\/site.educa.madrid.org\/ies.malasana.mostoles\/index.php\/2024\/11\/26\/acta-de-eleccion-al-consejo-escolar-del-sector-de-alumnos\/\">Acta de elecci\u00f3n al consejo escolar del sector de alumnos<\/a><time datetime=\"2024-11-26T16:09:39+01:00\" class=\"wp-block-latest-posts__post-date\">26 noviembre, 2024<\/time><div class=\"wp-block-latest-posts__post-excerpt\"><\/div><\/li>\n<li><a class=\"wp-block-latest-posts__post-title\" href=\"https:\/\/site.educa.madrid.org\/ies.malasana.mostoles\/index.php\/2024\/11\/15\/listado-definitivo-de-candidatos-consejo-escolar\/\">Listado definitivo de candidatos Consejo Escolar<\/a><time datetime=\"2024-11-15T12:36:38+01:00\" class=\"wp-block-latest-posts__post-date\">15 noviembre, 2024<\/time><div class=\"wp-block-latest-posts__post-excerpt\"><\/div><\/li>\n<li><a class=\"wp-block-latest-posts__post-title\" href=\"https:\/\/site.educa.madrid.org\/ies.malasana.mostoles\/index.php\/2024\/11\/12\/listado-provisional-de-candidatos-elecciones-al-consejo-escolar-2024-25\/\">Listado provisional de candidatos &#8211; Elecciones al Consejo Escolar 2024-25<\/a><time datetime=\"2024-11-12T15:34:49+01:00\" class=\"wp-block-latest-posts__post-date\">12 noviembre, 2024<\/time><div class=\"wp-block-latest-posts__post-excerpt\">Se publica la relaci\u00f3n de candidatos de los distintos sectores:<\/div><\/li>\n<li><a class=\"wp-block-latest-posts__post-title\" href=\"https:\/\/site.educa.madrid.org\/ies.malasana.mostoles\/index.php\/2024\/10\/26\/convocatoria-de-elecciones-al-consejo-escolar-y-calendario-de-actuaciones\/\">Convocatoria de elecciones al Consejo Escolar y calendario de actuaciones<\/a><time datetime=\"2024-10-26T15:40:08+02:00\" class=\"wp-block-latest-posts__post-date\">26 octubre, 2024<\/time><div class=\"wp-block-latest-posts__post-excerpt\">Se publica la convocatoria de elecciones al Consejo Escolar del IES Manuela Malasa\u00f1a, as\u00ed como el calendario de actuaciones:<\/div><\/li>\n<li><a class=\"wp-block-latest-posts__post-title\" href=\"https:\/\/site.educa.madrid.org\/ies.malasana.mostoles\/index.php\/2024\/10\/26\/censos-elecciones-consejo-escolar-2024\/\">Censos elecciones Consejo Escolar<\/a><time datetime=\"2024-10-26T15:35:19+02:00\" class=\"wp-block-latest-posts__post-date\">26 octubre, 2024<\/time><div class=\"wp-block-latest-posts__post-excerpt\">A continuaci\u00f3n pod\u00e9is consultar los censos de los distintos miembros de la comunidad educativa para las elecciones al Consejo Escolar de este curso<\/div><\/li>\n<li><a class=\"wp-block-latest-posts__post-title\" href=\"https:\/\/site.educa.madrid.org\/ies.malasana.mostoles\/index.php\/2024\/10\/22\/constitucion-de-la-junta-electoral\/\">Constituci\u00f3n de la junta electoral<\/a><time datetime=\"2024-10-22T09:51:32+02:00\" class=\"wp-block-latest-posts__post-date\">22 octubre, 2024<\/time><div class=\"wp-block-latest-posts__post-excerpt\">Se publica la constituci\u00f3n de la junta electoral para las elecciones al Consejo Escolar de este 2024:<\/div><\/li>\n<\/ul>","protected":false},"excerpt":{"rendered":"<p>A trav\u00e9s de este \u00f3rgano todos los miembros de la comunidad educativa participan en el gobierno de los centros escolares. Permite que la acci\u00f3n educativa de todos los sectores se &#8230;<\/p>\n","protected":false},"author":2,"featured_media":0,"parent":0,"menu_order":0,"comment_status":"closed","ping_status":"closed","template":"","meta":{"footnotes":""},"folder":[],"class_list":["post-379","page","type-page","status-publish","hentry"],"rttpg_featured_image_url":null,"rttpg_author":{"display_name":"Coordinador TIC del IES Manuela Malasa\u00f1a","author_link":"https:\/\/site.educa.madrid.org\/ies.malasana.mostoles\/index.php\/author\/cuenta_tic-ies-malasana-mostoles\/"},"rttpg_comment":0,"rttpg_category":false,"rttpg_excerpt":"A trav\u00e9s de este \u00f3rgano todos los miembros de la comunidad educativa participan en el gobierno de los centros escolares. Permite que la acci\u00f3n educativa de todos los sectores se ...","post_mailing_queue_ids":[],"_links":{"self":[{"href":"https:\/\/site.educa.madrid.org\/ies.malasana.mostoles\/index.php\/wp-json\/wp\/v2\/pages\/379","targetHints":{"allow":["GET"]}}],"collection":[{"href":"https:\/\/site.educa.madrid.org\/ies.malasana.mostoles\/index.php\/wp-json\/wp\/v2\/pages"}],"about":[{"href":"https:\/\/site.educa.madrid.org\/ies.malasana.mostoles\/index.php\/wp-json\/wp\/v2\/types\/page"}],"author":[{"embeddable":true,"href":"https:\/\/site.educa.madrid.org\/ies.malasana.mostoles\/index.php\/wp-json\/wp\/v2\/users\/2"}],"replies":[{"embeddable":true,"href":"https:\/\/site.educa.madrid.org\/ies.malasana.mostoles\/index.php\/wp-json\/wp\/v2\/comments?post=379"}],"version-history":[{"count":3,"href":"https:\/\/site.educa.madrid.org\/ies.malasana.mostoles\/index.php\/wp-json\/wp\/v2\/pages\/379\/revisions"}],"predecessor-version":[{"id":4500,"href":"https:\/\/site.educa.madrid.org\/ies.malasana.mostoles\/index.php\/wp-json\/wp\/v2\/pages\/379\/revisions\/4500"}],"wp:attachment":[{"href":"https:\/\/site.educa.madrid.org\/ies.malasana.mostoles\/index.php\/wp-json\/wp\/v2\/media?parent=379"}],"wp:term":[{"taxonomy":"folder","embeddable":true,"href":"https:\/\/site.educa.madrid.org\/ies.malasana.mostoles\/index.php\/wp-json\/wp\/v2\/folder?post=379"}],"curies":[{"name":"wp","href":"https:\/\/api.w.org\/{rel}","templated":true}]}}