{"id":3791,"date":"2024-04-17T13:44:22","date_gmt":"2024-04-17T11:44:22","guid":{"rendered":"https:\/\/site.educa.madrid.org\/ies.malasana.mostoles\/?page_id=3791"},"modified":"2024-04-29T12:33:05","modified_gmt":"2024-04-29T10:33:05","slug":"que-hacer-despues-de-la-eso-2","status":"publish","type":"page","link":"https:\/\/site.educa.madrid.org\/ies.malasana.mostoles\/index.php\/ensenanzas\/departamentos-didacticos\/departamento-de-orientacion\/que-hacer-despues-de-la-eso-2\/","title":{"rendered":"\u00bfQu\u00e9 hacer despu\u00e9s del Bachillerato?"},"content":{"rendered":"\n<p>\u00bfEst\u00e1s en la recta final y no sabes qu\u00e9 hacer despu\u00e9s del Bachillerato? Al finalizar esta etapa, existen diferentes opciones que te contamos a continuaci\u00f3n:<\/p>\n\n\n\n<h2 class=\"wp-block-heading\">Si has superado el Bachillerato<\/h2>\n\n\n\n<p>Si has aprobado la ESO, hay varias opciones que puedes escoger:<\/p>\n\n\n\n<ul class=\"wp-block-list\">\n<li><strong><a href=\"https:\/\/www.comunidad.madrid\/servicios\/educacion\/oferta-grados-oficiales-universidades\">GRADO UNIVERSITARIO<\/a><\/strong>: se imparten m\u00e1s de 400 grados oficiales en las universidades de la Comunidad de Madrid. Entre otros, hay 6 universidades p\u00fablicas y la sede central de la UNED.<\/li>\n\n\n\n<li><strong><a href=\"https:\/\/www.comunidad.madrid\/servicios\/educacion\/estudiar-fp-ciclos-formativos-grado-superior\">CICLO FORMATIVO DE GRADO SUPERIOR<\/a><\/strong>: se trata de una <em>formaci\u00f3n espec\u00edfica y pr\u00e1ctica<\/em> de nivel superior. Al finalizar la formaci\u00f3n se obtiene un t\u00edtulo de T\u00e9cnico Superior en el \u00e1mbito para el que te has formado: por ejemplo, <em>acondicionamiento f\u00edsico, dise\u00f1o y gesti\u00f3n de la producci\u00f3n gr\u00e1fica, marketing y publicidad, animaciones 3D, juegos y entornos interactivos<\/em>, etc.<\/li>\n<\/ul>\n\n\n\n<hr class=\"wp-block-separator has-alpha-channel-opacity is-style-dots\"\/>\n\n\n\n<h2 class=\"wp-block-heading\">Enlaces de inter\u00e9s para la EVAU<\/h2>\n\n\n\n<ul class=\"wp-block-list\">\n<li><a rel=\"noreferrer noopener\" href=\"https:\/\/www.comunidad.madrid\/servicios\/educacion\/servicios-centro-informacion-asesoramiento-universitario-ciau\" target=\"_blank\">CIAU: Centro de Informaci\u00f3n y Asesoramiento de Comunidad de Madrid<\/a><\/li>\n\n\n\n<li><a rel=\"noreferrer noopener\" href=\"https:\/\/www.comunidad.madrid\/servicios\/educacion\/acceso-universidad\" target=\"_blank\">Acceso a la universidad<\/a><\/li>\n\n\n\n<li><a rel=\"noreferrer noopener\" href=\"https:\/\/www.comunidad.madrid\/servicios\/educacion\/herramientas-orientacion-universitaria\" target=\"_blank\">Herramientas de Orientaci\u00f3n Universidad<\/a>: calculadora de acceso a la universidad, ponderaciones y notas de corte, etc.<\/li>\n<\/ul>\n\n\n\n<hr class=\"wp-block-separator has-alpha-channel-opacity is-style-dots\"\/>\n\n\n\n<h2 class=\"wp-block-heading\">Qu\u00e9 estudiar en la universidad<\/h2>\n\n\n\n<ul class=\"wp-block-list\">\n<li><a href=\"https:\/\/www.comunidad.madrid\/servicios\/educacion\/estudiar-universidad-grados-rama-conocimiento-ciencias-sociales-juridicas\">Grados de la rama de conocimiento de <strong>CC Sociales y Jur\u00eddicas<\/strong><\/a><\/li>\n\n\n\n<li><a rel=\"noreferrer noopener\" href=\"https:\/\/www.comunidad.madrid\/servicios\/educacion\/estudiar-universidad-grados-rama-conocimiento-artes-humanidades\" target=\"_blank\">Grados de la rama de conocimiento de <strong>Artes y Humanidades<\/strong><\/a><\/li>\n\n\n\n<li><a rel=\"noreferrer noopener\" href=\"https:\/\/www.comunidad.madrid\/servicios\/educacion\/estudiar-universidad-grados-rama-conocimiento-ciencias\" target=\"_blank\">Grados de la rama de conocimiento de <strong>Ciencias<\/strong><\/a><\/li>\n\n\n\n<li><a rel=\"noreferrer noopener\" href=\"https:\/\/www.comunidad.madrid\/servicios\/educacion\/estudiar-universidad-grados-rama-conocimiento-ciencias-salud\" target=\"_blank\">Grados de la rama de conocimiento de <strong>CC de la Salud<\/strong><\/a><\/li>\n\n\n\n<li><a rel=\"noreferrer noopener\" href=\"https:\/\/www.comunidad.madrid\/servicios\/educacion\/estudiar-universidad-grados-rama-conocimiento-ingenieria-arquitectura\" target=\"_blank\">Grados de la rama de conocimiento de <strong>Ingenier\u00eda y Arquitectura<\/strong><\/a><\/li>\n<\/ul>\n\n\n\n<p><\/p>\n\n\n\n<hr class=\"wp-block-separator has-alpha-channel-opacity is-style-dots\"\/>\n\n\n\n<h2 class=\"wp-block-heading has-text-align-center\">Programa El Orienta<\/h2>\n\n\n\n<p>Este programa es ideal para ayudar a alumnos y familias a decidir los diferentes tipos de estudio que pueden elegir con informaci\u00f3n sobre Ciclos Formativos y carreras universitarias. Contiene cuestionarios de orientaci\u00f3n profesional para alumnado de 4\u00ba de ESO y 2\u00ba de bachillerato.<\/p>\n\n\n\n<div class=\"wp-block-buttons is-content-justification-center is-layout-flex wp-container-core-buttons-is-layout-16018d1d wp-block-buttons-is-layout-flex\">\n<div class=\"wp-block-button\"><a class=\"wp-block-button__link wp-element-button\" href=\"https:\/\/www.elorienta.com\/movil\/?yafxb=41462\">ACCESO AL PROGRAMA<\/a><\/div>\n<\/div>\n","protected":false},"excerpt":{"rendered":"<p>\u00bfEst\u00e1s en la recta final y no sabes qu\u00e9 hacer despu\u00e9s del Bachillerato? Al finalizar esta etapa, existen diferentes opciones que te contamos a continuaci\u00f3n: Si has superado el Bachillerato &#8230;<\/p>\n","protected":false},"author":2,"featured_media":0,"parent":403,"menu_order":0,"comment_status":"closed","ping_status":"closed","template":"","meta":{"footnotes":""},"folder":[],"class_list":["post-3791","page","type-page","status-publish","hentry"],"rttpg_featured_image_url":null,"rttpg_author":{"display_name":"Coordinador TIC del IES Manuela Malasa\u00f1a","author_link":"https:\/\/site.educa.madrid.org\/ies.malasana.mostoles\/index.php\/author\/cuenta_tic-ies-malasana-mostoles\/"},"rttpg_comment":0,"rttpg_category":false,"rttpg_excerpt":"\u00bfEst\u00e1s en la recta final y no sabes qu\u00e9 hacer despu\u00e9s del Bachillerato? Al finalizar esta etapa, existen diferentes opciones que te contamos a continuaci\u00f3n: Si has superado el Bachillerato ...","post_mailing_queue_ids":[],"_links":{"self":[{"href":"https:\/\/site.educa.madrid.org\/ies.malasana.mostoles\/index.php\/wp-json\/wp\/v2\/pages\/3791","targetHints":{"allow":["GET"]}}],"collection":[{"href":"https:\/\/site.educa.madrid.org\/ies.malasana.mostoles\/index.php\/wp-json\/wp\/v2\/pages"}],"about":[{"href":"https:\/\/site.educa.madrid.org\/ies.malasana.mostoles\/index.php\/wp-json\/wp\/v2\/types\/page"}],"author":[{"embeddable":true,"href":"https:\/\/site.educa.madrid.org\/ies.malasana.mostoles\/index.php\/wp-json\/wp\/v2\/users\/2"}],"replies":[{"embeddable":true,"href":"https:\/\/site.educa.madrid.org\/ies.malasana.mostoles\/index.php\/wp-json\/wp\/v2\/comments?post=3791"}],"version-history":[{"count":5,"href":"https:\/\/site.educa.madrid.org\/ies.malasana.mostoles\/index.php\/wp-json\/wp\/v2\/pages\/3791\/revisions"}],"predecessor-version":[{"id":3836,"href":"https:\/\/site.educa.madrid.org\/ies.malasana.mostoles\/index.php\/wp-json\/wp\/v2\/pages\/3791\/revisions\/3836"}],"up":[{"embeddable":true,"href":"https:\/\/site.educa.madrid.org\/ies.malasana.mostoles\/index.php\/wp-json\/wp\/v2\/pages\/403"}],"wp:attachment":[{"href":"https:\/\/site.educa.madrid.org\/ies.malasana.mostoles\/index.php\/wp-json\/wp\/v2\/media?parent=3791"}],"wp:term":[{"taxonomy":"folder","embeddable":true,"href":"https:\/\/site.educa.madrid.org\/ies.malasana.mostoles\/index.php\/wp-json\/wp\/v2\/folder?post=3791"}],"curies":[{"name":"wp","href":"https:\/\/api.w.org\/{rel}","templated":true}]}}