{"id":381,"date":"2021-02-11T18:45:57","date_gmt":"2021-02-11T18:45:57","guid":{"rendered":"https:\/\/site.educa.madrid.org\/ies.malasana.mostoles\/?page_id=381"},"modified":"2026-01-27T13:51:11","modified_gmt":"2026-01-27T12:51:11","slug":"departamento-de-matematicas","status":"publish","type":"page","link":"https:\/\/site.educa.madrid.org\/ies.malasana.mostoles\/index.php\/ensenanzas\/departamentos-didacticos\/departamento-de-matematicas\/","title":{"rendered":"Departamento de Matem\u00e1ticas"},"content":{"rendered":"\t\t\t<!-- Flexy Breadcrumb -->\n\t\t\t<div class=\"fbc fbc-page\">\n\n\t\t\t\t<!-- Breadcrumb wrapper -->\n\t\t\t\t<div class=\"fbc-wrap\">\n\n\t\t\t\t\t<!-- Ordered list-->\n\t\t\t\t\t<ol class=\"fbc-items\" itemscope itemtype=\"https:\/\/schema.org\/BreadcrumbList\">\n\t\t\t\t\t\t            <li itemprop=\"itemListElement\" itemscope itemtype=\"https:\/\/schema.org\/ListItem\">\n                <span itemprop=\"name\">\n                    <!-- Home Link -->\n                    <a itemprop=\"item\" href=\"https:\/\/site.educa.madrid.org\/ies.malasana.mostoles\">\n                    \n                                                    <i class=\"fa fa fa-home\" aria-hidden=\"true\"><\/i>                    <\/a>\n                <\/span>\n                <meta itemprop=\"position\" content=\"1\" \/><!-- Meta Position-->\n             <\/li><li><span class=\"fbc-separator\">><\/span><\/li><li class=\"active\" itemprop=\"itemListElement\" itemscope itemtype=\"https:\/\/schema.org\/ListItem\"><span itemprop=\"name\" title=\"Tabl\u00f3n de anuncios\">Tabl\u00f3n de anuncios<\/span><meta itemprop=\"position\" content=\"2\" \/><\/li>\t\t\t\t\t<\/ol>\n\t\t\t\t\t<div class=\"clearfix\"><\/div>\n\t\t\t\t<\/div>\n\t\t\t<\/div>\n\t\t\t\n\n\n\n<p>Descripci\u00f3n departamento.<\/p>\n\n\n<div class=\"wp-block-image\">\n<figure class=\"aligncenter size-large\"><img loading=\"lazy\" decoding=\"async\" width=\"1024\" height=\"382\" src=\"https:\/\/site.educa.madrid.org\/ies.malasana.mostoles\/\/wp-content\/uploads\/ies.malasana.mostoles\/2022\/02\/a-book-g66cfc8533_1280-1024x382.jpg\" alt=\"\" class=\"wp-image-2046\" srcset=\"https:\/\/site.educa.madrid.org\/ies.malasana.mostoles\/\/wp-content\/uploads\/ies.malasana.mostoles\/2022\/02\/a-book-g66cfc8533_1280-1024x382.jpg 1024w, https:\/\/site.educa.madrid.org\/ies.malasana.mostoles\/\/wp-content\/uploads\/ies.malasana.mostoles\/2022\/02\/a-book-g66cfc8533_1280-300x112.jpg 300w, https:\/\/site.educa.madrid.org\/ies.malasana.mostoles\/\/wp-content\/uploads\/ies.malasana.mostoles\/2022\/02\/a-book-g66cfc8533_1280-768x286.jpg 768w, https:\/\/site.educa.madrid.org\/ies.malasana.mostoles\/\/wp-content\/uploads\/ies.malasana.mostoles\/2022\/02\/a-book-g66cfc8533_1280.jpg 1280w\" sizes=\"auto, (max-width: 1024px) 100vw, 1024px\" \/><\/figure>\n<\/div>\n\n\n<hr class=\"wp-block-separator has-css-opacity\"\/>\n\n\n\n<h2 class=\"wp-block-heading has-text-align-center\">Miembros del Departamento de Matem\u00e1ticas<\/h2>\n\n\n\n<figure class=\"wp-block-table aligncenter is-style-stripes\"><table><thead><tr><th class=\"has-text-align-center\" data-align=\"center\">nombre<\/th><th class=\"has-text-align-center\" data-align=\"center\">cargo \/ funciones<\/th><th class=\"has-text-align-center\" data-align=\"center\">correo<\/th><\/tr><\/thead><tbody><tr><td class=\"has-text-align-center\" data-align=\"center\">Fransico Gil Ni\u00f1o<\/td><td class=\"has-text-align-center\" data-align=\"center\">Jefe de departamento y docente<\/td><td class=\"has-text-align-center\" data-align=\"center\"><a href=\"mailto:fgilnino@educa.madrid.org\">fgilnino@educa.madrid.org<\/a><\/td><\/tr><tr><td class=\"has-text-align-center\" data-align=\"center\">Lidia Hern\u00e1ndez G\u00f3mez<\/td><td class=\"has-text-align-center\" data-align=\"center\">Jefa de estudios adjunta y docente<\/td><td class=\"has-text-align-center\" data-align=\"center\"><a href=\"mailto:lidia.hernandez5@educa.madrid.org\">lidia.hernandez5@educa.madrid.org<\/a><\/td><\/tr><tr><td class=\"has-text-align-center\" data-align=\"center\">Diego Rodr\u00edguez Vicente<\/td><td class=\"has-text-align-center\" data-align=\"center\">Docente<\/td><td class=\"has-text-align-center\" data-align=\"center\"><a href=\"mailto:bberdealbravo@educa.madrid.org\" target=\"_blank\" rel=\"noreferrer noopener\">drv339<\/a><a href=\"mailto:bberdealbravo@educa.madrid.org\" target=\"_blank\" rel=\"noreferrer noopener\">@educa.madrid.org<\/a><\/td><\/tr><tr><td class=\"has-text-align-center\" data-align=\"center\">David Laplana Mart\u00edn<\/td><td class=\"has-text-align-center\" data-align=\"center\">Docente<\/td><td class=\"has-text-align-center\" data-align=\"center\"><a href=\"mailto:david.laplana@educa.madrid.org\">david.laplana@educa.madrid.org<\/a><\/td><\/tr><tr><td class=\"has-text-align-center\" data-align=\"center\">Antonio J. Mart\u00ednez Lobo<\/td><td class=\"has-text-align-center\" data-align=\"center\">Docente<\/td><td class=\"has-text-align-center\" data-align=\"center\"><a href=\"mailto:amartinezlobo@educa.madrid.org\">amartinezlobo@educa.madrid.org<\/a><\/td><\/tr><tr><td class=\"has-text-align-center\" data-align=\"center\">Laura Bacete Cebri\u00e1n<\/td><td class=\"has-text-align-center\" data-align=\"center\">Docente<\/td><td class=\"has-text-align-center\" data-align=\"center\"><a href=\"mailto:laura.bacete@educa.madrid.org\" target=\"_blank\" rel=\"noreferrer noopener\">laura.bacete@educa.madrid.org<\/a><\/td><\/tr><tr><td class=\"has-text-align-center\" data-align=\"center\">Clara Pereira Delgado<\/td><td class=\"has-text-align-center\" data-align=\"center\">Docente<\/td><td class=\"has-text-align-center\" data-align=\"center\"><a rel=\"noreferrer noopener\" href=\"mailto:gracia.deancos@educa.madrid.org\" target=\"_blank\"><\/a><a href=\"mailto:clara.pereira@educa.madrid.org\">clara.pereira@educa.madrid.org<\/a><\/td><\/tr><tr><td class=\"has-text-align-center\" data-align=\"center\">M\u00aa Isabel Oter Madrid<\/td><td class=\"has-text-align-center\" data-align=\"center\">Docente<\/td><td class=\"has-text-align-center\" data-align=\"center\"><a href=\"mailto:maria.oter1@educa.madrid.org\">maria.oter1@educa.madrid.org<\/a> <\/td><\/tr><tr><td class=\"has-text-align-center\" data-align=\"center\">Alicia Armayor<\/td><td class=\"has-text-align-center\" data-align=\"center\">Docente<\/td><td class=\"has-text-align-center\" data-align=\"center\"><a href=\"mailto:aaa054@educa.madrid.org\">aaa054@educa.madrid.org<\/a><\/td><\/tr><\/tbody><\/table><\/figure>\n\n\n\n<hr class=\"wp-block-separator has-css-opacity\"\/>\n\n\n\n<div class=\"wp-block-buttons is-layout-flex wp-block-buttons-is-layout-flex\">\n<div class=\"wp-block-button has-custom-width wp-block-button__width-100\"><a class=\"wp-block-button__link has-white-color has-text-color has-link-color wp-element-button\" href=\"https:\/\/site.educa.madrid.org\/ies.malasana.mostoles\/index.php\/ensenanzas\/departamentos-didacticos\/departamento-de-matematicas\/programacion-matematicas\/\"><strong>CRITERIOS DE CALIFICACI\u00d3N<\/strong><\/a><\/div>\n<\/div>\n","protected":false},"excerpt":{"rendered":"<p>Descripci\u00f3n departamento. Miembros del Departamento de Matem\u00e1ticas nombre cargo \/ funciones correo Fransico Gil Ni\u00f1o Jefe de departamento y docente fgilnino@educa.madrid.org Lidia Hern\u00e1ndez G\u00f3mez Jefa de estudios adjunta y docente &#8230;<\/p>\n","protected":false},"author":2,"featured_media":0,"parent":373,"menu_order":0,"comment_status":"closed","ping_status":"closed","template":"","meta":{"footnotes":""},"folder":[],"class_list":["post-381","page","type-page","status-publish","hentry"],"rttpg_featured_image_url":null,"rttpg_author":{"display_name":"Coordinador TIC del IES Manuela Malasa\u00f1a","author_link":"https:\/\/site.educa.madrid.org\/ies.malasana.mostoles\/index.php\/author\/cuenta_tic-ies-malasana-mostoles\/"},"rttpg_comment":0,"rttpg_category":false,"rttpg_excerpt":"Descripci\u00f3n departamento. Miembros del Departamento de Matem\u00e1ticas nombre cargo \/ funciones correo Fransico Gil Ni\u00f1o Jefe de departamento y docente fgilnino@educa.madrid.org Lidia Hern\u00e1ndez G\u00f3mez Jefa de estudios adjunta y docente ...","post_mailing_queue_ids":[],"_links":{"self":[{"href":"https:\/\/site.educa.madrid.org\/ies.malasana.mostoles\/index.php\/wp-json\/wp\/v2\/pages\/381","targetHints":{"allow":["GET"]}}],"collection":[{"href":"https:\/\/site.educa.madrid.org\/ies.malasana.mostoles\/index.php\/wp-json\/wp\/v2\/pages"}],"about":[{"href":"https:\/\/site.educa.madrid.org\/ies.malasana.mostoles\/index.php\/wp-json\/wp\/v2\/types\/page"}],"author":[{"embeddable":true,"href":"https:\/\/site.educa.madrid.org\/ies.malasana.mostoles\/index.php\/wp-json\/wp\/v2\/users\/2"}],"replies":[{"embeddable":true,"href":"https:\/\/site.educa.madrid.org\/ies.malasana.mostoles\/index.php\/wp-json\/wp\/v2\/comments?post=381"}],"version-history":[{"count":18,"href":"https:\/\/site.educa.madrid.org\/ies.malasana.mostoles\/index.php\/wp-json\/wp\/v2\/pages\/381\/revisions"}],"predecessor-version":[{"id":5183,"href":"https:\/\/site.educa.madrid.org\/ies.malasana.mostoles\/index.php\/wp-json\/wp\/v2\/pages\/381\/revisions\/5183"}],"up":[{"embeddable":true,"href":"https:\/\/site.educa.madrid.org\/ies.malasana.mostoles\/index.php\/wp-json\/wp\/v2\/pages\/373"}],"wp:attachment":[{"href":"https:\/\/site.educa.madrid.org\/ies.malasana.mostoles\/index.php\/wp-json\/wp\/v2\/media?parent=381"}],"wp:term":[{"taxonomy":"folder","embeddable":true,"href":"https:\/\/site.educa.madrid.org\/ies.malasana.mostoles\/index.php\/wp-json\/wp\/v2\/folder?post=381"}],"curies":[{"name":"wp","href":"https:\/\/api.w.org\/{rel}","templated":true}]}}