{"id":383,"date":"2021-02-11T18:46:22","date_gmt":"2021-02-11T18:46:22","guid":{"rendered":"https:\/\/site.educa.madrid.org\/ies.malasana.mostoles\/?page_id=383"},"modified":"2025-10-06T22:41:06","modified_gmt":"2025-10-06T20:41:06","slug":"departamento-de-lengua-castellana-y-literatura","status":"publish","type":"page","link":"https:\/\/site.educa.madrid.org\/ies.malasana.mostoles\/index.php\/ensenanzas\/departamentos-didacticos\/departamento-de-lengua-castellana-y-literatura\/","title":{"rendered":"Departamento de Lengua Castellana y Literatura"},"content":{"rendered":"\t\t\t<!-- Flexy Breadcrumb -->\n\t\t\t<div class=\"fbc fbc-page\">\n\n\t\t\t\t<!-- Breadcrumb wrapper -->\n\t\t\t\t<div class=\"fbc-wrap\">\n\n\t\t\t\t\t<!-- Ordered list-->\n\t\t\t\t\t<ol class=\"fbc-items\" itemscope itemtype=\"https:\/\/schema.org\/BreadcrumbList\">\n\t\t\t\t\t\t            <li itemprop=\"itemListElement\" itemscope itemtype=\"https:\/\/schema.org\/ListItem\">\n                <span itemprop=\"name\">\n                    <!-- Home Link -->\n                    <a itemprop=\"item\" href=\"https:\/\/site.educa.madrid.org\/ies.malasana.mostoles\">\n                    \n                                                    <i class=\"fa fa fa-home\" aria-hidden=\"true\"><\/i>                    <\/a>\n                <\/span>\n                <meta itemprop=\"position\" content=\"1\" \/><!-- Meta Position-->\n             <\/li><li><span class=\"fbc-separator\">><\/span><\/li><li class=\"active\" itemprop=\"itemListElement\" itemscope itemtype=\"https:\/\/schema.org\/ListItem\"><span itemprop=\"name\" title=\"Tabl\u00f3n de anuncios\">Tabl\u00f3n de anuncios<\/span><meta itemprop=\"position\" content=\"2\" \/><\/li>\t\t\t\t\t<\/ol>\n\t\t\t\t\t<div class=\"clearfix\"><\/div>\n\t\t\t\t<\/div>\n\t\t\t<\/div>\n\t\t\t\n\n\n\n<div class=\"wp-block-media-text alignwide is-stacked-on-mobile\"><figure class=\"wp-block-media-text__media\"><img loading=\"lazy\" decoding=\"async\" width=\"1024\" height=\"685\" src=\"https:\/\/site.educa.madrid.org\/ies.malasana.mostoles\/\/wp-content\/uploads\/ies.malasana.mostoles\/2022\/02\/cervantes-g751afe6fd_1280-1024x685.jpg\" alt=\"\" class=\"wp-image-2056 size-full\" srcset=\"https:\/\/site.educa.madrid.org\/ies.malasana.mostoles\/\/wp-content\/uploads\/ies.malasana.mostoles\/2022\/02\/cervantes-g751afe6fd_1280-1024x685.jpg 1024w, https:\/\/site.educa.madrid.org\/ies.malasana.mostoles\/\/wp-content\/uploads\/ies.malasana.mostoles\/2022\/02\/cervantes-g751afe6fd_1280-300x201.jpg 300w, https:\/\/site.educa.madrid.org\/ies.malasana.mostoles\/\/wp-content\/uploads\/ies.malasana.mostoles\/2022\/02\/cervantes-g751afe6fd_1280-768x514.jpg 768w, https:\/\/site.educa.madrid.org\/ies.malasana.mostoles\/\/wp-content\/uploads\/ies.malasana.mostoles\/2022\/02\/cervantes-g751afe6fd_1280-272x182.jpg 272w, https:\/\/site.educa.madrid.org\/ies.malasana.mostoles\/\/wp-content\/uploads\/ies.malasana.mostoles\/2022\/02\/cervantes-g751afe6fd_1280.jpg 1280w\" sizes=\"auto, (max-width: 1024px) 100vw, 1024px\" \/><\/figure><div class=\"wp-block-media-text__content\">\n<p style=\"font-size:18px\">La materia de&nbsp;<em><strong>Lengua Castellana y Literatura<\/strong>&nbsp;<\/em>se centra en tres pilares: la comprensi\u00f3n, la expresi\u00f3n y la capacidad cr\u00edtica. Todo esto, reforzado por el est\u00edmulo del an\u00e1lisis y de la s\u00edntesis. Nuestro punto de arranque ser\u00e1n las cuatro destrezas b\u00e1sicas de la lengua: expresi\u00f3n y comprensi\u00f3n de la lengua oral y escrita, o lo que es lo mismo: escuchar, hablar, leer y escribir. Tambi\u00e9n hemos de partir de los usos reales de la lengua por parte del alumnado para hacerlos conscientes de su propia realidad ling\u00fc\u00edstica y de las diferencias en la competencia y en el uso.<\/p>\n<\/div><\/div>\n\n\n\n<hr class=\"wp-block-separator has-css-opacity aligncenter\"\/>\n\n\n\n<h2 class=\"wp-block-heading has-text-align-center\">Miembros del Departamento de Lengua Castellana y Literatura<\/h2>\n\n\n\n<figure class=\"wp-block-table is-style-stripes\"><table><thead><tr><th class=\"has-text-align-center\" data-align=\"center\">nombre<\/th><th class=\"has-text-align-center\" data-align=\"center\">Correo<\/th><\/tr><\/thead><tbody><tr><td class=\"has-text-align-center\" data-align=\"center\"><strong>Jos\u00e9 Javier Ramos Pasalodos<\/strong><\/td><td class=\"has-text-align-center\" data-align=\"center\"><a href=\"mailto:jramospasalodos@educa.madrid.org\" target=\"_blank\" rel=\"noreferrer noopener\">jramospasalodos@educa.madrid.org<\/a><\/td><\/tr><tr><td class=\"has-text-align-center\" data-align=\"center\"><strong>Susana Herrer\u00eda Mu\u00f1oz<\/strong><\/td><td class=\"has-text-align-center\" data-align=\"center\"><a href=\"mailto:susana.herreriamunoz@educa.madrid.org\" target=\"_blank\" rel=\"noreferrer noopener\">susana.herreriamunoz@educa.madrid.org<\/a><\/td><\/tr><tr><td class=\"has-text-align-center\" data-align=\"center\"><strong>Alejandro Castellanos Garc\u00eda<\/strong><\/td><td class=\"has-text-align-center\" data-align=\"center\"><a href=\"mailto:acastellanosgarcia@educa.madrid.org\" target=\"_blank\" rel=\"noreferrer noopener\">acastellanosgarcia@educa.madrid.org<\/a><\/td><\/tr><tr><td class=\"has-text-align-center\" data-align=\"center\"><strong>Leticia Rico Vega<\/strong><\/td><td class=\"has-text-align-center\" data-align=\"center\"><a href=\"mailto:leticia.rico@educa.madrid.org\" target=\"_blank\" rel=\"noreferrer noopener\">leticia.rico@educa.madrid.org<\/a><\/td><\/tr><tr><td class=\"has-text-align-center\" data-align=\"center\"><strong>Violeta Mart\u00edn Horcajo<\/strong><\/td><td class=\"has-text-align-center\" data-align=\"center\"><a href=\"mailto:maria.martin14@educa.madrid.org\">maria.martin14@educa.madrid.org<\/a><\/td><\/tr><tr><td class=\"has-text-align-center\" data-align=\"center\"><strong>Ewelina Koizol Koizol<\/strong><\/td><td class=\"has-text-align-center\" data-align=\"center\"><a href=\"mailto:nuria.garca2@educa.madrid.org\">ewelina.koizol@educa.madrid.org<\/a><\/td><\/tr><tr><td class=\"has-text-align-center\" data-align=\"center\"><strong>M\u00aa Isabel Guerrero<\/strong><\/td><td class=\"has-text-align-center\" data-align=\"center\"><a href=\"mailto:migs12@educa.madrid.org\">migs12@educa.madrid.org<\/a><\/td><\/tr><tr><td class=\"has-text-align-center\" data-align=\"center\"><strong>Juan Paniagua Mendo<\/strong><\/td><td class=\"has-text-align-center\" data-align=\"center\"><a href=\"mailto:nma688@educa.madrid.org\">jpaniaguamendo@educa.madrid.org<\/a><\/td><\/tr><tr><td class=\"has-text-align-center\" data-align=\"center\">Marta Garrido Molero<\/td><td class=\"has-text-align-center\" data-align=\"center\">mgm130@educa.madrid.org<\/td><\/tr><tr><td class=\"has-text-align-center\" data-align=\"center\">Victoria Sanguino Oviedo<\/td><td class=\"has-text-align-center\" data-align=\"center\">vso810@educa.madrid.org <\/td><\/tr><\/tbody><\/table><\/figure>\n\n\n\n<div class=\"wp-block-buttons is-horizontal is-content-justification-center is-layout-flex wp-container-core-buttons-is-layout-499968f5 wp-block-buttons-is-layout-flex\">\n<div class=\"wp-block-button has-custom-width wp-block-button__width-100 is-style-fill\"><a class=\"wp-block-button__link has-white-color has-black-background-color has-text-color has-background wp-element-button\" href=\"https:\/\/site.educa.madrid.org\/ies.malasana.mostoles\/index.php\/criterios-lengua-y-literatura\/\"><strong>Consulta aqu\u00ed la programaci\u00f3n del departamento<\/strong><\/a><\/div>\n<\/div>\n\n\n\n<hr class=\"wp-block-separator has-css-opacity\"\/>\n\n\n\n<p><\/p>\n","protected":false},"excerpt":{"rendered":"<p>La materia de&nbsp;Lengua Castellana y Literatura&nbsp;se centra en tres pilares: la comprensi\u00f3n, la expresi\u00f3n y la capacidad cr\u00edtica. Todo esto, reforzado por el est\u00edmulo del an\u00e1lisis y de la s\u00edntesis. &#8230;<\/p>\n","protected":false},"author":2,"featured_media":0,"parent":373,"menu_order":0,"comment_status":"closed","ping_status":"closed","template":"","meta":{"footnotes":""},"folder":[],"class_list":["post-383","page","type-page","status-publish","hentry"],"rttpg_featured_image_url":null,"rttpg_author":{"display_name":"Coordinador TIC del IES Manuela Malasa\u00f1a","author_link":"https:\/\/site.educa.madrid.org\/ies.malasana.mostoles\/index.php\/author\/cuenta_tic-ies-malasana-mostoles\/"},"rttpg_comment":0,"rttpg_category":false,"rttpg_excerpt":"La materia de&nbsp;Lengua Castellana y Literatura&nbsp;se centra en tres pilares: la comprensi\u00f3n, la expresi\u00f3n y la capacidad cr\u00edtica. Todo esto, reforzado por el est\u00edmulo del an\u00e1lisis y de la s\u00edntesis. ...","post_mailing_queue_ids":[],"_links":{"self":[{"href":"https:\/\/site.educa.madrid.org\/ies.malasana.mostoles\/index.php\/wp-json\/wp\/v2\/pages\/383","targetHints":{"allow":["GET"]}}],"collection":[{"href":"https:\/\/site.educa.madrid.org\/ies.malasana.mostoles\/index.php\/wp-json\/wp\/v2\/pages"}],"about":[{"href":"https:\/\/site.educa.madrid.org\/ies.malasana.mostoles\/index.php\/wp-json\/wp\/v2\/types\/page"}],"author":[{"embeddable":true,"href":"https:\/\/site.educa.madrid.org\/ies.malasana.mostoles\/index.php\/wp-json\/wp\/v2\/users\/2"}],"replies":[{"embeddable":true,"href":"https:\/\/site.educa.madrid.org\/ies.malasana.mostoles\/index.php\/wp-json\/wp\/v2\/comments?post=383"}],"version-history":[{"count":24,"href":"https:\/\/site.educa.madrid.org\/ies.malasana.mostoles\/index.php\/wp-json\/wp\/v2\/pages\/383\/revisions"}],"predecessor-version":[{"id":4983,"href":"https:\/\/site.educa.madrid.org\/ies.malasana.mostoles\/index.php\/wp-json\/wp\/v2\/pages\/383\/revisions\/4983"}],"up":[{"embeddable":true,"href":"https:\/\/site.educa.madrid.org\/ies.malasana.mostoles\/index.php\/wp-json\/wp\/v2\/pages\/373"}],"wp:attachment":[{"href":"https:\/\/site.educa.madrid.org\/ies.malasana.mostoles\/index.php\/wp-json\/wp\/v2\/media?parent=383"}],"wp:term":[{"taxonomy":"folder","embeddable":true,"href":"https:\/\/site.educa.madrid.org\/ies.malasana.mostoles\/index.php\/wp-json\/wp\/v2\/folder?post=383"}],"curies":[{"name":"wp","href":"https:\/\/api.w.org\/{rel}","templated":true}]}}