{"id":385,"date":"2021-02-11T18:47:20","date_gmt":"2021-02-11T17:47:20","guid":{"rendered":"https:\/\/site.educa.madrid.org\/ies.malasana.mostoles\/?page_id=385"},"modified":"2025-10-26T22:13:49","modified_gmt":"2025-10-26T21:13:49","slug":"departamento-de-ingles","status":"publish","type":"page","link":"https:\/\/site.educa.madrid.org\/ies.malasana.mostoles\/index.php\/ensenanzas\/departamentos-didacticos\/departamento-de-ingles\/","title":{"rendered":"Departamento de Ingl\u00e9s"},"content":{"rendered":"\t\t\t<!-- Flexy Breadcrumb -->\n\t\t\t<div class=\"fbc fbc-page\">\n\n\t\t\t\t<!-- Breadcrumb wrapper -->\n\t\t\t\t<div class=\"fbc-wrap\">\n\n\t\t\t\t\t<!-- Ordered list-->\n\t\t\t\t\t<ol class=\"fbc-items\" itemscope itemtype=\"https:\/\/schema.org\/BreadcrumbList\">\n\t\t\t\t\t\t            <li itemprop=\"itemListElement\" itemscope itemtype=\"https:\/\/schema.org\/ListItem\">\n                <span itemprop=\"name\">\n                    <!-- Home Link -->\n                    <a itemprop=\"item\" href=\"https:\/\/site.educa.madrid.org\/ies.malasana.mostoles\">\n                    \n                                                    <i class=\"fa fa fa-home\" aria-hidden=\"true\"><\/i>                    <\/a>\n                <\/span>\n                <meta itemprop=\"position\" content=\"1\" \/><!-- Meta Position-->\n             <\/li><li><span class=\"fbc-separator\">><\/span><\/li><li class=\"active\" itemprop=\"itemListElement\" itemscope itemtype=\"https:\/\/schema.org\/ListItem\"><span itemprop=\"name\" title=\"Tabl\u00f3n de anuncios\">Tabl\u00f3n de anuncios<\/span><meta itemprop=\"position\" content=\"2\" \/><\/li>\t\t\t\t\t<\/ol>\n\t\t\t\t\t<div class=\"clearfix\"><\/div>\n\t\t\t\t<\/div>\n\t\t\t<\/div>\n\t\t\t\n\n\n<div class=\"wp-block-image\">\n<figure class=\"aligncenter size-full\"><img loading=\"lazy\" decoding=\"async\" width=\"1024\" height=\"384\" src=\"https:\/\/site.educa.madrid.org\/ies.malasana.mostoles\/\/wp-content\/uploads\/ies.malasana.mostoles\/2024\/06\/Ingles-1.png\" alt=\"\" class=\"wp-image-4263\" srcset=\"https:\/\/site.educa.madrid.org\/ies.malasana.mostoles\/\/wp-content\/uploads\/ies.malasana.mostoles\/2024\/06\/Ingles-1.png 1024w, https:\/\/site.educa.madrid.org\/ies.malasana.mostoles\/\/wp-content\/uploads\/ies.malasana.mostoles\/2024\/06\/Ingles-1-300x113.png 300w, https:\/\/site.educa.madrid.org\/ies.malasana.mostoles\/\/wp-content\/uploads\/ies.malasana.mostoles\/2024\/06\/Ingles-1-768x288.png 768w\" sizes=\"auto, (max-width: 1024px) 100vw, 1024px\" \/><\/figure>\n<\/div>\n\n\n<p><\/p>\n\n\n\n<p class=\"has-text-align-left\" style=\"font-size:16px\">El <strong>Departamento de Ingl\u00e9s<\/strong> del IES Manuela Malasa\u00f1a tiene como objetivo principal desarrollar la <strong>competencia comunicativa <\/strong>del alumnado en la <strong>lengua inglesa<\/strong> para que logre utilizar el idioma de manera adecuada en situaciones cotidianas relacionadas con su entorno profesional o en interacci\u00f3n con otros hablantes, as\u00ed como en la producci\u00f3n y comprensi\u00f3n de textos de car\u00e1cter general.<\/p>\n\n\n\n<p class=\"has-text-align-left\" style=\"font-size:16px\">Los retos que se derivan de la pertenencia a la <strong>Uni\u00f3n Europea y la globalizaci\u00f3n<\/strong> en el mercado de trabajo requieren el dominio de una lengua extranjera para asegurar la inserci\u00f3n profesional en las mejores condiciones posibles.<\/p>\n\n\n\n<p class=\"has-text-align-left\" style=\"font-size:16px\">Para promover y facilitar un acercamiento m\u00e1s pr\u00e1ctico y activo a la lengua inglesa contamos con el soporte de un <strong>Auxiliar de Conversaci\u00f3n<\/strong> que acompa\u00f1ar\u00e1 a los profesores en el aula y cuya funci\u00f3n fundamental ser\u00e1 reforzar las destrezas orales del alumnado en la lengua extranjera.<\/p>\n\n\n\n<hr class=\"wp-block-separator has-css-opacity is-style-default\"\/>\n\n\n<div class=\"wp-block-image\">\n<figure class=\"aligncenter size-full\"><img loading=\"lazy\" decoding=\"async\" width=\"1024\" height=\"192\" src=\"https:\/\/site.educa.madrid.org\/ies.malasana.mostoles\/\/wp-content\/uploads\/ies.malasana.mostoles\/2024\/06\/1-1.png\" alt=\"\" class=\"wp-image-4265\" srcset=\"https:\/\/site.educa.madrid.org\/ies.malasana.mostoles\/\/wp-content\/uploads\/ies.malasana.mostoles\/2024\/06\/1-1.png 1024w, https:\/\/site.educa.madrid.org\/ies.malasana.mostoles\/\/wp-content\/uploads\/ies.malasana.mostoles\/2024\/06\/1-1-300x56.png 300w, https:\/\/site.educa.madrid.org\/ies.malasana.mostoles\/\/wp-content\/uploads\/ies.malasana.mostoles\/2024\/06\/1-1-768x144.png 768w\" sizes=\"auto, (max-width: 1024px) 100vw, 1024px\" \/><\/figure>\n<\/div>\n\n\n<p><\/p>\n\n\n\n<figure class=\"wp-block-table aligncenter is-style-stripes\"><table><thead><tr><th class=\"has-text-align-center\" data-align=\"center\">Nombre<\/th><th class=\"has-text-align-center\" data-align=\"center\">correo<\/th><\/tr><\/thead><tbody><tr><td class=\"has-text-align-center\" data-align=\"center\"><strong>Mar\u00eda Jim\u00e9nez Jim\u00e9nez<\/strong><\/td><td class=\"has-text-align-center\" data-align=\"center\"><a href=\"mailto:maria.jimenezjimenez@educa.madrid.org\" target=\"_blank\" rel=\"noreferrer noopener\">maria.jimenezjimenez@educa.madrid.org<\/a><\/td><\/tr><tr><td class=\"has-text-align-center\" data-align=\"center\"><strong>Carmen M. San Clemente<\/strong><\/td><td class=\"has-text-align-center\" data-align=\"center\"><a href=\"mailto:carmen.san@educa.madrid.org\" target=\"_blank\" rel=\"noreferrer noopener\">carmen.san@educa.madrid.org<\/a><\/td><\/tr><tr><td class=\"has-text-align-center\" data-align=\"center\"><strong>Ana Mata Ayuso<\/strong><\/td><td class=\"has-text-align-center\" data-align=\"center\"><a href=\"mailto:ana.mataayuso@educa.madrid.org\" target=\"_blank\" rel=\"noreferrer noopener\">ana.mataayuso@educa.madrid.org<\/a><\/td><\/tr><tr><td class=\"has-text-align-center\" data-align=\"center\"><strong>M\u00aa Sara Rebollo M\u00e1rmol<\/strong><\/td><td class=\"has-text-align-center\" data-align=\"center\"><a href=\"mailto:sararebollo7@educa.madrid.org\">sararebollo7@educa.madrid.org<\/a><\/td><\/tr><tr><td class=\"has-text-align-center\" data-align=\"center\"><strong>M\u00aa Dolores Torres Moreno<\/strong><\/td><td class=\"has-text-align-center\" data-align=\"center\"><a href=\"mailto:mtorresmoreno@educa.madrid.org\">mtorresmoreno@educa.madrid.org<\/a><\/td><\/tr><tr><td class=\"has-text-align-center\" data-align=\"center\">Eva M\u00aa Hurtado Caballero<\/td><td class=\"has-text-align-center\" data-align=\"center\">eva.hurtado2@educa.madrid.org<\/td><\/tr><tr><td class=\"has-text-align-center\" data-align=\"center\">Nuria Marcos Ruiz<\/td><td class=\"has-text-align-center\" data-align=\"center\">nuria.marcos@educa.madrid.org<\/td><\/tr><tr><td class=\"has-text-align-center\" data-align=\"center\">\u00c1ngel Dom\u00ednguez Mart\u00ednez<\/td><td class=\"has-text-align-center\" data-align=\"center\">angel.dominguezmartinez@educa.madrid.org<\/td><\/tr><\/tbody><\/table><\/figure>\n\n\n\n<div class=\"wp-block-columns is-layout-flex wp-container-core-columns-is-layout-9d6595d7 wp-block-columns-is-layout-flex\">\n<div class=\"wp-block-column is-layout-flow wp-block-column-is-layout-flow\">\n<div class=\"wp-block-buttons is-horizontal is-content-justification-center is-layout-flex wp-container-core-buttons-is-layout-499968f5 wp-block-buttons-is-layout-flex\">\n<div class=\"wp-block-button has-custom-width wp-block-button__width-100 is-style-fill\"><a class=\"wp-block-button__link has-white-color has-text-color wp-element-button\" href=\"https:\/\/site.educa.madrid.org\/ies.malasana.mostoles\/index.php\/programacion-ingles\/\" style=\"border-top-left-radius:40px;border-top-right-radius:20px;border-bottom-left-radius:20px;border-bottom-right-radius:40px\"><strong>Consulta aqu\u00ed la programaci\u00f3n del departamento<\/strong><\/a><\/div>\n<\/div>\n<\/div>\n<\/div>\n\n\n\n<figure class=\"wp-block-image size-full\"><img loading=\"lazy\" decoding=\"async\" width=\"1024\" height=\"192\" src=\"https:\/\/site.educa.madrid.org\/ies.malasana.mostoles\/\/wp-content\/uploads\/ies.malasana.mostoles\/2024\/06\/2-1.png\" alt=\"\" class=\"wp-image-4266\" srcset=\"https:\/\/site.educa.madrid.org\/ies.malasana.mostoles\/\/wp-content\/uploads\/ies.malasana.mostoles\/2024\/06\/2-1.png 1024w, https:\/\/site.educa.madrid.org\/ies.malasana.mostoles\/\/wp-content\/uploads\/ies.malasana.mostoles\/2024\/06\/2-1-300x56.png 300w, https:\/\/site.educa.madrid.org\/ies.malasana.mostoles\/\/wp-content\/uploads\/ies.malasana.mostoles\/2024\/06\/2-1-768x144.png 768w\" sizes=\"auto, (max-width: 1024px) 100vw, 1024px\" \/><\/figure>\n\n\n\n<p><\/p>\n\n\n\n<div class=\"wp-block-columns is-layout-flex wp-container-core-columns-is-layout-9d6595d7 wp-block-columns-is-layout-flex\">\n<div class=\"wp-block-column is-layout-flow wp-block-column-is-layout-flow\">\n<h2 class=\"wp-block-heading has-text-align-center has-black-color has-text-color has-medium-font-size\" style=\"font-style:normal;font-weight:800\">Actividades<\/h2>\n\n\n\n<p class=\"has-small-font-size\">El departamento organiza distintas actividades para promover el aprendizaje del ingl\u00e9s de forma m\u00e1s interactiva, social y divertida. Entre otras, caben destacar <strong>escape rooms<\/strong>, <strong>teatro en ingl\u00e9s<\/strong> o el <strong>intercambio<\/strong>, \u00a1que se lleva haciendo desde 2001!<\/p>\n\n\n\n<div class=\"wp-block-buttons is-horizontal is-content-justification-center is-layout-flex wp-container-core-buttons-is-layout-499968f5 wp-block-buttons-is-layout-flex\">\n<div class=\"wp-block-button is-style-outline is-style-outline--1\"><a class=\"wp-block-button__link has-black-color has-text-color wp-element-button\" href=\"https:\/\/site.educa.madrid.org\/ies.malasana.mostoles\/index.php\/ensenanzas\/departamentos-didacticos\/departamento-de-ingles\/intercambio-ies-manuela-malasana-sharnbrook-academy\/\" style=\"border-top-left-radius:40px;border-top-right-radius:20px;border-bottom-left-radius:20px;border-bottom-right-radius:40px\">Intercambio<\/a><\/div>\n<\/div>\n<\/div>\n\n\n\n<div class=\"wp-block-column is-layout-flow wp-block-column-is-layout-flow\">\n<h2 class=\"wp-block-heading has-text-align-center has-medium-font-size\" style=\"font-style:normal;font-weight:800\">T\u00edtulos<\/h2>\n\n\n\n<p class=\"has-small-font-size\">Existen diferentes certificados y titulaciones que permiten&nbsp;<strong>acreditar tu nivel de ingl\u00e9s<\/strong>. \u00bfPara qu\u00e9 quiero aprender ingl\u00e9s? Hay multitud de t\u00edtulos dependiendo de <strong>tu objetivo<\/strong>: <em>para acceder a unos estudios, para trabajar, para unas oposiciones<\/em>, etc.<\/p>\n\n\n\n<div class=\"wp-block-buttons is-horizontal is-content-justification-center is-layout-flex wp-container-core-buttons-is-layout-499968f5 wp-block-buttons-is-layout-flex\">\n<div class=\"wp-block-button is-style-outline is-style-outline--2\"><a class=\"wp-block-button__link has-black-color has-text-color wp-element-button\" href=\"https:\/\/www.comunidad.madrid\/servicios\/educacion\/certificacion-nivel-idiomas\" style=\"border-top-left-radius:40px;border-top-right-radius:20px;border-bottom-left-radius:20px;border-bottom-right-radius:40px\" target=\"_blank\" rel=\"noreferrer noopener\">Certificados de idiomas en Madrid<\/a><\/div>\n\n\n\n<div class=\"wp-block-button is-style-outline is-style-outline--3\"><a class=\"wp-block-button__link has-black-color has-text-color wp-element-button\" href=\"https:\/\/elpais.com\/economia\/2015\/03\/26\/actualidad\/1427393052_815629.html\" style=\"border-top-left-radius:40px;border-top-right-radius:20px;border-bottom-left-radius:20px;border-bottom-right-radius:40px\" target=\"_blank\" rel=\"noreferrer noopener\">Para estudiar en el extranjero<\/a><\/div>\n<\/div>\n<\/div>\n<\/div>\n\n\n\n<h2 class=\"wp-block-heading has-text-align-center has-black-color has-text-color has-medium-font-size\" style=\"font-style:normal;font-weight:800\">Destrezas<\/h2>\n\n\n\n<p class=\"has-small-font-size\">Tradicionalmente la did\u00e1ctica las ha clasificado atendiendo al modo de transmisi\u00f3n (orales y escritas) y al papel que desempe\u00f1an en la comunicaci\u00f3n (productivas y receptivas). As\u00ed, las ha establecido en n\u00famero de cuatro:&nbsp;<a href=\"javascript:abrir('expresionoral',650,470,'yes')\">expresi\u00f3n oral<\/a>,&nbsp;<a href=\"javascript:abrir('expresionescrita',650,470,'yes')\">expresi\u00f3n escrita<\/a>,&nbsp;<a href=\"javascript:abrir('comprensionauditiva',650,470,'yes')\">comprensi\u00f3n auditiva<\/a>&nbsp;y&nbsp;<a href=\"javascript:abrir('comprensionlectora',650,470,'yes')\">comprensi\u00f3n lectora<\/a><\/p>\n\n\n\n<div class=\"wp-block-columns is-layout-flex wp-container-core-columns-is-layout-9d6595d7 wp-block-columns-is-layout-flex\">\n<div class=\"wp-block-column is-layout-flow wp-block-column-is-layout-flow\">\n<h4 class=\"wp-block-heading has-text-align-left\">Speaking<\/h4>\n\n\n\n<div class=\"wp-block-buttons is-horizontal is-content-justification-center is-layout-flex wp-container-core-buttons-is-layout-499968f5 wp-block-buttons-is-layout-flex\">\n<div class=\"wp-block-button is-style-outline is-style-outline--4\"><a class=\"wp-block-button__link has-black-color has-text-color wp-element-button\" href=\"\" style=\"border-top-left-radius:40px;border-top-right-radius:20px;border-bottom-left-radius:20px;border-bottom-right-radius:40px\" target=\"_blank\" rel=\"noreferrer noopener\">British Council<\/a><\/div>\n\n\n\n<div class=\"wp-block-button is-style-outline is-style-outline--5\"><a class=\"wp-block-button__link has-black-color has-text-color wp-element-button\" href=\"\" style=\"border-top-left-radius:40px;border-top-right-radius:20px;border-bottom-left-radius:20px;border-bottom-right-radius:40px\" target=\"_blank\" rel=\"noreferrer noopener\">English Speaking Success (YouTube)<\/a><\/div>\n<\/div>\n\n\n\n<h4 class=\"wp-block-heading\"><\/h4>\n<\/div>\n\n\n\n<div class=\"wp-block-column is-layout-flow wp-block-column-is-layout-flow\">\n<h4 class=\"wp-block-heading has-text-align-left\">Writing<\/h4>\n\n\n\n<div class=\"wp-block-buttons is-horizontal is-content-justification-center is-layout-flex wp-container-core-buttons-is-layout-499968f5 wp-block-buttons-is-layout-flex\">\n<div class=\"wp-block-button is-style-outline is-style-outline--6\"><a class=\"wp-block-button__link has-black-color has-text-color wp-element-button\" href=\"https:\/\/learnenglish.britishcouncil.org\/es\/skills\/writing\" style=\"border-top-left-radius:40px;border-top-right-radius:20px;border-bottom-left-radius:20px;border-bottom-right-radius:40px\" target=\"_blank\" rel=\"noreferrer noopener\">British Council<\/a><\/div>\n<\/div>\n<\/div>\n<\/div>\n\n\n\n<div class=\"wp-block-columns is-layout-flex wp-container-core-columns-is-layout-9d6595d7 wp-block-columns-is-layout-flex\">\n<div class=\"wp-block-column is-layout-flow wp-block-column-is-layout-flow\">\n<h4 class=\"wp-block-heading has-text-align-left\">Reading<\/h4>\n\n\n\n<div class=\"wp-block-buttons is-horizontal is-content-justification-center is-layout-flex wp-container-core-buttons-is-layout-499968f5 wp-block-buttons-is-layout-flex\">\n<div class=\"wp-block-button is-style-outline is-style-outline--7\"><a class=\"wp-block-button__link has-black-color has-text-color wp-element-button\" href=\"https:\/\/learnenglish.britishcouncil.org\/es\/skills\/reading\" style=\"border-top-left-radius:40px;border-top-right-radius:20px;border-bottom-left-radius:20px;border-bottom-right-radius:40px\" target=\"_blank\" rel=\"noreferrer noopener\">British Council<\/a><\/div>\n<\/div>\n<\/div>\n\n\n\n<div class=\"wp-block-column is-layout-flow wp-block-column-is-layout-flow\">\n<h4 class=\"wp-block-heading has-text-align-left\">Listening<\/h4>\n\n\n\n<div class=\"wp-block-buttons is-horizontal is-content-justification-center is-layout-flex wp-container-core-buttons-is-layout-499968f5 wp-block-buttons-is-layout-flex\">\n<div class=\"wp-block-button is-style-outline is-style-outline--8\"><a class=\"wp-block-button__link has-black-color has-text-color wp-element-button\" href=\"https:\/\/learnenglish.britishcouncil.org\/es\/skills\/reading\" style=\"border-top-left-radius:40px;border-top-right-radius:20px;border-bottom-left-radius:20px;border-bottom-right-radius:40px\" target=\"_blank\" rel=\"noreferrer noopener\">British Council<\/a><\/div>\n<\/div>\n<\/div>\n<\/div>\n\n\n\n<h4 class=\"wp-block-heading has-text-align-left\">Grammar<\/h4>\n\n\n\n<div class=\"wp-block-buttons is-horizontal is-content-justification-center is-layout-flex wp-container-core-buttons-is-layout-499968f5 wp-block-buttons-is-layout-flex\">\n<div class=\"wp-block-button is-style-outline is-style-outline--9\"><a class=\"wp-block-button__link has-black-color has-text-color wp-element-button\" style=\"border-top-left-radius:40px;border-top-right-radius:20px;border-bottom-left-radius:20px;border-bottom-right-radius:40px\">Perfect English Grammar<\/a><\/div>\n<\/div>\n\n\n\n<p><\/p>\n\n\n\n<figure class=\"wp-block-image size-full\"><img loading=\"lazy\" decoding=\"async\" width=\"1024\" height=\"192\" src=\"https:\/\/site.educa.madrid.org\/ies.malasana.mostoles\/\/wp-content\/uploads\/ies.malasana.mostoles\/2024\/06\/3.png\" alt=\"\" class=\"wp-image-4268\" srcset=\"https:\/\/site.educa.madrid.org\/ies.malasana.mostoles\/\/wp-content\/uploads\/ies.malasana.mostoles\/2024\/06\/3.png 1024w, https:\/\/site.educa.madrid.org\/ies.malasana.mostoles\/\/wp-content\/uploads\/ies.malasana.mostoles\/2024\/06\/3-300x56.png 300w, https:\/\/site.educa.madrid.org\/ies.malasana.mostoles\/\/wp-content\/uploads\/ies.malasana.mostoles\/2024\/06\/3-768x144.png 768w\" sizes=\"auto, (max-width: 1024px) 100vw, 1024px\" \/><\/figure>\n\n\n<ul class=\"wp-block-latest-posts__list has-dates wp-block-latest-posts\"><li><a class=\"wp-block-latest-posts__post-title\" href=\"https:\/\/site.educa.madrid.org\/ies.malasana.mostoles\/index.php\/2025\/07\/02\/listados-provisionales-de-menciones-honorificas-y-diplomas-de-aprovechamiento\/\">Listados provisionales de Menciones honor\u00edficas y Diplomas de Aprovechamiento<\/a><time datetime=\"2025-07-02T09:59:01+02:00\" class=\"wp-block-latest-posts__post-date\">2 julio, 2025<\/time><div class=\"wp-block-latest-posts__post-excerpt\">Se publican los listados provisionales de Menciones Honor\u00edficas y Diplomas de Aprovechamiento:<\/div><\/li>\n<li><a class=\"wp-block-latest-posts__post-title\" href=\"https:\/\/site.educa.madrid.org\/ies.malasana.mostoles\/index.php\/2023\/09\/29\/intercambio-2023-24_autorizacion-primer-pago\/\">Intercambio 2023-24_Autorizaci\u00f3n + primer pago<\/a><time datetime=\"2023-09-29T09:23:38+02:00\" class=\"wp-block-latest-posts__post-date\">29 septiembre, 2023<\/time><div class=\"wp-block-latest-posts__post-excerpt\">Estimadas familias: Os hacemos llegar dos documentos IMPRESCINDIBLES para la participaci\u00f3n en el intercambio escolar 2023-24 con Sharnbrook Academy (Bedford, Inglaterra). Por favor, consultad ambos documentos y devolver la autorizaci\u00f3n &#8230;<\/div><\/li>\n<li><a class=\"wp-block-latest-posts__post-title\" href=\"https:\/\/site.educa.madrid.org\/ies.malasana.mostoles\/index.php\/2023\/09\/25\/intercambio-2023-24-reunion-informacion-inicial\/\">Intercambio 2023-24_Reuni\u00f3n inicial + informaci\u00f3n<\/a><time datetime=\"2023-09-25T12:15:22+02:00\" class=\"wp-block-latest-posts__post-date\">25 septiembre, 2023<\/time><div class=\"wp-block-latest-posts__post-excerpt\">Estimadas familias y alumnos de 3\u00ba y 4\u00ba ESO, y 1\u00ba Bachillerato: Durante el presente curso volveremos a realizar un intercambio escolar con un centro educativo (Sharnbrook Academy) en Inglaterra. &#8230;<\/div><\/li>\n<li><a class=\"wp-block-latest-posts__post-title\" href=\"https:\/\/site.educa.madrid.org\/ies.malasana.mostoles\/index.php\/2022\/11\/09\/intercambio-2022-23-reunion-inicial-y-primer-pago\/\">Intercambio 2022-23_Reuni\u00f3n inicial y primer pago<\/a><time datetime=\"2022-11-09T08:11:36+01:00\" class=\"wp-block-latest-posts__post-date\">9 noviembre, 2022<\/time><div class=\"wp-block-latest-posts__post-excerpt\">Estimadas familias: El pr\u00f3ximo d\u00eda 24 de noviembre de 2022 a las 16:00 tendr\u00e1 lugar una reuni\u00f3n con las familias \u2013 y con aquellos alumnos que deseen asistir \u2013 en &#8230;<\/div><\/li>\n<li><a class=\"wp-block-latest-posts__post-title\" href=\"https:\/\/site.educa.madrid.org\/ies.malasana.mostoles\/index.php\/2022\/09\/27\/informacion-inicial\/\">Intercambio 2022-23_Informaci\u00f3n inicial<\/a><time datetime=\"2022-09-27T11:16:17+02:00\" class=\"wp-block-latest-posts__post-date\">27 septiembre, 2022<\/time><div class=\"wp-block-latest-posts__post-excerpt\">A continuaci\u00f3n ten\u00e9is disponible la circular inicial que se ha repartido a los alumnos esta semana para confirmar su inter\u00e9s por participar en el intercambio con Inglaterra para este curso &#8230;<\/div><\/li>\n<\/ul>","protected":false},"excerpt":{"rendered":"<p>El Departamento de Ingl\u00e9s del IES Manuela Malasa\u00f1a tiene como objetivo principal desarrollar la competencia comunicativa del alumnado en la lengua inglesa para que logre utilizar el idioma de manera &#8230;<\/p>\n","protected":false},"author":2,"featured_media":0,"parent":373,"menu_order":0,"comment_status":"closed","ping_status":"closed","template":"","meta":{"footnotes":""},"folder":[],"class_list":["post-385","page","type-page","status-publish","hentry"],"rttpg_featured_image_url":null,"rttpg_author":{"display_name":"Coordinador TIC del IES Manuela Malasa\u00f1a","author_link":"https:\/\/site.educa.madrid.org\/ies.malasana.mostoles\/index.php\/author\/cuenta_tic-ies-malasana-mostoles\/"},"rttpg_comment":0,"rttpg_category":false,"rttpg_excerpt":"El Departamento de Ingl\u00e9s del IES Manuela Malasa\u00f1a tiene como objetivo principal desarrollar la competencia comunicativa del alumnado en la lengua inglesa para que logre utilizar el idioma de manera ...","post_mailing_queue_ids":[],"_links":{"self":[{"href":"https:\/\/site.educa.madrid.org\/ies.malasana.mostoles\/index.php\/wp-json\/wp\/v2\/pages\/385","targetHints":{"allow":["GET"]}}],"collection":[{"href":"https:\/\/site.educa.madrid.org\/ies.malasana.mostoles\/index.php\/wp-json\/wp\/v2\/pages"}],"about":[{"href":"https:\/\/site.educa.madrid.org\/ies.malasana.mostoles\/index.php\/wp-json\/wp\/v2\/types\/page"}],"author":[{"embeddable":true,"href":"https:\/\/site.educa.madrid.org\/ies.malasana.mostoles\/index.php\/wp-json\/wp\/v2\/users\/2"}],"replies":[{"embeddable":true,"href":"https:\/\/site.educa.madrid.org\/ies.malasana.mostoles\/index.php\/wp-json\/wp\/v2\/comments?post=385"}],"version-history":[{"count":49,"href":"https:\/\/site.educa.madrid.org\/ies.malasana.mostoles\/index.php\/wp-json\/wp\/v2\/pages\/385\/revisions"}],"predecessor-version":[{"id":5034,"href":"https:\/\/site.educa.madrid.org\/ies.malasana.mostoles\/index.php\/wp-json\/wp\/v2\/pages\/385\/revisions\/5034"}],"up":[{"embeddable":true,"href":"https:\/\/site.educa.madrid.org\/ies.malasana.mostoles\/index.php\/wp-json\/wp\/v2\/pages\/373"}],"wp:attachment":[{"href":"https:\/\/site.educa.madrid.org\/ies.malasana.mostoles\/index.php\/wp-json\/wp\/v2\/media?parent=385"}],"wp:term":[{"taxonomy":"folder","embeddable":true,"href":"https:\/\/site.educa.madrid.org\/ies.malasana.mostoles\/index.php\/wp-json\/wp\/v2\/folder?post=385"}],"curies":[{"name":"wp","href":"https:\/\/api.w.org\/{rel}","templated":true}]}}