{"id":387,"date":"2021-02-11T18:48:10","date_gmt":"2021-02-11T18:48:10","guid":{"rendered":"https:\/\/site.educa.madrid.org\/ies.malasana.mostoles\/?page_id=387"},"modified":"2025-10-18T23:07:24","modified_gmt":"2025-10-18T21:07:24","slug":"departamento-de-fisica-y-quimica","status":"publish","type":"page","link":"https:\/\/site.educa.madrid.org\/ies.malasana.mostoles\/index.php\/ensenanzas\/departamentos-didacticos\/departamento-de-fisica-y-quimica\/","title":{"rendered":"F\u00edsica y Qu\u00edmica"},"content":{"rendered":"\n<div class=\"wp-block-media-text alignwide is-stacked-on-mobile\"><figure class=\"wp-block-media-text__media\"><img loading=\"lazy\" decoding=\"async\" width=\"1024\" height=\"678\" src=\"https:\/\/site.educa.madrid.org\/ies.malasana.mostoles\/\/wp-content\/uploads\/ies.malasana.mostoles\/2021\/03\/F\u00edsica-y-Qu\u00edmica-1024x678.jpg\" alt=\"\" class=\"wp-image-1180 size-full\" srcset=\"https:\/\/site.educa.madrid.org\/ies.malasana.mostoles\/\/wp-content\/uploads\/ies.malasana.mostoles\/2021\/03\/F\u00edsica-y-Qu\u00edmica-1024x678.jpg 1024w, https:\/\/site.educa.madrid.org\/ies.malasana.mostoles\/\/wp-content\/uploads\/ies.malasana.mostoles\/2021\/03\/F\u00edsica-y-Qu\u00edmica-300x199.jpg 300w, https:\/\/site.educa.madrid.org\/ies.malasana.mostoles\/\/wp-content\/uploads\/ies.malasana.mostoles\/2021\/03\/F\u00edsica-y-Qu\u00edmica-768x508.jpg 768w, https:\/\/site.educa.madrid.org\/ies.malasana.mostoles\/\/wp-content\/uploads\/ies.malasana.mostoles\/2021\/03\/F\u00edsica-y-Qu\u00edmica-391x260.jpg 391w, https:\/\/site.educa.madrid.org\/ies.malasana.mostoles\/\/wp-content\/uploads\/ies.malasana.mostoles\/2021\/03\/F\u00edsica-y-Qu\u00edmica.jpg 1280w\" sizes=\"auto, (max-width: 1024px) 100vw, 1024px\" \/><\/figure><div class=\"wp-block-media-text__content\">\n<figure class=\"wp-block-table\"><table class=\"has-black-color has-text-color\"><tbody><tr><td><strong><mark style=\"background-color:rgba(0, 0, 0, 0)\" class=\"has-inline-color has-black-color\">Javier Acherkouk Monsalvo<\/mark><\/strong><\/td><td><a href=\"mailto:javier.acherkouk@educa.madrid.org\">javier.acherkouk@educa.madrid.org<\/a><\/td><\/tr><tr><td><strong><mark style=\"background-color:rgba(0, 0, 0, 0)\" class=\"has-inline-color has-black-color\">Pedro Villegas <\/mark><\/strong><\/td><td><a href=\"pedro.villegas@educa.madrid.org\"><mark style=\"background-color:rgba(0, 0, 0, 0)\" class=\"has-inline-color has-vivid-cyan-blue-color\">pedro.villegas@educa.madrid.org<\/mark><\/a><\/td><\/tr><tr><td>M\u00aa Teresa Vozmediano Collado<\/td><td><a href=\"mailto:mtvozmediano@educa.madrid.org\">mtvozmediano@educa.madrid.org<\/a><\/td><\/tr><tr><td>Susana Herrero<\/td><td>susana.herrero2@educa.madrid.org <\/td><\/tr><tr><td>M\u00aa Isabel Oter Madrid<\/td><td>maria.oter1@educa.madrid.org<\/td><\/tr><\/tbody><\/table><\/figure>\n<\/div><\/div>\n\n\n\n<p><\/p>\n\n\n\n<div class=\"wp-block-buttons is-layout-flex wp-block-buttons-is-layout-flex\">\n<div class=\"wp-block-button has-custom-width wp-block-button__width-100\"><a class=\"wp-block-button__link has-white-color has-black-background-color has-text-color has-background has-link-color wp-element-button\" href=\"https:\/\/site.educa.madrid.org\/ies.malasana.mostoles\/index.php\/2025\/10\/07\/programacion-fisica-y-quimica\/\">Programaci\u00f3n F\u00edsica y Qu\u00edmica<\/a><\/div>\n<\/div>\n","protected":false},"excerpt":{"rendered":"<p>Javier Acherkouk Monsalvo javier.acherkouk@educa.madrid.org Pedro Villegas pedro.villegas@educa.madrid.org M\u00aa Teresa Vozmediano Collado mtvozmediano@educa.madrid.org Susana Herrero susana.herrero2@educa.madrid.org M\u00aa Isabel Oter Madrid maria.oter1@educa.madrid.org<\/p>\n","protected":false},"author":2,"featured_media":0,"parent":373,"menu_order":0,"comment_status":"closed","ping_status":"closed","template":"","meta":{"footnotes":""},"folder":[],"class_list":["post-387","page","type-page","status-publish","hentry"],"rttpg_featured_image_url":null,"rttpg_author":{"display_name":"Coordinador TIC del IES Manuela Malasa\u00f1a","author_link":"https:\/\/site.educa.madrid.org\/ies.malasana.mostoles\/index.php\/author\/cuenta_tic-ies-malasana-mostoles\/"},"rttpg_comment":0,"rttpg_category":false,"rttpg_excerpt":"Javier Acherkouk Monsalvo javier.acherkouk@educa.madrid.org Pedro Villegas pedro.villegas@educa.madrid.org M\u00aa Teresa Vozmediano Collado mtvozmediano@educa.madrid.org Susana Herrero susana.herrero2@educa.madrid.org M\u00aa Isabel Oter Madrid maria.oter1@educa.madrid.org","post_mailing_queue_ids":[],"_links":{"self":[{"href":"https:\/\/site.educa.madrid.org\/ies.malasana.mostoles\/index.php\/wp-json\/wp\/v2\/pages\/387","targetHints":{"allow":["GET"]}}],"collection":[{"href":"https:\/\/site.educa.madrid.org\/ies.malasana.mostoles\/index.php\/wp-json\/wp\/v2\/pages"}],"about":[{"href":"https:\/\/site.educa.madrid.org\/ies.malasana.mostoles\/index.php\/wp-json\/wp\/v2\/types\/page"}],"author":[{"embeddable":true,"href":"https:\/\/site.educa.madrid.org\/ies.malasana.mostoles\/index.php\/wp-json\/wp\/v2\/users\/2"}],"replies":[{"embeddable":true,"href":"https:\/\/site.educa.madrid.org\/ies.malasana.mostoles\/index.php\/wp-json\/wp\/v2\/comments?post=387"}],"version-history":[{"count":16,"href":"https:\/\/site.educa.madrid.org\/ies.malasana.mostoles\/index.php\/wp-json\/wp\/v2\/pages\/387\/revisions"}],"predecessor-version":[{"id":5011,"href":"https:\/\/site.educa.madrid.org\/ies.malasana.mostoles\/index.php\/wp-json\/wp\/v2\/pages\/387\/revisions\/5011"}],"up":[{"embeddable":true,"href":"https:\/\/site.educa.madrid.org\/ies.malasana.mostoles\/index.php\/wp-json\/wp\/v2\/pages\/373"}],"wp:attachment":[{"href":"https:\/\/site.educa.madrid.org\/ies.malasana.mostoles\/index.php\/wp-json\/wp\/v2\/media?parent=387"}],"wp:term":[{"taxonomy":"folder","embeddable":true,"href":"https:\/\/site.educa.madrid.org\/ies.malasana.mostoles\/index.php\/wp-json\/wp\/v2\/folder?post=387"}],"curies":[{"name":"wp","href":"https:\/\/api.w.org\/{rel}","templated":true}]}}