{"id":393,"date":"2021-02-11T18:58:17","date_gmt":"2021-02-11T18:58:17","guid":{"rendered":"https:\/\/site.educa.madrid.org\/ies.malasana.mostoles\/?page_id=393"},"modified":"2025-11-17T10:55:46","modified_gmt":"2025-11-17T09:55:46","slug":"departamento-de-educacion-fisica","status":"publish","type":"page","link":"https:\/\/site.educa.madrid.org\/ies.malasana.mostoles\/index.php\/ensenanzas\/departamentos-didacticos\/departamento-de-educacion-fisica\/","title":{"rendered":"Educaci\u00f3n F\u00edsica"},"content":{"rendered":"\t\t\t<!-- Flexy Breadcrumb -->\n\t\t\t<div class=\"fbc fbc-page\">\n\n\t\t\t\t<!-- Breadcrumb wrapper -->\n\t\t\t\t<div class=\"fbc-wrap\">\n\n\t\t\t\t\t<!-- Ordered list-->\n\t\t\t\t\t<ol class=\"fbc-items\" itemscope itemtype=\"https:\/\/schema.org\/BreadcrumbList\">\n\t\t\t\t\t\t            <li itemprop=\"itemListElement\" itemscope itemtype=\"https:\/\/schema.org\/ListItem\">\n                <span itemprop=\"name\">\n                    <!-- Home Link -->\n                    <a itemprop=\"item\" href=\"https:\/\/site.educa.madrid.org\/ies.malasana.mostoles\">\n                    \n                                                    <i class=\"fa fa fa-home\" aria-hidden=\"true\"><\/i>                    <\/a>\n                <\/span>\n                <meta itemprop=\"position\" content=\"1\" \/><!-- Meta Position-->\n             <\/li><li><span class=\"fbc-separator\">><\/span><\/li><li class=\"active\" itemprop=\"itemListElement\" itemscope itemtype=\"https:\/\/schema.org\/ListItem\"><span itemprop=\"name\" title=\"Tabl\u00f3n de anuncios\">Tabl\u00f3n de anuncios<\/span><meta itemprop=\"position\" content=\"2\" \/><\/li>\t\t\t\t\t<\/ol>\n\t\t\t\t\t<div class=\"clearfix\"><\/div>\n\t\t\t\t<\/div>\n\t\t\t<\/div>\n\t\t\t\n\n\n<div class=\"wp-block-image\">\n<figure class=\"aligncenter size-full\"><img loading=\"lazy\" decoding=\"async\" width=\"1024\" height=\"384\" src=\"https:\/\/site.educa.madrid.org\/ies.malasana.mostoles\/\/wp-content\/uploads\/ies.malasana.mostoles\/2024\/08\/Cabecera-departamentos-1.png\" alt=\"\" class=\"wp-image-4338\" srcset=\"https:\/\/site.educa.madrid.org\/ies.malasana.mostoles\/\/wp-content\/uploads\/ies.malasana.mostoles\/2024\/08\/Cabecera-departamentos-1.png 1024w, https:\/\/site.educa.madrid.org\/ies.malasana.mostoles\/\/wp-content\/uploads\/ies.malasana.mostoles\/2024\/08\/Cabecera-departamentos-1-300x113.png 300w, https:\/\/site.educa.madrid.org\/ies.malasana.mostoles\/\/wp-content\/uploads\/ies.malasana.mostoles\/2024\/08\/Cabecera-departamentos-1-768x288.png 768w\" sizes=\"auto, (max-width: 1024px) 100vw, 1024px\" \/><\/figure>\n<\/div>\n\n\n<p style=\"font-size:16px\">El <strong>Deporte y la Actividad<\/strong> F\u00edsica son valiosas herramientas que contribuyen a la formaci\u00f3n integral del alumno incidiendo en su <strong>desarrollo personal y social<\/strong> adem\u00e1s de fomentar la creatividad y el trabajo en equipo.<\/p>\n\n\n\n<p style=\"font-size:16px\">El Departamento de Educaci\u00f3n F\u00edsica promueve la <strong>pr\u00e1ctica de la actividad f\u00edsica y deportiva<\/strong> entre los alumnos por medio de la realizaci\u00f3n de diferentes actividades f\u00edsicas y deportivas.<\/p>\n\n\n\n<p style=\"font-size:16px\">Las actividades realizadas en el Centro se complementan con distintas <strong>salidas extraescolares<\/strong> que el Departamento lleva a cabo durante el curso escolar.<\/p>\n\n\n\n<hr class=\"wp-block-separator has-css-opacity\"\/>\n\n\n<div class=\"wp-block-image\">\n<figure class=\"aligncenter size-full\"><img loading=\"lazy\" decoding=\"async\" width=\"1024\" height=\"192\" src=\"https:\/\/site.educa.madrid.org\/ies.malasana.mostoles\/\/wp-content\/uploads\/ies.malasana.mostoles\/2024\/08\/1.png\" alt=\"\" class=\"wp-image-4343\" srcset=\"https:\/\/site.educa.madrid.org\/ies.malasana.mostoles\/\/wp-content\/uploads\/ies.malasana.mostoles\/2024\/08\/1.png 1024w, https:\/\/site.educa.madrid.org\/ies.malasana.mostoles\/\/wp-content\/uploads\/ies.malasana.mostoles\/2024\/08\/1-300x56.png 300w, https:\/\/site.educa.madrid.org\/ies.malasana.mostoles\/\/wp-content\/uploads\/ies.malasana.mostoles\/2024\/08\/1-768x144.png 768w\" sizes=\"auto, (max-width: 1024px) 100vw, 1024px\" \/><\/figure>\n<\/div>\n\n\n<figure class=\"wp-block-table is-style-stripes\"><table><thead><tr><th class=\"has-text-align-center\" data-align=\"center\">Nombre<\/th><th class=\"has-text-align-center\" data-align=\"center\">correo<\/th><\/tr><\/thead><tbody><tr><td class=\"has-text-align-center\" data-align=\"center\"><strong>Yolanda Torcal Recuerdo<\/strong><\/td><td class=\"has-text-align-center\" data-align=\"center\"><mark style=\"background-color:rgba(0, 0, 0, 0)\" class=\"has-inline-color has-vivid-cyan-blue-color\"><a href=\"mailto:yolanda.torcal@educa.madrid.org\">yolanda.torcal@educa.madrid.org<\/a><\/mark><\/td><\/tr><tr><td class=\"has-text-align-center\" data-align=\"center\"><strong>M\u00aa Manuela Lumbreras de Santiago<\/strong><\/td><td class=\"has-text-align-center\" data-align=\"center\"><mark style=\"background-color:rgba(0, 0, 0, 0)\" class=\"has-inline-color has-vivid-cyan-blue-color\"><a href=\"mailto:manuela.lumbreras@educa.madrid.org\">manuela.lumbreras@educa.madrid.org<\/a><\/mark><\/td><\/tr><tr><td class=\"has-text-align-center\" data-align=\"center\"><strong>Javier D\u00edaz-Rega\u00f1\u00f3n S\u00e1nchez<\/strong><\/td><td class=\"has-text-align-center\" data-align=\"center\"><a href=\"javier.diazreganon@educa.madrid.org\">javier.diazreganon@educa.madrid.org<\/a><\/td><\/tr><tr><td class=\"has-text-align-center\" data-align=\"center\"><strong>Lidia M\u00e9ndez Lobo<\/strong><\/td><td class=\"has-text-align-center\" data-align=\"center\"><a href=\"mailto:lidia.mendez2@educa.madrid.org\">lidia.mendez2@educa.madrid.org<\/a><\/td><\/tr><tr><td class=\"has-text-align-center\" data-align=\"center\"><strong>M\u00f3nica Rodr\u00edguez Jim\u00e9nez<\/strong><\/td><td class=\"has-text-align-center\" data-align=\"center\"><a href=\"mailto:monica.rodriguezjimenez@educa.madrid.org\">monica.rodriguezjimenez@educa.madrid.org<\/a><\/td><\/tr><tr><td class=\"has-text-align-center\" data-align=\"center\">Daniel Mart\u00ednez Arribas<\/td><td class=\"has-text-align-center\" data-align=\"center\">dmartinez54@educa.madrid.org<\/td><\/tr><\/tbody><\/table><\/figure>\n\n\n\n<div class=\"wp-block-buttons is-horizontal is-content-justification-center is-layout-flex wp-container-core-buttons-is-layout-499968f5 wp-block-buttons-is-layout-flex\">\n<div class=\"wp-block-button has-custom-width wp-block-button__width-100 is-style-fill\"><a class=\"wp-block-button__link has-white-color has-text-color wp-element-button\" href=\"https:\/\/site.educa.madrid.org\/ies.malasana.mostoles\/index.php\/programacion-ef\/\" style=\"border-top-left-radius:20px;border-top-right-radius:40px;border-bottom-left-radius:40px;border-bottom-right-radius:20px\"><strong>Consulta aqu\u00ed la programaci\u00f3n del departamento<\/strong><\/a><\/div>\n<\/div>\n\n\n\n<hr class=\"wp-block-separator has-css-opacity\"\/>\n\n\n<div class=\"wp-block-image\">\n<figure class=\"aligncenter size-full\"><img loading=\"lazy\" decoding=\"async\" width=\"1024\" height=\"192\" src=\"https:\/\/site.educa.madrid.org\/ies.malasana.mostoles\/\/wp-content\/uploads\/ies.malasana.mostoles\/2024\/08\/3.png\" alt=\"\" class=\"wp-image-4346\" srcset=\"https:\/\/site.educa.madrid.org\/ies.malasana.mostoles\/\/wp-content\/uploads\/ies.malasana.mostoles\/2024\/08\/3.png 1024w, https:\/\/site.educa.madrid.org\/ies.malasana.mostoles\/\/wp-content\/uploads\/ies.malasana.mostoles\/2024\/08\/3-300x56.png 300w, https:\/\/site.educa.madrid.org\/ies.malasana.mostoles\/\/wp-content\/uploads\/ies.malasana.mostoles\/2024\/08\/3-768x144.png 768w\" sizes=\"auto, (max-width: 1024px) 100vw, 1024px\" \/><\/figure>\n<\/div>\n\n<ul class=\"wp-block-latest-posts__list is-grid columns-3 has-dates aligncenter wp-block-latest-posts\"><li><a class=\"wp-block-latest-posts__post-title\" href=\"https:\/\/site.educa.madrid.org\/ies.malasana.mostoles\/index.php\/2025\/07\/02\/listados-provisionales-de-menciones-honorificas-y-diplomas-de-aprovechamiento\/\">Listados provisionales de Menciones honor\u00edficas y Diplomas de Aprovechamiento<\/a><time datetime=\"2025-07-02T09:59:01+02:00\" class=\"wp-block-latest-posts__post-date\">2 julio, 2025<\/time><\/li>\n<li><a class=\"wp-block-latest-posts__post-title\" href=\"https:\/\/site.educa.madrid.org\/ies.malasana.mostoles\/index.php\/2023\/09\/18\/ipafd-2023-24-inscripciones\/\">IPAFD 2023-24 &#8211; Inscripciones<\/a><time datetime=\"2023-09-18T17:31:03+02:00\" class=\"wp-block-latest-posts__post-date\">18 septiembre, 2023<\/time><\/li>\n<li><a class=\"wp-block-latest-posts__post-title\" href=\"https:\/\/site.educa.madrid.org\/ies.malasana.mostoles\/index.php\/2022\/09\/23\/ultima-semana-de-inscripcion-ipafd\/\">\u00daltima semana de inscripci\u00f3n IPAFD<\/a><time datetime=\"2022-09-23T10:47:54+02:00\" class=\"wp-block-latest-posts__post-date\">23 septiembre, 2022<\/time><\/li>\n<li><a class=\"wp-block-latest-posts__post-title\" href=\"https:\/\/site.educa.madrid.org\/ies.malasana.mostoles\/index.php\/2022\/01\/04\/escalada-indoor-2o-eso-diciembre-2021\/\">Escalada indoor &#8211; 2\u00ba ESO &#8211; Diciembre 2021<\/a><time datetime=\"2022-01-04T17:55:51+01:00\" class=\"wp-block-latest-posts__post-date\">4 enero, 2022<\/time><\/li>\n<li><a class=\"wp-block-latest-posts__post-title\" href=\"https:\/\/site.educa.madrid.org\/ies.malasana.mostoles\/index.php\/2022\/01\/01\/rugby-tag\/\">Rugby Tag<\/a><time datetime=\"2022-01-01T21:55:00+01:00\" class=\"wp-block-latest-posts__post-date\">1 enero, 2022<\/time><\/li>\n<li><a class=\"wp-block-latest-posts__post-title\" href=\"https:\/\/site.educa.madrid.org\/ies.malasana.mostoles\/index.php\/2021\/10\/12\/horario-entrenamientos-ipafd-2021-22\/\">Horario entrenamientos IPAFD 2021-22<\/a><time datetime=\"2021-10-12T11:06:38+02:00\" class=\"wp-block-latest-posts__post-date\">12 octubre, 2021<\/time><\/li>\n<\/ul>\n\n\n<hr class=\"wp-block-separator has-css-opacity\"\/>\n","protected":false},"excerpt":{"rendered":"<p>El Deporte y la Actividad F\u00edsica son valiosas herramientas que contribuyen a la formaci\u00f3n integral del alumno incidiendo en su desarrollo personal y social adem\u00e1s de fomentar la creatividad y &#8230;<\/p>\n","protected":false},"author":2,"featured_media":0,"parent":373,"menu_order":0,"comment_status":"closed","ping_status":"closed","template":"","meta":{"footnotes":""},"folder":[],"class_list":["post-393","page","type-page","status-publish","hentry"],"rttpg_featured_image_url":null,"rttpg_author":{"display_name":"Coordinador TIC del IES Manuela Malasa\u00f1a","author_link":"https:\/\/site.educa.madrid.org\/ies.malasana.mostoles\/index.php\/author\/cuenta_tic-ies-malasana-mostoles\/"},"rttpg_comment":0,"rttpg_category":false,"rttpg_excerpt":"El Deporte y la Actividad F\u00edsica son valiosas herramientas que contribuyen a la formaci\u00f3n integral del alumno incidiendo en su desarrollo personal y social adem\u00e1s de fomentar la creatividad y ...","post_mailing_queue_ids":[],"_links":{"self":[{"href":"https:\/\/site.educa.madrid.org\/ies.malasana.mostoles\/index.php\/wp-json\/wp\/v2\/pages\/393","targetHints":{"allow":["GET"]}}],"collection":[{"href":"https:\/\/site.educa.madrid.org\/ies.malasana.mostoles\/index.php\/wp-json\/wp\/v2\/pages"}],"about":[{"href":"https:\/\/site.educa.madrid.org\/ies.malasana.mostoles\/index.php\/wp-json\/wp\/v2\/types\/page"}],"author":[{"embeddable":true,"href":"https:\/\/site.educa.madrid.org\/ies.malasana.mostoles\/index.php\/wp-json\/wp\/v2\/users\/2"}],"replies":[{"embeddable":true,"href":"https:\/\/site.educa.madrid.org\/ies.malasana.mostoles\/index.php\/wp-json\/wp\/v2\/comments?post=393"}],"version-history":[{"count":25,"href":"https:\/\/site.educa.madrid.org\/ies.malasana.mostoles\/index.php\/wp-json\/wp\/v2\/pages\/393\/revisions"}],"predecessor-version":[{"id":5071,"href":"https:\/\/site.educa.madrid.org\/ies.malasana.mostoles\/index.php\/wp-json\/wp\/v2\/pages\/393\/revisions\/5071"}],"up":[{"embeddable":true,"href":"https:\/\/site.educa.madrid.org\/ies.malasana.mostoles\/index.php\/wp-json\/wp\/v2\/pages\/373"}],"wp:attachment":[{"href":"https:\/\/site.educa.madrid.org\/ies.malasana.mostoles\/index.php\/wp-json\/wp\/v2\/media?parent=393"}],"wp:term":[{"taxonomy":"folder","embeddable":true,"href":"https:\/\/site.educa.madrid.org\/ies.malasana.mostoles\/index.php\/wp-json\/wp\/v2\/folder?post=393"}],"curies":[{"name":"wp","href":"https:\/\/api.w.org\/{rel}","templated":true}]}}