{"id":395,"date":"2021-02-11T18:58:47","date_gmt":"2021-02-11T17:58:47","guid":{"rendered":"https:\/\/site.educa.madrid.org\/ies.malasana.mostoles\/?page_id=395"},"modified":"2026-01-26T09:35:52","modified_gmt":"2026-01-26T08:35:52","slug":"departamento-de-geografia-e-historia","status":"publish","type":"page","link":"https:\/\/site.educa.madrid.org\/ies.malasana.mostoles\/index.php\/ensenanzas\/departamentos-didacticos\/departamento-de-geografia-e-historia\/","title":{"rendered":"Departamento de Geograf\u00eda e Historia"},"content":{"rendered":"\t\t\t<!-- Flexy Breadcrumb -->\n\t\t\t<div class=\"fbc fbc-page\">\n\n\t\t\t\t<!-- Breadcrumb wrapper -->\n\t\t\t\t<div class=\"fbc-wrap\">\n\n\t\t\t\t\t<!-- Ordered list-->\n\t\t\t\t\t<ol class=\"fbc-items\" itemscope itemtype=\"https:\/\/schema.org\/BreadcrumbList\">\n\t\t\t\t\t\t            <li itemprop=\"itemListElement\" itemscope itemtype=\"https:\/\/schema.org\/ListItem\">\n                <span itemprop=\"name\">\n                    <!-- Home Link -->\n                    <a itemprop=\"item\" href=\"https:\/\/site.educa.madrid.org\/ies.malasana.mostoles\">\n                    \n                                                    <i class=\"fa fa fa-home\" aria-hidden=\"true\"><\/i>                    <\/a>\n                <\/span>\n                <meta itemprop=\"position\" content=\"1\" \/><!-- Meta Position-->\n             <\/li><li><span class=\"fbc-separator\">><\/span><\/li><li class=\"active\" itemprop=\"itemListElement\" itemscope itemtype=\"https:\/\/schema.org\/ListItem\"><span itemprop=\"name\" title=\"Tabl\u00f3n de anuncios\">Tabl\u00f3n de anuncios<\/span><meta itemprop=\"position\" content=\"2\" \/><\/li>\t\t\t\t\t<\/ol>\n\t\t\t\t\t<div class=\"clearfix\"><\/div>\n\t\t\t\t<\/div>\n\t\t\t<\/div>\n\t\t\t\n\n\n\n<div class=\"wp-block-media-text alignwide is-stacked-on-mobile is-image-fill-element\" style=\"grid-template-columns:57% auto\"><figure class=\"wp-block-media-text__media\"><img loading=\"lazy\" decoding=\"async\" width=\"508\" height=\"257\" src=\"https:\/\/site.educa.madrid.org\/ies.malasana.mostoles\/\/wp-content\/uploads\/ies.malasana.mostoles\/2022\/02\/Villazgo-de-Mostoles_Felipe-II.jpg\" alt=\"\" class=\"wp-image-1968 size-full\" style=\"object-position:19% 100%\" srcset=\"https:\/\/site.educa.madrid.org\/ies.malasana.mostoles\/\/wp-content\/uploads\/ies.malasana.mostoles\/2022\/02\/Villazgo-de-Mostoles_Felipe-II.jpg 508w, https:\/\/site.educa.madrid.org\/ies.malasana.mostoles\/\/wp-content\/uploads\/ies.malasana.mostoles\/2022\/02\/Villazgo-de-Mostoles_Felipe-II-300x152.jpg 300w\" sizes=\"auto, (max-width: 508px) 100vw, 508px\" \/><\/figure><div class=\"wp-block-media-text__content\">\n<p style=\"font-size:15px\">El estudio de la <strong>Geograf\u00eda y de la Historia<\/strong> ha permitido a la humanidad entender y comprender los caminos que le han llevado a conformar la sociedad en la que vivimos.&nbsp;<\/p>\n\n\n\n<p style=\"font-size:15px\">Nos permite aventurarnos en nuestro pasado y a\u00fan incluso, en el pasado de nuestro mundo, conocer el origen de oc\u00e9anos y mares, continentes, valles y monta\u00f1as, el origen de los fen\u00f3menos atmosf\u00e9ricos, de los lugares y paisajes que se presentan ante nuestros ojos. Nos permite, en suma, <strong>conocer el origen y la evoluci\u00f3n del mundo, del propio ser humano y de su pensamiento, de su moral y de su arte<\/strong>.&nbsp;<\/p>\n\n\n\n<p style=\"font-size:15px\">Sin embargo, el estudio de la Historia es a\u00fan si cabe, m\u00e1s provechoso, pues nos ense\u00f1a a <strong>aprender de nuestros errores<\/strong>, nos recuerda los caminos que deben evitarse. Los caminos que no han de volver a transitarse. Pero tambi\u00e9n, nos ense\u00f1a acerca de aquellos&nbsp;&nbsp;caminos que trajeron paz y prosperidad a los pueblos y culturas que los transitaron.&nbsp;<\/p>\n\n\n\n<p style=\"font-size:15px\">Y por eso, tambi\u00e9n, constituye uno de los pilares y motores de nuestro progreso como especie, como suma de todos los conocimientos aprehendidos y salvaguardados a lo largo de nuestra historia y como escudo frente a la manipulaci\u00f3n y a las informaciones interesadas.<\/p>\n<\/div><\/div>\n\n\n\n<hr class=\"wp-block-separator has-css-opacity\"\/>\n\n\n\n<h3 class=\"wp-block-heading has-text-align-center has-cyan-bluish-gray-background-color has-background\">Miembros del Departamento de Geograf\u00eda e Historia<\/h3>\n\n\n\n<figure class=\"wp-block-table is-style-stripes\"><table><thead><tr><th class=\"has-text-align-center\" data-align=\"center\">nombre<\/th><th class=\"has-text-align-center\" data-align=\"center\">correo<\/th><\/tr><\/thead><tbody><tr><td class=\"has-text-align-center\" data-align=\"center\"><strong>Lara M\u00aa Rico Vega<\/strong><\/td><td class=\"has-text-align-center\" data-align=\"center\"><a href=\"mailto:lrico@educa.madrid.org\">lrico@educa.madrid.org<\/a><\/td><\/tr><tr><td class=\"has-text-align-center\" data-align=\"center\"><strong>Fernando Lerma D\u00edez<\/strong><\/td><td class=\"has-text-align-center\" data-align=\"center\"><a href=\"mailto:fernando.lermadiez@educa.madrid.org\">fernando.lermadiez@educa.madrid.org<\/a><\/td><\/tr><tr><td class=\"has-text-align-center\" data-align=\"center\"><strong>Alejandro Villa del Castillo<\/strong><\/td><td class=\"has-text-align-center\" data-align=\"center\"><a href=\"mailto:avilladelcastillo@educa.madrid.org\">avilladelcastillo@educa.madrid.org<\/a><\/td><\/tr><tr><td class=\"has-text-align-center\" data-align=\"center\"><strong>Almudena Garc\u00eda S\u00e1nchez<\/strong><\/td><td class=\"has-text-align-center\" data-align=\"center\"><a href=\"mailto:almudena.garciasanchez@educa.madrid.org\">almudena.garciasanchez@educa.madrid.org<\/a><\/td><\/tr><tr><td class=\"has-text-align-center\" data-align=\"center\">Francisco Javier Dom\u00ednguez Gamarra<\/td><td class=\"has-text-align-center\" data-align=\"center\">francisco.domingo@educa.madrid.org<\/td><\/tr><tr><td class=\"has-text-align-center\" data-align=\"center\">Daniel Romero Rodr\u00edguez<\/td><td class=\"has-text-align-center\" data-align=\"center\">daniel.romerorodriguez@educa.madrid.org<\/td><\/tr><\/tbody><\/table><\/figure>\n\n\n\n<div class=\"wp-block-buttons is-horizontal is-content-justification-center is-layout-flex wp-container-core-buttons-is-layout-499968f5 wp-block-buttons-is-layout-flex\">\n<div class=\"wp-block-button has-custom-width wp-block-button__width-100 is-style-fill\"><a class=\"wp-block-button__link has-white-color has-black-background-color has-text-color has-background wp-element-button\" href=\"https:\/\/site.educa.madrid.org\/ies.malasana.mostoles\/index.php\/criterios-calificacion-gh\/\" style=\"border-top-left-radius:20px;border-top-right-radius:40px;border-bottom-left-radius:40px;border-bottom-right-radius:20px\"><strong>Consulta aqu\u00ed la programaci\u00f3n del departamento<\/strong><\/a><\/div>\n<\/div>\n\n\n\n<hr class=\"wp-block-separator has-css-opacity\"\/>\n\n\n\n<div class=\"wp-block-columns is-layout-flex wp-container-core-columns-is-layout-9d6595d7 wp-block-columns-is-layout-flex\">\n<div class=\"wp-block-column is-layout-flow wp-block-column-is-layout-flow\"><\/div>\n<\/div>\n","protected":false},"excerpt":{"rendered":"<p>El estudio de la Geograf\u00eda y de la Historia ha permitido a la humanidad entender y comprender los caminos que le han llevado a conformar la sociedad en la que &#8230;<\/p>\n","protected":false},"author":2,"featured_media":0,"parent":373,"menu_order":0,"comment_status":"closed","ping_status":"closed","template":"","meta":{"footnotes":""},"folder":[],"class_list":["post-395","page","type-page","status-publish","hentry"],"rttpg_featured_image_url":null,"rttpg_author":{"display_name":"Coordinador TIC del IES Manuela Malasa\u00f1a","author_link":"https:\/\/site.educa.madrid.org\/ies.malasana.mostoles\/index.php\/author\/cuenta_tic-ies-malasana-mostoles\/"},"rttpg_comment":0,"rttpg_category":false,"rttpg_excerpt":"El estudio de la Geograf\u00eda y de la Historia ha permitido a la humanidad entender y comprender los caminos que le han llevado a conformar la sociedad en la que ...","post_mailing_queue_ids":[],"_links":{"self":[{"href":"https:\/\/site.educa.madrid.org\/ies.malasana.mostoles\/index.php\/wp-json\/wp\/v2\/pages\/395","targetHints":{"allow":["GET"]}}],"collection":[{"href":"https:\/\/site.educa.madrid.org\/ies.malasana.mostoles\/index.php\/wp-json\/wp\/v2\/pages"}],"about":[{"href":"https:\/\/site.educa.madrid.org\/ies.malasana.mostoles\/index.php\/wp-json\/wp\/v2\/types\/page"}],"author":[{"embeddable":true,"href":"https:\/\/site.educa.madrid.org\/ies.malasana.mostoles\/index.php\/wp-json\/wp\/v2\/users\/2"}],"replies":[{"embeddable":true,"href":"https:\/\/site.educa.madrid.org\/ies.malasana.mostoles\/index.php\/wp-json\/wp\/v2\/comments?post=395"}],"version-history":[{"count":31,"href":"https:\/\/site.educa.madrid.org\/ies.malasana.mostoles\/index.php\/wp-json\/wp\/v2\/pages\/395\/revisions"}],"predecessor-version":[{"id":5175,"href":"https:\/\/site.educa.madrid.org\/ies.malasana.mostoles\/index.php\/wp-json\/wp\/v2\/pages\/395\/revisions\/5175"}],"up":[{"embeddable":true,"href":"https:\/\/site.educa.madrid.org\/ies.malasana.mostoles\/index.php\/wp-json\/wp\/v2\/pages\/373"}],"wp:attachment":[{"href":"https:\/\/site.educa.madrid.org\/ies.malasana.mostoles\/index.php\/wp-json\/wp\/v2\/media?parent=395"}],"wp:term":[{"taxonomy":"folder","embeddable":true,"href":"https:\/\/site.educa.madrid.org\/ies.malasana.mostoles\/index.php\/wp-json\/wp\/v2\/folder?post=395"}],"curies":[{"name":"wp","href":"https:\/\/api.w.org\/{rel}","templated":true}]}}