{"id":403,"date":"2021-02-11T19:00:33","date_gmt":"2021-02-11T18:00:33","guid":{"rendered":"https:\/\/site.educa.madrid.org\/ies.malasana.mostoles\/?page_id=403"},"modified":"2026-05-08T13:16:33","modified_gmt":"2026-05-08T11:16:33","slug":"departamento-de-orientacion","status":"publish","type":"page","link":"https:\/\/site.educa.madrid.org\/ies.malasana.mostoles\/index.php\/ensenanzas\/departamentos-didacticos\/departamento-de-orientacion\/","title":{"rendered":"Orientaci\u00f3n"},"content":{"rendered":"\n<figure class=\"wp-block-image size-full\"><img loading=\"lazy\" decoding=\"async\" width=\"1024\" height=\"384\" src=\"https:\/\/site.educa.madrid.org\/ies.malasana.mostoles\/\/wp-content\/uploads\/ies.malasana.mostoles\/2024\/04\/Cabecera-departamentos-1.png\" alt=\"\" class=\"wp-image-3854\" srcset=\"https:\/\/site.educa.madrid.org\/ies.malasana.mostoles\/\/wp-content\/uploads\/ies.malasana.mostoles\/2024\/04\/Cabecera-departamentos-1.png 1024w, https:\/\/site.educa.madrid.org\/ies.malasana.mostoles\/\/wp-content\/uploads\/ies.malasana.mostoles\/2024\/04\/Cabecera-departamentos-1-300x113.png 300w, https:\/\/site.educa.madrid.org\/ies.malasana.mostoles\/\/wp-content\/uploads\/ies.malasana.mostoles\/2024\/04\/Cabecera-departamentos-1-768x288.png 768w\" sizes=\"auto, (max-width: 1024px) 100vw, 1024px\" \/><\/figure>\n\n\n\n<p><\/p>\n\n\n\n<p>El <strong>Departamento de Orientaci\u00f3n<\/strong> del IES Manuela Malasa\u00f1a es un \u00f3rgano especializado que <strong>apoya la labor del centro y del conjunto del profesorado<\/strong> en todas aquellas actuaciones encaminadas a asegurar una <strong>formaci\u00f3n integral<\/strong> del alumnado y a la <strong>adaptaci\u00f3n de los procesos de ense\u00f1anza<\/strong> a las caracter\u00edsticas y necesidades de todos los alumnos y alumnas.<\/p>\n\n\n\n<div class=\"wp-block-columns is-layout-flex wp-container-core-columns-is-layout-9d6595d7 wp-block-columns-is-layout-flex\">\n<div class=\"wp-block-column is-layout-flow wp-block-column-is-layout-flow\" style=\"flex-basis:33.33%\">\n<h5 class=\"wp-block-heading has-text-align-center has-black-color has-text-color has-background\" style=\"background:radial-gradient(rgb(238,238,238) 0%,rgb(169,184,195) 100%)\">Horario de atenci\u00f3n<\/h5>\n\n\n\n<p class=\"has-text-align-center has-black-color has-text-color\"><strong>Ma\u00f1anas<\/strong>: horario lectivo.<\/p>\n\n\n\n<p class=\"has-text-align-center has-black-color has-text-color\"><strong>Tardes <\/strong>(mi\u00e9rcoles): de 15:30 a 17:15 <\/p>\n<\/div>\n\n\n\n<div class=\"wp-block-column is-layout-flow wp-block-column-is-layout-flow\" style=\"flex-basis:66.66%\">\n<h5 class=\"wp-block-heading has-text-align-center has-black-color has-text-color has-background\" style=\"background:radial-gradient(rgb(238,238,238) 0%,rgb(169,184,195) 100%)\">Contacto<\/h5>\n\n\n\n<p class=\"has-text-align-center has-black-color has-text-color\"><strong>Correo<\/strong>: <a href=\"mailto:deporientacion.ies.malasana.mostoles@educa.madrid.org\" target=\"_blank\" rel=\"noreferrer noopener\">deporientacion.ies.malasana.mostoles@educa.madrid.org<\/a><\/p>\n\n\n\n<p class=\"has-text-align-center has-black-color has-text-color\"><em>El Dpto. de Orientaci\u00f3n se encuentra en el edificio principal.<\/em><\/p>\n<\/div>\n<\/div>\n\n\n<div class=\"wp-block-image is-style-default\">\n<figure class=\"aligncenter size-medium\"><a href=\"https:\/\/site.educa.madrid.org\/ies.malasana.mostoles\/\/wp-content\/uploads\/ies.malasana.mostoles\/2025\/03\/Oral-Presentation-Tips-Digital-Presentation-in-Blue-Yellow-Bold-Style-4.pdf\"><img loading=\"lazy\" decoding=\"async\" width=\"300\" height=\"168\" src=\"https:\/\/site.educa.madrid.org\/ies.malasana.mostoles\/\/wp-content\/uploads\/ies.malasana.mostoles\/2024\/04\/image-1-300x168.png\" alt=\"\" class=\"wp-image-3806\" srcset=\"https:\/\/site.educa.madrid.org\/ies.malasana.mostoles\/\/wp-content\/uploads\/ies.malasana.mostoles\/2024\/04\/image-1-300x168.png 300w, https:\/\/site.educa.madrid.org\/ies.malasana.mostoles\/\/wp-content\/uploads\/ies.malasana.mostoles\/2024\/04\/image-1-1024x575.png 1024w, https:\/\/site.educa.madrid.org\/ies.malasana.mostoles\/\/wp-content\/uploads\/ies.malasana.mostoles\/2024\/04\/image-1-768x431.png 768w, https:\/\/site.educa.madrid.org\/ies.malasana.mostoles\/\/wp-content\/uploads\/ies.malasana.mostoles\/2024\/04\/image-1-1536x862.png 1536w, https:\/\/site.educa.madrid.org\/ies.malasana.mostoles\/\/wp-content\/uploads\/ies.malasana.mostoles\/2024\/04\/image-1-2048x1149.png 2048w\" sizes=\"auto, (max-width: 300px) 100vw, 300px\" \/><\/a><\/figure>\n<\/div>\n\n\n<p><\/p>\n\n\n\n<h2 class=\"wp-block-heading has-text-align-left has-background\" style=\"background:linear-gradient(270deg,rgb(238,238,238) 0%,rgb(169,184,195) 100%)\">\u00daltimas entradas del Dpto. de Orientaci\u00f3n<\/h2>\n\n\n<ul class=\"wp-block-latest-posts__list is-grid columns-3 has-dates aligncenter wp-block-latest-posts\"><li><a class=\"wp-block-latest-posts__post-title\" href=\"https:\/\/site.educa.madrid.org\/ies.malasana.mostoles\/index.php\/2024\/10\/17\/talleres-gratuitos-de-tecnicas-de-estudio\/\">Talleres gratuitos de T\u00c9CNICAS DE ESTUDIO<\/a><time datetime=\"2024-10-17T07:07:55+02:00\" class=\"wp-block-latest-posts__post-date\">17 octubre, 2024<\/time><div class=\"wp-block-latest-posts__post-excerpt\">Talleres gratuitos de T\u00c9CNICAS DE ESTUDIO en el Centro de Juventud y de Infancia (c\/ Pintor Ribera, 15). Tanto si tienes inter\u00e9s por conocer nuevas t\u00e9cnicas, como si te gustar\u00eda &#8230;<\/div><\/li>\n<li><a class=\"wp-block-latest-posts__post-title\" href=\"https:\/\/site.educa.madrid.org\/ies.malasana.mostoles\/index.php\/2024\/10\/17\/lideres-digitales\/\">L\u00edderes Digitales<\/a><time datetime=\"2024-10-17T06:51:27+02:00\" class=\"wp-block-latest-posts__post-date\">17 octubre, 2024<\/time><div class=\"wp-block-latest-posts__post-excerpt\">La Direcci\u00f3n General de Juventud de la Comunidad de Madrid, pone en marcha el programa L\u00cdDERES DIGITALES, en el que se ofertan a Institutos P\u00fablicos de Educaci\u00f3n Secundaria y a &#8230;<\/div><\/li>\n<li><a class=\"wp-block-latest-posts__post-title\" href=\"https:\/\/site.educa.madrid.org\/ies.malasana.mostoles\/index.php\/2024\/04\/29\/admision-2024-25-resultado-del-sorteo-para-resolver-posibles-empates\/\">Admisi\u00f3n 2024\/25 &#8211; Resultado del sorteo para resolver posibles empates<\/a><time datetime=\"2024-04-29T17:49:52+02:00\" class=\"wp-block-latest-posts__post-date\">29 abril, 2024<\/time><div class=\"wp-block-latest-posts__post-excerpt\">Se publica el resultado del sorteo para resolver posibles empates:<\/div><\/li>\n<\/ul>\n\n\n<div class=\"wp-block-buttons is-horizontal is-content-justification-center is-layout-flex wp-container-core-buttons-is-layout-499968f5 wp-block-buttons-is-layout-flex\">\n<div class=\"wp-block-button is-style-outline is-style-outline--1\"><a class=\"wp-block-button__link has-black-color has-text-color wp-element-button\" href=\"https:\/\/site.educa.madrid.org\/ies.malasana.mostoles\/index.php\/nuestra-comunidad-educativa\/departamentos-y-profesores\/departamento-de-orientacion\/entradas-departamento-de-orientacion\/\" style=\"border-top-left-radius:40px;border-top-right-radius:20px;border-bottom-left-radius:20px;border-bottom-right-radius:40px\" target=\"_blank\" rel=\"noreferrer noopener\">Ver todas las entradas<\/a><\/div>\n<\/div>\n\n\n\n<p><\/p>\n\n\n\n<h2 class=\"wp-block-heading has-text-align-left has-black-color has-text-color has-background has-link-color wp-elements-d3e024d684235bfc6230d080fcb2168c\" style=\"background:linear-gradient(270deg,rgb(238,238,238) 0%,rgb(169,184,195) 100%)\">Enlaces importantes de Orientaci\u00f3n<\/h2>\n\n\n\n<div class=\"wp-block-buttons is-content-justification-center is-layout-flex wp-container-core-buttons-is-layout-16018d1d wp-block-buttons-is-layout-flex\">\n<div class=\"wp-block-button is-style-outline is-style-outline--2\"><a class=\"wp-block-button__link has-black-color has-white-background-color has-text-color has-background wp-element-button\" href=\"https:\/\/site.educa.madrid.org\/ies.malasana.mostoles\/index.php\/ensenanzas\/departamentos-didacticos\/departamento-de-orientacion\/que-hacer-despues-de-la-eso\/\" style=\"border-top-left-radius:40px;border-top-right-radius:20px;border-bottom-left-radius:20px;border-bottom-right-radius:40px\">\u00bfQu\u00e9 hacer despu\u00e9s de la <strong>ESO<\/strong>?<\/a><\/div>\n\n\n\n<div class=\"wp-block-button is-style-outline is-style-outline--3\"><a class=\"wp-block-button__link has-black-color has-text-color wp-element-button\" href=\"https:\/\/site.educa.madrid.org\/ies.malasana.mostoles\/index.php\/ensenanzas\/departamentos-didacticos\/departamento-de-orientacion\/que-hacer-despues-de-la-eso-2\/\" style=\"border-top-left-radius:40px;border-top-right-radius:20px;border-bottom-left-radius:20px;border-bottom-right-radius:40px\">\u00bfQu\u00e9 hacer despu\u00e9s del <strong>Bachillerato<\/strong>?<\/a><\/div>\n\n\n\n<div class=\"wp-block-button is-style-outline is-style-outline--4\"><a class=\"wp-block-button__link has-black-color has-text-color wp-element-button\" href=\"https:\/\/site.educa.madrid.org\/ies.malasana.mostoles\/index.php\/quiero-ser\/\" style=\"border-top-left-radius:40px;border-top-right-radius:20px;border-bottom-left-radius:20px;border-bottom-right-radius:40px\">Quiero ser &#8230;<\/a><\/div>\n\n\n\n<div class=\"wp-block-button is-style-outline is-style-outline--5\"><a class=\"wp-block-button__link has-black-color has-text-color wp-element-button\" href=\"https:\/\/www.fpbide.com\/es\" style=\"border-top-left-radius:40px;border-top-right-radius:20px;border-bottom-left-radius:20px;border-bottom-right-radius:40px\">Qu\u00e9 <strong>FP<\/strong> se adapta mejor a m\u00ed&#8230;<\/a><\/div>\n<\/div>\n\n\n\n<p><\/p>\n\n\n\n<p>Pincha en los siguientes enlaces para m\u00e1s informaci\u00f3n:<\/p>\n\n\n\n<div class=\"wp-block-columns are-vertically-aligned-top is-layout-flex wp-container-core-columns-is-layout-9d6595d7 wp-block-columns-is-layout-flex\">\n<div class=\"wp-block-column is-vertically-aligned-top is-layout-flow wp-block-column-is-layout-flow\">\n<h5 class=\"wp-block-heading has-text-align-center has-background\" style=\"background:radial-gradient(rgb(238,238,238) 0%,rgb(169,184,195) 100%)\">PROGRAMA DE DIVERSIFICACI\u00d3N CURRICULAR<\/h5>\n\n\n\n<p>Los programas de diversificaci\u00f3n curricular&nbsp;estar\u00e1n orientados a la consecuci\u00f3n del t\u00edtulo de Graduado en Educaci\u00f3n Secundaria Obligatoria, por parte de quienes presenten dificultades relevantes de aprendizaje tras haber recibido medidas de apoyo en 1\u00ba o 2\u00ba ESO.<\/p>\n<\/div>\n\n\n\n<div class=\"wp-block-column is-vertically-aligned-top is-layout-flow wp-block-column-is-layout-flow\">\n<h5 class=\"wp-block-heading has-text-align-center has-background\" style=\"background:radial-gradient(rgb(238,238,238) 0%,rgb(169,184,195) 100%)\"><a href=\"https:\/\/urldefense.com\/v3\/__https:\/\/www.orientaline.es\/?yafxb=41462__;!!D9dNQwwGXtA!QTMBNjg2NE7V3oEB5BwkRT4oc45eii4YegLQ3sEUM-WPdSmagXhdITz8sPoG49_c1Yod4tZxv84R_jenVC3KAvyEG5V7pw$\" data-type=\"URL\" target=\"_blank\" rel=\"noreferrer noopener\">EL ORIENTA<\/a><\/h5>\n\n\n\n<p>Informaci\u00f3n actualizada sobre los estudios que se imparten actualmente de Grados Universitarios y Formaci\u00f3n Profesional, as\u00ed como cuestionarios de orientaci\u00f3n escolar adaptados al tipo de estudios e intereses profesionales.<\/p>\n<\/div>\n\n\n\n<div class=\"wp-block-column is-vertically-aligned-top is-layout-flow wp-block-column-is-layout-flow\">\n<h5 class=\"wp-block-heading has-text-align-center has-background\" style=\"background:radial-gradient(rgb(238,238,238) 0%,rgb(169,184,195) 100%)\"><a href=\"https:\/\/site.educa.madrid.org\/ies.malasana.mostoles\/index.php\/ensenanzas\/ace\/\">ACE<\/a><\/h5>\n\n\n\n<p>El Aula de Compensaci\u00f3n Educativa es un recurso educativo para alumnos, con desfase curricular significativo en la mayor\u00eda de \u00e1reas de la ESO, con dos o m\u00e1s cursos de diferencia entre el nivel curricular y el nivel en el que est\u00e1n escolarizados<\/p>\n<\/div>\n<\/div>\n\n\n\n<div class=\"wp-block-columns are-vertically-aligned-top is-layout-flex wp-container-core-columns-is-layout-9d6595d7 wp-block-columns-is-layout-flex\">\n<div class=\"wp-block-column is-vertically-aligned-top is-layout-flow wp-block-column-is-layout-flow\">\n<h5 class=\"wp-block-heading has-text-align-center has-black-color has-text-color has-background\" id=\"block-445f94f0-10b6-40d3-a4f3-8c564cd58b98\" style=\"background:radial-gradient(rgb(238,238,238) 0%,rgb(169,184,195) 100%)\"><a href=\"https:\/\/site.educa.madrid.org\/ies.malasana.mostoles\/index.php\/ensenanzas\/departamentos-didacticos\/departamento-de-orientacion\/formacion-profesional\/\">FORMACI\u00d3N PROFESIONAL Y PRUEBAS DE ACCESO<\/a><\/h5>\n<\/div>\n\n\n\n<div class=\"wp-block-column is-vertically-aligned-top is-layout-flow wp-block-column-is-layout-flow\">\n<h5 class=\"wp-block-heading has-text-align-center has-black-color has-text-color has-background\" style=\"background:radial-gradient(rgb(238,238,238) 0%,rgb(169,184,195) 100%)\"><a href=\"http:\/\/site.educa.madrid.org\/ies.malasana.mostoles\/index.php\/ensenanzas\/bachillerato\/\">BACHILLERATO<\/a><\/h5>\n<\/div>\n<\/div>\n\n\n\n<hr class=\"wp-block-separator has-css-opacity\"\/>\n\n\n\n<p><\/p>\n\n\n\n<h2 class=\"wp-block-heading has-text-align-left has-background\" style=\"background:linear-gradient(270deg,rgb(238,238,238) 0%,rgb(169,184,195) 100%)\">Miembros del Departamento<\/h2>\n\n\n\n<figure class=\"wp-block-table is-style-stripes\"><table><thead><tr><th class=\"has-text-align-center\" data-align=\"center\">Nombre<\/th><th class=\"has-text-align-center\" data-align=\"center\">Cargo \/ funciones<\/th><th class=\"has-text-align-center\" data-align=\"center\">correo<\/th><\/tr><\/thead><tbody><tr><td class=\"has-text-align-center\" data-align=\"center\"><strong><strong>Estrella<\/strong><\/strong> <strong>Solano<\/strong><\/td><td class=\"has-text-align-center\" data-align=\"center\">Jefa de estudios, profesora t\u00e9cnica de servicios a la comunidad (PTSC) y docente<\/td><td class=\"has-text-align-center\" data-align=\"center\"><a href=\"mailto:estrella.delpilar@educa.madrid.org\">estrella.delpilar@educa.madrid.org<\/a><\/td><\/tr><tr><td class=\"has-text-align-center\" data-align=\"center\"><strong>Mar\u00eda Fern\u00e1ndez Jim\u00e9nez<\/strong><\/td><td class=\"has-text-align-center\" data-align=\"center\">Pedagoga terapeuta (PT) y docente<\/td><td class=\"has-text-align-center\" data-align=\"center\"><a href=\"mailto:mfernandezjimenez@educa.madrid.org\" target=\"_blank\" rel=\"noreferrer noopener\">mfernandezjimenez@educa.madrid.org<\/a><\/td><\/tr><tr><td class=\"has-text-align-center\" data-align=\"center\"><strong>Jacinto Montalb\u00e1n Moreno<\/strong><\/td><td class=\"has-text-align-center\" data-align=\"center\">Pedagogo terapeuta (PT)<\/td><td class=\"has-text-align-center\" data-align=\"center\"><a href=\"mailto:jacinto.montalban@educa.madrid.org\">jacinto.montalban@educa.madrid.org<\/a><\/td><\/tr><tr><td class=\"has-text-align-center\" data-align=\"center\"><strong>Quico Carmona Mart\u00ednez<\/strong><\/td><td class=\"has-text-align-center\" data-align=\"center\">Orientador y docente<\/td><td class=\"has-text-align-center\" data-align=\"center\"><a href=\"mailto:francisco.carmonamartinez@educa.madrid.org\">francisco.carmonamartinez@educa.madrid.org<\/a><\/td><\/tr><tr><td class=\"has-text-align-center\" data-align=\"center\"><strong>Patricia Fern\u00e1ndez Gamonal<\/strong><\/td><td class=\"has-text-align-center\" data-align=\"center\">Orientadora y docente<\/td><td class=\"has-text-align-center\" data-align=\"center\"><a href=\"mailto:patricia.fernandezgamonal@educa.madrid.org\">patricia.fernandezgamonal@educa.madrid.org<\/a><\/td><\/tr><tr><td class=\"has-text-align-center\" data-align=\"center\"><strong>Marta S\u00e1nchez Moscoso<\/strong><\/td><td class=\"has-text-align-center\" data-align=\"center\">Pedagoga terapeuta (PT)<\/td><td class=\"has-text-align-center\" data-align=\"center\"><a href=\"mailto:msanchez5@educa.madrid.org\">msanchez5@educa.madrid.org<\/a><\/td><\/tr><tr><td class=\"has-text-align-center\" data-align=\"center\"><strong>M\u00aa Paloma Aragon\u00e9s de Lope<\/strong><\/td><td class=\"has-text-align-center\" data-align=\"center\">Profesora t\u00e9cnica de servicios a la comunidad (PTSC)<\/td><td class=\"has-text-align-center\" data-align=\"center\"><a href=\"mailto:maragones@educa.madrid.org\">maragones@educa.madrid.org<\/a><\/td><\/tr><tr><td class=\"has-text-align-center\" data-align=\"center\"><strong>Olga Rocha del Lago<\/strong><\/td><td class=\"has-text-align-center\" data-align=\"center\">Jefa de estudios ACE y profesora de cocina<\/td><td class=\"has-text-align-center\" data-align=\"center\"><a href=\"mailto:olga.rocha@educa.madrid.org\" target=\"_blank\" rel=\"noreferrer noopener\">olga.rocha@educa.madrid.org<\/a><\/td><\/tr><tr><td class=\"has-text-align-center\" data-align=\"center\"><strong>Jos\u00e9 Fern\u00e1ndez Teno<\/strong><\/td><td class=\"has-text-align-center\" data-align=\"center\">Profesor ACE<\/td><td class=\"has-text-align-center\" data-align=\"center\"><a href=\"mailto:Jose.fernandezteno@educa.madrid.org\" target=\"_blank\" rel=\"noreferrer noopener\">j<\/a><a rel=\"noreferrer noopener\" href=\"mailto:Jose.fernandezteno@educa.madrid.org\" target=\"_blank\">ose.fernandezteno@educa.madrid.org<\/a><\/td><\/tr><tr><td class=\"has-text-align-center\" data-align=\"center\"><strong>Rosa M\u00aa Mart\u00edn Est\u00e9vez<\/strong><\/td><td class=\"has-text-align-center\" data-align=\"center\">Profesora ACE<\/td><td class=\"has-text-align-center\" data-align=\"center\"><a href=\"mailto:rosa.martinestevez@educa.madrid.org\" target=\"_blank\" rel=\"noreferrer noopener\">rosa.martinestevez@educa.madrid.org<\/a><\/td><\/tr><tr><td class=\"has-text-align-center\" data-align=\"center\"><strong>Andrea Catena Marug\u00e1n<\/strong><\/td><td class=\"has-text-align-center\" data-align=\"center\">Profesora ACE<\/td><td class=\"has-text-align-center\" data-align=\"center\"><a href=\"mailto:andrea.catena@educa.madrid.org\">andrea.catena@educa.madrid.org<\/a><\/td><\/tr><tr><td class=\"has-text-align-center\" data-align=\"center\"><strong>Sandra Iglesias Fuentes<\/strong><\/td><td class=\"has-text-align-center\" data-align=\"center\">Profesora ACE<\/td><td class=\"has-text-align-center\" data-align=\"center\"><a href=\"mailto:sandra.iglesiasfuentes@educa.madrid.org\">sandra.iglesiasfuentes@educa.madrid.org<\/a><\/td><\/tr><tr><td class=\"has-text-align-center\" data-align=\"center\"><strong>Sara L. Ram\u00edrez Fern\u00e1ndez<\/strong><\/td><td class=\"has-text-align-center\" data-align=\"center\">Profesora ACE<\/td><td class=\"has-text-align-center\" data-align=\"center\"><a href=\"mailto:saralaila.ramirez@educa.madrid.org\">saralaila.ramirez@educa.madrid.org<\/a><\/td><\/tr><\/tbody><\/table><\/figure>\n\n\n\n<hr class=\"wp-block-separator has-css-opacity\"\/>\n\n\n\n<h5 class=\"wp-block-heading has-text-align-center has-cyan-bluish-gray-background-color has-background\">OTROS Enlaces de inter\u00e9s<\/h5>\n","protected":false},"excerpt":{"rendered":"<p>El Departamento de Orientaci\u00f3n del IES Manuela Malasa\u00f1a es un \u00f3rgano especializado que apoya la labor del centro y del conjunto del profesorado en todas aquellas actuaciones encaminadas a asegurar &#8230;<\/p>\n","protected":false},"author":2,"featured_media":0,"parent":373,"menu_order":0,"comment_status":"closed","ping_status":"closed","template":"","meta":{"footnotes":""},"folder":[],"class_list":["post-403","page","type-page","status-publish","hentry"],"rttpg_featured_image_url":null,"rttpg_author":{"display_name":"Coordinador TIC del IES Manuela Malasa\u00f1a","author_link":"https:\/\/site.educa.madrid.org\/ies.malasana.mostoles\/index.php\/author\/cuenta_tic-ies-malasana-mostoles\/"},"rttpg_comment":0,"rttpg_category":false,"rttpg_excerpt":"El Departamento de Orientaci\u00f3n del IES Manuela Malasa\u00f1a es un \u00f3rgano especializado que apoya la labor del centro y del conjunto del profesorado en todas aquellas actuaciones encaminadas a asegurar ...","post_mailing_queue_ids":[],"_links":{"self":[{"href":"https:\/\/site.educa.madrid.org\/ies.malasana.mostoles\/index.php\/wp-json\/wp\/v2\/pages\/403","targetHints":{"allow":["GET"]}}],"collection":[{"href":"https:\/\/site.educa.madrid.org\/ies.malasana.mostoles\/index.php\/wp-json\/wp\/v2\/pages"}],"about":[{"href":"https:\/\/site.educa.madrid.org\/ies.malasana.mostoles\/index.php\/wp-json\/wp\/v2\/types\/page"}],"author":[{"embeddable":true,"href":"https:\/\/site.educa.madrid.org\/ies.malasana.mostoles\/index.php\/wp-json\/wp\/v2\/users\/2"}],"replies":[{"embeddable":true,"href":"https:\/\/site.educa.madrid.org\/ies.malasana.mostoles\/index.php\/wp-json\/wp\/v2\/comments?post=403"}],"version-history":[{"count":50,"href":"https:\/\/site.educa.madrid.org\/ies.malasana.mostoles\/index.php\/wp-json\/wp\/v2\/pages\/403\/revisions"}],"predecessor-version":[{"id":5353,"href":"https:\/\/site.educa.madrid.org\/ies.malasana.mostoles\/index.php\/wp-json\/wp\/v2\/pages\/403\/revisions\/5353"}],"up":[{"embeddable":true,"href":"https:\/\/site.educa.madrid.org\/ies.malasana.mostoles\/index.php\/wp-json\/wp\/v2\/pages\/373"}],"wp:attachment":[{"href":"https:\/\/site.educa.madrid.org\/ies.malasana.mostoles\/index.php\/wp-json\/wp\/v2\/media?parent=403"}],"wp:term":[{"taxonomy":"folder","embeddable":true,"href":"https:\/\/site.educa.madrid.org\/ies.malasana.mostoles\/index.php\/wp-json\/wp\/v2\/folder?post=403"}],"curies":[{"name":"wp","href":"https:\/\/api.w.org\/{rel}","templated":true}]}}