{"id":407,"date":"2021-02-11T19:01:23","date_gmt":"2021-02-11T19:01:23","guid":{"rendered":"https:\/\/site.educa.madrid.org\/ies.malasana.mostoles\/?page_id=407"},"modified":"2025-11-03T21:57:23","modified_gmt":"2025-11-03T20:57:23","slug":"departamento-de-tecnologia","status":"publish","type":"page","link":"https:\/\/site.educa.madrid.org\/ies.malasana.mostoles\/index.php\/ensenanzas\/departamentos-didacticos\/departamento-de-tecnologia\/","title":{"rendered":"Tecnolog\u00eda"},"content":{"rendered":"\t\t\t<!-- Flexy Breadcrumb -->\n\t\t\t<div class=\"fbc fbc-page\">\n\n\t\t\t\t<!-- Breadcrumb wrapper -->\n\t\t\t\t<div class=\"fbc-wrap\">\n\n\t\t\t\t\t<!-- Ordered list-->\n\t\t\t\t\t<ol class=\"fbc-items\" itemscope itemtype=\"https:\/\/schema.org\/BreadcrumbList\">\n\t\t\t\t\t\t            <li itemprop=\"itemListElement\" itemscope itemtype=\"https:\/\/schema.org\/ListItem\">\n                <span itemprop=\"name\">\n                    <!-- Home Link -->\n                    <a itemprop=\"item\" href=\"https:\/\/site.educa.madrid.org\/ies.malasana.mostoles\">\n                    \n                                                    <i class=\"fa fa fa-home\" aria-hidden=\"true\"><\/i>                    <\/a>\n                <\/span>\n                <meta itemprop=\"position\" content=\"1\" \/><!-- Meta Position-->\n             <\/li><li><span class=\"fbc-separator\">><\/span><\/li><li class=\"active\" itemprop=\"itemListElement\" itemscope itemtype=\"https:\/\/schema.org\/ListItem\"><span itemprop=\"name\" title=\"Tabl\u00f3n de anuncios\">Tabl\u00f3n de anuncios<\/span><meta itemprop=\"position\" content=\"2\" \/><\/li>\t\t\t\t\t<\/ol>\n\t\t\t\t\t<div class=\"clearfix\"><\/div>\n\t\t\t\t<\/div>\n\t\t\t<\/div>\n\t\t\t\n\n\n\n<figure class=\"wp-block-image size-full\"><img loading=\"lazy\" decoding=\"async\" width=\"1024\" height=\"384\" src=\"https:\/\/site.educa.madrid.org\/ies.malasana.mostoles\/\/wp-content\/uploads\/ies.malasana.mostoles\/2024\/06\/Cabecera-departamentos-1.png\" alt=\"\" class=\"wp-image-4048\" srcset=\"https:\/\/site.educa.madrid.org\/ies.malasana.mostoles\/\/wp-content\/uploads\/ies.malasana.mostoles\/2024\/06\/Cabecera-departamentos-1.png 1024w, https:\/\/site.educa.madrid.org\/ies.malasana.mostoles\/\/wp-content\/uploads\/ies.malasana.mostoles\/2024\/06\/Cabecera-departamentos-1-300x113.png 300w, https:\/\/site.educa.madrid.org\/ies.malasana.mostoles\/\/wp-content\/uploads\/ies.malasana.mostoles\/2024\/06\/Cabecera-departamentos-1-768x288.png 768w\" sizes=\"auto, (max-width: 1024px) 100vw, 1024px\" \/><\/figure>\n\n\n\n<p><\/p>\n\n\n\n<p class=\"has-black-color has-text-color\">El <strong>Departamento de Tecnolog\u00eda<\/strong> tiene como objetivo principal el <strong>desarrollo de capacidades cient\u00edficas y tecnol\u00f3gicas<\/strong>, entre otras, que son esenciales en el mundo actual y muy solicitadas en el mercado laboral. Estas habilidades permiten a los estudiantes adquirir competencias b\u00e1sicas cruciales para su desarrollo. En nuestras clases, los alumnos no solo aprenden nuevos contenidos, sino que tambi\u00e9n los aplican de manera inmediata a trav\u00e9s de proyectos realizados en nuestro aula-taller de Tecnolog\u00eda, fomentando sus habilidades manuales.<\/p>\n\n\n\n<p><\/p>\n\n\n\n<figure class=\"wp-block-image size-full\"><img loading=\"lazy\" decoding=\"async\" width=\"1024\" height=\"192\" src=\"https:\/\/site.educa.madrid.org\/ies.malasana.mostoles\/\/wp-content\/uploads\/ies.malasana.mostoles\/2024\/06\/1.png\" alt=\"\" class=\"wp-image-4050\" srcset=\"https:\/\/site.educa.madrid.org\/ies.malasana.mostoles\/\/wp-content\/uploads\/ies.malasana.mostoles\/2024\/06\/1.png 1024w, https:\/\/site.educa.madrid.org\/ies.malasana.mostoles\/\/wp-content\/uploads\/ies.malasana.mostoles\/2024\/06\/1-300x56.png 300w, https:\/\/site.educa.madrid.org\/ies.malasana.mostoles\/\/wp-content\/uploads\/ies.malasana.mostoles\/2024\/06\/1-768x144.png 768w\" sizes=\"auto, (max-width: 1024px) 100vw, 1024px\" \/><\/figure>\n\n\n\n<p><\/p>\n\n\n\n<figure class=\"wp-block-table aligncenter is-style-stripes\"><table><thead><tr><th class=\"has-text-align-center\" data-align=\"center\">Nombre<\/th><th class=\"has-text-align-center\" data-align=\"center\">correo<\/th><\/tr><\/thead><tbody><tr><td class=\"has-text-align-center\" data-align=\"center\"><strong>Antonio Romero L\u00f3pez<\/strong><\/td><td class=\"has-text-align-center\" data-align=\"center\"><mark style=\"background-color:rgba(0, 0, 0, 0)\" class=\"has-inline-color has-vivid-cyan-blue-color\">antonio.romero@educa.madrid.org<\/mark><\/td><\/tr><tr><td class=\"has-text-align-center\" data-align=\"center\"><strong>Bego\u00f1a Dosantos Garc\u00eda<\/strong><\/td><td class=\"has-text-align-center\" data-align=\"center\"><mark style=\"background-color:rgba(0, 0, 0, 0)\" class=\"has-inline-color has-vivid-cyan-blue-color\">bdosantos@educa.madrid.org<\/mark><\/td><\/tr><tr><td class=\"has-text-align-center\" data-align=\"center\"><strong>M\u00aa Elena S\u00e1nchez Albarr\u00e1n<\/strong><\/td><td class=\"has-text-align-center\" data-align=\"center\"><mark style=\"background-color:rgba(0, 0, 0, 0)\" class=\"has-inline-color has-vivid-cyan-blue-color\">mariaelena.sanchez@educa.madrid.org<\/mark><\/td><\/tr><tr><td class=\"has-text-align-center\" data-align=\"center\"><strong>Sara Gal\u00e1n P\u00e9rez<\/strong><\/td><td class=\"has-text-align-center\" data-align=\"center\"><mark style=\"background-color:rgba(0, 0, 0, 0)\" class=\"has-inline-color has-vivid-cyan-blue-color\">sara.galanperez@educa.madrid.org<\/mark><\/td><\/tr><\/tbody><\/table><\/figure>\n\n\n\n<div class=\"wp-block-columns is-layout-flex wp-container-core-columns-is-layout-9d6595d7 wp-block-columns-is-layout-flex\">\n<div class=\"wp-block-column is-layout-flow wp-block-column-is-layout-flow\">\n<div class=\"wp-block-buttons is-horizontal is-content-justification-center is-layout-flex wp-container-core-buttons-is-layout-499968f5 wp-block-buttons-is-layout-flex\">\n<div class=\"wp-block-button has-custom-width wp-block-button__width-100 is-style-outline is-style-outline--1\"><a class=\"wp-block-button__link has-black-color has-text-color has-background wp-element-button\" href=\"https:\/\/site.educa.madrid.org\/ies.malasana.mostoles\/index.php\/programacion-tecnologia\/\" style=\"background-color:#d9c5ab\"><strong>Consulta aqu\u00ed la programaci\u00f3n del departamento<\/strong><\/a><\/div>\n<\/div>\n<\/div>\n<\/div>\n\n\n\n<p><\/p>\n\n\n\n<p><\/p>\n\n\n<div class=\"wp-block-image\">\n<figure class=\"aligncenter size-full\"><img loading=\"lazy\" decoding=\"async\" width=\"1024\" height=\"192\" src=\"https:\/\/site.educa.madrid.org\/ies.malasana.mostoles\/\/wp-content\/uploads\/ies.malasana.mostoles\/2024\/06\/2.png\" alt=\"\" class=\"wp-image-4051\" srcset=\"https:\/\/site.educa.madrid.org\/ies.malasana.mostoles\/\/wp-content\/uploads\/ies.malasana.mostoles\/2024\/06\/2.png 1024w, https:\/\/site.educa.madrid.org\/ies.malasana.mostoles\/\/wp-content\/uploads\/ies.malasana.mostoles\/2024\/06\/2-300x56.png 300w, https:\/\/site.educa.madrid.org\/ies.malasana.mostoles\/\/wp-content\/uploads\/ies.malasana.mostoles\/2024\/06\/2-768x144.png 768w\" sizes=\"auto, (max-width: 1024px) 100vw, 1024px\" \/><\/figure>\n<\/div>\n\n\n<div class=\"wp-block-columns is-layout-flex wp-container-core-columns-is-layout-9d6595d7 wp-block-columns-is-layout-flex\">\n<div class=\"wp-block-column is-layout-flow wp-block-column-is-layout-flow\">\n<h2 class=\"wp-block-heading has-text-align-center has-black-color has-text-color has-background has-medium-font-size\" style=\"background:linear-gradient(135deg,rgb(217,197,171) 0%,rgba(150,149,240,0) 100%);font-style:normal;font-weight:800\">Actividades<\/h2>\n\n\n\n<p class=\"has-small-font-size\">El Departamento realiza numerosas actividades. A continuaci\u00f3n podr\u00e9is consultar las m\u00e1s relevantes:<\/p>\n\n\n\n<div class=\"wp-block-buttons is-horizontal is-content-justification-center is-layout-flex wp-container-core-buttons-is-layout-499968f5 wp-block-buttons-is-layout-flex\">\n<div class=\"wp-block-button is-style-outline is-style-outline--2\"><a class=\"wp-block-button__link has-black-color has-text-color wp-element-button\" href=\"https:\/\/site.educa.madrid.org\/ies.malasana.mostoles\/index.php\/sirfidos-vs-pulgonautas-mision-estratosfera\/\" style=\"border-top-left-radius:40px;border-top-right-radius:20px;border-bottom-left-radius:20px;border-bottom-right-radius:40px\" target=\"_blank\" rel=\"noreferrer noopener\">Tu experimento en globo sonda &#8211; \u00abS\u00edrfidos vs Pulgonautas: Misi\u00f3n Estratosfera\u00bb 2024<\/a><\/div>\n\n\n\n<div class=\"wp-block-button is-style-outline is-style-outline--3\"><a class=\"wp-block-button__link has-black-color has-text-color wp-element-button\" href=\"https:\/\/site.educa.madrid.org\/ies.malasana.mostoles\/index.php\/cansat\/\" style=\"border-top-left-radius:40px;border-top-right-radius:20px;border-bottom-left-radius:20px;border-bottom-right-radius:40px\">CanSat<\/a><\/div>\n<\/div>\n<\/div>\n\n\n\n<div class=\"wp-block-column is-layout-flow wp-block-column-is-layout-flow\">\n<h2 class=\"wp-block-heading has-text-align-center has-background has-medium-font-size\" style=\"background:linear-gradient(135deg,rgb(217,197,171) 0%,rgba(0,0,0,0) 100%);font-style:normal;font-weight:800\">Proyectos de innovaci\u00f3n<\/h2>\n\n\n\n<p class=\"has-small-font-size\">Desde el curso 2023-24, el Departamento de Tecnolog\u00eda est\u00e1 desarrollando el <strong>Proyecto de Innovaci\u00f3n Tecnol\u00f3gica<\/strong> para los alumnos de 4\u00ba ESO.<\/p>\n\n\n\n<div class=\"wp-block-buttons is-horizontal is-content-justification-center is-layout-flex wp-container-core-buttons-is-layout-499968f5 wp-block-buttons-is-layout-flex\">\n<div class=\"wp-block-button is-style-outline is-style-outline--4\"><a class=\"wp-block-button__link has-black-color has-text-color wp-element-button\" style=\"border-top-left-radius:40px;border-top-right-radius:20px;border-bottom-left-radius:20px;border-bottom-right-radius:40px\">M\u00e1s informaci\u00f3n del Proyecto<\/a><\/div>\n<\/div>\n<\/div>\n<\/div>\n\n\n\n<p><\/p>\n\n\n\n<p><\/p>\n\n\n\n<figure class=\"wp-block-image size-full\"><img loading=\"lazy\" decoding=\"async\" width=\"1024\" height=\"192\" src=\"https:\/\/site.educa.madrid.org\/ies.malasana.mostoles\/\/wp-content\/uploads\/ies.malasana.mostoles\/2024\/06\/Miembros-del-departamento-3.png\" alt=\"\" class=\"wp-image-4054\" srcset=\"https:\/\/site.educa.madrid.org\/ies.malasana.mostoles\/\/wp-content\/uploads\/ies.malasana.mostoles\/2024\/06\/Miembros-del-departamento-3.png 1024w, https:\/\/site.educa.madrid.org\/ies.malasana.mostoles\/\/wp-content\/uploads\/ies.malasana.mostoles\/2024\/06\/Miembros-del-departamento-3-300x56.png 300w, https:\/\/site.educa.madrid.org\/ies.malasana.mostoles\/\/wp-content\/uploads\/ies.malasana.mostoles\/2024\/06\/Miembros-del-departamento-3-768x144.png 768w\" sizes=\"auto, (max-width: 1024px) 100vw, 1024px\" \/><\/figure>\n\n\n\n<details class=\"wp-block-details is-layout-flow wp-block-details-is-layout-flow\"><summary><\/summary>\n<div class=\"wp-block-columns is-layout-flex wp-container-core-columns-is-layout-9d6595d7 wp-block-columns-is-layout-flex\">\n<div class=\"wp-block-column is-layout-flow wp-block-column-is-layout-flow\">\n<figure class=\"wp-block-image size-large\"><img loading=\"lazy\" decoding=\"async\" width=\"1024\" height=\"312\" src=\"https:\/\/site.educa.madrid.org\/ies.malasana.mostoles\/\/wp-content\/uploads\/ies.malasana.mostoles\/2024\/10\/SCR-1y6u2862-1024x312.png\" alt=\"\" class=\"wp-image-4509\" srcset=\"https:\/\/site.educa.madrid.org\/ies.malasana.mostoles\/\/wp-content\/uploads\/ies.malasana.mostoles\/2024\/10\/SCR-1y6u2862-1024x312.png 1024w, https:\/\/site.educa.madrid.org\/ies.malasana.mostoles\/\/wp-content\/uploads\/ies.malasana.mostoles\/2024\/10\/SCR-1y6u2862-300x91.png 300w, https:\/\/site.educa.madrid.org\/ies.malasana.mostoles\/\/wp-content\/uploads\/ies.malasana.mostoles\/2024\/10\/SCR-1y6u2862-768x234.png 768w, https:\/\/site.educa.madrid.org\/ies.malasana.mostoles\/\/wp-content\/uploads\/ies.malasana.mostoles\/2024\/10\/SCR-1y6u2862.png 1354w\" sizes=\"auto, (max-width: 1024px) 100vw, 1024px\" \/><\/figure>\n<\/div>\n\n\n\n<div class=\"wp-block-column is-layout-flow wp-block-column-is-layout-flow\">\n<p>Noviembre 2025<\/p>\n\n\n\n<p>Un a\u00f1o m\u00e1s hemos sido seleccionados para participar en esta XI edici\u00f3n del concurso de rob\u00f3tica que promueve la Fundaci\u00f3n Endesa, Retotech. Haz click en el siguiente enlace y podr\u00e1s ver el nuevo video presentaci\u00f3n del centro.<\/p>\n\n\n\n<p><a href=\"https:\/\/site.educa.madrid.org\/ies.malasana.mostoles\/index.php\/2025\/10\/30\/volvemos-a-retotech\/\">\u00a1Volvemos a Retotech! \u2013 IES Manuela Malasa\u00f1a<\/a><\/p>\n<\/div>\n<\/div>\n\n\n\n<p><\/p>\n\n\n<ul class=\"wp-block-latest-posts__list is-grid columns-3 has-dates aligncenter wp-block-latest-posts\"><li><div class=\"wp-block-latest-posts__featured-image aligncenter\"><img loading=\"lazy\" decoding=\"async\" width=\"300\" height=\"91\" src=\"https:\/\/site.educa.madrid.org\/ies.malasana.mostoles\/\/wp-content\/uploads\/ies.malasana.mostoles\/2024\/10\/SCR-1y6u2862-300x91.png\" class=\"attachment-medium size-medium wp-post-image\" alt=\"\" style=\"\" srcset=\"https:\/\/site.educa.madrid.org\/ies.malasana.mostoles\/\/wp-content\/uploads\/ies.malasana.mostoles\/2024\/10\/SCR-1y6u2862-300x91.png 300w, https:\/\/site.educa.madrid.org\/ies.malasana.mostoles\/\/wp-content\/uploads\/ies.malasana.mostoles\/2024\/10\/SCR-1y6u2862-1024x312.png 1024w, https:\/\/site.educa.madrid.org\/ies.malasana.mostoles\/\/wp-content\/uploads\/ies.malasana.mostoles\/2024\/10\/SCR-1y6u2862-768x234.png 768w, https:\/\/site.educa.madrid.org\/ies.malasana.mostoles\/\/wp-content\/uploads\/ies.malasana.mostoles\/2024\/10\/SCR-1y6u2862.png 1354w\" sizes=\"auto, (max-width: 300px) 100vw, 300px\" \/><\/div><a class=\"wp-block-latest-posts__post-title\" href=\"https:\/\/site.educa.madrid.org\/ies.malasana.mostoles\/index.php\/2024\/10\/22\/x-edicion-de-retotech-fundacion-endesa\/\">X Edici\u00f3n de RetoTech Fundaci\u00f3n Endesa<\/a><time datetime=\"2024-10-22T11:02:58+02:00\" class=\"wp-block-latest-posts__post-date\">22 octubre, 2024<\/time><div class=\"wp-block-latest-posts__post-excerpt\">En la X Edici\u00f3n de RetoTech Fundaci\u00f3n Endesa participan un total de 255 centros educativos de las Comunidades de Madrid, Arag\u00f3n, Andaluc\u00eda, Catalu\u00f1a, Extremadura, Islas Baleares y Canarias.<\/div><\/li>\n<li><div class=\"wp-block-latest-posts__featured-image aligncenter\"><img loading=\"lazy\" decoding=\"async\" width=\"300\" height=\"188\" src=\"https:\/\/site.educa.madrid.org\/ies.malasana.mostoles\/\/wp-content\/uploads\/ies.malasana.mostoles\/2024\/06\/SCR-20240605-keni-300x188.png\" class=\"attachment-medium size-medium wp-post-image\" alt=\"\" style=\"\" srcset=\"https:\/\/site.educa.madrid.org\/ies.malasana.mostoles\/\/wp-content\/uploads\/ies.malasana.mostoles\/2024\/06\/SCR-20240605-keni-300x188.png 300w, https:\/\/site.educa.madrid.org\/ies.malasana.mostoles\/\/wp-content\/uploads\/ies.malasana.mostoles\/2024\/06\/SCR-20240605-keni-480x300.png 480w, https:\/\/site.educa.madrid.org\/ies.malasana.mostoles\/\/wp-content\/uploads\/ies.malasana.mostoles\/2024\/06\/SCR-20240605-keni-640x400.png 640w, https:\/\/site.educa.madrid.org\/ies.malasana.mostoles\/\/wp-content\/uploads\/ies.malasana.mostoles\/2024\/06\/SCR-20240605-keni.png 649w\" sizes=\"auto, (max-width: 300px) 100vw, 300px\" \/><\/div><a class=\"wp-block-latest-posts__post-title\" href=\"https:\/\/site.educa.madrid.org\/ies.malasana.mostoles\/index.php\/2024\/06\/01\/tu-experimento-en-globo-sonda-2024\/\">Tu experimento en globo sonda &#8211; 2024<\/a><time datetime=\"2024-06-01T11:09:44+02:00\" class=\"wp-block-latest-posts__post-date\">1 junio, 2024<\/time><div class=\"wp-block-latest-posts__post-excerpt\">El pasado jueves 30 de mayo, nuestro centro particip\u00f3 en el lanzamiento de un globo sonda para estudiar la estratosfera y sus efectos en pulgones y s\u00edrfidos. Nuestro proyecto, titulado &#8230;<\/div><\/li>\n<li><div class=\"wp-block-latest-posts__featured-image aligncenter\"><img loading=\"lazy\" decoding=\"async\" width=\"209\" height=\"300\" src=\"https:\/\/site.educa.madrid.org\/ies.malasana.mostoles\/\/wp-content\/uploads\/ies.malasana.mostoles\/2024\/04\/manual-cansat-spain-2023-2024-768x1100-1-209x300.jpg\" class=\"attachment-medium size-medium wp-post-image\" alt=\"\" style=\"\" srcset=\"https:\/\/site.educa.madrid.org\/ies.malasana.mostoles\/\/wp-content\/uploads\/ies.malasana.mostoles\/2024\/04\/manual-cansat-spain-2023-2024-768x1100-1-209x300.jpg 209w, https:\/\/site.educa.madrid.org\/ies.malasana.mostoles\/\/wp-content\/uploads\/ies.malasana.mostoles\/2024\/04\/manual-cansat-spain-2023-2024-768x1100-1-715x1024.jpg 715w, https:\/\/site.educa.madrid.org\/ies.malasana.mostoles\/\/wp-content\/uploads\/ies.malasana.mostoles\/2024\/04\/manual-cansat-spain-2023-2024-768x1100-1.jpg 768w\" sizes=\"auto, (max-width: 209px) 100vw, 209px\" \/><\/div><a class=\"wp-block-latest-posts__post-title\" href=\"https:\/\/site.educa.madrid.org\/ies.malasana.mostoles\/index.php\/2024\/04\/17\/cansat-2024\/\">CanSat 2024<\/a><time datetime=\"2024-04-17T09:44:22+02:00\" class=\"wp-block-latest-posts__post-date\">17 abril, 2024<\/time><div class=\"wp-block-latest-posts__post-excerpt\">\u00a1Algunos de nuestros alumnos han participado en el proyecto CanSat 2024! El desaf\u00edo CanSat es una iniciativa de la Agencia Espacial Europea (ESA: European Space Agency) que desaf\u00eda a estudiantes &#8230;<\/div><\/li>\n<\/ul><\/details>\n","protected":false},"excerpt":{"rendered":"<p>El Departamento de Tecnolog\u00eda tiene como objetivo principal el desarrollo de capacidades cient\u00edficas y tecnol\u00f3gicas, entre otras, que son esenciales en el mundo actual y muy solicitadas en el mercado &#8230;<\/p>\n","protected":false},"author":2,"featured_media":0,"parent":373,"menu_order":0,"comment_status":"closed","ping_status":"closed","template":"","meta":{"footnotes":""},"folder":[],"class_list":["post-407","page","type-page","status-publish","hentry"],"rttpg_featured_image_url":null,"rttpg_author":{"display_name":"Coordinador TIC del IES Manuela Malasa\u00f1a","author_link":"https:\/\/site.educa.madrid.org\/ies.malasana.mostoles\/index.php\/author\/cuenta_tic-ies-malasana-mostoles\/"},"rttpg_comment":0,"rttpg_category":false,"rttpg_excerpt":"El Departamento de Tecnolog\u00eda tiene como objetivo principal el desarrollo de capacidades cient\u00edficas y tecnol\u00f3gicas, entre otras, que son esenciales en el mundo actual y muy solicitadas en el mercado ...","post_mailing_queue_ids":[],"_links":{"self":[{"href":"https:\/\/site.educa.madrid.org\/ies.malasana.mostoles\/index.php\/wp-json\/wp\/v2\/pages\/407","targetHints":{"allow":["GET"]}}],"collection":[{"href":"https:\/\/site.educa.madrid.org\/ies.malasana.mostoles\/index.php\/wp-json\/wp\/v2\/pages"}],"about":[{"href":"https:\/\/site.educa.madrid.org\/ies.malasana.mostoles\/index.php\/wp-json\/wp\/v2\/types\/page"}],"author":[{"embeddable":true,"href":"https:\/\/site.educa.madrid.org\/ies.malasana.mostoles\/index.php\/wp-json\/wp\/v2\/users\/2"}],"replies":[{"embeddable":true,"href":"https:\/\/site.educa.madrid.org\/ies.malasana.mostoles\/index.php\/wp-json\/wp\/v2\/comments?post=407"}],"version-history":[{"count":22,"href":"https:\/\/site.educa.madrid.org\/ies.malasana.mostoles\/index.php\/wp-json\/wp\/v2\/pages\/407\/revisions"}],"predecessor-version":[{"id":5053,"href":"https:\/\/site.educa.madrid.org\/ies.malasana.mostoles\/index.php\/wp-json\/wp\/v2\/pages\/407\/revisions\/5053"}],"up":[{"embeddable":true,"href":"https:\/\/site.educa.madrid.org\/ies.malasana.mostoles\/index.php\/wp-json\/wp\/v2\/pages\/373"}],"wp:attachment":[{"href":"https:\/\/site.educa.madrid.org\/ies.malasana.mostoles\/index.php\/wp-json\/wp\/v2\/media?parent=407"}],"wp:term":[{"taxonomy":"folder","embeddable":true,"href":"https:\/\/site.educa.madrid.org\/ies.malasana.mostoles\/index.php\/wp-json\/wp\/v2\/folder?post=407"}],"curies":[{"name":"wp","href":"https:\/\/api.w.org\/{rel}","templated":true}]}}