{"id":4556,"date":"2024-11-13T07:48:54","date_gmt":"2024-11-13T06:48:54","guid":{"rendered":"https:\/\/site.educa.madrid.org\/ies.malasana.mostoles\/?page_id=4556"},"modified":"2024-11-13T08:00:25","modified_gmt":"2024-11-13T07:00:25","slug":"cansat","status":"publish","type":"page","link":"https:\/\/site.educa.madrid.org\/ies.malasana.mostoles\/index.php\/cansat\/","title":{"rendered":"CanSat"},"content":{"rendered":"\n<p>El desaf\u00edo CanSat es una iniciativa de la Agencia Espacial Europea que desaf\u00eda a estudiantes de toda Europa a construir y lanzar un mini sat\u00e9lite del tama\u00f1o de una lata de refresco. Un CanSat es una simulaci\u00f3n de un sat\u00e9lite real, integrado dentro del volumen y la forma de una lata de refresco. El desaf\u00edo para los estudiantes es adaptar todos los subsistemas principales que se encuentran en un sat\u00e9lite, como la energ\u00eda, los sensores y un sistema de comunicaci\u00f3n, dentro de este espacio tan reducido \u00a1No olvides incluir el paraca\u00eddas! El CanSat debe recuperarse sano y salvo.<\/p>\n\n\n\n<p>Cuando el CanSat est\u00e1 listo, se introduce en un cohete, que lanza hasta una altitud de aproximadamente un kil\u00f3metro. Entonces comienza su misi\u00f3n. Durante la ca\u00edda se realiza un experimento cient\u00edfico y \/ o una demostraci\u00f3n tecnol\u00f3gica adem\u00e1s de lograr un aterrizaje seguro y analizar los datos recopilados.<\/p>\n\n\n\n<p>La Competici\u00f3n CanSat se realiza a nivel europeo, donde participa un equipo de cada uno de estados miembros de la ESA. Para seleccionar al equipo que representar\u00e1 a nuestro pa\u00eds en la competici\u00f3n europea, contamos con una fase Nacional, en la que participa un equipo de cada Comunidad Aut\u00f3noma (CCAA). Las Comunidades aut\u00f3nomas pueden organizar\u00a0<a href=\"https:\/\/esero.es\/cansat\/fase-3-lanzamientos-regionales\/\">Competiciones Regionales<\/a>\u00a0para seleccionar al equipo que les representar\u00e1 en la final nacional.<\/p>\n\n\n\n<figure class=\"wp-block-image size-large\"><img loading=\"lazy\" decoding=\"async\" width=\"1024\" height=\"256\" src=\"https:\/\/site.educa.madrid.org\/ies.malasana.mostoles\/\/wp-content\/uploads\/ies.malasana.mostoles\/2024\/11\/image-1024x256.png\" alt=\"\" class=\"wp-image-4563\" srcset=\"https:\/\/site.educa.madrid.org\/ies.malasana.mostoles\/\/wp-content\/uploads\/ies.malasana.mostoles\/2024\/11\/image-1024x256.png 1024w, https:\/\/site.educa.madrid.org\/ies.malasana.mostoles\/\/wp-content\/uploads\/ies.malasana.mostoles\/2024\/11\/image-300x75.png 300w, https:\/\/site.educa.madrid.org\/ies.malasana.mostoles\/\/wp-content\/uploads\/ies.malasana.mostoles\/2024\/11\/image-768x192.png 768w, https:\/\/site.educa.madrid.org\/ies.malasana.mostoles\/\/wp-content\/uploads\/ies.malasana.mostoles\/2024\/11\/image-1536x384.png 1536w, https:\/\/site.educa.madrid.org\/ies.malasana.mostoles\/\/wp-content\/uploads\/ies.malasana.mostoles\/2024\/11\/image-2048x512.png 2048w\" sizes=\"auto, (max-width: 1024px) 100vw, 1024px\" \/><\/figure>\n\n\n\n<p><\/p>\n\n\n\n<h2 class=\"wp-block-heading\">Edici\u00f3n 2024\/25<\/h2>\n\n\n\n<p>Consulta nuestras espacios de realidad virtual:<\/p>\n\n\n\n<figure class=\"wp-block-table\"><table><tbody><tr><td>Espacio 1<\/td><td>Espacio 2<\/td><\/tr><tr><td>Espacio 3<\/td><td>Espacio 4<\/td><\/tr><\/tbody><\/table><\/figure>\n\n\n\n<p><\/p>\n\n\n\n<h2 class=\"wp-block-heading\">Edici\u00f3n 2023\/24<\/h2>\n\n\n\n<p>La Comunidad de Madrid ha reunido a un centenar de equipos de 62 centros escolares de la regi\u00f3n en la III edici\u00f3n de CanSat, un proyecto educativo europeo sobre el <strong>dise\u00f1o de minisat\u00e9lites<\/strong>. El lanzamiento de los prototipos que ha tenido lugar en el aer\u00f3dromo de Brunete. M\u00e1s de 600 estudiantes de ESO, Bachillerato y Formaci\u00f3n Profesional han tenido que recoger y transmitir datos de presi\u00f3n y temperatura a la estaci\u00f3n base por telemetr\u00eda una vez por segundo durante el descenso.<\/p>\n\n\n\n<div class=\"wp-block-columns is-layout-flex wp-container-core-columns-is-layout-9d6595d7 wp-block-columns-is-layout-flex\">\n<div class=\"wp-block-column is-layout-flow wp-block-column-is-layout-flow\">\n<figure class=\"wp-block-image size-large\"><img loading=\"lazy\" decoding=\"async\" width=\"1024\" height=\"683\" src=\"https:\/\/site.educa.madrid.org\/ies.malasana.mostoles\/\/wp-content\/uploads\/ies.malasana.mostoles\/2024\/11\/image00422-1024x683.jpeg\" alt=\"\" class=\"wp-image-4564\" srcset=\"https:\/\/site.educa.madrid.org\/ies.malasana.mostoles\/\/wp-content\/uploads\/ies.malasana.mostoles\/2024\/11\/image00422-1024x683.jpeg 1024w, https:\/\/site.educa.madrid.org\/ies.malasana.mostoles\/\/wp-content\/uploads\/ies.malasana.mostoles\/2024\/11\/image00422-300x200.jpeg 300w, https:\/\/site.educa.madrid.org\/ies.malasana.mostoles\/\/wp-content\/uploads\/ies.malasana.mostoles\/2024\/11\/image00422-768x512.jpeg 768w, https:\/\/site.educa.madrid.org\/ies.malasana.mostoles\/\/wp-content\/uploads\/ies.malasana.mostoles\/2024\/11\/image00422-391x260.jpeg 391w, https:\/\/site.educa.madrid.org\/ies.malasana.mostoles\/\/wp-content\/uploads\/ies.malasana.mostoles\/2024\/11\/image00422-272x182.jpeg 272w, https:\/\/site.educa.madrid.org\/ies.malasana.mostoles\/\/wp-content\/uploads\/ies.malasana.mostoles\/2024\/11\/image00422.jpeg 1170w\" sizes=\"auto, (max-width: 1024px) 100vw, 1024px\" \/><\/figure>\n<\/div>\n\n\n\n<div class=\"wp-block-column is-layout-flow wp-block-column-is-layout-flow\">\n<figure class=\"wp-block-image size-large\"><img loading=\"lazy\" decoding=\"async\" width=\"1024\" height=\"683\" src=\"https:\/\/site.educa.madrid.org\/ies.malasana.mostoles\/\/wp-content\/uploads\/ies.malasana.mostoles\/2024\/11\/image00426-1024x683.jpeg\" alt=\"\" class=\"wp-image-4565\" srcset=\"https:\/\/site.educa.madrid.org\/ies.malasana.mostoles\/\/wp-content\/uploads\/ies.malasana.mostoles\/2024\/11\/image00426-1024x683.jpeg 1024w, https:\/\/site.educa.madrid.org\/ies.malasana.mostoles\/\/wp-content\/uploads\/ies.malasana.mostoles\/2024\/11\/image00426-300x200.jpeg 300w, https:\/\/site.educa.madrid.org\/ies.malasana.mostoles\/\/wp-content\/uploads\/ies.malasana.mostoles\/2024\/11\/image00426-768x512.jpeg 768w, https:\/\/site.educa.madrid.org\/ies.malasana.mostoles\/\/wp-content\/uploads\/ies.malasana.mostoles\/2024\/11\/image00426-391x260.jpeg 391w, https:\/\/site.educa.madrid.org\/ies.malasana.mostoles\/\/wp-content\/uploads\/ies.malasana.mostoles\/2024\/11\/image00426-272x182.jpeg 272w, https:\/\/site.educa.madrid.org\/ies.malasana.mostoles\/\/wp-content\/uploads\/ies.malasana.mostoles\/2024\/11\/image00426.jpeg 1170w\" sizes=\"auto, (max-width: 1024px) 100vw, 1024px\" \/><\/figure>\n<\/div>\n\n\n\n<div class=\"wp-block-column is-layout-flow wp-block-column-is-layout-flow\">\n<figure class=\"wp-block-image size-large\"><img loading=\"lazy\" decoding=\"async\" width=\"1024\" height=\"683\" src=\"https:\/\/site.educa.madrid.org\/ies.malasana.mostoles\/\/wp-content\/uploads\/ies.malasana.mostoles\/2024\/11\/image00423-1024x683.jpeg\" alt=\"\" class=\"wp-image-4566\" srcset=\"https:\/\/site.educa.madrid.org\/ies.malasana.mostoles\/\/wp-content\/uploads\/ies.malasana.mostoles\/2024\/11\/image00423-1024x683.jpeg 1024w, https:\/\/site.educa.madrid.org\/ies.malasana.mostoles\/\/wp-content\/uploads\/ies.malasana.mostoles\/2024\/11\/image00423-300x200.jpeg 300w, https:\/\/site.educa.madrid.org\/ies.malasana.mostoles\/\/wp-content\/uploads\/ies.malasana.mostoles\/2024\/11\/image00423-768x512.jpeg 768w, https:\/\/site.educa.madrid.org\/ies.malasana.mostoles\/\/wp-content\/uploads\/ies.malasana.mostoles\/2024\/11\/image00423-391x260.jpeg 391w, https:\/\/site.educa.madrid.org\/ies.malasana.mostoles\/\/wp-content\/uploads\/ies.malasana.mostoles\/2024\/11\/image00423-272x182.jpeg 272w, https:\/\/site.educa.madrid.org\/ies.malasana.mostoles\/\/wp-content\/uploads\/ies.malasana.mostoles\/2024\/11\/image00423.jpeg 1170w\" sizes=\"auto, (max-width: 1024px) 100vw, 1024px\" \/><\/figure>\n<\/div>\n<\/div>\n\n\n\n<p>El <strong>reto principal<\/strong> es adaptar dentro del contenedor las principales partes de un <strong>sat\u00e9lite real<\/strong>, como fuente de alimentaci\u00f3n de energ\u00eda, los sensores y el sistema de comunicaci\u00f3n. Despu\u00e9s, el dispositivo es lanzado desde una altura aproximada de un kil\u00f3metro a trav\u00e9s de un paratrike \u2013veh\u00edculo con parapente\u2013, cohete, avi\u00f3n ultraligero o globo aerost\u00e1tico.<\/p>\n\n\n\n<p>Para poder llevar a cabo\u00a0<em>CanSat<\/em>, los docentes de la Comunidad de Madrid han recibido un <strong>kit de materiales<\/strong> y una <strong>formaci\u00f3n de 30 horas<\/strong> en la que se les ha proporcionado de forma guiada todos los conocimientos t\u00e9cnicos y de programaci\u00f3n necesarios para construir y programar sus prototipos. La formaci\u00f3n se ha desarrollado de forma presencial y en l\u00ednea y han participado docentes de otras comunidades aut\u00f3nomas.<\/p>\n","protected":false},"excerpt":{"rendered":"<p>El desaf\u00edo CanSat es una iniciativa de la Agencia Espacial Europea que desaf\u00eda a estudiantes de toda Europa a construir y lanzar un mini sat\u00e9lite del tama\u00f1o de una lata &#8230;<\/p>\n","protected":false},"author":2,"featured_media":4554,"parent":0,"menu_order":0,"comment_status":"closed","ping_status":"closed","template":"","meta":{"footnotes":""},"folder":[],"class_list":["post-4556","page","type-page","status-publish","has-post-thumbnail","hentry"],"rttpg_featured_image_url":{"full":["https:\/\/site.educa.madrid.org\/ies.malasana.mostoles\/\/wp-content\/uploads\/ies.malasana.mostoles\/2024\/11\/CanSat.png",1200,628,false],"landscape":["https:\/\/site.educa.madrid.org\/ies.malasana.mostoles\/\/wp-content\/uploads\/ies.malasana.mostoles\/2024\/11\/CanSat.png",1200,628,false],"portraits":["https:\/\/site.educa.madrid.org\/ies.malasana.mostoles\/\/wp-content\/uploads\/ies.malasana.mostoles\/2024\/11\/CanSat.png",1200,628,false],"thumbnail":["https:\/\/site.educa.madrid.org\/ies.malasana.mostoles\/\/wp-content\/uploads\/ies.malasana.mostoles\/2024\/11\/CanSat-150x150.png",150,150,true],"medium":["https:\/\/site.educa.madrid.org\/ies.malasana.mostoles\/\/wp-content\/uploads\/ies.malasana.mostoles\/2024\/11\/CanSat-300x157.png",300,157,true],"large":["https:\/\/site.educa.madrid.org\/ies.malasana.mostoles\/\/wp-content\/uploads\/ies.malasana.mostoles\/2024\/11\/CanSat-1024x536.png",800,419,true],"thumblist":["https:\/\/site.educa.madrid.org\/ies.malasana.mostoles\/\/wp-content\/uploads\/ies.malasana.mostoles\/2024\/11\/CanSat-300x300.png",300,300,true],"thumbrelated":["https:\/\/site.educa.madrid.org\/ies.malasana.mostoles\/\/wp-content\/uploads\/ies.malasana.mostoles\/2024\/11\/CanSat-500x500.png",500,500,true],"meccarouselthumb":["https:\/\/site.educa.madrid.org\/ies.malasana.mostoles\/\/wp-content\/uploads\/ies.malasana.mostoles\/2024\/11\/CanSat-474x324.png",474,324,true],"gridsquare":["https:\/\/site.educa.madrid.org\/ies.malasana.mostoles\/\/wp-content\/uploads\/ies.malasana.mostoles\/2024\/11\/CanSat-391x260.png",391,260,true],"tileview":["https:\/\/site.educa.madrid.org\/ies.malasana.mostoles\/\/wp-content\/uploads\/ies.malasana.mostoles\/2024\/11\/CanSat-300x400.png",300,400,true],"1536x1536":["https:\/\/site.educa.madrid.org\/ies.malasana.mostoles\/\/wp-content\/uploads\/ies.malasana.mostoles\/2024\/11\/CanSat.png",1200,628,false],"2048x2048":["https:\/\/site.educa.madrid.org\/ies.malasana.mostoles\/\/wp-content\/uploads\/ies.malasana.mostoles\/2024\/11\/CanSat.png",1200,628,false],"onepress-blog-small":["https:\/\/site.educa.madrid.org\/ies.malasana.mostoles\/\/wp-content\/uploads\/ies.malasana.mostoles\/2024\/11\/CanSat-300x150.png",300,150,true],"onepress-small":["https:\/\/site.educa.madrid.org\/ies.malasana.mostoles\/\/wp-content\/uploads\/ies.malasana.mostoles\/2024\/11\/CanSat-480x300.png",480,300,true],"onepress-medium":["https:\/\/site.educa.madrid.org\/ies.malasana.mostoles\/\/wp-content\/uploads\/ies.malasana.mostoles\/2024\/11\/CanSat-640x400.png",640,400,true],"sow-carousel-default":["https:\/\/site.educa.madrid.org\/ies.malasana.mostoles\/\/wp-content\/uploads\/ies.malasana.mostoles\/2024\/11\/CanSat-272x182.png",272,182,true],"sow-post-carousel-overlay-theme":["https:\/\/site.educa.madrid.org\/ies.malasana.mostoles\/\/wp-content\/uploads\/ies.malasana.mostoles\/2024\/11\/CanSat.png",360,188,false],"sow-post-carousel-cards-theme":["https:\/\/site.educa.madrid.org\/ies.malasana.mostoles\/\/wp-content\/uploads\/ies.malasana.mostoles\/2024\/11\/CanSat.png",360,188,false],"rt_custom":["https:\/\/site.educa.madrid.org\/ies.malasana.mostoles\/\/wp-content\/uploads\/ies.malasana.mostoles\/2024\/11\/CanSat.png",1200,628,false]},"rttpg_author":{"display_name":"Coordinador TIC del IES Manuela Malasa\u00f1a","author_link":"https:\/\/site.educa.madrid.org\/ies.malasana.mostoles\/index.php\/author\/cuenta_tic-ies-malasana-mostoles\/"},"rttpg_comment":0,"rttpg_category":false,"rttpg_excerpt":"El desaf\u00edo CanSat es una iniciativa de la Agencia Espacial Europea que desaf\u00eda a estudiantes de toda Europa a construir y lanzar un mini sat\u00e9lite del tama\u00f1o de una lata ...","post_mailing_queue_ids":[],"_links":{"self":[{"href":"https:\/\/site.educa.madrid.org\/ies.malasana.mostoles\/index.php\/wp-json\/wp\/v2\/pages\/4556","targetHints":{"allow":["GET"]}}],"collection":[{"href":"https:\/\/site.educa.madrid.org\/ies.malasana.mostoles\/index.php\/wp-json\/wp\/v2\/pages"}],"about":[{"href":"https:\/\/site.educa.madrid.org\/ies.malasana.mostoles\/index.php\/wp-json\/wp\/v2\/types\/page"}],"author":[{"embeddable":true,"href":"https:\/\/site.educa.madrid.org\/ies.malasana.mostoles\/index.php\/wp-json\/wp\/v2\/users\/2"}],"replies":[{"embeddable":true,"href":"https:\/\/site.educa.madrid.org\/ies.malasana.mostoles\/index.php\/wp-json\/wp\/v2\/comments?post=4556"}],"version-history":[{"count":5,"href":"https:\/\/site.educa.madrid.org\/ies.malasana.mostoles\/index.php\/wp-json\/wp\/v2\/pages\/4556\/revisions"}],"predecessor-version":[{"id":4571,"href":"https:\/\/site.educa.madrid.org\/ies.malasana.mostoles\/index.php\/wp-json\/wp\/v2\/pages\/4556\/revisions\/4571"}],"wp:featuredmedia":[{"embeddable":true,"href":"https:\/\/site.educa.madrid.org\/ies.malasana.mostoles\/index.php\/wp-json\/wp\/v2\/media\/4554"}],"wp:attachment":[{"href":"https:\/\/site.educa.madrid.org\/ies.malasana.mostoles\/index.php\/wp-json\/wp\/v2\/media?parent=4556"}],"wp:term":[{"taxonomy":"folder","embeddable":true,"href":"https:\/\/site.educa.madrid.org\/ies.malasana.mostoles\/index.php\/wp-json\/wp\/v2\/folder?post=4556"}],"curies":[{"name":"wp","href":"https:\/\/api.w.org\/{rel}","templated":true}]}}