{"id":491,"date":"2021-02-16T08:32:20","date_gmt":"2021-02-16T08:32:20","guid":{"rendered":"https:\/\/site.educa.madrid.org\/ies.malasana.mostoles\/?page_id=491"},"modified":"2023-06-07T21:21:04","modified_gmt":"2023-06-07T19:21:04","slug":"accede","status":"publish","type":"page","link":"https:\/\/site.educa.madrid.org\/ies.malasana.mostoles\/index.php\/secretaria\/accede\/","title":{"rendered":"ACCEDE"},"content":{"rendered":"\n<p class=\"has-black-color has-text-color\">El Programa ACCEDE es el sistema de pr\u00e9stamo de los libros de texto y el material curricular de la Comunidad de Madrid.<\/p>\n\n\n\n<p class=\"has-black-color has-text-color\"><mark style=\"background-color:rgba(0, 0, 0, 0)\" class=\"has-inline-color has-black-color\">Los alumnos que se matriculan por primera vez en 1\u00ba de ESO y aquellos alumnos de 1\u00ba a 3\u00ba que no estaban adheridos pero desean pertenecer al programa, deber\u00e1n adherirse entregando el\u00a0<strong>Anexo I<\/strong>\u00a0en Secretar\u00eda (si no lo han hecho ya en el proceso de admisi\u00f3n) y pagando una garant\u00eda de <strong>30\u20ac<\/strong>.<\/mark><\/p>\n\n\n\n<p class=\"has-black-color has-text-color\"><mark style=\"background-color:rgba(0, 0, 0, 0)\" class=\"has-inline-color has-black-color\">Los alumnos de 4\u00ba de ESO pagar\u00e1n\u00a0<strong>30\u20ac<\/strong>\u00a0si ya est\u00e1n adheridos o\u00a0<strong>60\u20ac<\/strong>\u00a0si se adhieren por primera vez.<\/mark><\/p>\n\n\n\n<p class=\"has-black-color has-text-color\"><mark style=\"background-color:rgba(0, 0, 0, 0)\" class=\"has-inline-color has-black-color\">RECUERDEN: La garant\u00eda solo se paga una vez al adherirse al programa (y otra en 4\u00ba ESO) y se devuelve cuando salen del mismo, ya sea porque finaliza 4\u00ba ESO o se va del Centro.<\/mark><\/p>\n\n\n\n<p class=\"has-black-color has-text-color\">R<mark style=\"background-color:rgba(0, 0, 0, 0)\" class=\"has-inline-color has-black-color\">esponsable del Programa ACCEDE: <strong>Carmen M. San Clemente<\/strong><\/mark>&nbsp;(<a href=\"mailto:carmen.san@educa.madrid.org\">carmen.san@educa.madrid.org<\/a>)<\/p>\n\n\n\n<hr class=\"wp-block-separator\"\/>\n\n\n\n<div class=\"wp-block-columns is-layout-flex wp-container-core-columns-is-layout-9d6595d7 wp-block-columns-is-layout-flex\">\n<div class=\"wp-block-column is-layout-flow wp-block-column-is-layout-flow\">\n<h3 class=\"has-text-align-center has-black-color has-cyan-bluish-gray-background-color has-text-color has-background wp-block-heading\">Atenci\u00f3n<\/h3>\n\n\n\n<p class=\"has-text-align-center\">La atenci\u00f3n a cualquier incidencia se llevar\u00e1 a cabo en la biblioteca del edificio Ram\u00f3n y Cajal.<\/p>\n\n\n\n<p class=\"has-text-align-center\">Adem\u00e1s se puede escribir indicando el asunto detalladamente a la siguiente direcci\u00f3n de correo electr\u00f3nico: <a href=\"mailto:carmen.san@educa.madrid.org\">carmen.san@educa.madrid.org<\/a><\/p>\n<\/div>\n\n\n\n<div class=\"wp-block-column is-layout-flow wp-block-column-is-layout-flow\">\n<h3 class=\"has-text-align-center has-black-color has-cyan-bluish-gray-background-color has-text-color has-background wp-block-heading\">HORARIO<\/h3>\n\n\n\n<p class=\"has-text-align-center\"><strong>Martes, jueves y viernes<\/strong>: recreo (11:10 &#8211; 11:40)<\/p>\n\n\n\n<p class=\"has-text-align-center\"><\/p>\n<\/div>\n<\/div>\n\n\n\n<hr class=\"wp-block-separator\"\/>\n\n\n\n<h3 class=\"has-text-align-center has-cyan-bluish-gray-background-color has-background wp-block-heading\"><strong>Informaci\u00f3n importante<\/strong><\/h3>\n\n\n\n<ul class=\"wp-block-list\"><li>Alumnos de <strong>nueva adhesi\u00f3n<\/strong> que est\u00e1n matriculados en el centro: Entregar\u00e1n el Anexo I y pagar\u00e1n 30\u20ac en concepto de garant\u00eda si se matriculan en 1\u00ba, 2\u00ba o 3\u00ba de ESO, y 60\u20ac si se matriculan en 4\u00ba de ESO.<\/li><li>Alumnos que <strong>promocionan a 4\u00ba ESO<\/strong> y ya est\u00e1n adheridos al programa: Abonar\u00e1n 30\u20ac en concepto de garant\u00eda.<\/li><li><strong>Devoluci\u00f3n de la garant\u00eda<\/strong>: La Secretaria devolver\u00e1 60\u20ac a los alumnos de 4\u00ba de ESO tras mostrarle el Informe de devoluci\u00f3n el mismo d\u00eda que entregan los libros.<\/li><li>Los alumnos que decidan <strong>salir del programa<\/strong> presentar\u00e1n el Anexo IV cumplimentado a la Secretaria que les devolver\u00e1 la garant\u00eda que pagaron cuando se adhirieron al programa (30\u20ac). 22 de junio en los recreos.<\/li><li>Siempre que un alumno haga un pago o reciba una devoluci\u00f3n se le entregar\u00e1 un <strong>justificante<\/strong>.<\/li><\/ul>\n\n\n\n<div class=\"wp-block-columns are-vertically-aligned-center is-layout-flex wp-container-core-columns-is-layout-9d6595d7 wp-block-columns-is-layout-flex\">\n<div class=\"wp-block-column is-layout-flow wp-block-column-is-layout-flow\">\n<div class=\"wp-block-buttons is-content-justification-center is-layout-flex wp-container-core-buttons-is-layout-16018d1d wp-block-buttons-is-layout-flex\">\n<div class=\"wp-block-button\"><a class=\"wp-block-button__link has-black-color has-text-color has-background\" href=\"https:\/\/site.educa.madrid.org\/ies.malasana.mostoles\/\/wp-content\/uploads\/ies.malasana.mostoles\/2022\/06\/Informacion-ACCEDE-junio-2022.pdf\" style=\"background-color:#ffe089\">Informaci\u00f3n general<\/a><\/div>\n<\/div>\n<\/div>\n\n\n\n<div class=\"wp-block-column is-layout-flow wp-block-column-is-layout-flow\">\n<div class=\"wp-block-buttons is-horizontal is-content-justification-center is-layout-flex wp-container-core-buttons-is-layout-499968f5 wp-block-buttons-is-layout-flex\">\n<div class=\"wp-block-button is-style-fill\"><a class=\"wp-block-button__link has-black-color has-text-color has-background\" href=\"https:\/\/site.educa.madrid.org\/ies.malasana.mostoles\/\/wp-content\/uploads\/ies.malasana.mostoles\/2022\/06\/Anexo-I-ACCEDE.pdf\" style=\"background-color:#ffe089\" target=\"_blank\" rel=\"noreferrer noopener\">Anexo I<\/a><\/div>\n<\/div>\n<\/div>\n\n\n\n<div class=\"wp-block-column is-layout-flow wp-block-column-is-layout-flow\">\n<div class=\"wp-block-buttons is-horizontal is-content-justification-center is-layout-flex wp-container-core-buttons-is-layout-499968f5 wp-block-buttons-is-layout-flex\">\n<div class=\"wp-block-button is-style-fill\"><a class=\"wp-block-button__link has-black-color has-text-color has-background\" href=\"https:\/\/site.educa.madrid.org\/ies.malasana.mostoles\/\/wp-content\/uploads\/ies.malasana.mostoles\/2022\/06\/Anexo-IV-ACCEDE.pdf\" style=\"background-color:#ffe089\" target=\"_blank\" rel=\"noreferrer noopener\">Anexo IV<\/a><\/div>\n<\/div>\n<\/div>\n\n\n\n<div class=\"wp-block-column is-vertically-aligned-center is-layout-flow wp-block-column-is-layout-flow\">\n<div class=\"wp-block-buttons is-horizontal is-content-justification-center is-layout-flex wp-container-core-buttons-is-layout-499968f5 wp-block-buttons-is-layout-flex\">\n<div class=\"wp-block-button is-style-fill\"><a class=\"wp-block-button__link has-black-color has-text-color has-background\" href=\"https:\/\/www.bocm.es\/boletin\/CM_Orden_BOCM\/2018\/12\/14\/BOCM-20181214-18.PDF\" style=\"background-color:#ffe089\" target=\"_blank\" rel=\"noreferrer noopener\">Normativa<\/a><\/div>\n<\/div>\n<\/div>\n<\/div>\n\n\n\n<hr class=\"wp-block-separator\"\/>\n\n\n\n<h3 class=\"has-text-align-center has-cyan-bluish-gray-background-color has-background wp-block-heading\">\u00daltimas entradas de ACCEDE<\/h3>\n\n\n<ul class=\"wp-block-latest-posts__list is-grid columns-3 has-dates wp-block-latest-posts\"><li><a class=\"wp-block-latest-posts__post-title\" href=\"https:\/\/site.educa.madrid.org\/ies.malasana.mostoles\/index.php\/2025\/07\/02\/listados-provisionales-de-menciones-honorificas-y-diplomas-de-aprovechamiento\/\">Listados provisionales de Menciones honor\u00edficas y Diplomas de Aprovechamiento<\/a><time datetime=\"2025-07-02T09:59:01+02:00\" class=\"wp-block-latest-posts__post-date\">2 julio, 2025<\/time><div class=\"wp-block-latest-posts__post-excerpt\">Se publican los listados provisionales de Menciones Honor\u00edficas y Diplomas de Aprovechamiento:<\/div><\/li>\n<li><div class=\"wp-block-latest-posts__featured-image aligncenter\"><img loading=\"lazy\" decoding=\"async\" width=\"300\" height=\"162\" src=\"https:\/\/site.educa.madrid.org\/ies.malasana.mostoles\/\/wp-content\/uploads\/ies.malasana.mostoles\/2021\/08\/programa-accede-300x162.png\" class=\"attachment-medium size-medium wp-post-image\" alt=\"\" style=\"\" srcset=\"https:\/\/site.educa.madrid.org\/ies.malasana.mostoles\/\/wp-content\/uploads\/ies.malasana.mostoles\/2021\/08\/programa-accede-300x162.png 300w, https:\/\/site.educa.madrid.org\/ies.malasana.mostoles\/\/wp-content\/uploads\/ies.malasana.mostoles\/2021\/08\/programa-accede-768x416.png 768w, https:\/\/site.educa.madrid.org\/ies.malasana.mostoles\/\/wp-content\/uploads\/ies.malasana.mostoles\/2021\/08\/programa-accede.png 800w\" sizes=\"auto, (max-width: 300px) 100vw, 300px\" \/><\/div><a class=\"wp-block-latest-posts__post-title\" href=\"https:\/\/site.educa.madrid.org\/ies.malasana.mostoles\/index.php\/2024\/09\/10\/entrega-de-libros-accede-2024-25\/\">Entrega de libros ACCEDE 2024-25<\/a><time datetime=\"2024-09-10T13:11:31+02:00\" class=\"wp-block-latest-posts__post-date\">10 septiembre, 2024<\/time><div class=\"wp-block-latest-posts__post-excerpt\">Consulta a continuaci\u00f3n el calendario de entrega de libros ACCEDE:<\/div><\/li>\n<li><a class=\"wp-block-latest-posts__post-title\" href=\"https:\/\/site.educa.madrid.org\/ies.malasana.mostoles\/index.php\/2024\/09\/06\/entrega-de-libros-accede-informacion-preliminar\/\">ACCEDE 2024-25 &#8211; Informaci\u00f3n preliminar<\/a><time datetime=\"2024-09-06T13:22:45+02:00\" class=\"wp-block-latest-posts__post-date\">6 septiembre, 2024<\/time><div class=\"wp-block-latest-posts__post-excerpt\">Estimadas familias: Se entregar\u00e1n los libros de ACCEDE los siguientes d\u00edas: Los libros se entregar\u00e1n en horario lectivo. Publicaremos informaci\u00f3n m\u00e1s concreta en los pr\u00f3ximos d\u00edas.<\/div><\/li>\n<li><a class=\"wp-block-latest-posts__post-title\" href=\"https:\/\/site.educa.madrid.org\/ies.malasana.mostoles\/index.php\/2023\/09\/06\/accede-entrega-de-libros-inicio-de-curso\/\">ACCEDE &#8211; Entrega de libros inicio de curso<\/a><time datetime=\"2023-09-06T11:51:37+02:00\" class=\"wp-block-latest-posts__post-date\">6 septiembre, 2023<\/time><div class=\"wp-block-latest-posts__post-excerpt\">Estimados alumnos: A continuaci\u00f3n pod\u00e9is consultar los horarios para la entrega de libros del programa ACCEDE: Actualizaci\u00f3n (14\/09\/2023)<\/div><\/li>\n<li><div class=\"wp-block-latest-posts__featured-image aligncenter\"><img loading=\"lazy\" decoding=\"async\" width=\"300\" height=\"156\" src=\"https:\/\/site.educa.madrid.org\/ies.malasana.mostoles\/\/wp-content\/uploads\/ies.malasana.mostoles\/2023\/06\/Calendario-fin-de-curso-2023-300x156.png\" class=\"attachment-medium size-medium wp-post-image\" alt=\"Calendario fin de curso 2023\" style=\"\" srcset=\"https:\/\/site.educa.madrid.org\/ies.malasana.mostoles\/\/wp-content\/uploads\/ies.malasana.mostoles\/2023\/06\/Calendario-fin-de-curso-2023-300x156.png 300w, https:\/\/site.educa.madrid.org\/ies.malasana.mostoles\/\/wp-content\/uploads\/ies.malasana.mostoles\/2023\/06\/Calendario-fin-de-curso-2023-1024x533.png 1024w, https:\/\/site.educa.madrid.org\/ies.malasana.mostoles\/\/wp-content\/uploads\/ies.malasana.mostoles\/2023\/06\/Calendario-fin-de-curso-2023-768x400.png 768w, https:\/\/site.educa.madrid.org\/ies.malasana.mostoles\/\/wp-content\/uploads\/ies.malasana.mostoles\/2023\/06\/Calendario-fin-de-curso-2023.png 1173w\" sizes=\"auto, (max-width: 300px) 100vw, 300px\" \/><\/div><a class=\"wp-block-latest-posts__post-title\" href=\"https:\/\/site.educa.madrid.org\/ies.malasana.mostoles\/index.php\/2023\/06\/07\/calendario-fin-de-curso-2023\/\">Calendario fin de curso 2023<\/a><time datetime=\"2023-06-07T21:08:33+02:00\" class=\"wp-block-latest-posts__post-date\">7 junio, 2023<\/time><div class=\"wp-block-latest-posts__post-excerpt\">Estimadas familias: A continuaci\u00f3n pod\u00e9is consultar el calendario para este final de curso 2022-23. Tambi\u00e9n tienen informaci\u00f3n relativa al programa de pr\u00e9stamo de libros ACCEDE. Consulta el resto de informaci\u00f3n &#8230;<\/div><\/li>\n<\/ul>\n\n\n<hr class=\"wp-block-separator\"\/>\n\n\n\n<h3 class=\"has-text-align-center has-cyan-bluish-gray-background-color has-background wp-block-heading\">Alumnado beneficiario<\/h3>\n\n\n\n<p>Aquellos alumnos que deseen participar en el programa deber\u00e1n presentar su adhesi\u00f3n al Programa Accede, conforme al <a href=\"https:\/\/site.educa.madrid.org\/ies.malasana.mostoles\/\/wp-content\/uploads\/ies.malasana.mostoles\/2022\/06\/Anexo-I-ACCEDE.pdf\">Anexo I<\/a> del <a href=\"https:\/\/www.bocm.es\/boletin\/CM_Orden_BOCM\/2018\/12\/14\/BOCM-20181214-18.PDF\">Decreto 168\/2018<\/a>, de 11 de diciembre, en el centro educativo en el que est\u00e9n matriculados o hayan solicitado la plaza.<\/p>\n\n\n\n<p>Para poder adherirse al Programa Accede los alumnos deben entregar a la finalizaci\u00f3n del curso escolar, en el centro en el que han estado matriculados en el curso 2021\/2022, la totalidad de los libros de texto y el material curricular del curso anterior en perfecto estado de uso, con las excepciones previstas en el art\u00edculo 5.1 del <a href=\"https:\/\/www.bocm.es\/boletin\/CM_Orden_BOCM\/2018\/12\/14\/BOCM-20181214-18.PDF\">Decreto 168\/2018<\/a>, de 11 de diciembre. A aquellos alumnos que lo soliciten se les entregar\u00e1 un certificado indicando que han entregado la totalidad de los libros en estado adecuado para su reutilizaci\u00f3n.<\/p>\n\n\n\n<hr class=\"wp-block-separator is-style-default\"\/>\n\n\n\n<h2 class=\"has-text-align-center has-luminous-vivid-amber-background-color has-background wp-block-heading\">Recogida libros ACCEDE junio 2022<\/h2>\n\n\n\n<figure class=\"wp-block-table is-style-stripes\"><table><thead><tr><th class=\"has-text-align-center\" data-align=\"center\">D\u00eda<\/th><th class=\"has-text-align-center\" data-align=\"center\">Cursos y hora<\/th><\/tr><\/thead><tbody><tr><td class=\"has-text-align-center\" data-align=\"center\">Viernes 17 de junio<\/td><td class=\"has-text-align-center\" data-align=\"center\"><strong>4\u00ba ESO A<\/strong> (09:00), <strong>4\u00ba ESO B<\/strong> (09:45), <strong>4\u00ba ESO C<\/strong> (10:30), <strong>4\u00ba ESO D<\/strong> (11:15), <strong>4\u00ba ESO E<\/strong> (12:00), <strong>3\u00ba ESO A<\/strong> (12:45), <strong>3\u00ba ESO B<\/strong> (13:30).<\/td><\/tr><tr><td class=\"has-text-align-center\" data-align=\"center\">Lunes 20 de junio<\/td><td class=\"has-text-align-center\" data-align=\"center\"><strong>1\u00ba ESO A<\/strong> (09:00), <strong>1\u00ba ESO B<\/strong> (10:00), <strong>1\u00ba ESO C<\/strong> (11:00), <strong>1\u00ba ESO D<\/strong> (12:00), <strong>1\u00ba ESO E<\/strong> (13:00).<\/td><\/tr><tr><td class=\"has-text-align-center\" data-align=\"center\">Martes 21 de junio<\/td><td class=\"has-text-align-center\" data-align=\"center\"><strong>2\u00ba ESO A<\/strong> (09:00), <strong>2\u00ba ESO B<\/strong> (10:00), <strong>2\u00ba ESO C<\/strong> (11:00),<strong> 2\u00ba ESO D<\/strong> (12:00), <strong>2\u00ba ESO E<\/strong> (13:00).<\/td><\/tr><tr><td class=\"has-text-align-center\" data-align=\"center\">Mi\u00e9rcoles 22 de junio<\/td><td class=\"has-text-align-center\" data-align=\"center\"><strong>3\u00ba ESO C + PMAR<\/strong> (08:30), <strong>3\u00ba ESO D<\/strong> (09:30)<strong>. Incidencias<\/strong>: libros no entregados, etc.<\/td><\/tr><\/tbody><\/table><\/figure>\n","protected":false},"excerpt":{"rendered":"<p>El Programa ACCEDE es el sistema de pr\u00e9stamo de los libros de texto y el material curricular de la Comunidad de Madrid. Los alumnos que se matriculan por primera vez &#8230;<\/p>\n","protected":false},"author":5,"featured_media":1388,"parent":273,"menu_order":0,"comment_status":"closed","ping_status":"closed","template":"","meta":{"footnotes":""},"folder":[],"class_list":["post-491","page","type-page","status-publish","has-post-thumbnail","hentry"],"rttpg_featured_image_url":{"full":["https:\/\/site.educa.madrid.org\/ies.malasana.mostoles\/\/wp-content\/uploads\/ies.malasana.mostoles\/2021\/08\/programa-accede.png",800,433,false],"landscape":["https:\/\/site.educa.madrid.org\/ies.malasana.mostoles\/\/wp-content\/uploads\/ies.malasana.mostoles\/2021\/08\/programa-accede.png",800,433,false],"portraits":["https:\/\/site.educa.madrid.org\/ies.malasana.mostoles\/\/wp-content\/uploads\/ies.malasana.mostoles\/2021\/08\/programa-accede.png",800,433,false],"thumbnail":["https:\/\/site.educa.madrid.org\/ies.malasana.mostoles\/\/wp-content\/uploads\/ies.malasana.mostoles\/2021\/08\/programa-accede-150x150.png",150,150,true],"medium":["https:\/\/site.educa.madrid.org\/ies.malasana.mostoles\/\/wp-content\/uploads\/ies.malasana.mostoles\/2021\/08\/programa-accede-300x162.png",300,162,true],"large":["https:\/\/site.educa.madrid.org\/ies.malasana.mostoles\/\/wp-content\/uploads\/ies.malasana.mostoles\/2021\/08\/programa-accede.png",800,433,false],"thumblist":["https:\/\/site.educa.madrid.org\/ies.malasana.mostoles\/\/wp-content\/uploads\/ies.malasana.mostoles\/2021\/08\/programa-accede-300x300.png",300,300,true],"thumbrelated":["https:\/\/site.educa.madrid.org\/ies.malasana.mostoles\/\/wp-content\/uploads\/ies.malasana.mostoles\/2021\/08\/programa-accede.png",500,271,false],"meccarouselthumb":["https:\/\/site.educa.madrid.org\/ies.malasana.mostoles\/\/wp-content\/uploads\/ies.malasana.mostoles\/2021\/08\/programa-accede-474x324.png",474,324,true],"gridsquare":["https:\/\/site.educa.madrid.org\/ies.malasana.mostoles\/\/wp-content\/uploads\/ies.malasana.mostoles\/2021\/08\/programa-accede-391x260.png",391,260,true],"tileview":["https:\/\/site.educa.madrid.org\/ies.malasana.mostoles\/\/wp-content\/uploads\/ies.malasana.mostoles\/2021\/08\/programa-accede-300x400.png",300,400,true],"1536x1536":["https:\/\/site.educa.madrid.org\/ies.malasana.mostoles\/\/wp-content\/uploads\/ies.malasana.mostoles\/2021\/08\/programa-accede.png",800,433,false],"2048x2048":["https:\/\/site.educa.madrid.org\/ies.malasana.mostoles\/\/wp-content\/uploads\/ies.malasana.mostoles\/2021\/08\/programa-accede.png",800,433,false],"onepress-blog-small":["https:\/\/site.educa.madrid.org\/ies.malasana.mostoles\/\/wp-content\/uploads\/ies.malasana.mostoles\/2021\/08\/programa-accede-300x150.png",300,150,true],"onepress-small":["https:\/\/site.educa.madrid.org\/ies.malasana.mostoles\/\/wp-content\/uploads\/ies.malasana.mostoles\/2021\/08\/programa-accede-480x300.png",480,300,true],"onepress-medium":["https:\/\/site.educa.madrid.org\/ies.malasana.mostoles\/\/wp-content\/uploads\/ies.malasana.mostoles\/2021\/08\/programa-accede-640x400.png",640,400,true],"sow-carousel-default":["https:\/\/site.educa.madrid.org\/ies.malasana.mostoles\/\/wp-content\/uploads\/ies.malasana.mostoles\/2021\/08\/programa-accede-272x182.png",272,182,true],"sow-post-carousel-overlay-theme":["https:\/\/site.educa.madrid.org\/ies.malasana.mostoles\/\/wp-content\/uploads\/ies.malasana.mostoles\/2021\/08\/programa-accede.png",360,195,false],"sow-post-carousel-cards-theme":["https:\/\/site.educa.madrid.org\/ies.malasana.mostoles\/\/wp-content\/uploads\/ies.malasana.mostoles\/2021\/08\/programa-accede.png",360,195,false],"rt_custom":["https:\/\/site.educa.madrid.org\/ies.malasana.mostoles\/\/wp-content\/uploads\/ies.malasana.mostoles\/2021\/08\/programa-accede.png",800,433,false]},"rttpg_author":{"display_name":"M\u00f3nica Mar\u00edn","author_link":"https:\/\/site.educa.madrid.org\/ies.malasana.mostoles\/index.php\/author\/mnica_marn\/"},"rttpg_comment":0,"rttpg_category":false,"rttpg_excerpt":"El Programa ACCEDE es el sistema de pr\u00e9stamo de los libros de texto y el material curricular de la Comunidad de Madrid. Los alumnos que se matriculan por primera vez ...","post_mailing_queue_ids":[],"_links":{"self":[{"href":"https:\/\/site.educa.madrid.org\/ies.malasana.mostoles\/index.php\/wp-json\/wp\/v2\/pages\/491","targetHints":{"allow":["GET"]}}],"collection":[{"href":"https:\/\/site.educa.madrid.org\/ies.malasana.mostoles\/index.php\/wp-json\/wp\/v2\/pages"}],"about":[{"href":"https:\/\/site.educa.madrid.org\/ies.malasana.mostoles\/index.php\/wp-json\/wp\/v2\/types\/page"}],"author":[{"embeddable":true,"href":"https:\/\/site.educa.madrid.org\/ies.malasana.mostoles\/index.php\/wp-json\/wp\/v2\/users\/5"}],"replies":[{"embeddable":true,"href":"https:\/\/site.educa.madrid.org\/ies.malasana.mostoles\/index.php\/wp-json\/wp\/v2\/comments?post=491"}],"version-history":[{"count":46,"href":"https:\/\/site.educa.madrid.org\/ies.malasana.mostoles\/index.php\/wp-json\/wp\/v2\/pages\/491\/revisions"}],"predecessor-version":[{"id":3339,"href":"https:\/\/site.educa.madrid.org\/ies.malasana.mostoles\/index.php\/wp-json\/wp\/v2\/pages\/491\/revisions\/3339"}],"up":[{"embeddable":true,"href":"https:\/\/site.educa.madrid.org\/ies.malasana.mostoles\/index.php\/wp-json\/wp\/v2\/pages\/273"}],"wp:featuredmedia":[{"embeddable":true,"href":"https:\/\/site.educa.madrid.org\/ies.malasana.mostoles\/index.php\/wp-json\/wp\/v2\/media\/1388"}],"wp:attachment":[{"href":"https:\/\/site.educa.madrid.org\/ies.malasana.mostoles\/index.php\/wp-json\/wp\/v2\/media?parent=491"}],"wp:term":[{"taxonomy":"folder","embeddable":true,"href":"https:\/\/site.educa.madrid.org\/ies.malasana.mostoles\/index.php\/wp-json\/wp\/v2\/folder?post=491"}],"curies":[{"name":"wp","href":"https:\/\/api.w.org\/{rel}","templated":true}]}}