{"id":505,"date":"2021-02-16T11:34:58","date_gmt":"2021-02-16T11:34:58","guid":{"rendered":"https:\/\/site.educa.madrid.org\/ies.malasana.mostoles\/?page_id=505"},"modified":"2022-04-06T19:36:23","modified_gmt":"2022-04-06T17:36:23","slug":"impresos","status":"publish","type":"page","link":"https:\/\/site.educa.madrid.org\/ies.malasana.mostoles\/index.php\/secretaria\/impresos\/","title":{"rendered":"Impresos"},"content":{"rendered":"<ul>\n<li><span style=\"color: #0000ff;\"><a style=\"color: #0000ff;\" href=\"https:\/\/site.educa.madrid.org\/ies.malasana.mostoles\/\/wp-content\/uploads\/ies.malasana.mostoles\/2021\/02\/instancia_general-3.pdf\">Instancia general<\/a><\/span><\/li>\n<\/ul>\n\n\n<ul class=\"wp-block-list\"><li><span class=\"has-inline-color has-black-color\"><strong>ACCEDE<\/strong> : Adhesi\u00f3n (<\/span><a href=\"https:\/\/site.educa.madrid.org\/ies.malasana.mostoles\/\/wp-content\/uploads\/ies.malasana.mostoles\/2021\/02\/Anexo_I_Adhesion_alumno_Programa_Accede.pdf\">anexo I<\/a><span class=\"has-inline-color has-black-color\">), Renuncia<\/span> <span class=\"has-inline-color has-black-color\">(<\/span><a href=\"https:\/\/site.educa.madrid.org\/ies.malasana.mostoles\/\/wp-content\/uploads\/ies.malasana.mostoles\/2021\/02\/Anexo_IV_Renuncia.pdf\">anexo IV<\/a>),<span class=\"has-inline-color has-black-color\"> Entrega\/Devoluci\u00f3n libros<\/span> <span class=\"has-inline-color has-black-color\">(<\/span><a href=\"https:\/\/site.educa.madrid.org\/ies.malasana.mostoles\/\/wp-content\/uploads\/ies.malasana.mostoles\/2021\/02\/Anexo_V_Entrega_de_libros.pdf\">Anexo V<\/a><span class=\"has-inline-color has-black-color\">).<\/span><\/li><\/ul>\n\n\n\n<p><span class=\"has-inline-color has-black-color\">Los alumnos que se matriculan por primera vez en 1\u00ba de ESO y aquellos alumnos de 1\u00ba a 3\u00ba que no estaban adheridos pero desean pertenecer al programa, deber\u00e1n adherirse entregando el <strong>Anexo I<\/strong> en Secretar\u00eda (si no lo han hecho ya en el proceso de admisi\u00f3n) y pagando una garant\u00eda de 30\u20ac.<\/span><\/p>\n\n\n\n<p><span class=\"has-inline-color has-black-color\">Los alumnos de 4\u00ba de ESO pagar\u00e1n <strong>30\u20ac<\/strong> si ya est\u00e1n adheridos o <strong>60\u20ac<\/strong> si se adhieren por primera vez.<\/span><\/p>\n\n\n\n<p class=\"has-text-align-left\"><span class=\"has-inline-color has-black-color\">N\u00ba de cuenta del IES Manuela Malasa\u00f1a: <strong>ES47 2100 3161 3813 0020 6784<\/strong><\/span> <span class=\"has-inline-color has-black-color\">No olviden poner en Concepto: \u201cAccede-nombre y curso del alumno\u201d<\/span>.<\/p>\n\n\n\n<p><strong><span class=\"has-inline-color has-black-color\">RECUERDEN: La garant\u00eda solo se paga una vez, al adherirse al programa y se devuelve cuando salen del mismo, ya sea porque finaliza 4\u00ba de ESO o se va del Centro.<\/span><\/strong><\/p>\n\n\n\n<p><span class=\"has-inline-color has-black-color\">Responsable del Programa ACCEDE: Carmen M. San Clemente.<\/span> <a href=\"mailto:carmen.san@educa.madrid.org\">carmen.san@educa.madrid.org<\/a> <\/p>\n","protected":false},"excerpt":{"rendered":"<p>Instancia general ACCEDE : Adhesi\u00f3n (anexo I), Renuncia (anexo IV), Entrega\/Devoluci\u00f3n libros (Anexo V). Los alumnos que se matriculan por primera vez en 1\u00ba de ESO y aquellos alumnos de &#8230;<\/p>\n","protected":false},"author":5,"featured_media":0,"parent":273,"menu_order":0,"comment_status":"closed","ping_status":"closed","template":"","meta":{"footnotes":""},"folder":[],"class_list":["post-505","page","type-page","status-publish","hentry"],"rttpg_featured_image_url":null,"rttpg_author":{"display_name":"M\u00f3nica Mar\u00edn","author_link":"https:\/\/site.educa.madrid.org\/ies.malasana.mostoles\/index.php\/author\/mnica_marn\/"},"rttpg_comment":0,"rttpg_category":false,"rttpg_excerpt":"Instancia general ACCEDE : Adhesi\u00f3n (anexo I), Renuncia (anexo IV), Entrega\/Devoluci\u00f3n libros (Anexo V). Los alumnos que se matriculan por primera vez en 1\u00ba de ESO y aquellos alumnos de ...","post_mailing_queue_ids":[],"_links":{"self":[{"href":"https:\/\/site.educa.madrid.org\/ies.malasana.mostoles\/index.php\/wp-json\/wp\/v2\/pages\/505","targetHints":{"allow":["GET"]}}],"collection":[{"href":"https:\/\/site.educa.madrid.org\/ies.malasana.mostoles\/index.php\/wp-json\/wp\/v2\/pages"}],"about":[{"href":"https:\/\/site.educa.madrid.org\/ies.malasana.mostoles\/index.php\/wp-json\/wp\/v2\/types\/page"}],"author":[{"embeddable":true,"href":"https:\/\/site.educa.madrid.org\/ies.malasana.mostoles\/index.php\/wp-json\/wp\/v2\/users\/5"}],"replies":[{"embeddable":true,"href":"https:\/\/site.educa.madrid.org\/ies.malasana.mostoles\/index.php\/wp-json\/wp\/v2\/comments?post=505"}],"version-history":[{"count":22,"href":"https:\/\/site.educa.madrid.org\/ies.malasana.mostoles\/index.php\/wp-json\/wp\/v2\/pages\/505\/revisions"}],"predecessor-version":[{"id":2577,"href":"https:\/\/site.educa.madrid.org\/ies.malasana.mostoles\/index.php\/wp-json\/wp\/v2\/pages\/505\/revisions\/2577"}],"up":[{"embeddable":true,"href":"https:\/\/site.educa.madrid.org\/ies.malasana.mostoles\/index.php\/wp-json\/wp\/v2\/pages\/273"}],"wp:attachment":[{"href":"https:\/\/site.educa.madrid.org\/ies.malasana.mostoles\/index.php\/wp-json\/wp\/v2\/media?parent=505"}],"wp:term":[{"taxonomy":"folder","embeddable":true,"href":"https:\/\/site.educa.madrid.org\/ies.malasana.mostoles\/index.php\/wp-json\/wp\/v2\/folder?post=505"}],"curies":[{"name":"wp","href":"https:\/\/api.w.org\/{rel}","templated":true}]}}