{"id":5068,"date":"2025-11-17T10:52:24","date_gmt":"2025-11-17T09:52:24","guid":{"rendered":"https:\/\/site.educa.madrid.org\/ies.malasana.mostoles\/?page_id=5068"},"modified":"2025-11-17T10:52:39","modified_gmt":"2025-11-17T09:52:39","slug":"programacion-ef","status":"publish","type":"page","link":"https:\/\/site.educa.madrid.org\/ies.malasana.mostoles\/index.php\/programacion-ef\/","title":{"rendered":"Programaci\u00f3n EF"},"content":{"rendered":"<p>Pod\u00e9is encontrar un resumen de la programaci\u00f3n de Educaci\u00f3n F\u00edsica haciendo clic en el siguiente enlace:<\/p>\n<p><a href=\"https:\/\/site.educa.madrid.org\/ies.malasana.mostoles\/\/wp-content\/uploads\/ies.malasana.mostoles\/2025\/11\/Criterios-de-calificacion-y-contenidos-EF-para-WEB.pdf\">Criterios de calificaci\u00f3n y contenidos EF para WEB<\/a><\/p>\n","protected":false},"excerpt":{"rendered":"<p>Pod\u00e9is encontrar un resumen de la programaci\u00f3n de Educaci\u00f3n F\u00edsica haciendo clic en el siguiente enlace: Criterios de calificaci\u00f3n y contenidos EF para WEB<\/p>\n","protected":false},"author":2,"featured_media":0,"parent":0,"menu_order":0,"comment_status":"closed","ping_status":"closed","template":"","meta":{"footnotes":""},"folder":[],"class_list":["post-5068","page","type-page","status-publish","hentry"],"rttpg_featured_image_url":null,"rttpg_author":{"display_name":"Coordinador TIC del IES Manuela Malasa\u00f1a","author_link":"https:\/\/site.educa.madrid.org\/ies.malasana.mostoles\/index.php\/author\/cuenta_tic-ies-malasana-mostoles\/"},"rttpg_comment":0,"rttpg_category":false,"rttpg_excerpt":"Pod\u00e9is encontrar un resumen de la programaci\u00f3n de Educaci\u00f3n F\u00edsica haciendo clic en el siguiente enlace: Criterios de calificaci\u00f3n y contenidos EF para WEB","post_mailing_queue_ids":[],"_links":{"self":[{"href":"https:\/\/site.educa.madrid.org\/ies.malasana.mostoles\/index.php\/wp-json\/wp\/v2\/pages\/5068","targetHints":{"allow":["GET"]}}],"collection":[{"href":"https:\/\/site.educa.madrid.org\/ies.malasana.mostoles\/index.php\/wp-json\/wp\/v2\/pages"}],"about":[{"href":"https:\/\/site.educa.madrid.org\/ies.malasana.mostoles\/index.php\/wp-json\/wp\/v2\/types\/page"}],"author":[{"embeddable":true,"href":"https:\/\/site.educa.madrid.org\/ies.malasana.mostoles\/index.php\/wp-json\/wp\/v2\/users\/2"}],"replies":[{"embeddable":true,"href":"https:\/\/site.educa.madrid.org\/ies.malasana.mostoles\/index.php\/wp-json\/wp\/v2\/comments?post=5068"}],"version-history":[{"count":1,"href":"https:\/\/site.educa.madrid.org\/ies.malasana.mostoles\/index.php\/wp-json\/wp\/v2\/pages\/5068\/revisions"}],"predecessor-version":[{"id":5070,"href":"https:\/\/site.educa.madrid.org\/ies.malasana.mostoles\/index.php\/wp-json\/wp\/v2\/pages\/5068\/revisions\/5070"}],"wp:attachment":[{"href":"https:\/\/site.educa.madrid.org\/ies.malasana.mostoles\/index.php\/wp-json\/wp\/v2\/media?parent=5068"}],"wp:term":[{"taxonomy":"folder","embeddable":true,"href":"https:\/\/site.educa.madrid.org\/ies.malasana.mostoles\/index.php\/wp-json\/wp\/v2\/folder?post=5068"}],"curies":[{"name":"wp","href":"https:\/\/api.w.org\/{rel}","templated":true}]}}