{"id":5176,"date":"2026-01-26T11:05:52","date_gmt":"2026-01-26T10:05:52","guid":{"rendered":"https:\/\/site.educa.madrid.org\/ies.malasana.mostoles\/?page_id=5176"},"modified":"2026-01-26T11:05:52","modified_gmt":"2026-01-26T10:05:52","slug":"criterios-calificacion-bio","status":"publish","type":"page","link":"https:\/\/site.educa.madrid.org\/ies.malasana.mostoles\/index.php\/criterios-calificacion-bio\/","title":{"rendered":"Criterios calificaci\u00f3n BIO"},"content":{"rendered":"<p>Toda la informaci\u00f3n sobre los criterios de calificaci\u00f3n, tanto de Educaci\u00f3n Secundaria Obligatoria como Bachillerato del Departamento de Biolog\u00eda y Geolog\u00eda lo pod\u00e9is encontrar en el siguiente enlace.<\/p>\n<p><a href=\"https:\/\/site.educa.madrid.org\/ies.malasana.mostoles\/\/wp-content\/uploads\/ies.malasana.mostoles\/2026\/01\/Criterios-calificacion-Bio.pdf\">Criterios calificaci\u00f3n Bio<\/a><\/p>\n","protected":false},"excerpt":{"rendered":"<p>Toda la informaci\u00f3n sobre los criterios de calificaci\u00f3n, tanto de Educaci\u00f3n Secundaria Obligatoria como Bachillerato del Departamento de Biolog\u00eda y Geolog\u00eda lo pod\u00e9is encontrar en el siguiente enlace. Criterios calificaci\u00f3n &#8230;<\/p>\n","protected":false},"author":2,"featured_media":0,"parent":0,"menu_order":0,"comment_status":"closed","ping_status":"closed","template":"","meta":{"footnotes":""},"folder":[],"class_list":["post-5176","page","type-page","status-publish","hentry"],"rttpg_featured_image_url":null,"rttpg_author":{"display_name":"Coordinador TIC del IES Manuela Malasa\u00f1a","author_link":"https:\/\/site.educa.madrid.org\/ies.malasana.mostoles\/index.php\/author\/cuenta_tic-ies-malasana-mostoles\/"},"rttpg_comment":0,"rttpg_category":false,"rttpg_excerpt":"Toda la informaci\u00f3n sobre los criterios de calificaci\u00f3n, tanto de Educaci\u00f3n Secundaria Obligatoria como Bachillerato del Departamento de Biolog\u00eda y Geolog\u00eda lo pod\u00e9is encontrar en el siguiente enlace. Criterios calificaci\u00f3n ...","post_mailing_queue_ids":[],"_links":{"self":[{"href":"https:\/\/site.educa.madrid.org\/ies.malasana.mostoles\/index.php\/wp-json\/wp\/v2\/pages\/5176","targetHints":{"allow":["GET"]}}],"collection":[{"href":"https:\/\/site.educa.madrid.org\/ies.malasana.mostoles\/index.php\/wp-json\/wp\/v2\/pages"}],"about":[{"href":"https:\/\/site.educa.madrid.org\/ies.malasana.mostoles\/index.php\/wp-json\/wp\/v2\/types\/page"}],"author":[{"embeddable":true,"href":"https:\/\/site.educa.madrid.org\/ies.malasana.mostoles\/index.php\/wp-json\/wp\/v2\/users\/2"}],"replies":[{"embeddable":true,"href":"https:\/\/site.educa.madrid.org\/ies.malasana.mostoles\/index.php\/wp-json\/wp\/v2\/comments?post=5176"}],"version-history":[{"count":1,"href":"https:\/\/site.educa.madrid.org\/ies.malasana.mostoles\/index.php\/wp-json\/wp\/v2\/pages\/5176\/revisions"}],"predecessor-version":[{"id":5178,"href":"https:\/\/site.educa.madrid.org\/ies.malasana.mostoles\/index.php\/wp-json\/wp\/v2\/pages\/5176\/revisions\/5178"}],"wp:attachment":[{"href":"https:\/\/site.educa.madrid.org\/ies.malasana.mostoles\/index.php\/wp-json\/wp\/v2\/media?parent=5176"}],"wp:term":[{"taxonomy":"folder","embeddable":true,"href":"https:\/\/site.educa.madrid.org\/ies.malasana.mostoles\/index.php\/wp-json\/wp\/v2\/folder?post=5176"}],"curies":[{"name":"wp","href":"https:\/\/api.w.org\/{rel}","templated":true}]}}