{"id":567,"date":"2021-02-19T16:18:07","date_gmt":"2021-02-19T15:18:07","guid":{"rendered":"https:\/\/site.educa.madrid.org\/ies.malasana.mostoles\/?page_id=567"},"modified":"2024-06-13T10:19:32","modified_gmt":"2024-06-13T08:19:32","slug":"instalaciones","status":"publish","type":"page","link":"https:\/\/site.educa.madrid.org\/ies.malasana.mostoles\/index.php\/nuestro-centro\/instalaciones\/","title":{"rendered":"Nuestras instalaciones"},"content":{"rendered":"\t\t\t<!-- Flexy Breadcrumb -->\n\t\t\t<div class=\"fbc fbc-page\">\n\n\t\t\t\t<!-- Breadcrumb wrapper -->\n\t\t\t\t<div class=\"fbc-wrap\">\n\n\t\t\t\t\t<!-- Ordered list-->\n\t\t\t\t\t<ol class=\"fbc-items\" itemscope itemtype=\"https:\/\/schema.org\/BreadcrumbList\">\n\t\t\t\t\t\t            <li itemprop=\"itemListElement\" itemscope itemtype=\"https:\/\/schema.org\/ListItem\">\n                <span itemprop=\"name\">\n                    <!-- Home Link -->\n                    <a itemprop=\"item\" href=\"https:\/\/site.educa.madrid.org\/ies.malasana.mostoles\">\n                    \n                                                    <i class=\"fa fa fa-home\" aria-hidden=\"true\"><\/i>                    <\/a>\n                <\/span>\n                <meta itemprop=\"position\" content=\"1\" \/><!-- Meta Position-->\n             <\/li><li><span class=\"fbc-separator\">><\/span><\/li><li class=\"active\" itemprop=\"itemListElement\" itemscope itemtype=\"https:\/\/schema.org\/ListItem\"><span itemprop=\"name\" title=\"Tabl\u00f3n de anuncios\">Tabl\u00f3n de anuncios<\/span><meta itemprop=\"position\" content=\"2\" \/><\/li>\t\t\t\t\t<\/ol>\n\t\t\t\t\t<div class=\"clearfix\"><\/div>\n\t\t\t\t<\/div>\n\t\t\t<\/div>\n\t\t\t\n\n\n\n<p>El <strong><a href=\"https:\/\/urldefense.com\/v3\/__https:\/\/docs.google.com\/forms\/d\/e\/1FAIpQLSd1bds14y0HHiOeBpilyiPtuXiQsEKI0PXKt0VZ45OL86VA2A\/formResponse__;!!D9dNQwwGXtA!VbFGe4rTZq-JXGzmn0vdOD96hggOMU8gr7sZ_UM-Epa89lr-qhxmdVqAHU6ZKAPDqZqjowq-b1hwRCc0MwJwGZH2qB-Bc7JMdZAcIZtFoSX8$\">IES Manuela Malasa\u00f1a<\/a><\/strong> dispone de diferentes espacios y aulas para el desarrollo de las actividades docentes de forma convencional. Tambi\u00e9n dedicamos gran parte de nuestro capacidad a espacios especializados para el desarrollo de diferentes \u00e1reas o asignaturas y dotados con materiales y recursos necesarios para el desarrollo curricular de las mismas.<\/p>\n\n\n\n<p>El Instituto consta de tres edificios con una superficie cercana a los 6000 m2, de los que 553 m2 lo son de jardines, pistas deportivas y patios de recreo. Est\u00e1 dividido en <strong>3 edificios<\/strong>: Principal, Ram\u00f3n y Cajal, y ACE.<\/p>\n\n\n<div class=\"wp-block-image\">\n<figure class=\"aligncenter size-large\"><img loading=\"lazy\" decoding=\"async\" width=\"394\" height=\"317\" src=\"https:\/\/site.educa.madrid.org\/ies.malasana.mostoles\/\/wp-content\/uploads\/ies.malasana.mostoles\/2022\/02\/image-1.png\" alt=\"\" class=\"wp-image-2241\" srcset=\"https:\/\/site.educa.madrid.org\/ies.malasana.mostoles\/\/wp-content\/uploads\/ies.malasana.mostoles\/2022\/02\/image-1.png 394w, https:\/\/site.educa.madrid.org\/ies.malasana.mostoles\/\/wp-content\/uploads\/ies.malasana.mostoles\/2022\/02\/image-1-300x241.png 300w\" sizes=\"auto, (max-width: 394px) 100vw, 394px\" \/><\/figure>\n<\/div>\n\n\n<hr class=\"wp-block-separator has-css-opacity\"\/>\n\n\n\n<h2 class=\"wp-block-heading has-black-color has-text-color has-background\" style=\"background:linear-gradient(270deg,rgb(238,238,238) 0%,rgb(169,184,195) 100%)\"><strong>Edificio principal<\/strong><\/h2>\n\n\n\n<p>El edificio principal est\u00e1 reservado a los alumnos de 1\u00ba y 2\u00ba de ESO, y 1\u00ba de Bachillerato. En sus tres plantas, se encuentran diversas dependencias como:<\/p>\n\n\n\n<ul class=\"wp-block-list\">\n<li>21 aulas did\u00e1cticas.<\/li>\n\n\n\n<li>1 aula de Inform\u00e1tica dotada con 30 nuevos equipos &#8211; septiembre 2021).<\/li>\n\n\n\n<li>1 aula de M\u00fasica.<\/li>\n\n\n\n<li>1 aula de Dibujo.<\/li>\n\n\n\n<li>La biblioteca y sala de lectura \u00abPedro Puyol\u00bb.<\/li>\n\n\n\n<li>Los laboratorios de F\u00edsica y Qu\u00edmica,<\/li>\n\n\n\n<li>Los laboratorios de Biolog\u00eda y Geolog\u00eda.<\/li>\n\n\n\n<li>La cafeter\u00eda del centro,<\/li>\n\n\n\n<li>Instalaciones deportivas y de ocio: 1 gimnasio, patio central y pistas deportivas (de f\u00fatbol, de baloncesto y de voleibol)<\/li>\n\n\n\n<li>El \u00e1rea administrativa, con los despachos de Direcci\u00f3n y Jefatura de Estudios, la Secretar\u00eda del centro, la sala de profesores o el despacho de la Asociaci\u00f3n de Madres y Padres (AMPA).<\/li>\n<\/ul>\n\n\n\n<h2 class=\"wp-block-heading has-background\" style=\"background:linear-gradient(270deg,rgb(238,238,238) 0%,rgb(169,184,195) 100%)\"><strong>Edificio Ram\u00f3n y Cajal<\/strong><\/h2>\n\n\n\n<p>El edificio \u00abRam\u00f3n y Cajal\u00bb (entrada por C\/ Alfonso XII) acoge a los alumnos de 3\u00ba, 4\u00ba de ESO y 2\u00ba de Bachillerato. Consta de tres plantas en las que se localizan diversas instalaciones:<\/p>\n\n\n\n<ul class=\"wp-block-list\">\n<li>14 aulas did\u00e1cticas.<\/li>\n\n\n\n<li>1 aula de Inform\u00e1tica (dotada con 30 nuevos equipos &#8211; septiembre 2021).<\/li>\n\n\n\n<li>La sala de lectura \u00abSantiago Ram\u00f3n y Cajal\u00bb.<\/li>\n\n\n\n<li>2 talleres de Tecnolog\u00eda.<\/li>\n\n\n\n<li>1 laboratorio de Ciencias Naturales.<\/li>\n\n\n\n<li>1 aula de Educaci\u00f3n Pl\u00e1stica.<\/li>\n\n\n\n<li>Diversas instalaciones deportivas y de ocio: un patio-arenero, 2 pistas deportivas y 1 Pabell\u00f3n polideportivo (de propiedad municipal y uso compartido con el CEIP Juli\u00e1n Besteiro),<\/li>\n\n\n\n<li>1 sala de profesores.<\/li>\n<\/ul>\n\n\n\n<h2 class=\"wp-block-heading has-black-color has-text-color has-background\" style=\"background:linear-gradient(270deg,rgb(238,238,238) 0%,rgb(169,184,195) 100%)\"><strong>ACE<\/strong><\/h2>\n\n\n\n<ul class=\"wp-block-list\">\n<li>Taller de Cocina<\/li>\n\n\n\n<li>Taller de Electricidad<\/li>\n\n\n\n<li>Sala de Inform\u00e1tica<\/li>\n\n\n\n<li>Sala de Profesores<\/li>\n\n\n\n<li>Despacho de Jefatura de Estudios adjunta<\/li>\n\n\n\n<li>Patio<\/li>\n<\/ul>\n\n\n\n<hr class=\"wp-block-separator has-css-opacity\"\/>\n\n\n\n<div class=\"wp-block-group\"><div class=\"wp-block-group__inner-container is-layout-flow wp-block-group-is-layout-flow\">\n<div class=\"wp-block-buttons is-horizontal is-content-justification-center is-layout-flex wp-container-core-buttons-is-layout-499968f5 wp-block-buttons-is-layout-flex\">\n<div class=\"wp-block-button is-style-outline is-style-outline--1\"><a class=\"wp-block-button__link wp-element-button\" href=\"https:\/\/site.educa.madrid.org\/ies.malasana.mostoles\/index.php\/servicios-y-actividades\/nuestras-instalaciones\/pistas-deportivas-y-arenero\/\" style=\"border-top-left-radius:40px;border-top-right-radius:20px;border-bottom-left-radius:20px;border-bottom-right-radius:40px\">Pistas deportivas<\/a><\/div>\n\n\n\n<div class=\"wp-block-button is-style-outline is-style-outline--2\"><a class=\"wp-block-button__link wp-element-button\" href=\"https:\/\/site.educa.madrid.org\/ies.malasana.mostoles\/index.php\/servicios-y-actividades\/nuestras-instalaciones\/gimnasios\/\" style=\"border-top-left-radius:40px;border-top-right-radius:20px;border-bottom-left-radius:20px;border-bottom-right-radius:40px\">Gimnasio<\/a><\/div>\n<\/div>\n<\/div><\/div>\n","protected":false},"excerpt":{"rendered":"<p>El IES Manuela Malasa\u00f1a dispone de diferentes espacios y aulas para el desarrollo de las actividades docentes de forma convencional. Tambi\u00e9n dedicamos gran parte de nuestro capacidad a espacios especializados &#8230;<\/p>\n","protected":false},"author":5,"featured_media":0,"parent":1074,"menu_order":0,"comment_status":"closed","ping_status":"closed","template":"template-fullwidth.php","meta":{"footnotes":""},"folder":[],"class_list":["post-567","page","type-page","status-publish","hentry"],"rttpg_featured_image_url":null,"rttpg_author":{"display_name":"M\u00f3nica Mar\u00edn","author_link":"https:\/\/site.educa.madrid.org\/ies.malasana.mostoles\/index.php\/author\/mnica_marn\/"},"rttpg_comment":0,"rttpg_category":false,"rttpg_excerpt":"El IES Manuela Malasa\u00f1a dispone de diferentes espacios y aulas para el desarrollo de las actividades docentes de forma convencional. Tambi\u00e9n dedicamos gran parte de nuestro capacidad a espacios especializados ...","post_mailing_queue_ids":[],"_links":{"self":[{"href":"https:\/\/site.educa.madrid.org\/ies.malasana.mostoles\/index.php\/wp-json\/wp\/v2\/pages\/567","targetHints":{"allow":["GET"]}}],"collection":[{"href":"https:\/\/site.educa.madrid.org\/ies.malasana.mostoles\/index.php\/wp-json\/wp\/v2\/pages"}],"about":[{"href":"https:\/\/site.educa.madrid.org\/ies.malasana.mostoles\/index.php\/wp-json\/wp\/v2\/types\/page"}],"author":[{"embeddable":true,"href":"https:\/\/site.educa.madrid.org\/ies.malasana.mostoles\/index.php\/wp-json\/wp\/v2\/users\/5"}],"replies":[{"embeddable":true,"href":"https:\/\/site.educa.madrid.org\/ies.malasana.mostoles\/index.php\/wp-json\/wp\/v2\/comments?post=567"}],"version-history":[{"count":23,"href":"https:\/\/site.educa.madrid.org\/ies.malasana.mostoles\/index.php\/wp-json\/wp\/v2\/pages\/567\/revisions"}],"predecessor-version":[{"id":4217,"href":"https:\/\/site.educa.madrid.org\/ies.malasana.mostoles\/index.php\/wp-json\/wp\/v2\/pages\/567\/revisions\/4217"}],"up":[{"embeddable":true,"href":"https:\/\/site.educa.madrid.org\/ies.malasana.mostoles\/index.php\/wp-json\/wp\/v2\/pages\/1074"}],"wp:attachment":[{"href":"https:\/\/site.educa.madrid.org\/ies.malasana.mostoles\/index.php\/wp-json\/wp\/v2\/media?parent=567"}],"wp:term":[{"taxonomy":"folder","embeddable":true,"href":"https:\/\/site.educa.madrid.org\/ies.malasana.mostoles\/index.php\/wp-json\/wp\/v2\/folder?post=567"}],"curies":[{"name":"wp","href":"https:\/\/api.w.org\/{rel}","templated":true}]}}