{"id":945,"date":"2021-03-09T21:38:46","date_gmt":"2021-03-09T21:38:46","guid":{"rendered":"https:\/\/site.educa.madrid.org\/ies.malasana.mostoles\/?page_id=945"},"modified":"2023-07-06T09:02:53","modified_gmt":"2023-07-06T07:02:53","slug":"ampliacion-competencias-lengua-extranjera-ingles","status":"publish","type":"page","link":"https:\/\/site.educa.madrid.org\/ies.malasana.mostoles\/index.php\/ensenanzas\/planes-y-proyectos\/ampliacion-competencias-lengua-extranjera-ingles\/","title":{"rendered":"Ampliaci\u00f3n Lenguas Extranjeras"},"content":{"rendered":"\t\t\t<!-- Flexy Breadcrumb -->\n\t\t\t<div class=\"fbc fbc-page\">\n\n\t\t\t\t<!-- Breadcrumb wrapper -->\n\t\t\t\t<div class=\"fbc-wrap\">\n\n\t\t\t\t\t<!-- Ordered list-->\n\t\t\t\t\t<ol class=\"fbc-items\" itemscope itemtype=\"https:\/\/schema.org\/BreadcrumbList\">\n\t\t\t\t\t\t            <li itemprop=\"itemListElement\" itemscope itemtype=\"https:\/\/schema.org\/ListItem\">\n                <span itemprop=\"name\">\n                    <!-- Home Link -->\n                    <a itemprop=\"item\" href=\"https:\/\/site.educa.madrid.org\/ies.malasana.mostoles\">\n                    \n                                                    <i class=\"fa fa fa-home\" aria-hidden=\"true\"><\/i>                    <\/a>\n                <\/span>\n                <meta itemprop=\"position\" content=\"1\" \/><!-- Meta Position-->\n             <\/li><li><span class=\"fbc-separator\">><\/span><\/li><li class=\"active\" itemprop=\"itemListElement\" itemscope itemtype=\"https:\/\/schema.org\/ListItem\"><span itemprop=\"name\" title=\"Tabl\u00f3n de anuncios\">Tabl\u00f3n de anuncios<\/span><meta itemprop=\"position\" content=\"2\" \/><\/li>\t\t\t\t\t<\/ol>\n\t\t\t\t\t<div class=\"clearfix\"><\/div>\n\t\t\t\t<\/div>\n\t\t\t<\/div>\n\t\t\t\n\n\n\n<p><mark style=\"background-color:rgba(0, 0, 0, 0)\" class=\"has-inline-color has-very-dark-gray-color\">La mejora y ampliaci\u00f3n de <strong>aprendizaje de lenguas extranjeras<\/strong> es un elemento importante, sin duda, de las necesidades e intereses de los alumnos de nuestro centro. Con el objeto de atender a esta demanda y adecuar as\u00ed, su pr\u00e1ctica docente a la realidad de su Comunidad Educativa, el Claustro del IES Manuela Malasa\u00f1a ha aprobado dos proyectos: <\/mark><\/p>\n\n\n\n<ol class=\"has-black-color has-text-color wp-block-list\">\n<li><mark style=\"background-color:rgba(0, 0, 0, 0)\" class=\"has-inline-color has-very-dark-gray-color\"><strong>Plan de ampliaci\u00f3n de las competencias en lengua inglesa,<\/strong>\u00a0obligatorio para todos los alumnos que cursan 1\u00ba, 2\u00ba, o 3\u00ba de ESO en el Instituto<\/mark>, adem\u00e1s de los alumnos de 2\u00ba de Bachillerato.<\/li>\n\n\n\n<li><strong>Estudios biling\u00fces espa\u00f1ol-franc\u00e9s<\/strong>, que se cursa con car\u00e1cter voluntario.<\/li>\n<\/ol>\n\n\n\n<div class=\"wp-block-cover alignwide is-light is-position-center-center\" style=\"min-height:375px;aspect-ratio:unset;\"><span aria-hidden=\"true\" class=\"wp-block-cover__background has-background-dim\"><\/span><img loading=\"lazy\" decoding=\"async\" width=\"640\" height=\"383\" class=\"wp-block-cover__image-background wp-image-2019\" alt=\"\" src=\"https:\/\/site.educa.madrid.org\/ies.malasana.mostoles\/\/wp-content\/uploads\/ies.malasana.mostoles\/2022\/02\/map-of-the-world-g896081118_640.jpg\" data-object-fit=\"cover\" srcset=\"https:\/\/site.educa.madrid.org\/ies.malasana.mostoles\/\/wp-content\/uploads\/ies.malasana.mostoles\/2022\/02\/map-of-the-world-g896081118_640.jpg 640w, https:\/\/site.educa.madrid.org\/ies.malasana.mostoles\/\/wp-content\/uploads\/ies.malasana.mostoles\/2022\/02\/map-of-the-world-g896081118_640-300x180.jpg 300w\" sizes=\"auto, (max-width: 640px) 100vw, 640px\" \/><div class=\"wp-block-cover__inner-container is-layout-flow wp-block-cover-is-layout-flow\">\n<p class=\"has-text-align-center has-text-color\" style=\"color:#fffffa;font-size:74px;line-height:1.1\"><strong>Ampliaci\u00f3n lenguas extranjeras<\/strong><\/p>\n<\/div><\/div>\n\n\n\n<hr class=\"wp-block-separator has-css-opacity\"\/>\n\n\n\n<div class=\"wp-block-columns is-layout-flex wp-container-core-columns-is-layout-9d6595d7 wp-block-columns-is-layout-flex\">\n<div class=\"wp-block-column is-layout-flow wp-block-column-is-layout-flow\">\n<h3 class=\"wp-block-heading has-text-align-center has-pale-cyan-blue-background-color has-background\"><strong>Lengua inglesa<\/strong><\/h3>\n\n\n\n<h4 class=\"wp-block-heading has-text-align-center\">Objetivos<\/h4>\n\n\n\n<ul class=\"wp-block-list\">\n<li>Refuerzo y ampliaci\u00f3n de las competencias ling\u00fc\u00edsticas b\u00e1sicas.<\/li>\n\n\n\n<li>Impulsar el aprendizaje oral.<\/li>\n\n\n\n<li>Vincular el aprendizaje de las lenguas extranjeras a la realidad cotidiana de los alumnos.<\/li>\n<\/ul>\n\n\n\n<h4 class=\"wp-block-heading has-text-align-center\">Estrategias organizativas<\/h4>\n\n\n\n<ul class=\"wp-block-list\">\n<li>Ampliar la carga lectiva (n\u00famero de horas) de las lenguas extranjeras en los tres primeros cursos de la ESO:<\/li>\n\n\n\n<li>Desdoblar (reducir el n\u00famero de alumnos por clase), siempre que se pueda, en niveles clave: 1\u00ba y 2\u00ba de ESO, 1\u00ba de Bachillerato.<\/li>\n<\/ul>\n\n\n\n<figure class=\"wp-block-table is-style-stripes\"><table><thead><tr><th class=\"has-text-align-center\" data-align=\"center\">Curso<\/th><th class=\"has-text-align-center\" data-align=\"center\">ampliaci\u00f3n<\/th><\/tr><\/thead><tbody><tr><td class=\"has-text-align-center\" data-align=\"center\">1\u00ba ESO<\/td><td class=\"has-text-align-center\" data-align=\"center\">1h semanal (total 4)<\/td><\/tr><tr><td class=\"has-text-align-center\" data-align=\"center\">2\u00ba ESO<\/td><td class=\"has-text-align-center\" data-align=\"center\">1h semanal (total 4)<\/td><\/tr><tr><td class=\"has-text-align-center\" data-align=\"center\">3\u00ba ESO<\/td><td class=\"has-text-align-center\" data-align=\"center\">1h semanal (total 4)<\/td><\/tr><tr><td class=\"has-text-align-center\" data-align=\"center\">2\u00ba BACHILLERATO<\/td><td class=\"has-text-align-center\" data-align=\"center\">1h semanal (total 4)<\/td><\/tr><\/tbody><\/table><\/figure>\n<\/div>\n\n\n\n<div class=\"wp-block-column is-layout-flow wp-block-column-is-layout-flow\">\n<h3 class=\"wp-block-heading has-text-align-center has-light-green-cyan-background-color has-background\"><strong>Estudios biling\u00fces franc\u00e9s-espa\u00f1ol<\/strong><\/h3>\n\n\n\n<p class=\"has-text-align-center\">Durante el curso 2019-2020, el IES Manuela Malasa\u00f1a puso en marcha un programa de&nbsp;<strong>estudios biling\u00fces franc\u00e9s-espa\u00f1ol<\/strong>&nbsp;para dar respuesta a la demanda de nuestros estudiantes y sus familias, conscientes de la importancia del estudio de varias lenguas en el momento y mundo actual.<\/p>\n\n\n\n<p class=\"has-text-align-center\">El objetivo final del programa es que los alumnos de la secci\u00f3n adem\u00e1s de estudiar Lengua Inglesa -como el resto de sus compa\u00f1eros- adquieran un&nbsp;<strong>alto nivel de competencia en una SEGUNDA Lengua Extranjera<\/strong>, lo que les permitir\u00e1 afrontar en las mejores condiciones su futuro laboral.<\/p>\n\n\n\n<div class=\"wp-block-buttons is-horizontal is-content-justification-center is-layout-flex wp-container-core-buttons-is-layout-499968f5 wp-block-buttons-is-layout-flex\">\n<div class=\"wp-block-button is-style-outline is-style-outline--1\"><a class=\"wp-block-button__link has-light-green-cyan-background-color has-background wp-element-button\" href=\"https:\/\/site.educa.madrid.org\/ies.malasana.mostoles\/index.php\/estudios-bilingues-frances-espanol\/\" target=\"_blank\" rel=\"noreferrer noopener\">M\u00e1s informaci\u00f3n<\/a><\/div>\n<\/div>\n<\/div>\n<\/div>\n","protected":false},"excerpt":{"rendered":"<p>La mejora y ampliaci\u00f3n de aprendizaje de lenguas extranjeras es un elemento importante, sin duda, de las necesidades e intereses de los alumnos de nuestro centro. Con el objeto de &#8230;<\/p>\n","protected":false},"author":5,"featured_media":0,"parent":279,"menu_order":0,"comment_status":"closed","ping_status":"closed","template":"","meta":{"footnotes":""},"folder":[],"class_list":["post-945","page","type-page","status-publish","hentry"],"rttpg_featured_image_url":null,"rttpg_author":{"display_name":"M\u00f3nica Mar\u00edn","author_link":"https:\/\/site.educa.madrid.org\/ies.malasana.mostoles\/index.php\/author\/mnica_marn\/"},"rttpg_comment":0,"rttpg_category":false,"rttpg_excerpt":"La mejora y ampliaci\u00f3n de aprendizaje de lenguas extranjeras es un elemento importante, sin duda, de las necesidades e intereses de los alumnos de nuestro centro. Con el objeto de ...","post_mailing_queue_ids":[],"_links":{"self":[{"href":"https:\/\/site.educa.madrid.org\/ies.malasana.mostoles\/index.php\/wp-json\/wp\/v2\/pages\/945","targetHints":{"allow":["GET"]}}],"collection":[{"href":"https:\/\/site.educa.madrid.org\/ies.malasana.mostoles\/index.php\/wp-json\/wp\/v2\/pages"}],"about":[{"href":"https:\/\/site.educa.madrid.org\/ies.malasana.mostoles\/index.php\/wp-json\/wp\/v2\/types\/page"}],"author":[{"embeddable":true,"href":"https:\/\/site.educa.madrid.org\/ies.malasana.mostoles\/index.php\/wp-json\/wp\/v2\/users\/5"}],"replies":[{"embeddable":true,"href":"https:\/\/site.educa.madrid.org\/ies.malasana.mostoles\/index.php\/wp-json\/wp\/v2\/comments?post=945"}],"version-history":[{"count":13,"href":"https:\/\/site.educa.madrid.org\/ies.malasana.mostoles\/index.php\/wp-json\/wp\/v2\/pages\/945\/revisions"}],"predecessor-version":[{"id":3445,"href":"https:\/\/site.educa.madrid.org\/ies.malasana.mostoles\/index.php\/wp-json\/wp\/v2\/pages\/945\/revisions\/3445"}],"up":[{"embeddable":true,"href":"https:\/\/site.educa.madrid.org\/ies.malasana.mostoles\/index.php\/wp-json\/wp\/v2\/pages\/279"}],"wp:attachment":[{"href":"https:\/\/site.educa.madrid.org\/ies.malasana.mostoles\/index.php\/wp-json\/wp\/v2\/media?parent=945"}],"wp:term":[{"taxonomy":"folder","embeddable":true,"href":"https:\/\/site.educa.madrid.org\/ies.malasana.mostoles\/index.php\/wp-json\/wp\/v2\/folder?post=945"}],"curies":[{"name":"wp","href":"https:\/\/api.w.org\/{rel}","templated":true}]}}