{"id":953,"date":"2021-03-09T21:41:32","date_gmt":"2021-03-09T21:41:32","guid":{"rendered":"https:\/\/site.educa.madrid.org\/ies.malasana.mostoles\/?page_id=953"},"modified":"2022-12-15T09:01:34","modified_gmt":"2022-12-15T08:01:34","slug":"4o-eso-empresa","status":"publish","type":"page","link":"https:\/\/site.educa.madrid.org\/ies.malasana.mostoles\/index.php\/ensenanzas\/planes-y-proyectos\/4o-eso-empresa\/","title":{"rendered":"4\u00ba ESO + Empresa"},"content":{"rendered":"\t\t\t<!-- Flexy Breadcrumb -->\n\t\t\t<div class=\"fbc fbc-page\">\n\n\t\t\t\t<!-- Breadcrumb wrapper -->\n\t\t\t\t<div class=\"fbc-wrap\">\n\n\t\t\t\t\t<!-- Ordered list-->\n\t\t\t\t\t<ol class=\"fbc-items\" itemscope itemtype=\"https:\/\/schema.org\/BreadcrumbList\">\n\t\t\t\t\t\t            <li itemprop=\"itemListElement\" itemscope itemtype=\"https:\/\/schema.org\/ListItem\">\n                <span itemprop=\"name\">\n                    <!-- Home Link -->\n                    <a itemprop=\"item\" href=\"https:\/\/site.educa.madrid.org\/ies.malasana.mostoles\">\n                    \n                                                    <i class=\"fa fa fa-home\" aria-hidden=\"true\"><\/i>                    <\/a>\n                <\/span>\n                <meta itemprop=\"position\" content=\"1\" \/><!-- Meta Position-->\n             <\/li><li><span class=\"fbc-separator\">><\/span><\/li><li class=\"active\" itemprop=\"itemListElement\" itemscope itemtype=\"https:\/\/schema.org\/ListItem\"><span itemprop=\"name\" title=\"Tabl\u00f3n de anuncios\">Tabl\u00f3n de anuncios<\/span><meta itemprop=\"position\" content=\"2\" \/><\/li>\t\t\t\t\t<\/ol>\n\t\t\t\t\t<div class=\"clearfix\"><\/div>\n\t\t\t\t<\/div>\n\t\t\t<\/div>\n\t\t\t\n\n\n\n<p class=\"has-black-color has-text-color\"><mark style=\"background-color:rgba(0, 0, 0, 0)\" class=\"has-inline-color has-very-dark-gray-color\"><strong>&#8216;4\u00ba ESO+empresa&#8217;<\/strong>\u00a0es un programa educativo de la Comunidad de Madrid destinado a los alumnos que cursan 4\u00ba de Ense\u00f1anza Secundaria<\/mark> Obligatoria.<\/p>\n\n\n\n<p class=\"has-black-color has-text-color\"><mark style=\"background-color:rgba(0, 0, 0, 0)\" class=\"has-inline-color has-very-dark-gray-color\">El programa consiste en la estancia educativa voluntaria en empresas durante 3, 4 o 5 d\u00edas -de acuerdo a un modelo educativo que cuenta con una\u00a0<strong>amplia tradici\u00f3n en pa\u00edses de nuestro entorno<\/strong> como Reino Unido o Alemania- con el fin de enriquecer el curr\u00edculo de los alumnos y aproximarles al mundo laboral del que ellos formar\u00e1n parte en el futuro.<\/mark><\/p>\n\n\n\n<p class=\"has-black-color has-text-color\"><mark style=\"background-color:rgba(0, 0, 0, 0)\" class=\"has-inline-color has-very-dark-gray-color\">Durante las estancias, el alumno es tratado en las empresas como un empleado m\u00e1s, conociendo las tareas y rutinas habituales del mundo laboral y empresarial. Bajo la supervisi\u00f3n del responsable del programa en la empresa, el alumno participa en actividades diferentes &#8211; observaci\u00f3n de trabajos que por su complejidad, dificultad o riesgo no pueden ser desarrollados por menores, entrevistas, encuestas, estudio de documentos, visitas de instalaciones, etc. \u2013 que pueden ayudarle a adquirir una mejor idea de las habilidades, destrezas y actitudes requeridas para el desarrollo de una futura actividad laboral o empresarial y potenciando y estimulado aquellas para las que est\u00e1 mejor dotados o mejor se adec\u00faan a sus expectativas de futuro.<\/mark><\/p>\n\n\n\n<p class=\"has-black-color has-text-color\"><mark style=\"background-color:rgba(0, 0, 0, 0)\" class=\"has-inline-color has-very-dark-gray-color\">Si est\u00e1is interesados en que vuestros hijos participen en el programa, tened en cuenta lo siguiente:<\/mark><\/p>\n\n\n\n<p class=\"has-black-color has-text-color\"><mark style=\"background-color:rgba(0, 0, 0, 0)\" class=\"has-inline-color has-very-dark-gray-color\">1.- La estancia tiene una duraci\u00f3n m\u00e1xima de cinco d\u00edas (Las fechas concretas se determinan cada a\u00f1o). Durante ese tiempo, el resto de los alumnos contin\u00faa sus clases normalmente por lo que el alumno participante tendr\u00e1 que hacer un esfuerzo suplementario. Para poder realizarlo con garant\u00eda, cuenta con el apoyo del centro y especialmente de sus profesores.<\/mark><\/p>\n\n\n\n<p class=\"has-black-color has-text-color\"><mark style=\"background-color:rgba(0, 0, 0, 0)\" class=\"has-inline-color has-very-dark-gray-color\">2.- Dado que el n\u00famero de plazas disponible es limitado, el Instituto seleccionar\u00e1 los alumnos m\u00e1s id\u00f3neos para participar en el programa.<\/mark><\/p>\n\n\n\n<hr class=\"wp-block-separator\"\/>\n\n\n\n<div class=\"wp-block-columns alignwide is-not-stacked-on-mobile is-layout-flex wp-container-core-columns-is-layout-9d6595d7 wp-block-columns-is-layout-flex\">\n<div class=\"wp-block-column is-layout-flow wp-block-column-is-layout-flow\">\n<h3 class=\"has-text-align-center wp-block-heading\">Informaci\u00f3n general del programa<\/h3>\n\n\n\n<div class=\"wp-block-buttons is-content-justification-center is-layout-flex wp-container-core-buttons-is-layout-16018d1d wp-block-buttons-is-layout-flex\">\n<div class=\"wp-block-button\"><a class=\"wp-block-button__link has-black-color has-luminous-vivid-amber-background-color has-text-color has-background\" href=\"https:\/\/www.educa2.madrid.org\/web\/4eso-empresa\">P\u00e1gina oficial<\/a><\/div>\n<\/div>\n\n\n\n<p class=\"has-text-align-center has-black-color has-text-color\"><strong>Coordinador 2022-23<\/strong>: <a href=\"mailto:jesus.rodrigoalvarez@educa.madrid.org\">Jes\u00fas Rodrigo (Econom\u00eda)<\/a><\/p>\n<\/div>\n\n\n\n<div class=\"wp-block-column is-layout-flow wp-block-column-is-layout-flow\">\n<h3 class=\"has-text-align-center wp-block-heading\">\u00daltimas entradas<\/h3>\n\n\n<ul class=\"wp-block-latest-posts__list has-dates aligncenter wp-block-latest-posts\"><li><a class=\"wp-block-latest-posts__post-title\" href=\"https:\/\/site.educa.madrid.org\/ies.malasana.mostoles\/index.php\/2025\/07\/02\/listados-provisionales-de-menciones-honorificas-y-diplomas-de-aprovechamiento\/\">Listados provisionales de Menciones honor\u00edficas y Diplomas de Aprovechamiento<\/a><time datetime=\"2025-07-02T09:59:01+02:00\" class=\"wp-block-latest-posts__post-date\">2 julio, 2025<\/time><\/li>\n<li><a class=\"wp-block-latest-posts__post-title\" href=\"https:\/\/site.educa.madrid.org\/ies.malasana.mostoles\/index.php\/2022\/01\/13\/4oesoempresa-2021-22\/\">4\u00baESO+Empresa 2021\/22<\/a><time datetime=\"2022-01-13T13:18:19+01:00\" class=\"wp-block-latest-posts__post-date\">13 enero, 2022<\/time><\/li>\n<\/ul><\/div>\n<\/div>\n","protected":false},"excerpt":{"rendered":"<p>&#8216;4\u00ba ESO+empresa&#8217;\u00a0es un programa educativo de la Comunidad de Madrid destinado a los alumnos que cursan 4\u00ba de Ense\u00f1anza Secundaria Obligatoria. El programa consiste en la estancia educativa voluntaria en &#8230;<\/p>\n","protected":false},"author":5,"featured_media":0,"parent":279,"menu_order":0,"comment_status":"closed","ping_status":"closed","template":"","meta":{"footnotes":""},"folder":[],"class_list":["post-953","page","type-page","status-publish","hentry"],"rttpg_featured_image_url":null,"rttpg_author":{"display_name":"M\u00f3nica Mar\u00edn","author_link":"https:\/\/site.educa.madrid.org\/ies.malasana.mostoles\/index.php\/author\/mnica_marn\/"},"rttpg_comment":0,"rttpg_category":false,"rttpg_excerpt":"&#8216;4\u00ba ESO+empresa&#8217;\u00a0es un programa educativo de la Comunidad de Madrid destinado a los alumnos que cursan 4\u00ba de Ense\u00f1anza Secundaria Obligatoria. El programa consiste en la estancia educativa voluntaria en ...","post_mailing_queue_ids":[],"_links":{"self":[{"href":"https:\/\/site.educa.madrid.org\/ies.malasana.mostoles\/index.php\/wp-json\/wp\/v2\/pages\/953","targetHints":{"allow":["GET"]}}],"collection":[{"href":"https:\/\/site.educa.madrid.org\/ies.malasana.mostoles\/index.php\/wp-json\/wp\/v2\/pages"}],"about":[{"href":"https:\/\/site.educa.madrid.org\/ies.malasana.mostoles\/index.php\/wp-json\/wp\/v2\/types\/page"}],"author":[{"embeddable":true,"href":"https:\/\/site.educa.madrid.org\/ies.malasana.mostoles\/index.php\/wp-json\/wp\/v2\/users\/5"}],"replies":[{"embeddable":true,"href":"https:\/\/site.educa.madrid.org\/ies.malasana.mostoles\/index.php\/wp-json\/wp\/v2\/comments?post=953"}],"version-history":[{"count":10,"href":"https:\/\/site.educa.madrid.org\/ies.malasana.mostoles\/index.php\/wp-json\/wp\/v2\/pages\/953\/revisions"}],"predecessor-version":[{"id":3175,"href":"https:\/\/site.educa.madrid.org\/ies.malasana.mostoles\/index.php\/wp-json\/wp\/v2\/pages\/953\/revisions\/3175"}],"up":[{"embeddable":true,"href":"https:\/\/site.educa.madrid.org\/ies.malasana.mostoles\/index.php\/wp-json\/wp\/v2\/pages\/279"}],"wp:attachment":[{"href":"https:\/\/site.educa.madrid.org\/ies.malasana.mostoles\/index.php\/wp-json\/wp\/v2\/media?parent=953"}],"wp:term":[{"taxonomy":"folder","embeddable":true,"href":"https:\/\/site.educa.madrid.org\/ies.malasana.mostoles\/index.php\/wp-json\/wp\/v2\/folder?post=953"}],"curies":[{"name":"wp","href":"https:\/\/api.w.org\/{rel}","templated":true}]}}