{"id":121,"date":"2022-06-06T09:28:10","date_gmt":"2022-06-06T07:28:10","guid":{"rendered":"https:\/\/site.educa.madrid.org\/ies.mariagoyrigoyri.madrid\/?page_id=121"},"modified":"2025-09-08T15:44:55","modified_gmt":"2025-09-08T13:44:55","slug":"nuestro-centro-mariagoyrigoyri","status":"publish","type":"page","link":"https:\/\/site.educa.madrid.org\/ies.mariagoyrigoyri.madrid\/index.php\/nuestro-centro-mariagoyrigoyri\/","title":{"rendered":"Nuestro Centro"},"content":{"rendered":"\n<h2 class=\"wp-block-heading\">Equipo directivo<\/h2>\n\n\n\n<p><a href=\"https:\/\/site.educa.madrid.org\/ies.mariagoyrigoyri.madrid\/index.php\/nuestro-centro-mariagoyrigoyri\/equipo-directivo\/\" data-type=\"page\" data-id=\"773\">ver secci\u00f3n Equipo directivo<\/a><\/p>\n\n\n\n<h2 class=\"wp-block-heading\">Claustro de profesores<\/h2>\n\n\n\n<p><a href=\"https:\/\/site.educa.madrid.org\/ies.mariagoyrigoyri.madrid\/index.php\/nuestro-centro-mariagoyrigoyri\/claustro-de-profesores\/\" data-type=\"page\" data-id=\"763\">ver secci\u00f3n Claustro de profesores<\/a><\/p>\n\n\n\n<h2 class=\"wp-block-heading\">Tutores<\/h2>\n\n\n\n<p><a href=\"https:\/\/site.educa.madrid.org\/ies.mariagoyrigoyri.madrid\/index.php\/nuestro-centro-mariagoyrigoyri\/tutores\/\" data-type=\"page\" data-id=\"767\">ver secci\u00f3n Tutores<\/a><\/p>\n\n\n\n<h2 class=\"wp-block-heading\">Consejo escolar<\/h2>\n\n\n\n<p><a href=\"https:\/\/site.educa.madrid.org\/ies.mariagoyrigoyri.madrid\/index.php\/nuestro-centro-mariagoyrigoyri\/consejo-escolar\/\" data-type=\"page\" data-id=\"123\">ver secci\u00f3n Consejo escolar<\/a><\/p>\n\n\n\n<h2 class=\"wp-block-heading\">AMPA<\/h2>\n\n\n\n<p><a href=\"https:\/\/site.educa.madrid.org\/ies.mariagoyrigoyri.madrid\/index.php\/nuestro-centro-mariagoyrigoyri\/ampa\/\" data-type=\"page\" data-id=\"124\">ver secci\u00f3n AMPA<\/a><\/p>\n\n\n\n<h2 class=\"wp-block-heading\">Documentos del centro<\/h2>\n\n\n\n<p><a href=\"https:\/\/site.educa.madrid.org\/ies.mariagoyrigoyri.madrid\/index.php\/nuestro-centro-mariagoyrigoyri\/documentos-del-centro\/\" data-type=\"page\" data-id=\"1252\">ver secci\u00f3n Documentos del centro<\/a><\/p>\n","protected":false},"excerpt":{"rendered":"<p>Equipo directivo ver secci\u00f3n Equipo directivo Claustro de profesores ver secci\u00f3n Claustro de profesores Tutores ver secci\u00f3n Tutores Consejo escolar ver secci\u00f3n Consejo escolar AMPA ver secci\u00f3n AMPA Documentos del &#8230;<\/p>\n","protected":false},"author":5,"featured_media":0,"parent":0,"menu_order":1,"comment_status":"closed","ping_status":"closed","template":"","meta":{"footnotes":""},"folder":[],"class_list":["post-121","page","type-page","status-publish","hentry"],"rttpg_featured_image_url":null,"rttpg_author":{"display_name":"Cuenta Admin-educamadrid","author_link":"https:\/\/site.educa.madrid.org\/ies.mariagoyrigoyri.madrid\/index.php\/author\/cuenta_admin-educamadrid\/"},"rttpg_comment":0,"rttpg_category":false,"rttpg_excerpt":"Equipo directivo ver secci\u00f3n Equipo directivo Claustro de profesores ver secci\u00f3n Claustro de profesores Tutores ver secci\u00f3n Tutores Consejo escolar ver secci\u00f3n Consejo escolar AMPA ver secci\u00f3n AMPA Documentos del ...","post_mailing_queue_ids":[],"_links":{"self":[{"href":"https:\/\/site.educa.madrid.org\/ies.mariagoyrigoyri.madrid\/index.php\/wp-json\/wp\/v2\/pages\/121","targetHints":{"allow":["GET"]}}],"collection":[{"href":"https:\/\/site.educa.madrid.org\/ies.mariagoyrigoyri.madrid\/index.php\/wp-json\/wp\/v2\/pages"}],"about":[{"href":"https:\/\/site.educa.madrid.org\/ies.mariagoyrigoyri.madrid\/index.php\/wp-json\/wp\/v2\/types\/page"}],"author":[{"embeddable":true,"href":"https:\/\/site.educa.madrid.org\/ies.mariagoyrigoyri.madrid\/index.php\/wp-json\/wp\/v2\/users\/5"}],"replies":[{"embeddable":true,"href":"https:\/\/site.educa.madrid.org\/ies.mariagoyrigoyri.madrid\/index.php\/wp-json\/wp\/v2\/comments?post=121"}],"version-history":[{"count":35,"href":"https:\/\/site.educa.madrid.org\/ies.mariagoyrigoyri.madrid\/index.php\/wp-json\/wp\/v2\/pages\/121\/revisions"}],"predecessor-version":[{"id":2845,"href":"https:\/\/site.educa.madrid.org\/ies.mariagoyrigoyri.madrid\/index.php\/wp-json\/wp\/v2\/pages\/121\/revisions\/2845"}],"wp:attachment":[{"href":"https:\/\/site.educa.madrid.org\/ies.mariagoyrigoyri.madrid\/index.php\/wp-json\/wp\/v2\/media?parent=121"}],"wp:term":[{"taxonomy":"folder","embeddable":true,"href":"https:\/\/site.educa.madrid.org\/ies.mariagoyrigoyri.madrid\/index.php\/wp-json\/wp\/v2\/folder?post=121"}],"curies":[{"name":"wp","href":"https:\/\/api.w.org\/{rel}","templated":true}]}}