{"id":123,"date":"2022-06-06T09:28:10","date_gmt":"2022-06-06T07:28:10","guid":{"rendered":"https:\/\/site.educa.madrid.org\/ies.mariagoyrigoyri.madrid\/?page_id=123"},"modified":"2025-09-15T09:27:19","modified_gmt":"2025-09-15T07:27:19","slug":"consejo-escolar","status":"publish","type":"page","link":"https:\/\/site.educa.madrid.org\/ies.mariagoyrigoyri.madrid\/index.php\/nuestro-centro-mariagoyrigoyri\/consejo-escolar\/","title":{"rendered":"Consejo escolar"},"content":{"rendered":"\n<p><strong>DATOS DE IDENTIFICACI\u00d3N DEL CENTRO<\/strong><\/p>\n\n\n\n<p>Denominaci\u00f3n: IES Mar\u00eda Goyri Goyri<\/p>\n\n\n\n<p>Localidad: Madrid C\u00f3digo Centro: 28080967<\/p>\n\n\n\n<figure class=\"wp-block-table\"><table class=\"has-fixed-layout\"><tbody><tr><td class=\"has-text-align-center\" data-align=\"center\"><strong>CONSEJO ESCOLAR<\/strong><\/td><\/tr><tr><td class=\"has-text-align-center\" data-align=\"center\"><strong>PROFESORES<\/strong><\/td><\/tr><tr><td class=\"has-text-align-center\" data-align=\"center\">D. Juan Jos\u00e9 Prieto Mart\u00ednez (Presidente) <br>D.\u00aa Mar\u00eda Teresa Fern\u00e1ndez Andr\u00e9s <br>D. David Vel\u00e1zquez Rubio (Secretario sin voto) <br>D.\u00aa Rosa Mar\u00eda L\u00f3pez Cuenca<\/td><\/tr><tr><td class=\"has-text-align-center\" data-align=\"center\"><strong>PADRES<\/strong><\/td><\/tr><tr><td class=\"has-text-align-center\" data-align=\"center\">D.\u00aa Manuela V\u00e1zquez L\u00f3pez <br>D.\u00aa Ver\u00f3nica Parra Mart\u00ednez <br>D.\u00aa Amaya Moreno Solana.<\/td><\/tr><tr><td class=\"has-text-align-center\" data-align=\"center\"><strong>ALUMNOS<\/strong><\/td><\/tr><tr><td class=\"has-text-align-center\" data-align=\"center\">D.\u00aa Iziar G\u00f3mez Serrano <br>D. Jos\u00e9 Lu\u00eds Garc\u00eda Mart\u00ednez de Tudela <br>D. David Rego Ramos <br>D. \u00aa Vera Grisalvo C\u00e1mara<\/td><\/tr><tr><td class=\"has-text-align-center\" data-align=\"center\"><strong>PERSONAL DE ADMINISTRACI\u00d3N Y SERVICIOS<\/strong><\/td><\/tr><tr><td class=\"has-text-align-center\" data-align=\"center\">D.\u00aa Ana Barbero Lobo<\/td><\/tr><tr><td class=\"has-text-align-center\" data-align=\"center\"><strong>REPRESENTANTE AYUNTAMIENTO DE MADRID<\/strong><\/td><\/tr><tr><td class=\"has-text-align-center\" data-align=\"center\">D. Jorge Mata Garc\u00eda<\/td><\/tr><\/tbody><\/table><\/figure>\n\n\n\n<p><\/p>\n\n\n\n<p><\/p>\n\n\n\n<p><\/p>\n\n\n\n<p><\/p>\n\n\n\n<p><\/p>\n","protected":false},"excerpt":{"rendered":"<p>DATOS DE IDENTIFICACI\u00d3N DEL CENTRO Denominaci\u00f3n: IES Mar\u00eda Goyri Goyri Localidad: Madrid C\u00f3digo Centro: 28080967 CONSEJO ESCOLAR PROFESORES D. Juan Jos\u00e9 Prieto Mart\u00ednez (Presidente) D.\u00aa Mar\u00eda Teresa Fern\u00e1ndez Andr\u00e9s D. &#8230;<\/p>\n","protected":false},"author":5,"featured_media":0,"parent":121,"menu_order":3,"comment_status":"closed","ping_status":"closed","template":"","meta":{"footnotes":""},"folder":[],"class_list":["post-123","page","type-page","status-publish","hentry"],"rttpg_featured_image_url":null,"rttpg_author":{"display_name":"Cuenta Admin-educamadrid","author_link":"https:\/\/site.educa.madrid.org\/ies.mariagoyrigoyri.madrid\/index.php\/author\/cuenta_admin-educamadrid\/"},"rttpg_comment":0,"rttpg_category":false,"rttpg_excerpt":"DATOS DE IDENTIFICACI\u00d3N DEL CENTRO Denominaci\u00f3n: IES Mar\u00eda Goyri Goyri Localidad: Madrid C\u00f3digo Centro: 28080967 CONSEJO ESCOLAR PROFESORES D. Juan Jos\u00e9 Prieto Mart\u00ednez (Presidente) D.\u00aa Mar\u00eda Teresa Fern\u00e1ndez Andr\u00e9s D. ...","post_mailing_queue_ids":[],"_links":{"self":[{"href":"https:\/\/site.educa.madrid.org\/ies.mariagoyrigoyri.madrid\/index.php\/wp-json\/wp\/v2\/pages\/123","targetHints":{"allow":["GET"]}}],"collection":[{"href":"https:\/\/site.educa.madrid.org\/ies.mariagoyrigoyri.madrid\/index.php\/wp-json\/wp\/v2\/pages"}],"about":[{"href":"https:\/\/site.educa.madrid.org\/ies.mariagoyrigoyri.madrid\/index.php\/wp-json\/wp\/v2\/types\/page"}],"author":[{"embeddable":true,"href":"https:\/\/site.educa.madrid.org\/ies.mariagoyrigoyri.madrid\/index.php\/wp-json\/wp\/v2\/users\/5"}],"replies":[{"embeddable":true,"href":"https:\/\/site.educa.madrid.org\/ies.mariagoyrigoyri.madrid\/index.php\/wp-json\/wp\/v2\/comments?post=123"}],"version-history":[{"count":10,"href":"https:\/\/site.educa.madrid.org\/ies.mariagoyrigoyri.madrid\/index.php\/wp-json\/wp\/v2\/pages\/123\/revisions"}],"predecessor-version":[{"id":2885,"href":"https:\/\/site.educa.madrid.org\/ies.mariagoyrigoyri.madrid\/index.php\/wp-json\/wp\/v2\/pages\/123\/revisions\/2885"}],"up":[{"embeddable":true,"href":"https:\/\/site.educa.madrid.org\/ies.mariagoyrigoyri.madrid\/index.php\/wp-json\/wp\/v2\/pages\/121"}],"wp:attachment":[{"href":"https:\/\/site.educa.madrid.org\/ies.mariagoyrigoyri.madrid\/index.php\/wp-json\/wp\/v2\/media?parent=123"}],"wp:term":[{"taxonomy":"folder","embeddable":true,"href":"https:\/\/site.educa.madrid.org\/ies.mariagoyrigoyri.madrid\/index.php\/wp-json\/wp\/v2\/folder?post=123"}],"curies":[{"name":"wp","href":"https:\/\/api.w.org\/{rel}","templated":true}]}}