{"id":1252,"date":"2023-03-28T15:14:01","date_gmt":"2023-03-28T13:14:01","guid":{"rendered":"https:\/\/site.educa.madrid.org\/ies.mariagoyrigoyri.madrid\/?page_id=1252"},"modified":"2026-02-10T15:50:22","modified_gmt":"2026-02-10T14:50:22","slug":"documentos-del-centro","status":"publish","type":"page","link":"https:\/\/site.educa.madrid.org\/ies.mariagoyrigoyri.madrid\/index.php\/nuestro-centro-mariagoyrigoyri\/documentos-del-centro\/","title":{"rendered":"Documentos del Centro"},"content":{"rendered":"\n<p>En esta secci\u00f3n podr\u00e1 acceder a los documentos del centro:<\/p>\n\n\n\n<ol class=\"wp-block-list\">\n<li><a href=\"https:\/\/site.educa.madrid.org\/ies.mariagoyrigoyri.madrid\/\/wp-content\/uploads\/ies.mariagoyrigoyri.madrid\/2025\/10\/Proyecto-educativo-de-centro-revisado-12-de-mayo-2024.pdf\" target=\"_blank\" rel=\"noreferrer noopener\">Proyecto Educativo de Centro<\/a><\/li>\n\n\n\n<li><a href=\"https:\/\/site.educa.madrid.org\/ies.mariagoyrigoyri.madrid\/\/wp-content\/uploads\/ies.mariagoyrigoyri.madrid\/2026\/02\/Protocolo-de-Evacuacion.pdf\" target=\"_blank\" rel=\"noreferrer noopener\">Protocolo de evacuaci\u00f3n<\/a><\/li>\n\n\n\n<li><a href=\"https:\/\/site.educa.madrid.org\/ies.mariagoyrigoyri.madrid\/\/wp-content\/uploads\/ies.mariagoyrigoyri.madrid\/2025\/10\/PGA2025_2026_v30102025IESMGG.pdf\" target=\"_blank\" rel=\"noreferrer noopener\">Programaci\u00f3n General Anual 2025-2026 (Aprobada)<\/a><\/li>\n\n\n\n<li><a href=\"https:\/\/site.educa.madrid.org\/ies.mariagoyrigoyri.madrid\/\/wp-content\/uploads\/ies.mariagoyrigoyri.madrid\/2025\/12\/Plan-DigitalL-IES-MGG.-2025-2026_v3.pdf\" target=\"_blank\" rel=\"noreferrer noopener\">Plan Digital del Centro 2025-2026<\/a><\/li>\n\n\n\n<li><a href=\"https:\/\/site.educa.madrid.org\/ies.mariagoyrigoyri.madrid\/\/wp-content\/uploads\/ies.mariagoyrigoyri.madrid\/2025\/10\/Proyecto-TIC_Digitalizacion.pdf\" target=\"_blank\" rel=\"noreferrer noopener\">Proyecto TIC: Digitalizaci\u00f3n<\/a><\/li>\n\n\n\n<li><a href=\"https:\/\/site.educa.madrid.org\/ies.mariagoyrigoyri.madrid\/\/wp-content\/uploads\/ies.mariagoyrigoyri.madrid\/2025\/10\/Programacion-3oESO-Diver_AmbitoC.pdf\" target=\"_blank\" rel=\"noreferrer noopener\">Programaci\u00f3n 3\u00ba ESO Diversificaci\u00f3n \u00c1mbito Cient\u00edfico<\/a><\/li>\n\n\n\n<li><a href=\"https:\/\/site.educa.madrid.org\/ies.mariagoyrigoyri.madrid\/\/wp-content\/uploads\/ies.mariagoyrigoyri.madrid\/2025\/10\/Programacion-1oDiver.-Ambito-sociolinguistico.-.pdf\" target=\"_blank\" rel=\"noreferrer noopener\">Programaci\u00f3n 3\u00ba ESO Diversificaci\u00f3n \u00c1mbito Socioling\u00fcistico<\/a><\/li>\n\n\n\n<li><a href=\"https:\/\/site.educa.madrid.org\/ies.mariagoyrigoyri.madrid\/\/wp-content\/uploads\/ies.mariagoyrigoyri.madrid\/2025\/10\/Prog-4o-ESO-2o-Diver-25-26.pdf\" target=\"_blank\" rel=\"noreferrer noopener\">Programaci\u00f3n 4\u00ba ESO Diversificaci\u00f3n \u00c1mbito Sociol\u00edng\u00fcistico<\/a><\/li>\n\n\n\n<li><a href=\"https:\/\/site.educa.madrid.org\/ies.mariagoyrigoyri.madrid\/\/wp-content\/uploads\/ies.mariagoyrigoyri.madrid\/2025\/10\/Ambito-cientifico-tecnologico-del-2o-curso-de-diversificaicion-curricular-extracto-de-la-programacion.pdf\" target=\"_blank\" rel=\"noreferrer noopener\">Programaci\u00f3n 4\u00ba ESO Diversificaci\u00f3n \u00c1mbito Cient\u00edfico tecnol\u00f3gico<\/a><\/li>\n\n\n\n<li><a href=\"https:\/\/site.educa.madrid.org\/ies.mariagoyrigoyri.madrid\/\/wp-content\/uploads\/ies.mariagoyrigoyri.madrid\/2025\/10\/PLAN-INCLUYO_25-26_IES-MARIA-GOYRI.pdf\" target=\"_blank\" rel=\"noreferrer noopener\">Plan INCLUYO 2025-2026<\/a><\/li>\n<\/ol>\n\n\n\n<p><\/p>\n","protected":false},"excerpt":{"rendered":"<p>En esta secci\u00f3n podr\u00e1 acceder a los documentos del centro:<\/p>\n","protected":false},"author":3,"featured_media":0,"parent":121,"menu_order":0,"comment_status":"closed","ping_status":"closed","template":"","meta":{"footnotes":""},"folder":[],"class_list":["post-1252","page","type-page","status-publish","hentry"],"rttpg_featured_image_url":null,"rttpg_author":{"display_name":"ies.mariagoyrigoyri.madrid","author_link":"https:\/\/site.educa.madrid.org\/ies.mariagoyrigoyri.madrid\/index.php\/author\/cuenta_ies-mariagoyrigoyri-madrid\/"},"rttpg_comment":0,"rttpg_category":false,"rttpg_excerpt":"En esta secci\u00f3n podr\u00e1 acceder a los documentos del centro:","post_mailing_queue_ids":[],"_links":{"self":[{"href":"https:\/\/site.educa.madrid.org\/ies.mariagoyrigoyri.madrid\/index.php\/wp-json\/wp\/v2\/pages\/1252","targetHints":{"allow":["GET"]}}],"collection":[{"href":"https:\/\/site.educa.madrid.org\/ies.mariagoyrigoyri.madrid\/index.php\/wp-json\/wp\/v2\/pages"}],"about":[{"href":"https:\/\/site.educa.madrid.org\/ies.mariagoyrigoyri.madrid\/index.php\/wp-json\/wp\/v2\/types\/page"}],"author":[{"embeddable":true,"href":"https:\/\/site.educa.madrid.org\/ies.mariagoyrigoyri.madrid\/index.php\/wp-json\/wp\/v2\/users\/3"}],"replies":[{"embeddable":true,"href":"https:\/\/site.educa.madrid.org\/ies.mariagoyrigoyri.madrid\/index.php\/wp-json\/wp\/v2\/comments?post=1252"}],"version-history":[{"count":36,"href":"https:\/\/site.educa.madrid.org\/ies.mariagoyrigoyri.madrid\/index.php\/wp-json\/wp\/v2\/pages\/1252\/revisions"}],"predecessor-version":[{"id":3248,"href":"https:\/\/site.educa.madrid.org\/ies.mariagoyrigoyri.madrid\/index.php\/wp-json\/wp\/v2\/pages\/1252\/revisions\/3248"}],"up":[{"embeddable":true,"href":"https:\/\/site.educa.madrid.org\/ies.mariagoyrigoyri.madrid\/index.php\/wp-json\/wp\/v2\/pages\/121"}],"wp:attachment":[{"href":"https:\/\/site.educa.madrid.org\/ies.mariagoyrigoyri.madrid\/index.php\/wp-json\/wp\/v2\/media?parent=1252"}],"wp:term":[{"taxonomy":"folder","embeddable":true,"href":"https:\/\/site.educa.madrid.org\/ies.mariagoyrigoyri.madrid\/index.php\/wp-json\/wp\/v2\/folder?post=1252"}],"curies":[{"name":"wp","href":"https:\/\/api.w.org\/{rel}","templated":true}]}}