{"id":128,"date":"2022-06-06T09:28:10","date_gmt":"2022-06-06T07:28:10","guid":{"rendered":"https:\/\/site.educa.madrid.org\/ies.mariagoyrigoyri.madrid\/?page_id=128"},"modified":"2026-02-23T12:56:17","modified_gmt":"2026-02-23T11:56:17","slug":"actividades","status":"publish","type":"page","link":"https:\/\/site.educa.madrid.org\/ies.mariagoyrigoyri.madrid\/index.php\/actividades\/","title":{"rendered":"Actividades"},"content":{"rendered":"\n<p><strong>Jefa de Departamento de Actividades Extraescolares y Complementarias:&nbsp;<\/strong><br>Almudena Dom\u00ednguez Hern\u00e1ndez<br><a href=\"mailto:alejandro.garciadelahiguera@educa.madrid.org\"><\/a><a href=\"mailto:almudena.dominguezhernandez@educa.madrid.org\">almudena.dominguezhernandez@educa.madrid.org<\/a><\/p>\n\n\n\n<div style=\"height:25px\" aria-hidden=\"true\" class=\"wp-block-spacer\"><\/div>\n\n\n\n<div class=\"wp-block-file\"><a id=\"wp-block-file--media-59f8eafa-7ada-4773-a20c-3c077b276460\" href=\"https:\/\/site.educa.madrid.org\/ies.mariagoyrigoyri.madrid\/\/wp-content\/uploads\/ies.mariagoyrigoyri.madrid\/2025\/09\/Autorizacion-a-AAEE.docx\">Autorizaci\u00f3n para Actividades Extraescolares<\/a><a href=\"https:\/\/site.educa.madrid.org\/ies.mariagoyrigoyri.madrid\/\/wp-content\/uploads\/ies.mariagoyrigoyri.madrid\/2025\/09\/Autorizacion-a-AAEE.docx\" class=\"wp-block-file__button wp-element-button\" download aria-describedby=\"wp-block-file--media-59f8eafa-7ada-4773-a20c-3c077b276460\">Descarga<\/a><\/div>\n\n\n\n<div class=\"wp-block-file\"><a id=\"wp-block-file--media-7938d6af-66d9-411d-bcb5-85ddc9dda342\" href=\"https:\/\/site.educa.madrid.org\/ies.mariagoyrigoyri.madrid\/\/wp-content\/uploads\/ies.mariagoyrigoyri.madrid\/2025\/11\/Protocolo-AAEE.pdf\" target=\"_blank\" rel=\"noreferrer noopener\">Protocolo para realizar actividades extraescolares<\/a><a href=\"https:\/\/site.educa.madrid.org\/ies.mariagoyrigoyri.madrid\/\/wp-content\/uploads\/ies.mariagoyrigoyri.madrid\/2025\/11\/Protocolo-AAEE.pdf\" class=\"wp-block-file__button wp-element-button\" download aria-describedby=\"wp-block-file--media-7938d6af-66d9-411d-bcb5-85ddc9dda342\">Descarga<\/a><\/div>\n\n\n\n<div class=\"wp-block-file\"><a id=\"wp-block-file--media-73243085-c265-4bf0-9f2c-1abc40f29b3f\" href=\"https:\/\/site.educa.madrid.org\/ies.mariagoyrigoyri.madrid\/\/wp-content\/uploads\/ies.mariagoyrigoyri.madrid\/2025\/11\/Tabla-de-requisitos-para-realizar-actividades-extraescolares.pdf\" target=\"_blank\" rel=\"noreferrer noopener\">Tabla de requisitos para acompa\u00f1ar en actividades extraescolares<\/a><a href=\"https:\/\/site.educa.madrid.org\/ies.mariagoyrigoyri.madrid\/\/wp-content\/uploads\/ies.mariagoyrigoyri.madrid\/2025\/11\/Tabla-de-requisitos-para-realizar-actividades-extraescolares.pdf\" class=\"wp-block-file__button wp-element-button\" download aria-describedby=\"wp-block-file--media-73243085-c265-4bf0-9f2c-1abc40f29b3f\">Descarga<\/a><\/div>\n\n\n\n<div class=\"wp-block-file\"><a id=\"wp-block-file--media-5d584617-0ee1-43c3-80b3-40de497586ad\" href=\"https:\/\/site.educa.madrid.org\/ies.mariagoyrigoyri.madrid\/\/wp-content\/uploads\/ies.mariagoyrigoyri.madrid\/2025\/12\/Familias-Ies-Maria-Goyri-Goyri-Viaje-Roma.pdf\" target=\"_blank\" rel=\"noreferrer noopener\">VIAJE FIN DE CURSO 4\u00ba ESO ROMA<\/a><a href=\"https:\/\/site.educa.madrid.org\/ies.mariagoyrigoyri.madrid\/\/wp-content\/uploads\/ies.mariagoyrigoyri.madrid\/2025\/12\/Familias-Ies-Maria-Goyri-Goyri-Viaje-Roma.pdf\" class=\"wp-block-file__button wp-element-button\" download aria-describedby=\"wp-block-file--media-5d584617-0ee1-43c3-80b3-40de497586ad\">Descarga<\/a><\/div>\n\n\n\n<div style=\"height:25px\" aria-hidden=\"true\" class=\"wp-block-spacer\"><\/div>\n\n\n\n<h3 class=\"wp-block-heading\">Galer\u00edas de fotos<\/h3>\n\n\n<style type='text\/css' media='all'>#rt-tpg-container-1161320615 .rt-holder .rt-woo-info .price{color:#232b56;}body .rt-tpg-container .rt-tpg-isotope-buttons .selected,\n\t\t\t\t\t#rt-tpg-container-1161320615 .layout12 .rt-holder:hover .rt-detail,\n\t\t\t\t\t#rt-tpg-container-1161320615 .isotope8 .rt-holder:hover .rt-detail,\n\t\t\t\t\t#rt-tpg-container-1161320615 .carousel8 .rt-holder:hover .rt-detail,\n\t\t\t\t\t#rt-tpg-container-1161320615 .layout13 .rt-holder .overlay .post-info,\n\t\t\t\t\t#rt-tpg-container-1161320615 .isotope9 .rt-holder .overlay .post-info,\n\t\t\t\t\t#rt-tpg-container-1161320615.rt-tpg-container .layout4 .rt-holder .rt-detail,\n\t\t\t\t\t.rt-modal-1161320615 .md-content,\n\t\t\t\t\t.rt-modal-1161320615 .md-content > .rt-md-content-holder .rt-md-content,\n\t\t\t\t\t.rt-popup-wrap-1161320615.rt-popup-wrap .rt-popup-navigation-wrap,\n\t\t\t\t\t#rt-tpg-container-1161320615 .carousel9 .rt-holder .overlay .post-info{background-color:#232b56;}#rt-tpg-container-1161320615 .layout5 .rt-holder .overlay, #rt-tpg-container-1161320615 .isotope2 .rt-holder .overlay, #rt-tpg-container-1161320615 .carousel2 .rt-holder .overlay,#rt-tpg-container-1161320615 .layout15 .rt-holder h3, #rt-tpg-container-1161320615 .isotope11 .rt-holder h3, #rt-tpg-container-1161320615 .carousel11 .rt-holder h3, #rt-tpg-container-1161320615 .layout16 .rt-holder h3,\n\t\t\t\t\t#rt-tpg-container-1161320615 .isotope12 .rt-holder h3, #rt-tpg-container-1161320615 .carousel12 .rt-holder h3 {background-color:rgba(35,43,86,0.8);}#rt-tpg-container-1161320615 .pagination-list li a,\n\t\t\t\t\trt-tpg-container-1161320615 .pagination-list li span,\n\t\t\t\t\trt-tpg-container-1161320615 .pagination li a,\n\t\t\t\t\t#rt-tpg-container-1161320615 .rt-tpg-isotope-buttons button,\n\t\t\t\t\t#rt-tpg-container-1161320615 .rt-tpg-utility .rt-tpg-load-more button,\n\t\t\t\t\t#rt-tpg-container-1161320615.rt-tpg-container .swiper-navigation .slider-btn,\n\t\t\t\t\t#rt-tpg-container-1161320615.rt-tpg-container .swiper-pagination-bullet,\n\t\t\t\t\t#rt-tpg-container-1161320615 .wc1 .rt-holder .rt-img-holder .overlay .product-more ul li a,\n\t\t\t\t\t#rt-tpg-container-1161320615 .wc2 .rt-detail .rt-wc-add-to-cart,\n\t\t\t\t\t#rt-tpg-container-1161320615 .wc3 .rt-detail .rt-wc-add-to-cart,\n\t\t\t\t\t#rt-tpg-container-1161320615 .wc4 .rt-detail .rt-wc-add-to-cart,\n\t\t\t\t\t#rt-tpg-container-1161320615 .wc-carousel2 .rt-detail .rt-wc-add-to-cart,\n\t\t\t\t\t#rt-tpg-container-1161320615 .wc-isotope2 .rt-detail .rt-wc-add-to-cart,\n\t\t\t\t\t#rt-tpg-container-1161320615 .rt-layout-filter-container .rt-filter-wrap .rt-filter-item-wrap.rt-filter-dropdown-wrap .rt-filter-dropdown,\n\t\t\t\t\t#rt-tpg-container-1161320615 .rt-layout-filter-container .rt-filter-sub-tax.sub-button-group .rt-filter-button-item,\n\t\t\t\t\t#rt-tpg-container-1161320615.rt-tpg-container .rt-pagination-wrap .rt-page-numbers .paginationjs .paginationjs-pages ul li>a,\n\t\t\t\t\t#rt-tpg-container-1161320615 .rt-filter-item-wrap.rt-filter-button-wrap span.rt-filter-button-item,\n\t\t\t\t\t#rt-tpg-container-1161320615.rt-tpg-container .rt-pagination-wrap  .rt-loadmore-btn,\n\t\t\t\t\t#rt-tpg-container-1161320615.rt-tpg-container .rt-pagination-wrap .rt-cb-page-prev-next > *,\n\t\t\t\t\t#rt-tpg-container-1161320615 .rt-read-more,\n\t\t\t\t\t#rt-tooltip-1161320615, #rt-tooltip-1161320615 .rt-tooltip-bottom:after{background-color:#dd3333;}#rt-tpg-container-1161320615 .rt-filter-item-wrap.rt-filter-button-wrap span.rt-filter-button-item,\n\t\t\t\t\t#rt-tpg-container-1161320615 .rt-layout-filter-container .rt-filter-sub-tax.sub-button-group .rt-filter-button-item{border-color:#dd3333;}#rt-tpg-container-1161320615.rt-tpg-container .layout17 .rt-holder .overlay a.tpg-zoom .fa{color:#dd3333;}#rt-tpg-container-1161320615 .rt-holder .read-more a {background-color:#dd3333;padding: 8px 15px;}#rt-tpg-container-1161320615 .pagination-list li a,\n\t\t\t\t\t#rt-tpg-container-1161320615 .pagination li a,\n\t\t\t\t\t#rt-tpg-container-1161320615 .rt-tpg-isotope-buttons button,\n\t\t\t\t\t#rt-tpg-container-1161320615 .rt-holder .read-more a,\n\t\t\t\t\t#rt-tpg-container-1161320615 .rt-tpg-utility .rt-tpg-load-more button,\n\t\t\t\t\t#rt-tpg-container-1161320615.rt-tpg-container .swiper-navigation .slider-btn,\n\t\t\t\t\t#rt-tpg-container-1161320615 .wc1 .rt-holder .rt-img-holder .overlay .product-more ul li a,\n\t\t\t\t\t#rt-tpg-container-1161320615 .edd1 .rt-holder .rt-img-holder .overlay .product-more ul li a,\n\t\t\t\t\t#rt-tpg-container-1161320615 .wc2 .rt-detail .rt-wc-add-to-cart,\n\t\t\t\t\t#rt-tpg-container-1161320615 .wc3 .rt-detail .rt-wc-add-to-cart,\n\t\t\t\t\t#rt-tpg-container-1161320615 .edd2 .rt-detail .rt-wc-add-to-cart,\n\t\t\t\t\t#rt-tpg-container-1161320615 .wc4 .rt-detail .rt-wc-add-to-cart,\n\t\t\t\t\t#rt-tpg-container-1161320615 .edd3 .rt-detail .rt-wc-add-to-cart,\n\t\t\t\t\t#rt-tpg-container-1161320615 .wc-carousel2 .rt-detail .rt-wc-add-to-cart,\n\t\t\t\t\t#rt-tpg-container-1161320615 .wc-isotope2 .rt-detail .rt-wc-add-to-cart,\n\t\t\t\t\t#rt-tpg-container-1161320615 .rt-tpg-utility .rt-tpg-load-more button,\n\t\t\t\t\t#rt-tooltip-1161320615,\n\t\t\t\t\t#rt-tpg-container-1161320615 .rt-filter-item-wrap.rt-filter-button-wrap span.rt-filter-button-item,\n\t\t\t\t\t#rt-tpg-container-1161320615 .rt-layout-filter-container .rt-filter-sub-tax.sub-button-group .rt-filter-button-item,\n\t\t\t\t\t#rt-tpg-container-1161320615 .rt-layout-filter-container .rt-filter-wrap .rt-filter-item-wrap.rt-sort-order-action,\n\t\t\t\t\t#rt-tpg-container-1161320615 .rt-layout-filter-container .rt-filter-wrap .rt-filter-item-wrap.rt-filter-dropdown-wrap .rt-filter-dropdown .rt-filter-dropdown-item,\n\t\t\t\t\t#rt-tpg-container-1161320615.rt-tpg-container .rt-pagination-wrap .rt-page-numbers .paginationjs .paginationjs-pages ul li>a,\n\t\t\t\t\t#rt-tpg-container-1161320615.rt-tpg-container .rt-pagination-wrap .rt-cb-page-prev-next > *,\n\t\t\t\t\t#rt-tpg-container-1161320615.rt-tpg-container .rt-pagination-wrap  .rt-loadmore-btn,\n\t\t\t\t\t#rt-tpg-container-1161320615 .rt-read-more,\n\t\t\t\t\t#rt-tooltip-1161320615 .rt-tooltip-bottom:after{color:#ffffff;}#rt-tpg-container-1161320615 .read-more a{border-radius:px;}#rt-tpg-container-1161320615 .rt-img-holder img.rt-img-responsive,#rt-tpg-container-1161320615 .rt-img-holder,\n\t\t\t\t\t#rt-tpg-container-1161320615 .rt-post-overlay .post-img,\n\t\t\t\t\t#rt-tpg-container-1161320615 .post-sm .post-img,\n\t\t\t\t\t#rt-tpg-container-1161320615 .rt-post-grid .post-img,\n\t\t\t\t\t#rt-tpg-container-1161320615 .post-img img {border-radius:px;}#rt-tpg-container-1161320615 .layout1 .rt-holder h2.entry-title,\n\t\t\t\t\t#rt-tpg-container-1161320615 .layout1 .rt-holder h3.entry-title,\n\t\t\t\t\t#rt-tpg-container-1161320615 .layout1 .rt-holder h4.entry-title,\n\t\t\t\t\t#rt-tpg-container-1161320615 .layout1 .rt-holder h2.entry-title a,\n\t\t\t\t\t#rt-tpg-container-1161320615 .layout1 .rt-holder h3.entry-title a,\n\t\t\t\t\t#rt-tpg-container-1161320615 .layout1 .rt-holder h4.entry-title a,\n\t\t\t\t\t#rt-tpg-container-1161320615 .rt-holder .rt-woo-info h2 a,\n\t\t\t\t\t#rt-tpg-container-1161320615 .rt-holder .rt-woo-info h3 a,\n\t\t\t\t\t#rt-tpg-container-1161320615 .rt-holder .rt-woo-info h4 a,\n\t\t\t\t\t#rt-tpg-container-1161320615 .post-content .post-title,\n\t\t\t\t\t#rt-tpg-container-1161320615 .rt-post-grid .post-title,\n\t\t\t\t\t#rt-tpg-container-1161320615 .rt-post-grid .post-title a,\n\t\t\t\t\t#rt-tpg-container-1161320615 .post-content .post-title a,\n\t\t\t\t\t#rt-tpg-container-1161320615 .rt-holder .rt-woo-info h2,\n\t\t\t\t\t#rt-tpg-container-1161320615 .rt-holder .rt-woo-info h3,\n\t\t\t\t\t#rt-tpg-container-1161320615 .rt-holder .rt-woo-info h4{color:#232b56;font-size:16px;line-height:26px;}#rt-tpg-container-1161320615 .post-grid-lg-style-1 .post-title,\n\t\t\t\t\t\t#rt-tpg-container-1161320615 .post-grid-lg-style-1 .post-title a,\n\t\t\t\t\t\t#rt-tpg-container-1161320615 .big-layout .post-title,\n\t\t\t\t\t\t#rt-tpg-container-1161320615 .big-layout .post-title a,\n\t\t\t\t\t\t#rt-tpg-container-1161320615 .post-grid-lg-style-1 .post-title,\n\t\t\t\t\t\t#rt-tpg-container-1161320615 .post-grid-lg-style-1 .post-title a {font-size:24px;line-height:34px;}#rt-tpg-container-1161320615 .layout1 .rt-holder h2.entry-title:hover,\n\t\t\t\t\t#rt-tpg-container-1161320615 .layout1 .rt-holder h3.entry-title:hover,\n\t\t\t\t\t#rt-tpg-container-1161320615 .layout1 .rt-holder h4.entry-title:hover,\n\t\t\t\t\t#rt-tpg-container-1161320615 .layout1 .rt-holder h2.entry-title a:hover,\n\t\t\t\t\t#rt-tpg-container-1161320615 .layout1 .rt-holder h3.entry-title a:hover,\n\t\t\t\t\t#rt-tpg-container-1161320615 .layout1 .rt-holder h4.entry-title a:hover,\n\t\t\t\t\t#rt-tpg-container-1161320615 .post-content .post-title a:hover,\n\t\t\t\t\t#rt-tpg-container-1161320615 .rt-post-grid .post-title a:hover,\n\t\t\t\t\t#rt-tpg-container-1161320615 .rt-holder .rt-woo-info h2 a:hover,\n\t\t\t\t\t#rt-tpg-container-1161320615 .rt-holder .rt-woo-info h3 a:hover,\n\t\t\t\t\t#rt-tpg-container-1161320615 .rt-holder .rt-woo-info h4 a:hover,\n\t\t\t\t\t#rt-tpg-container-1161320615 .rt-holder .rt-woo-info h2:hover,\n\t\t\t\t\t#rt-tpg-container-1161320615 .rt-holder .rt-woo-info h3:hover,\n\t\t\t\t\t#rt-tpg-container-1161320615 .rt-holder .rt-woo-info h4:hover{color:#730b51 !important;}#rt-tpg-container-1161320615 .layout1 .rt-holder .post-meta-user,\n\t\t\t\t\t#rt-tpg-container-1161320615 .layout1 .rt-meta,\n\t\t\t\t\t#rt-tpg-container-1161320615 .layout1 .rt-meta a,\n\t\t\t\t\t#rt-tpg-container-1161320615 .layout1 .rt-holder .post-meta-user .meta-data,\n\t\t\t\t\t#rt-tpg-container-1161320615 .layout1 .rt-holder .post-meta-user a,\n\t\t\t\t\t#rt-tpg-container-1161320615 .layout1 .rt-holder .rt-detail .post-meta .rt-tpg-social-share,\n\t\t\t\t\t#rt-tpg-container-1161320615 .rt-post-overlay .post-meta-user span,\n\t\t\t\t\t#rt-tpg-container-1161320615 .rt-post-overlay .post-meta-user,\n\t\t\t\t\t#rt-tpg-container-1161320615 .rt-post-overlay .post-meta-user a,\n\t\t\t\t\t#rt-tpg-container-1161320615 .rt-post-grid .post-meta-user,\n\t\t\t\t\t#rt-tpg-container-1161320615 .rt-post-grid .post-meta-user a,\n\t\t\t\t\t#rt-tpg-container-1161320615 .rt-post-box-media-style .post-meta-user,\n\t\t\t\t\t#rt-tpg-container-1161320615 .rt-post-box-media-style .post-meta-user a,\n\t\t\t\t\t#rt-tpg-container-1161320615 .layout1 .post-meta-user i,\n\t\t\t\t\t#rt-tpg-container-1161320615 .rt-detail .post-meta-category a,\n\t\t\t\t\t#rt-tpg-container-1161320615 .layout1 .post-meta-user a\n\t\t\t\t\t#rt-tpg-container-1161320615 .layout1 .post-meta-user a {color:#730b51;}<\/style><div class='rt-container-fluid rt-tpg-container tpg-shortcode-main-wrapper ' id='rt-tpg-container-1161320615'   data-layout='layout1' data-grid-style='even' data-desktop-col='4'  data-tab-col='4'  data-mobile-col='1' data-sc-id='3302'><div data-title='Loading ...' class='rt-row rt-content-loader   layout1 tpg-even '><div class=\"rt-col-md-3 rt-col-sm-3 rt-col-xs-12 even-grid-item rt-grid-item\" data-id=\"3459\"><div class=\"rt-holder\"><div class=\"rt-img-holder\"><a data-id=\"3459\" class=\"\" href=\"https:\/\/site.educa.madrid.org\/ies.mariagoyrigoyri.madrid\/index.php\/2026\/05\/11\/actividades-en-el-aula-de-dibujo\/\"><img loading=\"lazy\" decoding=\"async\" width=\"1024\" height=\"472\" src=\"https:\/\/site.educa.madrid.org\/ies.mariagoyrigoyri.madrid\/\/wp-content\/uploads\/ies.mariagoyrigoyri.madrid\/2026\/05\/Actividades-en-el-aula-de-Dibujo_1.jpg\" class=\"rt-img-responsive \" alt=\"\" \/><\/a><\/div><div class='rt-detail'><h3 class=\"entry-title\"><a data-id=\"3459\" class=\"\" href=\"https:\/\/site.educa.madrid.org\/ies.mariagoyrigoyri.madrid\/index.php\/2026\/05\/11\/actividades-en-el-aula-de-dibujo\/\">Actividades en el aula de Dibujo<\/a><\/h3><\/div><\/div><\/div><div class=\"rt-col-md-3 rt-col-sm-3 rt-col-xs-12 even-grid-item rt-grid-item\" data-id=\"3357\"><div class=\"rt-holder\"><div class=\"rt-img-holder\"><a data-id=\"3357\" class=\"\" href=\"https:\/\/site.educa.madrid.org\/ies.mariagoyrigoyri.madrid\/index.php\/2026\/03\/25\/concurso-portada-de-agenda-escolar-2026-2027\/\"><img loading=\"lazy\" decoding=\"async\" width=\"1810\" height=\"2560\" src=\"https:\/\/site.educa.madrid.org\/ies.mariagoyrigoyri.madrid\/\/wp-content\/uploads\/ies.mariagoyrigoyri.madrid\/2026\/03\/GANADOR-BAJA-RESOLUCION-1-scaled.jpg\" class=\"rt-img-responsive \" alt=\"\" \/><\/a><\/div><div class='rt-detail'><h3 class=\"entry-title\"><a data-id=\"3357\" class=\"\" href=\"https:\/\/site.educa.madrid.org\/ies.mariagoyrigoyri.madrid\/index.php\/2026\/03\/25\/concurso-portada-de-agenda-escolar-2026-2027\/\">Concurso portada de agenda escolar 2026-2027<\/a><\/h3><\/div><\/div><\/div><div class=\"rt-col-md-3 rt-col-sm-3 rt-col-xs-12 even-grid-item rt-grid-item\" data-id=\"3328\"><div class=\"rt-holder\"><div class=\"rt-img-holder\"><a data-id=\"3328\" class=\"\" href=\"https:\/\/site.educa.madrid.org\/ies.mariagoyrigoyri.madrid\/index.php\/2026\/03\/09\/retratos-de-mujeres-ilustres-secundaria-2025-2026\/\"><img loading=\"lazy\" decoding=\"async\" width=\"2560\" height=\"1614\" src=\"https:\/\/site.educa.madrid.org\/ies.mariagoyrigoyri.madrid\/\/wp-content\/uploads\/ies.mariagoyrigoyri.madrid\/2026\/03\/A.jpg\" class=\"rt-img-responsive \" alt=\"\" \/><\/a><\/div><div class='rt-detail'><h3 class=\"entry-title\"><a data-id=\"3328\" class=\"\" href=\"https:\/\/site.educa.madrid.org\/ies.mariagoyrigoyri.madrid\/index.php\/2026\/03\/09\/retratos-de-mujeres-ilustres-secundaria-2025-2026\/\">Retratos de mujeres ilustres. Secundaria 2025-2026.<\/a><\/h3><\/div><\/div><\/div><div class=\"rt-col-md-3 rt-col-sm-3 rt-col-xs-12 even-grid-item rt-grid-item\" data-id=\"3284\"><div class=\"rt-holder\"><div class=\"rt-img-holder\"><a data-id=\"3284\" class=\"\" href=\"https:\/\/site.educa.madrid.org\/ies.mariagoyrigoyri.madrid\/index.php\/2026\/02\/23\/actividad-patinaje-sobre-hielo-4o-eso\/\"><img loading=\"lazy\" decoding=\"async\" width=\"1536\" height=\"984\" src=\"https:\/\/site.educa.madrid.org\/ies.mariagoyrigoyri.madrid\/\/wp-content\/uploads\/ies.mariagoyrigoyri.madrid\/2026\/02\/Actividad-patinaje-sobre-hielo-4o-ESO.jpg\" class=\"rt-img-responsive \" alt=\"\" \/><\/a><\/div><div class='rt-detail'><h3 class=\"entry-title\"><a data-id=\"3284\" class=\"\" href=\"https:\/\/site.educa.madrid.org\/ies.mariagoyrigoyri.madrid\/index.php\/2026\/02\/23\/actividad-patinaje-sobre-hielo-4o-eso\/\">Actividad patinaje sobre hielo 4\u00ba ESO<\/a><\/h3><\/div><\/div><\/div><div class=\"rt-col-md-3 rt-col-sm-3 rt-col-xs-12 even-grid-item rt-grid-item\" data-id=\"3298\"><div class=\"rt-holder\"><div class=\"rt-img-holder\"><a data-id=\"3298\" class=\"\" href=\"https:\/\/site.educa.madrid.org\/ies.mariagoyrigoyri.madrid\/index.php\/2026\/01\/26\/viaje-andorra-2026-1o-eso\/\"><img loading=\"lazy\" decoding=\"async\" width=\"1406\" height=\"1080\" src=\"https:\/\/site.educa.madrid.org\/ies.mariagoyrigoyri.madrid\/\/wp-content\/uploads\/ies.mariagoyrigoyri.madrid\/2026\/01\/1_VIAJE_PIXELADA.jpg\" class=\"rt-img-responsive \" alt=\"\" \/><\/a><\/div><div class='rt-detail'><h3 class=\"entry-title\"><a data-id=\"3298\" class=\"\" href=\"https:\/\/site.educa.madrid.org\/ies.mariagoyrigoyri.madrid\/index.php\/2026\/01\/26\/viaje-andorra-2026-1o-eso\/\">Viaje Andorra 2026 \u2013 1\u00ba ESO<\/a><\/h3><\/div><\/div><\/div><\/div><\/div>\n","protected":false},"excerpt":{"rendered":"<p>Jefa de Departamento de Actividades Extraescolares y Complementarias:&nbsp;Almudena Dom\u00ednguez Hern\u00e1ndezalmudena.dominguezhernandez@educa.madrid.org Galer\u00edas de fotos<\/p>\n","protected":false},"author":5,"featured_media":0,"parent":0,"menu_order":2,"comment_status":"closed","ping_status":"closed","template":"","meta":{"footnotes":""},"folder":[],"class_list":["post-128","page","type-page","status-publish","hentry"],"rttpg_featured_image_url":null,"rttpg_author":{"display_name":"Cuenta Admin-educamadrid","author_link":"https:\/\/site.educa.madrid.org\/ies.mariagoyrigoyri.madrid\/index.php\/author\/cuenta_admin-educamadrid\/"},"rttpg_comment":0,"rttpg_category":"","rttpg_excerpt":"Jefa de Departamento de Actividades Extraescolares y Complementarias:&nbsp;Almudena Dom\u00ednguez Hern\u00e1ndezalmudena.dominguezhernandez@educa.madrid.org Galer\u00edas de fotos","post_mailing_queue_ids":[],"_links":{"self":[{"href":"https:\/\/site.educa.madrid.org\/ies.mariagoyrigoyri.madrid\/index.php\/wp-json\/wp\/v2\/pages\/128","targetHints":{"allow":["GET"]}}],"collection":[{"href":"https:\/\/site.educa.madrid.org\/ies.mariagoyrigoyri.madrid\/index.php\/wp-json\/wp\/v2\/pages"}],"about":[{"href":"https:\/\/site.educa.madrid.org\/ies.mariagoyrigoyri.madrid\/index.php\/wp-json\/wp\/v2\/types\/page"}],"author":[{"embeddable":true,"href":"https:\/\/site.educa.madrid.org\/ies.mariagoyrigoyri.madrid\/index.php\/wp-json\/wp\/v2\/users\/5"}],"replies":[{"embeddable":true,"href":"https:\/\/site.educa.madrid.org\/ies.mariagoyrigoyri.madrid\/index.php\/wp-json\/wp\/v2\/comments?post=128"}],"version-history":[{"count":24,"href":"https:\/\/site.educa.madrid.org\/ies.mariagoyrigoyri.madrid\/index.php\/wp-json\/wp\/v2\/pages\/128\/revisions"}],"predecessor-version":[{"id":3304,"href":"https:\/\/site.educa.madrid.org\/ies.mariagoyrigoyri.madrid\/index.php\/wp-json\/wp\/v2\/pages\/128\/revisions\/3304"}],"wp:attachment":[{"href":"https:\/\/site.educa.madrid.org\/ies.mariagoyrigoyri.madrid\/index.php\/wp-json\/wp\/v2\/media?parent=128"}],"wp:term":[{"taxonomy":"folder","embeddable":true,"href":"https:\/\/site.educa.madrid.org\/ies.mariagoyrigoyri.madrid\/index.php\/wp-json\/wp\/v2\/folder?post=128"}],"curies":[{"name":"wp","href":"https:\/\/api.w.org\/{rel}","templated":true}]}}